{"id":46728,"date":"2026-02-16T08:28:14","date_gmt":"2026-02-16T08:28:14","guid":{"rendered":"https:\/\/globalgiftsupplier.com\/?post_type=product&#038;p=46728"},"modified":"2026-02-16T08:28:14","modified_gmt":"2026-02-16T08:28:14","slug":"4-in-1-finger-capsule-charger-magnetic-wireless-power-bank","status":"publish","type":"product","link":"https:\/\/globalgiftsupplier.com\/es\/product\/4-in-1-finger-capsule-charger-magnetic-wireless-power-bank\/","title":{"rendered":"4 en 1 dedo c\u00e1psula cargador magn\u00e9tico inal\u00e1mbrico banco de energ\u00eda"},"content":{"rendered":"<ul data-start=\"901\" data-end=\"1416\">\n<li data-start=\"901\" data-end=\"995\">\n<p data-start=\"903\" data-end=\"995\"><strong data-start=\"903\" data-end=\"921\">Dise\u00f1o \u00fanico:<\/strong> Power bank en forma de dedo o c\u00e1psula con llavero para facilitar su transporte.<\/p>\n<\/li>\n<li data-start=\"996\" data-end=\"1112\">\n<p data-start=\"998\" data-end=\"1112\"><strong data-start=\"998\" data-end=\"1016\">Alta capacidad:<\/strong> Incluye 1 power bank base (5000mAh) y 4 power banks de dedo (1000mAh cada uno), con un total de 9000mAh.<\/p>\n<\/li>\n<li data-start=\"1113\" data-end=\"1226\">\n<p data-start=\"1115\" data-end=\"1226\"><strong data-start=\"1115\" data-end=\"1143\">Compatibilidad universal:<\/strong> Incluye 3 adaptadores compatibles con casi todos los smartphones y auriculares.<\/p>\n<\/li>\n<li data-start=\"1227\" data-end=\"1313\">\n<p data-start=\"1229\" data-end=\"1313\"><strong data-start=\"1229\" data-end=\"1249\">Marca personalizada:<\/strong> A\u00f1ada su logotipo a la carcasa protectora para darle un toque personalizado.<\/p>\n<\/li>\n<li data-start=\"1314\" data-end=\"1416\">\n<p data-start=\"1316\" data-end=\"1416\"><strong data-start=\"1316\" data-end=\"1339\">Atractivo promocional:<\/strong> Su aspecto exclusivo lo hace perfecto como art\u00edculo de regalo para dar a conocer la marca.<\/p>\n<\/li>\n<\/ul>\n<h4 data-start=\"1418\" data-end=\"1442\"><strong data-start=\"1423\" data-end=\"1442\">Especificaciones:<\/strong><\/h4>\n<ul data-start=\"1443\" data-end=\"1931\">\n<li data-start=\"1443\" data-end=\"1484\">\n<p data-start=\"1445\" data-end=\"1484\"><strong data-start=\"1445\" data-end=\"1474\">Base Power Bank Capacidad:<\/strong> 5000mAh<\/p>\n<\/li>\n<li data-start=\"1485\" data-end=\"1544\">\n<p data-start=\"1487\" data-end=\"1544\"><strong data-start=\"1487\" data-end=\"1518\">Dedo Capacidad Power Bank:<\/strong> 1000mAh cada uno (4 piezas)<\/p>\n<\/li>\n<li data-start=\"1545\" data-end=\"1576\">\n<p data-start=\"1547\" data-end=\"1576\"><strong data-start=\"1547\" data-end=\"1566\">Capacidad total:<\/strong> 9000mAh<\/p>\n<\/li>\n<li data-start=\"1577\" data-end=\"1617\">\n<p data-start=\"1579\" data-end=\"1617\"><strong data-start=\"1579\" data-end=\"1593\">Tama\u00f1o de la base:<\/strong> 5,73\u2033 x 3,06\u2033 x 0,63\u2033.<\/p>\n<\/li>\n<li data-start=\"1618\" data-end=\"1660\">\n<p data-start=\"1620\" data-end=\"1660\"><strong data-start=\"1620\" data-end=\"1636\">Tama\u00f1o del dedo:<\/strong> 2,93\u2033 x 1,32\u2033 x 0,69\u2033.<\/p>\n<\/li>\n<li data-start=\"1661\" data-end=\"1686\">\n<p data-start=\"1663\" data-end=\"1686\"><strong data-start=\"1663\" data-end=\"1676\">Material:<\/strong> ABS, PC<\/p>\n<\/li>\n<li data-start=\"1687\" data-end=\"1751\">\n<p data-start=\"1689\" data-end=\"1751\"><strong data-start=\"1689\" data-end=\"1709\">Peso del env\u00edo:<\/strong> 33,5 libras por caja (40 unidades por caja)<\/p>\n<\/li>\n<li data-start=\"1752\" data-end=\"1797\">\n<p data-start=\"1754\" data-end=\"1797\"><strong data-start=\"1754\" data-end=\"1773\">Tama\u00f1o del envase:<\/strong> 39 cm x 31 cm x 24 cm<\/p>\n<\/li>\n<li data-start=\"1798\" data-end=\"1874\">\n<p data-start=\"1800\" data-end=\"1874\"><strong data-start=\"1800\" data-end=\"1820\">Tiempo de producci\u00f3n:<\/strong> 15 d\u00edas laborables (servicio urgente disponible en 12 d\u00edas)<\/p>\n<\/li>\n<li data-start=\"1875\" data-end=\"1909\">\n<p data-start=\"1877\" data-end=\"1909\"><strong data-start=\"1877\" data-end=\"1896\">M\u00e9todo de impresi\u00f3n:<\/strong> Serigraf\u00eda<\/p>\n<\/li>\n<li data-start=\"1910\" data-end=\"1931\">\n<p data-start=\"1912\" data-end=\"1931\"><strong data-start=\"1912\" data-end=\"1923\">Origen:<\/strong> China<\/p>\n<\/li>\n<\/ul>\n<h4 data-start=\"1933\" data-end=\"1959\"><strong data-start=\"1938\" data-end=\"1959\">Colores disponibles:<\/strong><\/h4>\n<p data-start=\"1960\" data-end=\"1974\">Blanco, Negro<\/p>\n<h4 data-start=\"2146\" data-end=\"2165\"><strong data-start=\"2151\" data-end=\"2165\">Ideal para:<\/strong><\/h4>\n<ul data-start=\"2166\" data-end=\"2248\">\n<li data-start=\"2166\" data-end=\"2248\">\n<p data-start=\"2168\" data-end=\"2248\"><strong data-start=\"2168\" data-end=\"2248\">Regalos de empresa, regalos promocionales, accesorios para m\u00f3viles, marcas personalizadas.<\/strong><\/p>\n<\/li>\n<\/ul>","protected":false},"excerpt":{"rendered":"<p>Este innovador y compacto power bank combina funcionalidad y estilo, dise\u00f1ado en forma de dedo o c\u00e1psula. El power bank base tiene una capacidad de 5000mAh, mientras que cada power bank de dedo tiene 1000mAh, lo que hace que la capacidad total sea de 9000mAh. Incluye tres adaptadores de uso com\u00fan (compatibles con la mayor\u00eda de smartphones y auriculares) y presenta un dise\u00f1o de llavero, lo que facilita su transporte. Tanto si lo utiliza para la venta al por menor como si es un regalo promocional, a\u00f1adir su logotipo al power bank garantiza que su marca recibir\u00e1 una gran visibilidad y atenci\u00f3n.<\/p>","protected":false},"featured_media":46729,"template":"","meta":{"_gspb_post_css":""},"product_brand":[],"product_cat":[27],"product_tag":[],"class_list":{"0":"post-46728","1":"product","2":"type-product","3":"status-publish","4":"has-post-thumbnail","6":"product_cat-technology","8":"first","9":"instock","10":"shipping-taxable","11":"product-type-simple"},"_links":{"self":[{"href":"https:\/\/globalgiftsupplier.com\/es\/wp-json\/wp\/v2\/product\/46728","targetHints":{"allow":["GET"]}}],"collection":[{"href":"https:\/\/globalgiftsupplier.com\/es\/wp-json\/wp\/v2\/product"}],"about":[{"href":"https:\/\/globalgiftsupplier.com\/es\/wp-json\/wp\/v2\/types\/product"}],"wp:featuredmedia":[{"embeddable":true,"href":"https:\/\/globalgiftsupplier.com\/es\/wp-json\/wp\/v2\/media\/46729"}],"wp:attachment":[{"href":"https:\/\/globalgiftsupplier.com\/es\/wp-json\/wp\/v2\/media?parent=46728"}],"wp:term":[{"taxonomy":"product_brand","embeddable":true,"href":"https:\/\/globalgiftsupplier.com\/es\/wp-json\/wp\/v2\/product_brand?post=46728"},{"taxonomy":"product_cat","embeddable":true,"href":"https:\/\/globalgiftsupplier.com\/es\/wp-json\/wp\/v2\/product_cat?post=46728"},{"taxonomy":"product_tag","embeddable":true,"href":"https:\/\/globalgiftsupplier.com\/es\/wp-json\/wp\/v2\/product_tag?post=46728"}],"curies":[{"name":"wp","href":"https:\/\/api.w.org\/{rel}","templated":true}]}}