{"id":46719,"date":"2026-02-16T08:17:05","date_gmt":"2026-02-16T08:17:05","guid":{"rendered":"https:\/\/globalgiftsupplier.com\/?post_type=product&#038;p=46719"},"modified":"2026-02-16T08:17:05","modified_gmt":"2026-02-16T08:17:05","slug":"3-in-1-retractable-fast-charging-cable","status":"publish","type":"product","link":"https:\/\/globalgiftsupplier.com\/es\/product\/3-in-1-retractable-fast-charging-cable\/","title":{"rendered":"Cable de carga r\u00e1pida retr\u00e1ctil 3 en 1"},"content":{"rendered":"<h4 data-start=\"902\" data-end=\"924\"><\/h4>\n<ul data-start=\"925\" data-end=\"1412\">\n<li data-start=\"925\" data-end=\"1022\">\n<p data-start=\"927\" data-end=\"1022\"><strong data-start=\"927\" data-end=\"945\">Dise\u00f1o 3 en 1:<\/strong> Incluye conectores Lightning, Micro USB y Type-C para una carga vers\u00e1til.<\/p>\n<\/li>\n<li data-start=\"1023\" data-end=\"1122\">\n<p data-start=\"1025\" data-end=\"1122\"><strong data-start=\"1025\" data-end=\"1053\">Longitud del cable ajustable:<\/strong> El cable se extiende hasta 47,3\u2033 y puede recogerse sin enredarse.<\/p>\n<\/li>\n<li data-start=\"1123\" data-end=\"1232\">\n<p data-start=\"1125\" data-end=\"1232\"><strong data-start=\"1125\" data-end=\"1153\">Compatibilidad universal:<\/strong> Funciona con la mayor\u00eda de smartphones, c\u00e1maras, reproductores de videojuegos y reproductores MP3\/MP4.<\/p>\n<\/li>\n<li data-start=\"1233\" data-end=\"1326\">\n<p data-start=\"1235\" data-end=\"1326\"><strong data-start=\"1235\" data-end=\"1255\">Marca personalizada:<\/strong> Personalice la carcasa protectora con su logotipo para aumentar la visibilidad.<\/p>\n<\/li>\n<li data-start=\"1327\" data-end=\"1412\">\n<p data-start=\"1329\" data-end=\"1412\"><strong data-start=\"1329\" data-end=\"1353\">Ideal para regalos:<\/strong> Un producto promocional perfecto que llamar\u00e1 la atenci\u00f3n.<\/p>\n<\/li>\n<\/ul>\n<h4 data-start=\"1414\" data-end=\"1438\"><strong data-start=\"1419\" data-end=\"1438\">Especificaciones:<\/strong><\/h4>\n<ul data-start=\"1439\" data-end=\"1829\">\n<li data-start=\"1439\" data-end=\"1489\">\n<p data-start=\"1441\" data-end=\"1489\"><strong data-start=\"1441\" data-end=\"1458\">Longitud del cable:<\/strong> Ajustable, longitud m\u00e1xima 47,3\u2033.<\/p>\n<\/li>\n<li data-start=\"1490\" data-end=\"1555\">\n<p data-start=\"1492\" data-end=\"1555\"><strong data-start=\"1492\" data-end=\"1512\">Compatible con:<\/strong> Dispositivos Lightning, Micro USB y Type-C<\/p>\n<\/li>\n<li data-start=\"1556\" data-end=\"1577\">\n<p data-start=\"1558\" data-end=\"1577\"><strong data-start=\"1558\" data-end=\"1571\">Material:<\/strong> TPE<\/p>\n<\/li>\n<li data-start=\"1578\" data-end=\"1610\">\n<p data-start=\"1580\" data-end=\"1610\"><strong data-start=\"1580\" data-end=\"1589\">Tama\u00f1o:<\/strong> 47\u2033 (longitud del cable)<\/p>\n<\/li>\n<li data-start=\"1643\" data-end=\"1706\">\n<p data-start=\"1645\" data-end=\"1706\"><strong data-start=\"1645\" data-end=\"1665\">Peso del env\u00edo:<\/strong> 25 libras por caja (250 unidades por caja)<\/p>\n<\/li>\n<li data-start=\"1707\" data-end=\"1772\">\n<p data-start=\"1709\" data-end=\"1772\"><strong data-start=\"1709\" data-end=\"1729\">Tiempo de producci\u00f3n:<\/strong> 15 d\u00edas laborables (servicio urgente disponible)<\/p>\n<\/li>\n<li data-start=\"1773\" data-end=\"1807\">\n<p data-start=\"1775\" data-end=\"1807\"><strong data-start=\"1775\" data-end=\"1794\">M\u00e9todo de impresi\u00f3n:<\/strong> Serigraf\u00eda<\/p>\n<\/li>\n<li data-start=\"1808\" data-end=\"1829\">\n<p data-start=\"1810\" data-end=\"1829\"><strong data-start=\"1810\" data-end=\"1821\">Origen:<\/strong> China<\/p>\n<\/li>\n<\/ul>\n<h4 data-start=\"1831\" data-end=\"1857\"><strong data-start=\"1836\" data-end=\"1857\">Colores disponibles:<\/strong><\/h4>\n<p data-start=\"1858\" data-end=\"1894\">Dorado, Negro, Azul, Rojo, Rosa, Gris<\/p>\n<h4 data-start=\"2066\" data-end=\"2085\"><strong data-start=\"2071\" data-end=\"2085\">Ideal para:<\/strong><\/h4>\n<ul data-start=\"2086\" data-end=\"2168\">\n<li data-start=\"2086\" data-end=\"2168\">\n<p data-start=\"2088\" data-end=\"2168\"><strong data-start=\"2088\" data-end=\"2168\">Regalos de empresa, regalos promocionales, accesorios para m\u00f3viles, marcas personalizadas.<\/strong><\/p>\n<\/li>\n<\/ul>","protected":false},"excerpt":{"rendered":"<p>Este cable de carga Lightning multiretr\u00e1ctil 3 en 1 incluye tres adaptadores de uso com\u00fan, compatibles con la mayor\u00eda de smartphones, reproductores de videojuegos, c\u00e1maras y reproductores MP3\/MP4. Con una longitud de cable ajustable que se extiende hasta 47,3\u2033, ofrece una soluci\u00f3n c\u00f3moda y sin enredos para todas sus necesidades de carga. El cable el\u00e1stico puede estirarse y retraerse sin retorcerse ni enredarse, lo que lo hace perfecto para diversos escenarios. El cable de alimentaci\u00f3n est\u00e1 dise\u00f1ado para ser elegante y port\u00e1til, por lo que es un regalo promocional ideal. A\u00f1ada su logotipo a la carcasa protectora del carrete para aumentar la visibilidad de su marca.<\/p>","protected":false},"featured_media":46720,"template":"","meta":{"_gspb_post_css":""},"product_brand":[],"product_cat":[27],"product_tag":[],"class_list":{"0":"post-46719","1":"product","2":"type-product","3":"status-publish","4":"has-post-thumbnail","6":"product_cat-technology","8":"first","9":"instock","10":"shipping-taxable","11":"product-type-simple"},"_links":{"self":[{"href":"https:\/\/globalgiftsupplier.com\/es\/wp-json\/wp\/v2\/product\/46719","targetHints":{"allow":["GET"]}}],"collection":[{"href":"https:\/\/globalgiftsupplier.com\/es\/wp-json\/wp\/v2\/product"}],"about":[{"href":"https:\/\/globalgiftsupplier.com\/es\/wp-json\/wp\/v2\/types\/product"}],"wp:featuredmedia":[{"embeddable":true,"href":"https:\/\/globalgiftsupplier.com\/es\/wp-json\/wp\/v2\/media\/46720"}],"wp:attachment":[{"href":"https:\/\/globalgiftsupplier.com\/es\/wp-json\/wp\/v2\/media?parent=46719"}],"wp:term":[{"taxonomy":"product_brand","embeddable":true,"href":"https:\/\/globalgiftsupplier.com\/es\/wp-json\/wp\/v2\/product_brand?post=46719"},{"taxonomy":"product_cat","embeddable":true,"href":"https:\/\/globalgiftsupplier.com\/es\/wp-json\/wp\/v2\/product_cat?post=46719"},{"taxonomy":"product_tag","embeddable":true,"href":"https:\/\/globalgiftsupplier.com\/es\/wp-json\/wp\/v2\/product_tag?post=46719"}],"curies":[{"name":"wp","href":"https:\/\/api.w.org\/{rel}","templated":true}]}}