{"id":46713,"date":"2026-02-16T06:06:04","date_gmt":"2026-02-16T06:06:04","guid":{"rendered":"https:\/\/globalgiftsupplier.com\/?post_type=product&#038;p=46713"},"modified":"2026-02-16T06:07:11","modified_gmt":"2026-02-16T06:07:11","slug":"portable-mini-power-bank-with-3-in-1-charge-cable","status":"publish","type":"product","link":"https:\/\/globalgiftsupplier.com\/es\/product\/portable-mini-power-bank-with-3-in-1-charge-cable\/","title":{"rendered":"Minibater\u00eda port\u00e1til con cable de carga 3 en 1"},"content":{"rendered":"<p data-start=\"289\" data-end=\"799\">\n<h4 data-start=\"801\" data-end=\"823\"><strong data-start=\"806\" data-end=\"823\">Caracter\u00edsticas principales:<\/strong><\/h4>\n<ul data-start=\"824\" data-end=\"1354\">\n<li data-start=\"824\" data-end=\"901\">\n<p data-start=\"826\" data-end=\"901\"><strong data-start=\"826\" data-end=\"847\">Capacidad y potencia:<\/strong> 2300mAh, salida de 2,4A para una carga eficiente y r\u00e1pida.<\/p>\n<\/li>\n<li data-start=\"902\" data-end=\"1030\">\n<p data-start=\"904\" data-end=\"1030\"><strong data-start=\"904\" data-end=\"932\">Compatibilidad universal:<\/strong> Incluye adaptadores Lightning, Micro USB y Tipo C para compatibilidad con casi todos los smartphones.<\/p>\n<\/li>\n<li data-start=\"1031\" data-end=\"1114\">\n<p data-start=\"1033\" data-end=\"1114\"><strong data-start=\"1033\" data-end=\"1061\">Longitud del cable ajustable:<\/strong> El cable se extiende de 5,91\u2033 a 27,56\u2033 sin enredos.<\/p>\n<\/li>\n<li data-start=\"1115\" data-end=\"1191\">\n<p data-start=\"1117\" data-end=\"1191\"><strong data-start=\"1117\" data-end=\"1140\">Compacto y port\u00e1til:<\/strong> F\u00e1cil de transportar y perfecta para viajes o uso diario.<\/p>\n<\/li>\n<li data-start=\"1192\" data-end=\"1278\">\n<p data-start=\"1194\" data-end=\"1278\"><strong data-start=\"1194\" data-end=\"1214\">Marca personalizada:<\/strong> A\u00f1ada su logotipo a la funda protectora para darle un toque personalizado.<\/p>\n<\/li>\n<li data-start=\"1279\" data-end=\"1354\">\n<p data-start=\"1281\" data-end=\"1354\"><strong data-start=\"1281\" data-end=\"1302\">Regalo perfecto:<\/strong> Un gran art\u00edculo promocional para empresas y eventos.<\/p>\n<\/li>\n<\/ul>\n<h4 data-start=\"1356\" data-end=\"1380\"><strong data-start=\"1361\" data-end=\"1380\">Especificaciones:<\/strong><\/h4>\n<ul data-start=\"1381\" data-end=\"1761\">\n<li data-start=\"1381\" data-end=\"1406\">\n<p data-start=\"1383\" data-end=\"1406\"><strong data-start=\"1383\" data-end=\"1396\">Capacidad:<\/strong> 2300mAh<\/p>\n<\/li>\n<li data-start=\"1407\" data-end=\"1427\">\n<p data-start=\"1409\" data-end=\"1427\"><strong data-start=\"1409\" data-end=\"1420\">Salida:<\/strong> 2.4A<\/p>\n<\/li>\n<li data-start=\"1428\" data-end=\"1481\">\n<p data-start=\"1430\" data-end=\"1481\"><strong data-start=\"1430\" data-end=\"1447\">Longitud del cable:<\/strong> Ajustable de 5,91\u2033 a 27,56\u2033.<\/p>\n<\/li>\n<li data-start=\"1482\" data-end=\"1503\">\n<p data-start=\"1484\" data-end=\"1503\"><strong data-start=\"1484\" data-end=\"1497\">Material:<\/strong> ABS<\/p>\n<\/li>\n<li data-start=\"1504\" data-end=\"1539\">\n<p data-start=\"1506\" data-end=\"1539\"><strong data-start=\"1506\" data-end=\"1515\">Tama\u00f1o:<\/strong> 2,53\u2033 x 2,42\u2033 x 1,56\u2033.<\/p>\n<\/li>\n<li data-start=\"1540\" data-end=\"1564\">\n<p data-start=\"1542\" data-end=\"1564\"><strong data-start=\"1542\" data-end=\"1553\">Peso:<\/strong> 0,165 kg<\/p>\n<\/li>\n<li data-start=\"1565\" data-end=\"1620\">\n<p data-start=\"1567\" data-end=\"1620\"><strong data-start=\"1567\" data-end=\"1587\">Peso del env\u00edo:<\/strong> 31 lbs por caja (80 uds\/ctn)<\/p>\n<\/li>\n<li data-start=\"1621\" data-end=\"1642\">\n<p data-start=\"1623\" data-end=\"1642\"><strong data-start=\"1623\" data-end=\"1634\">Origen:<\/strong> China<\/p>\n<\/li>\n<li data-start=\"1643\" data-end=\"1717\">\n<p data-start=\"1645\" data-end=\"1717\"><strong data-start=\"1645\" data-end=\"1665\">Tiempo de producci\u00f3n:<\/strong> 17 d\u00edas laborables (servicio urgente disponible, 15 d\u00edas)<\/p>\n<\/li>\n<li data-start=\"1718\" data-end=\"1761\">\n<p data-start=\"1720\" data-end=\"1761\"><strong data-start=\"1720\" data-end=\"1739\">M\u00e9todo de impresi\u00f3n:<\/strong> Serigraf\u00eda<\/p>\n<\/li>\n<\/ul>\n<h4 data-start=\"1763\" data-end=\"1789\"><strong data-start=\"1768\" data-end=\"1789\">Colores disponibles:<\/strong><\/h4>\n<p data-start=\"1790\" data-end=\"1816\">Blanco, Negro, Verde, Rojo<\/p>\n<h4 data-start=\"1988\" data-end=\"2007\"><strong data-start=\"1993\" data-end=\"2007\">Ideal para:<\/strong><\/h4>\n<ul data-start=\"2008\" data-end=\"2089\">\n<li data-start=\"2008\" data-end=\"2089\">\n<p data-start=\"2010\" data-end=\"2089\"><strong data-start=\"2010\" data-end=\"2089\">Regalos de empresa, accesorios para m\u00f3viles, productos promocionales, marcas personalizadas.<\/strong><\/p>\n<\/li>\n<\/ul>","protected":false},"excerpt":{"rendered":"<p>Esta elegante y port\u00e1til minibater\u00eda tiene una capacidad de 2300 mAh y una salida de 2,4 A, perfecta para cargar tus dispositivos m\u00f3viles sobre la marcha. Incluye un cable de carga 3 en 1 con conectores Lightning, Micro USB y Tipo C, por lo que es compatible con la mayor\u00eda de los smartphones. El cable el\u00e1stico se extiende de 5,91\u2033 a 27,56\u2033 y garantiza que no se enrede ni se retuerza. Esta bater\u00eda es compacta, ligera e incluye un espacio personalizable para la marca en la cubierta protectora, lo que la hace ideal para regalos o uso promocional.<\/p>","protected":false},"featured_media":46714,"template":"","meta":{"_gspb_post_css":""},"product_brand":[],"product_cat":[27],"product_tag":[],"class_list":{"0":"post-46713","1":"product","2":"type-product","3":"status-publish","4":"has-post-thumbnail","6":"product_cat-technology","8":"first","9":"instock","10":"shipping-taxable","11":"product-type-simple"},"_links":{"self":[{"href":"https:\/\/globalgiftsupplier.com\/es\/wp-json\/wp\/v2\/product\/46713","targetHints":{"allow":["GET"]}}],"collection":[{"href":"https:\/\/globalgiftsupplier.com\/es\/wp-json\/wp\/v2\/product"}],"about":[{"href":"https:\/\/globalgiftsupplier.com\/es\/wp-json\/wp\/v2\/types\/product"}],"wp:featuredmedia":[{"embeddable":true,"href":"https:\/\/globalgiftsupplier.com\/es\/wp-json\/wp\/v2\/media\/46714"}],"wp:attachment":[{"href":"https:\/\/globalgiftsupplier.com\/es\/wp-json\/wp\/v2\/media?parent=46713"}],"wp:term":[{"taxonomy":"product_brand","embeddable":true,"href":"https:\/\/globalgiftsupplier.com\/es\/wp-json\/wp\/v2\/product_brand?post=46713"},{"taxonomy":"product_cat","embeddable":true,"href":"https:\/\/globalgiftsupplier.com\/es\/wp-json\/wp\/v2\/product_cat?post=46713"},{"taxonomy":"product_tag","embeddable":true,"href":"https:\/\/globalgiftsupplier.com\/es\/wp-json\/wp\/v2\/product_tag?post=46713"}],"curies":[{"name":"wp","href":"https:\/\/api.w.org\/{rel}","templated":true}]}}