{"id":46653,"date":"2026-02-13T01:54:24","date_gmt":"2026-02-13T01:54:24","guid":{"rendered":"https:\/\/globalgiftsupplier.com\/?post_type=product&#038;p=46653"},"modified":"2026-02-13T02:00:44","modified_gmt":"2026-02-13T02:00:44","slug":"usb-charging-cable-retractable-3-in-1","status":"publish","type":"product","link":"https:\/\/globalgiftsupplier.com\/es\/product\/usb-charging-cable-retractable-3-in-1\/","title":{"rendered":"Cable de carga USB retr\u00e1ctil 3 en 1"},"content":{"rendered":"<ul data-start=\"974\" data-end=\"1457\">\n<li data-start=\"974\" data-end=\"1052\">\n<p data-start=\"976\" data-end=\"1052\"><strong data-start=\"976\" data-end=\"994\">Dise\u00f1o 3 en 1:<\/strong> Compatible con dispositivos Lightning, Type-C y micro USB.<\/p>\n<\/li>\n<li data-start=\"1053\" data-end=\"1132\">\n<p data-start=\"1055\" data-end=\"1132\"><strong data-start=\"1055\" data-end=\"1079\">Carga de alta velocidad:<\/strong> Corriente de salida total de hasta 2,1 A para una carga m\u00e1s r\u00e1pida.<\/p>\n<\/li>\n<li data-start=\"1133\" data-end=\"1242\">\n<p data-start=\"1135\" data-end=\"1242\"><strong data-start=\"1135\" data-end=\"1158\">Duradero y flexible:<\/strong> Elegante cubierta de TPE y estructura de rueda \u00fanica para mayor durabilidad y flexibilidad.<\/p>\n<\/li>\n<li data-start=\"1243\" data-end=\"1333\">\n<p data-start=\"1245\" data-end=\"1333\"><strong data-start=\"1245\" data-end=\"1268\">Compacto y port\u00e1til:<\/strong> Peque\u00f1a y ligera, ideal para viajes, la oficina o el exterior.<\/p>\n<\/li>\n<li data-start=\"1334\" data-end=\"1395\">\n<p data-start=\"1336\" data-end=\"1395\"><strong data-start=\"1336\" data-end=\"1362\">Logotipo personalizado disponible:<\/strong> Personalice con su propia marca.<\/p>\n<\/li>\n<li data-start=\"1396\" data-end=\"1457\">\n<p data-start=\"1398\" data-end=\"1457\"><strong data-start=\"1398\" data-end=\"1411\">Garant\u00eda:<\/strong> 12 meses de garant\u00eda + servicio de atenci\u00f3n al cliente 24 horas.<\/p>\n<\/li>\n<\/ul>\n<h4 data-start=\"1201\" data-end=\"1225\">Especificaciones:<\/h4>\n<ul data-start=\"1226\" data-end=\"1484\">\n<li data-start=\"1226\" data-end=\"1275\">\n<p data-start=\"1228\" data-end=\"1275\"><strong data-start=\"1228\" data-end=\"1248\">Peso del env\u00edo:<\/strong> 500 unidades por caja, 22 libras<\/p>\n<\/li>\n<li data-start=\"1276\" data-end=\"1325\">\n<p data-start=\"1278\" data-end=\"1325\"><strong data-start=\"1278\" data-end=\"1303\">Dimensiones del embalaje:<\/strong> 53 cm x 38 cm x 20 cm<\/p>\n<\/li>\n<li data-start=\"1326\" data-end=\"1371\">\n<p data-start=\"1328\" data-end=\"1371\"><strong data-start=\"1328\" data-end=\"1348\">Personalizaci\u00f3n:<\/strong> Logotipos personalizados disponibles<\/p>\n<\/li>\n<li data-start=\"1372\" data-end=\"1401\">\n<p data-start=\"1374\" data-end=\"1401\"><strong data-start=\"1374\" data-end=\"1391\">Servicio urgente:<\/strong> Disponible<\/p>\n<\/li>\n<li data-start=\"1402\" data-end=\"1443\">\n<p data-start=\"1404\" data-end=\"1443\"><strong data-start=\"1404\" data-end=\"1423\">M\u00e9todo de impresi\u00f3n:<\/strong> Serigraf\u00eda<\/p>\n<\/li>\n<\/ul>\n<h4 data-start=\"1486\" data-end=\"1512\">Colores disponibles:<\/h4>\n<p data-start=\"1513\" data-end=\"1542\">Negro, Azul, Rojo, Gris, Oro.<\/p>\n<h4 data-start=\"1544\" data-end=\"1565\"><strong>Perfecto para:<\/strong><\/h4>\n<ul data-start=\"1566\" data-end=\"1610\">\n<li data-start=\"1566\" data-end=\"1610\">\n<p data-start=\"1568\" data-end=\"1610\">Oficina, viaje, m\u00f3vil, autom\u00f3vil, exterior.<\/p>\n<\/li>\n<\/ul>","protected":false},"excerpt":{"rendered":"<p>Este cable de carga retr\u00e1ctil 3 en 1 est\u00e1 equipado con tres puertos USB: Lightning, Type-C y micro USB. Con una longitud m\u00e1xima de 1 metro, este cable permite cargar hasta 3 dispositivos electr\u00f3nicos simult\u00e1neamente. Los hilos de cobre de cuatro n\u00facleos mejoran la velocidad de carga, y la corriente de salida m\u00e1xima total puede alcanzar los 2,1 A (total, no por puerto). Con una elegante cubierta de TPE de alta calidad y estructura de rueda, este cable est\u00e1 dise\u00f1ado para ofrecer durabilidad, flexibilidad y facilidad de uso. Su peque\u00f1o tama\u00f1o y dise\u00f1o ligero lo hacen perfecto para transportarlo y utilizarlo sobre la marcha. El producto incluye una garant\u00eda de 12 meses y un servicio de atenci\u00f3n al cliente 24 horas. Dispone de opciones de logotipo a medida para personalizarlo con su marca.<\/p>","protected":false},"featured_media":46665,"template":"","meta":{"_gspb_post_css":""},"product_brand":[],"product_cat":[27],"product_tag":[],"class_list":{"0":"post-46653","1":"product","2":"type-product","3":"status-publish","4":"has-post-thumbnail","6":"product_cat-technology","8":"first","9":"instock","10":"shipping-taxable","11":"product-type-simple"},"_links":{"self":[{"href":"https:\/\/globalgiftsupplier.com\/es\/wp-json\/wp\/v2\/product\/46653","targetHints":{"allow":["GET"]}}],"collection":[{"href":"https:\/\/globalgiftsupplier.com\/es\/wp-json\/wp\/v2\/product"}],"about":[{"href":"https:\/\/globalgiftsupplier.com\/es\/wp-json\/wp\/v2\/types\/product"}],"wp:featuredmedia":[{"embeddable":true,"href":"https:\/\/globalgiftsupplier.com\/es\/wp-json\/wp\/v2\/media\/46665"}],"wp:attachment":[{"href":"https:\/\/globalgiftsupplier.com\/es\/wp-json\/wp\/v2\/media?parent=46653"}],"wp:term":[{"taxonomy":"product_brand","embeddable":true,"href":"https:\/\/globalgiftsupplier.com\/es\/wp-json\/wp\/v2\/product_brand?post=46653"},{"taxonomy":"product_cat","embeddable":true,"href":"https:\/\/globalgiftsupplier.com\/es\/wp-json\/wp\/v2\/product_cat?post=46653"},{"taxonomy":"product_tag","embeddable":true,"href":"https:\/\/globalgiftsupplier.com\/es\/wp-json\/wp\/v2\/product_tag?post=46653"}],"curies":[{"name":"wp","href":"https:\/\/api.w.org\/{rel}","templated":true}]}}