{"id":47564,"date":"2026-03-31T15:56:09","date_gmt":"2026-03-31T15:56:09","guid":{"rendered":"https:\/\/globalgiftsupplier.com\/?post_type=product&#038;p=47564"},"modified":"2026-03-31T15:56:09","modified_gmt":"2026-03-31T15:56:09","slug":"custom-printed-breakaway-lanyard-with-id-badge-holder","status":"publish","type":"product","link":"https:\/\/globalgiftsupplier.com\/de\/product\/custom-printed-breakaway-lanyard-with-id-badge-holder\/","title":{"rendered":"Individuell bedrucktes Breakaway-Lanyard mit ID-Ausweishalter"},"content":{"rendered":"<p data-start=\"1678\" data-end=\"2260\">Diese <strong data-start=\"1709\" data-end=\"1766\">Individuell bedrucktes Breakaway-Lanyard mit ID-Ausweishalter<\/strong> ist ein praktisches, farbenfrohes und gut sichtbares Branding-Produkt, das f\u00fcr <strong data-start=\"1842\" data-end=\"1958\">Personalausweise, Schulausweise, Veranstaltungsausweise, B\u00fcrozugangskarten, Besucherausweise und Werbekampagnen<\/strong>. Basierend auf den Produktbildern, kombiniert dieser Stil eine <strong data-start=\"2011\" data-end=\"2049\">Vollfarbiges Polyester-Schl\u00fcsselband<\/strong>, a <strong data-start=\"2053\" data-end=\"2080\">Sicherheits-Abrei\u00dfschnalle<\/strong>, a <strong data-start=\"2084\" data-end=\"2109\">Metallhakenbefestigung<\/strong>, und eine <strong data-start=\"2117\" data-end=\"2152\">passender ID-Ausweishalter als Option<\/strong>, Das macht es zu einer guten Wahl f\u00fcr Unternehmen, die sowohl t\u00e4gliche Funktionalit\u00e4t als auch eine individuelle Logopr\u00e4senz ben\u00f6tigen.<\/p>\n<p data-start=\"2262\" data-end=\"2693\">Ein gutes Schl\u00fcsselband ist mehr als nur ein Umh\u00e4ngeband. Es ist etwas, das Menschen jeden Tag in B\u00fcros, auf dem Campus, in Krankenh\u00e4usern, auf Messen, im Einzelhandel und bei gro\u00dfen Veranstaltungen tragen. Da es sichtbar bleibt, w\u00e4hrend es benutzt wird, ist es ein einfaches, aber effektives Branding-Instrument. Dieses Produkt eignet sich besonders f\u00fcr Unternehmen und Organisationen, die einen Werbeartikel mit echtem Alltagsnutzen suchen, der nicht nur einmal ausgeh\u00e4ndigt und dann vergessen wird.<\/p>\n<p data-start=\"2695\" data-end=\"3206\">Die Bilder zeigen eine gro\u00dfe Vielfalt an <strong data-start=\"2729\" data-end=\"2754\">individuell bedruckte Stile<\/strong>, Dazu geh\u00f6ren einfarbige Logo-Schl\u00fcsselb\u00e4nder, leuchtende mehrfarbige Designs, verspielte grafische Motive, florale Muster, Smiley- und Icon-Grafiken sowie bedruckte B\u00e4nder im Business-Stil. Das bedeutet, dass dieses Produkt an verschiedene Zielgruppen und Branchen angepasst werden kann. Sie k\u00f6nnen es positionieren f\u00fcr <strong data-start=\"3035\" data-end=\"3203\">Firmenveranstaltungen, Schulprogramme, Besuchermanagementsysteme, Personaleinf\u00fchrung, Registrierungspakete f\u00fcr Konferenzen, Fanartikel, Jugendveranstaltungen und Markengeschenkpakete<\/strong>.<\/p>\n<p data-start=\"3208\" data-end=\"3651\">Eines der wichtigsten Merkmale ist die <strong data-start=\"3250\" data-end=\"3270\">Rei\u00dfverschlu\u00dfschnalle<\/strong>. Dieses Design bietet mehr Komfort und Flexibilit\u00e4t f\u00fcr das t\u00e4gliche Tragen, da sich das Schl\u00fcsselband bei Bedarf leichter l\u00f6sen l\u00e4sst. Das macht es zu einer komfortableren und praktischeren Option f\u00fcr Arbeitspl\u00e4tze, Schulen und Veranstaltungen, bei denen die Leute ihr Schl\u00fcsselband viele Stunden am St\u00fcck tragen k\u00f6nnen. Au\u00dferdem verleiht es dem Produkt ein kompletteres, professionelles Aussehen im Vergleich zu einfachen Standard-Lanyards.<\/p>\n<p data-start=\"3653\" data-end=\"4166\">Die <strong data-start=\"3657\" data-end=\"3672\">Metallklammer<\/strong> am Ende des Bandes bietet eine sichere Verbindung f\u00fcr Ausweishalter, ID-Karten, Zugangskarten, Schl\u00fcssel und andere leichte Gegenst\u00e4nde. Die auf den Bildern gezeigten Halterungen machen das Produkt noch n\u00fctzlicher f\u00fcr echte Identifikationszwecke. Anstatt nur ein Schl\u00fcsselband zu verkaufen, k\u00f6nnen Sie es als ein komplettes Produkt anbieten. <strong data-start=\"3995\" data-end=\"4025\">L\u00f6sung zum Tragen von ID-Ausweisen<\/strong>. Dies tr\u00e4gt dazu bei, den Wert des Produkts f\u00fcr Schulen, B\u00fcros, Messen, Ausstellungen, Besucherregistrierungsschalter und Veranstaltungsorganisatoren zu erh\u00f6hen.<\/p>\n<p data-start=\"4168\" data-end=\"4668\">Die <strong data-start=\"4172\" data-end=\"4194\">Polyester-Material<\/strong> verleiht dem Band eine glatte Oberfl\u00e4che, die sich gut f\u00fcr individuelle Bedruckung und wiederholten Gebrauch eignet. Es ist leicht, angenehm zu tragen und f\u00fcr die Produktion gro\u00dfer Mengen geeignet. Polyester ist eines der praktischsten Lanyard-Materialien, da es ein gutes Gleichgewicht zwischen Farbklarheit, Haltbarkeit, Flexibilit\u00e4t und Kosteneffizienz bietet. F\u00fcr Werbezwecke ist dies besonders wichtig, da die K\u00e4ufer oft einen Artikel w\u00fcnschen, der gut aussieht, sauber bedruckt ist und auch in gro\u00dfen Mengen praktisch bleibt.<\/p>\n<p data-start=\"4670\" data-end=\"5168\">Ein weiterer starker Punkt ist die <strong data-start=\"4698\" data-end=\"4720\">visuelle Flexibilit\u00e4t<\/strong> die auf den Fotos zu sehen sind. Einige Versionen sind schlicht und einfach, w\u00e4hrend andere hell und ausdrucksstark sind. Das bedeutet, dass ein und derselbe Produkttyp f\u00fcr eine seri\u00f6se Gesch\u00e4ftskonferenz, ein Schulausweisprogramm, ein Krankenhausausweissystem, eine thematische Marketingkampagne oder eine eher verspielte Accessoire-Linie f\u00fcr den Einzelhandel verwendet werden kann. Die M\u00f6glichkeit, Bandfarbe, Farbe des Halters, Druckmotiv und Logostil aufeinander abzustimmen, macht dieses Schl\u00fcsselband zu einem starken individuellen Produkt f\u00fcr viele verschiedene Markenidentit\u00e4ten.<\/p>\n<p data-start=\"5170\" data-end=\"5591\">Da die Benutzer ihre Ausweise oder Zugangskarten oft Tag f\u00fcr Tag an demselben Schl\u00fcsselband tragen, tr\u00e4gt dieses Produkt dazu bei, dass <strong data-start=\"5286\" data-end=\"5315\">langfristige Sichtbarkeit des Logos<\/strong>. Es funktioniert auch nach dem Ende der urspr\u00fcnglichen Veranstaltung oder Kampagne als Markenartikel weiter. F\u00fcr Unternehmen, Schulen und Institutionen, die ein erschwingliches, aber n\u00fctzliches, individuelles Produkt ben\u00f6tigen, bietet dieses Schl\u00fcsselband eine gute Balance aus <strong data-start=\"5537\" data-end=\"5588\">Sichtbarkeit, N\u00fctzlichkeit, Komfort und Individualisierung<\/strong>.<\/p>\n<p data-start=\"5593\" data-end=\"6322\"><strong data-start=\"5593\" data-end=\"5609\">Wesentliche Merkmale<\/strong><br data-start=\"5609\" data-end=\"5612\" \/>\u2022 <strong data-start=\"5614\" data-end=\"5650\">Individuell bedrucktes Breakaway-Lanyard<\/strong> f\u00fcr die t\u00e4gliche Identifikation und f\u00fcr Werbezwecke<br data-start=\"5695\" data-end=\"5698\" \/>\u2022 <strong data-start=\"5700\" data-end=\"5724\">Weiches Polyesterband<\/strong> geeignet f\u00fcr Vollfarbdruck und Logo-Branding<br data-start=\"5775\" data-end=\"5778\" \/>\u2022 <strong data-start=\"5780\" data-end=\"5807\">Abrei\u00dfbare Sicherheitsschnalle<\/strong> f\u00fcr zus\u00e4tzlichen Komfort und Bequemlichkeit<br data-start=\"5841\" data-end=\"5844\" \/>\u2022 <strong data-start=\"5846\" data-end=\"5875\">Metallhaken \/ Karabinerhaken<\/strong> zur sicheren Befestigung<br data-start=\"5897\" data-end=\"5900\" \/>\u2022 <strong data-start=\"5902\" data-end=\"5941\">Kann mit ID-Ausweishaltern gekoppelt werden<\/strong> wie auf den Produktbildern gezeigt<br data-start=\"5972\" data-end=\"5975\" \/>\u2022 <strong data-start=\"5977\" data-end=\"6058\">Geeignet f\u00fcr Personalausweise, Besucherausweise, Schulausweise und B\u00fcrozugangskarten<\/strong><br data-start=\"6058\" data-end=\"6061\" \/>\u2022 <strong data-start=\"6063\" data-end=\"6124\">Erh\u00e4ltlich in einfarbiger Ausf\u00fchrung, mit Logo und mit thematischer Grafik<\/strong><br data-start=\"6124\" data-end=\"6127\" \/>\u2022 <strong data-start=\"6129\" data-end=\"6177\">Leicht und bequem f\u00fcr ganzt\u00e4giges Tragen<\/strong><br data-start=\"6177\" data-end=\"6180\" \/>\u2022 <strong data-start=\"6182\" data-end=\"6217\">Hervorragend geeignet f\u00fcr den Massenvertrieb<\/strong> bei Konferenzen, Veranstaltungen und in Schulen<br data-start=\"6253\" data-end=\"6256\" \/>\u2022 <strong data-start=\"6258\" data-end=\"6288\">Praktischer Werbeartikel<\/strong> mit langfristiger Markensichtbarkeit<\/p>\n<p data-start=\"6324\" data-end=\"7016\"><strong data-start=\"6324\" data-end=\"6342\">Spezifikationen<\/strong><br data-start=\"6342\" data-end=\"6345\" \/>Produkttyp: Individuell bedrucktes Breakaway-Lanyard mit ID-Ausweishalter<br data-start=\"6412\" data-end=\"6415\" \/>Stil: Umh\u00e4ngeband \/ ID-Badge-Lanyard \/ Event-Lanyard<br data-start=\"6469\" data-end=\"6472\" \/>Material: Polyesterband<br data-start=\"6497\" data-end=\"6500\" \/>Anbringung: Metall-Drehverschluss \/ Karabinerhaken<br data-start=\"6545\" data-end=\"6548\" \/>Ausl\u00f6sefunktion: Abrei\u00dfbare Sicherheitsschnalle<br data-start=\"6588\" data-end=\"6591\" \/>Stil des Halters: Passend zu den in den Produktbildern gezeigten Optionen f\u00fcr Ausweishalter<br data-start=\"6658\" data-end=\"6661\" \/>Logo-Stil: Vollfarbdruck, Textdruck, Symboldruck und individuelle Gestaltung<br data-start=\"6742\" data-end=\"6745\" \/>Farbstil: Unifarben, vollfarbige Grafiken, thematische Muster und individuelle Designs<br data-start=\"6828\" data-end=\"6831\" \/>Verwendung: ID-Karten, Besucherausweise, Veranstaltungsausweise, Personalausweise, Schulausweise, B\u00fcrozugangskarten, leichtes Zubeh\u00f6r<br data-start=\"6942\" data-end=\"6945\" \/>Thema: Veranstaltungen, Konferenzen, B\u00fcros, Schulen, Ausstellungen, Promotionen<\/p>\n<p data-start=\"7018\" data-end=\"7556\"><strong data-start=\"7018\" data-end=\"7045\">Warum dieses Produkt w\u00e4hlen<\/strong><br data-start=\"7045\" data-end=\"7048\" \/>Dieses Produkt bietet eine starke Mischung aus <strong data-start=\"7084\" data-end=\"7151\">Markensichtbarkeit, Alltagstauglichkeit und Designflexibilit\u00e4t<\/strong>. Im Vergleich zu einem einfachen Schl\u00fcsselband bietet es Ihnen eine umfassendere Identifizierungsl\u00f6sung, da es ein individuelles Band, eine Sicherheitsschnalle, einen Metallverschluss und einen Ausweishalter kombiniert. Es eignet sich sowohl f\u00fcr den professionellen Einsatz als auch f\u00fcr Werbezwecke, ist einfach zu gestalten, leicht zu verteilen und wird wahrscheinlich jeden Tag wiederverwendet. Diese wiederholte Verwendung tr\u00e4gt dazu bei, dass Ihr Logo viel l\u00e4nger sichtbar bleibt als bei einem einmaligen Werbeartikel.<\/p>\n<p data-start=\"7558\" data-end=\"7879\"><strong data-start=\"7558\" data-end=\"7571\">Ideal f\u00fcr<\/strong><br data-start=\"7571\" data-end=\"7574\" \/>- Ausweise des B\u00fcropersonals<br data-start=\"7592\" data-end=\"7595\" \/>- Programme f\u00fcr Schul- und Campusabzeichen<br data-start=\"7629\" data-end=\"7632\" \/>- Konferenz- und Ausstellungsausweise<br data-start=\"7666\" data-end=\"7669\" \/>- Systeme zur Besucherregistrierung<br data-start=\"7699\" data-end=\"7702\" \/>- Werbegeschenke f\u00fcr die Messe<br data-start=\"7724\" data-end=\"7727\" \/>- Onboarding-Kits f\u00fcr Unternehmen<br data-start=\"7754\" data-end=\"7757\" \/>- Personalausweise f\u00fcr Krankenh\u00e4user und Kliniken<br data-start=\"7791\" data-end=\"7794\" \/>- Programme mit Mitgliedskarten<br data-start=\"7820\" data-end=\"7823\" \/>- Markenartikel f\u00fcr die Veranstaltung<br data-start=\"7850\" data-end=\"7853\" \/>- Werbegeschenkpakete<\/p>\n<p data-start=\"7881\" data-end=\"7890\"><strong data-start=\"7881\" data-end=\"7888\">FAQ<\/strong><\/p>\n<p data-start=\"7892\" data-end=\"8063\"><strong data-start=\"7892\" data-end=\"7939\">Kann dieses Schl\u00fcsselband mit einem Logo versehen werden?<\/strong><br data-start=\"7939\" data-end=\"7942\" \/>Ja, das Polyesterband kann individuell mit <strong data-start=\"7990\" data-end=\"8060\">Ihr Logo, Text, vollfarbiges Bildmaterial, Muster und thematische Grafiken<\/strong>.<\/p>\n<p data-start=\"8065\" data-end=\"8242\"><strong data-start=\"8065\" data-end=\"8111\">Verf\u00fcgt dieses Schl\u00fcsselband \u00fcber eine abbrechbare Schnalle?<\/strong><br data-start=\"8111\" data-end=\"8114\" \/>Ja. Die Produktbilder zeigen eine <strong data-start=\"8145\" data-end=\"8172\">abrei\u00dfbare Sicherheitsschnalle<\/strong>, Sie eignet sich f\u00fcr das t\u00e4gliche Tragen in Schulen, B\u00fcros und bei Veranstaltungen.<\/p>\n<p data-start=\"8244\" data-end=\"8440\"><strong data-start=\"8244\" data-end=\"8281\">Wird ein Ausweishalter mitgeliefert?<\/strong><br data-start=\"8281\" data-end=\"8284\" \/>Die Produktbilder zeigen <strong data-start=\"8308\" data-end=\"8355\">Lanyards in Kombination mit ID-Ausweishaltern<\/strong>, so dass es als Schl\u00fcsselbandformat pr\u00e4sentiert werden kann, das passende Halterungsoptionen unterst\u00fctzt.<\/p>\n<p data-start=\"8442\" data-end=\"8615\"><strong data-start=\"8442\" data-end=\"8480\">Wof\u00fcr kann dieses Schl\u00fcsselband verwendet werden?<\/strong><br data-start=\"8480\" data-end=\"8483\" \/>Es kann verwendet werden f\u00fcr <strong data-start=\"8502\" data-end=\"8612\">Personalausweise, Besucherausweise, Schulausweise, Zugangskarten f\u00fcr B\u00fcros, Veranstaltungsausweise und andere Identifikationsanforderungen<\/strong>.<\/p>\n<p data-start=\"8617\" data-end=\"8781\"><strong data-start=\"8617\" data-end=\"8660\">Aus welchem Material ist das Schl\u00fcsselband gefertigt?<\/strong><br data-start=\"8660\" data-end=\"8663\" \/>Sie wird als <strong data-start=\"8684\" data-end=\"8705\">Polyester-Schl\u00fcsselband<\/strong>, Das Material ist leicht, glatt, langlebig und eignet sich f\u00fcr den individuellen Druck.<\/p>\n<p data-start=\"8783\" data-end=\"8936\"><strong data-start=\"8783\" data-end=\"8817\">Geh\u00f6rt ein Metallverschluss dazu?<\/strong><br data-start=\"8817\" data-end=\"8820\" \/>Ja. Die Produktbilder zeigen deutlich eine <strong data-start=\"8859\" data-end=\"8896\">Metall-Drehverschluss \/ Karabinerhaken<\/strong> zum Anbringen von Haltern oder Zubeh\u00f6r.<\/p>\n<p data-start=\"8938\" data-end=\"9113\"><strong data-start=\"8938\" data-end=\"8989\">Kann es f\u00fcr Konferenzen und Ausstellungen genutzt werden?<\/strong><br data-start=\"8989\" data-end=\"8992\" \/>Ja. Es ist ideal f\u00fcr <strong data-start=\"9013\" data-end=\"9110\">Konferenzregistrierung, Ausstellungsausweise, Messeausweise und Ausweise f\u00fcr das Veranstaltungspersonal<\/strong>.<\/p>\n<p data-start=\"9115\" data-end=\"9280\"><strong data-start=\"9115\" data-end=\"9168\">Ist dieses Produkt f\u00fcr Schulen und B\u00fcros geeignet?<\/strong><br data-start=\"9168\" data-end=\"9171\" \/>Ja. Es ist sehr geeignet f\u00fcr <strong data-start=\"9200\" data-end=\"9277\">Campus-Karten, Ausweise f\u00fcr B\u00fcroangestellte, Besucherausweise und die t\u00e4gliche Nutzung von Zugangskarten<\/strong>.<\/p>\n<p data-start=\"9282\" data-end=\"9482\"><strong data-start=\"9282\" data-end=\"9327\">Kann das Schl\u00fcsselband in voller Farbe bedruckt werden?<\/strong><br data-start=\"9327\" data-end=\"9330\" \/>Ja. Die Bilder zeigen eine breite Palette von <strong data-start=\"9367\" data-end=\"9397\">vollfarbig gedruckte Designs<\/strong>, Dazu geh\u00f6ren Logos, Streifen, Symbole, dekorative Muster und verspielte thematische Grafiken.<\/p>\n<p data-start=\"9484\" data-end=\"9677\"><strong data-start=\"9484\" data-end=\"9527\">Warum ist dies ein guter Werbeartikel?<\/strong><br data-start=\"9527\" data-end=\"9530\" \/>Denn es ist <strong data-start=\"9544\" data-end=\"9611\">n\u00fctzlich, tragbar, leicht anpassbar und oft im Alltag wiederverwendet<\/strong>, Sie bietet eine langfristige Markenpr\u00e4senz zu relativ geringen Kosten.<\/p>","protected":false},"excerpt":{"rendered":"<p>Dieses individuell bedruckte, abtrennbare Schl\u00fcsselband mit Ausweishalter ist ein praktisches und auff\u00e4lliges Werbeaccessoire f\u00fcr Mitarbeiterausweise, Schulausweise, Besucherausweise, Veranstaltungsp\u00e4sse und B\u00fcrobedarf. Ausgestattet mit einem weichen Polyesterband, individuellem Vollfarbdruck, Sicherheitsschnalle, Metallverschluss und optionalem, passendem Ausweishalter ist es ideal f\u00fcr Konferenzen, Ausstellungen, Schulen, B\u00fcros und Werbegeschenke.<\/p>","protected":false},"featured_media":47565,"template":"","meta":{"_gspb_post_css":""},"product_brand":[],"product_cat":[35],"product_tag":[],"class_list":{"0":"post-47564","1":"product","2":"type-product","3":"status-publish","4":"has-post-thumbnail","6":"product_cat-tradeshow-events","8":"first","9":"instock","10":"shipping-taxable","11":"product-type-simple"},"_links":{"self":[{"href":"https:\/\/globalgiftsupplier.com\/de\/wp-json\/wp\/v2\/product\/47564","targetHints":{"allow":["GET"]}}],"collection":[{"href":"https:\/\/globalgiftsupplier.com\/de\/wp-json\/wp\/v2\/product"}],"about":[{"href":"https:\/\/globalgiftsupplier.com\/de\/wp-json\/wp\/v2\/types\/product"}],"wp:featuredmedia":[{"embeddable":true,"href":"https:\/\/globalgiftsupplier.com\/de\/wp-json\/wp\/v2\/media\/47565"}],"wp:attachment":[{"href":"https:\/\/globalgiftsupplier.com\/de\/wp-json\/wp\/v2\/media?parent=47564"}],"wp:term":[{"taxonomy":"product_brand","embeddable":true,"href":"https:\/\/globalgiftsupplier.com\/de\/wp-json\/wp\/v2\/product_brand?post=47564"},{"taxonomy":"product_cat","embeddable":true,"href":"https:\/\/globalgiftsupplier.com\/de\/wp-json\/wp\/v2\/product_cat?post=47564"},{"taxonomy":"product_tag","embeddable":true,"href":"https:\/\/globalgiftsupplier.com\/de\/wp-json\/wp\/v2\/product_tag?post=47564"}],"curies":[{"name":"wp","href":"https:\/\/api.w.org\/{rel}","templated":true}]}}