{"id":47550,"date":"2026-03-31T15:48:06","date_gmt":"2026-03-31T15:48:06","guid":{"rendered":"https:\/\/globalgiftsupplier.com\/?post_type=product&#038;p=47550"},"modified":"2026-03-31T15:48:06","modified_gmt":"2026-03-31T15:48:06","slug":"custom-printed-polyester-lanyard-with-logo","status":"publish","type":"product","link":"https:\/\/globalgiftsupplier.com\/de\/product\/custom-printed-polyester-lanyard-with-logo\/","title":{"rendered":"Individuell bedrucktes Polyester-Schl\u00fcsselband mit Logo"},"content":{"rendered":"<p data-start=\"1517\" data-end=\"2033\">Diese <strong data-start=\"1548\" data-end=\"1584\">individuell bedrucktes Polyester-Schl\u00fcsselband<\/strong> ist ein praktisches, gut sichtbares und leicht zu personalisierendes Werbeprodukt, das f\u00fcr <strong data-start=\"1672\" data-end=\"1781\">Veranstaltungen, Konferenzen, Schulen, B\u00fcros, Ausstellungen, Besucherausweise, Personalausweise und Markenartikel<\/strong>. Auf den Produktbildern ist dieses Modell mit einem <strong data-start=\"1834\" data-end=\"1860\">glattes Polyesterband<\/strong>, <strong data-start=\"1862\" data-end=\"1890\">Vollfarbiger Logodruck<\/strong>, und <strong data-start=\"1896\" data-end=\"1940\">mehrere Hardware- und Befestigungsoptionen<\/strong>, Das macht ihn zu einer vielseitigen Wahl sowohl f\u00fcr die t\u00e4gliche Identifikation als auch f\u00fcr Werbekampagnen.<\/p>\n<p data-start=\"2035\" data-end=\"2474\">Ein Schl\u00fcsselband ist eines der n\u00fctzlichsten Markenprodukte, weil die Menschen es tats\u00e4chlich tragen, mit sich f\u00fchren und wiederverwenden. Ob an einem <strong data-start=\"2168\" data-end=\"2243\">Ausweishalter, Ausweisrolle, Zugangskarte, Schl\u00fcssel, USB-Laufwerk oder Lichtzubeh\u00f6r<\/strong>, Er sorgt daf\u00fcr, dass Ihre Marke in B\u00fcros, auf dem Campus, in Veranstaltungshallen, im Einzelhandel und in \u00f6ffentlichen Bereichen sichtbar ist. Diese t\u00e4gliche Sichtbarkeit macht ihn zu einer guten Wahl f\u00fcr Unternehmen, die mit einem Werbeartikel mit geringem Volumen langfristig pr\u00e4sent sein wollen.<\/p>\n<p data-start=\"2476\" data-end=\"3061\">Die Produktbilder zeigen eine breite Palette von <strong data-start=\"2516\" data-end=\"2569\">einfarbig und vollfarbig bedruckte Lanyards<\/strong>, von einfachen, sauberen Markenlayouts bis hin zu dekorativeren Versionen mit Streifen, Mustern, Logos, Symbolen und sich wiederholenden grafischen Elementen. Das hei\u00dft, das Produkt kann sowohl <strong data-start=\"2740\" data-end=\"2775\">professionelles Corporate Branding<\/strong> und weitere kreative Entw\u00fcrfe f\u00fcr <strong data-start=\"2806\" data-end=\"2894\">Schulen, Feste, Vereine, Kampagnen, Fanartikel und jugendorientierte Aktionen<\/strong>. Wenn Sie einen sauberen Gesch\u00e4ftsauftritt w\u00fcnschen, ist ein einfacher Logodruck gut geeignet. Wenn Sie ein auff\u00e4lligeres Design w\u00fcnschen, k\u00f6nnen vollfarbige Muster einen st\u00e4rkeren visuellen Effekt erzielen.<\/p>\n<p data-start=\"3063\" data-end=\"3698\">Ein weiterer gro\u00dfer Vorteil dieses Produkts ist seine <strong data-start=\"3111\" data-end=\"3147\">flexible Zubeh\u00f6rkonfiguration<\/strong>. Die Bilder zeigen verschiedene Kombinationen von Anbauger\u00e4ten, darunter <strong data-start=\"3210\" data-end=\"3358\">Metall-Drehverschl\u00fcsse, Bulldog-Clips, abnehmbare Schnallen, Kunststoff-Abrei\u00dfschnallen, Metall-Crimps, Abzeichenrollen-Paarungen und verschiedene Endbeschl\u00e4ge<\/strong>. Dadurch eignet sich das Schl\u00fcsselband f\u00fcr eine Vielzahl von Verwendungszwecken, von Standard-Mitarbeiterausweisen bis hin zu Konferenzanmeldungen, Schulausweisen, Mitgliedskarten, Medienausweisen und sogar gebrandeten Umh\u00e4ngeb\u00e4ndern f\u00fcr leichte Accessoires. Anstatt nur ein einziges Grundmodell anzubieten, kann dieses Produkt an die verschiedenen Anforderungen von Veranstaltungen und Arbeitspl\u00e4tzen angepasst werden.<\/p>\n<p data-start=\"3700\" data-end=\"4184\">Die <strong data-start=\"3704\" data-end=\"3726\">Polyester-Material<\/strong> verleiht dem Schl\u00fcsselband ein glattes, haltbares und leichtes Gef\u00fchl, das sich gut f\u00fcr wiederholten Gebrauch eignet. Es ist bequem genug, um es den ganzen Tag \u00fcber zu tragen, und bietet dennoch eine stabile Oberfl\u00e4che f\u00fcr gedruckte Logos und Grafiken. Schl\u00fcsselb\u00e4nder aus Polyester sind besonders beliebt f\u00fcr gro\u00dfe Veranstaltungen und den t\u00e4glichen Gebrauch durch Mitarbeiter, da sie kosteng\u00fcnstig sind, sich leicht individuell gestalten lassen und einfach in gro\u00dfen Mengen verteilt werden k\u00f6nnen. Au\u00dferdem halten sie die Farbe gut, was dem endg\u00fcltigen Design zu einem scharfen und professionellen Aussehen verhilft.<\/p>\n<p data-start=\"4186\" data-end=\"4694\">Da die Abbildungen viele Farboptionen und Drucklayouts zeigen, kann dieses Produkt auch als <strong data-start=\"4291\" data-end=\"4318\">individuelle Handelsware<\/strong>, ist nicht nur ein funktionelles Event-Accessoire. Es kann in Einf\u00fchrungspaketen f\u00fcr Mitarbeiter, in Registrierungspaketen f\u00fcr Veranstaltungen, als Kundengeschenk, f\u00fcr das Branding von Universit\u00e4ten, f\u00fcr Wohlt\u00e4tigkeitsveranstaltungen, Mitgliedschaftsprogramme, Museumsshops, Geschenkl\u00e4den und Willkommenspakete f\u00fcr Besucher verwendet werden. Ein Schl\u00fcsselband mit Markenzeichen ist einfach, aber wenn es gut gestaltet ist, wird es zu einem Gegenstand, den die Menschen lange nach der Veranstaltung behalten und wiederverwenden.<\/p>\n<p data-start=\"4696\" data-end=\"5017\">F\u00fcr Unternehmen, die ein Produkt suchen, das <strong data-start=\"4744\" data-end=\"4802\">erschwinglich, n\u00fctzlich, anpassbar und leicht zu verteilen<\/strong>, bietet dieses kundenspezifische Polyester-Lanyard ein ausgewogenes Verh\u00e4ltnis von Funktionalit\u00e4t und Werbewert. Es ist eine zuverl\u00e4ssige Wahl f\u00fcr Marken, die allt\u00e4gliche Funktion, sichtbare Logoplatzierung und gro\u00dfe Designflexibilit\u00e4t ben\u00f6tigen.<\/p>\n<p data-start=\"5019\" data-end=\"5785\"><strong data-start=\"5019\" data-end=\"5035\">Wesentliche Merkmale<\/strong><br data-start=\"5035\" data-end=\"5038\" \/>\u2022 <strong data-start=\"5040\" data-end=\"5076\">Individuell bedrucktes Polyester-Schl\u00fcsselband<\/strong> f\u00fcr Branding und Werbezwecke<br data-start=\"5109\" data-end=\"5112\" \/>\u2022 <strong data-start=\"5114\" data-end=\"5140\">Glattes Polyesterband<\/strong> mit einem sauberen, professionellen Finish<br data-start=\"5174\" data-end=\"5177\" \/>\u2022 <strong data-start=\"5179\" data-end=\"5241\">Geeignet f\u00fcr vollfarbigen Logodruck und wiederholte Druckvorlagen<\/strong><br data-start=\"5241\" data-end=\"5244\" \/>\u2022 <strong data-start=\"5246\" data-end=\"5296\">Mehrere auf den Bildern gezeigte Befestigungsarten<\/strong>, einschlie\u00dflich Drehverschl\u00fcsse, Clips und Schnallen<br data-start=\"5341\" data-end=\"5344\" \/>\u2022 <strong data-start=\"5346\" data-end=\"5409\">Kann mit Ausweishaltern, ID-Karten und Ausweisrollen kombiniert werden<\/strong><br data-start=\"5409\" data-end=\"5412\" \/>\u2022 <strong data-start=\"5414\" data-end=\"5506\">N\u00fctzlich f\u00fcr Personalausweise, Besucherausweise, Schl\u00fcssel, Zugangskarten und leichtes Zubeh\u00f6r<\/strong><br data-start=\"5506\" data-end=\"5509\" \/>\u2022 <strong data-start=\"5511\" data-end=\"5541\">Bequem f\u00fcr den t\u00e4glichen Gebrauch<\/strong> in B\u00fcros, Schulen und bei Veranstaltungen<br data-start=\"5573\" data-end=\"5576\" \/>\u2022 <strong data-start=\"5578\" data-end=\"5634\">Erh\u00e4ltlich in unifarbenen und individuell bedruckten Designs<\/strong><br data-start=\"5634\" data-end=\"5637\" \/>\u2022 <strong data-start=\"5639\" data-end=\"5669\">Einfache Verteilung in gro\u00dfen Mengen<\/strong> f\u00fcr Konferenzen, Ausstellungen und Kampagnen<br data-start=\"5713\" data-end=\"5716\" \/>\u2022 <strong data-start=\"5718\" data-end=\"5751\">Praktischer Werbeartikel<\/strong> mit langfristiger Markensichtbarkeit<\/p>\n<p data-start=\"5787\" data-end=\"6375\"><strong data-start=\"5787\" data-end=\"5805\">Spezifikationen<\/strong><br data-start=\"5805\" data-end=\"5808\" \/>Produkttyp: Individuell bedrucktes Polyester-Schl\u00fcsselband<br data-start=\"5854\" data-end=\"5857\" \/>Stil: Umh\u00e4ngeband \/ ID-Lanyard \/ Event-Lanyard<br data-start=\"5905\" data-end=\"5908\" \/>Material: Polyester<br data-start=\"5927\" data-end=\"5930\" \/>Logo-Stil: Vollfarbiger individueller Logodruck und Druck von Druckvorlagen<br data-start=\"5994\" data-end=\"5997\" \/>Auf den Bildern gezeigte Befestigungsm\u00f6glichkeiten: Metall-Drehverschluss, Bulldog-Clip, abnehmbare Schnalle, abbrechbare Schnalle, Metall-Crimp, Badge-Reel-Paarung<br data-start=\"6135\" data-end=\"6138\" \/>Verwendung: Ausweise, Personalausweise, Besucherausweise, Zugangskarten, Schl\u00fcssel, Ausweishalter, Lichtzubeh\u00f6r<br data-start=\"6235\" data-end=\"6238\" \/>Farbe Stil: Unifarben und individuell bedruckte Muster erh\u00e4ltlich<br data-start=\"6301\" data-end=\"6304\" \/>Thema: Veranstaltungen, Konferenzen, B\u00fcros, Schulen, Ausstellungen, Promotionen<\/p>\n<p data-start=\"6377\" data-end=\"6954\"><strong data-start=\"6377\" data-end=\"6404\">Warum dieses Produkt w\u00e4hlen<\/strong><br data-start=\"6404\" data-end=\"6407\" \/>Dieses Produkt bietet eine starke Kombination aus <strong data-start=\"6451\" data-end=\"6510\">praktischer Nutzen, Markensichtbarkeit und Designflexibilit\u00e4t<\/strong>. Im Vergleich zu einfachen Standard-Schl\u00fcsselb\u00e4ndern bietet es Ihnen mehr Raum f\u00fcr individuelle Bedruckung, mehr Hardware-Optionen und mehr M\u00f6glichkeiten, das Produkt an verschiedene Zielgruppen und Kampagnen anzupassen. Es eignet sich gleicherma\u00dfen f\u00fcr Firmenveranstaltungen, Schulprogramme, Ausstellungsregistrierungen, B\u00fcrozugangskarten und Werbeartikel. Da Schl\u00fcsselb\u00e4nder oft auch nach der urspr\u00fcnglichen Kampagne oder Veranstaltung weiterverwendet werden, bleibt Ihr Logo auch im Laufe der Zeit sichtbar.<\/p>\n<p data-start=\"6956\" data-end=\"7277\"><strong data-start=\"6956\" data-end=\"6969\">Ideal f\u00fcr<\/strong><br data-start=\"6969\" data-end=\"6972\" \/>- Konferenzen und Ausstellungen<br data-start=\"7001\" data-end=\"7004\" \/>- Werbegeschenke f\u00fcr die Messe<br data-start=\"7026\" data-end=\"7029\" \/>- Identifizierung des B\u00fcropersonals<br data-start=\"7058\" data-end=\"7061\" \/>- Schul- und Campusausweise<br data-start=\"7089\" data-end=\"7092\" \/>- Inhaber einer Besucherkarte<br data-start=\"7114\" data-end=\"7117\" \/>- Mitgliedschaftsprogramme<br data-start=\"7138\" data-end=\"7141\" \/>- Geschenkpakete f\u00fcr Unternehmen<br data-start=\"7163\" data-end=\"7166\" \/>- Materialien zur Veranstaltungsregistrierung<br data-start=\"7196\" data-end=\"7199\" \/>- Medien- und Ausstellerausweise<br data-start=\"7227\" data-end=\"7230\" \/>- Markenartikel und Werbekampagnen<\/p>\n<p data-start=\"7279\" data-end=\"7288\"><strong data-start=\"7279\" data-end=\"7286\">FAQ<\/strong><\/p>\n<p data-start=\"7290\" data-end=\"7470\"><strong data-start=\"7290\" data-end=\"7337\">Kann dieses Schl\u00fcsselband mit einem Logo versehen werden?<\/strong><br data-start=\"7337\" data-end=\"7340\" \/>Ja, das Polyesterband kann individuell mit <strong data-start=\"7388\" data-end=\"7467\">Logodruck, wiederholter Markentext, Icons, Grafiken und vollfarbige Druckvorlagen<\/strong>.<\/p>\n<p data-start=\"7472\" data-end=\"7617\"><strong data-start=\"7472\" data-end=\"7516\">Aus welchem Material besteht dieses Schl\u00fcsselband?<\/strong><br data-start=\"7516\" data-end=\"7519\" \/>Es wird hergestellt aus <strong data-start=\"7535\" data-end=\"7548\">Polyester<\/strong>, das leicht und haltbar ist und sich f\u00fcr den Druck von Markenzeichen eignet.<\/p>\n<p data-start=\"7619\" data-end=\"7794\"><strong data-start=\"7619\" data-end=\"7657\">Wof\u00fcr kann dieses Schl\u00fcsselband verwendet werden?<\/strong><br data-start=\"7657\" data-end=\"7660\" \/>Es kann verwendet werden f\u00fcr <strong data-start=\"7679\" data-end=\"7791\">ID-Karten, Personalausweise, Zugangskarten, Besucherausweise, Schl\u00fcssel, Ausweishalter und anderes leichtes Zubeh\u00f6r<\/strong>.<\/p>\n<p data-start=\"7796\" data-end=\"8033\"><strong data-start=\"7796\" data-end=\"7842\">Gibt es verschiedene Befestigungsarten?<\/strong><br data-start=\"7842\" data-end=\"7845\" \/>Ja. Die Produktbilder zeigen <strong data-start=\"7874\" data-end=\"7920\">verschiedene Endst\u00fccke und Zubeh\u00f6rteile<\/strong>, einschlie\u00dflich Metallwirbelverschl\u00fcssen, Bulldog-Clips, abnehmbaren Schnallen, abbrechbaren Schnallen und Abzeichenrollenpaaren.<\/p>\n<p data-start=\"8035\" data-end=\"8226\"><strong data-start=\"8035\" data-end=\"8088\">Kann dies auch f\u00fcr Konferenzen und Messen genutzt werden?<\/strong><br data-start=\"8088\" data-end=\"8091\" \/>Ja. Es ist ideal f\u00fcr <strong data-start=\"8112\" data-end=\"8223\">Anmeldung zur Veranstaltung, Messeausweise, Konferenzausweise, Ausstellerausweise und Besucherausweise<\/strong>.<\/p>\n<p data-start=\"8228\" data-end=\"8403\"><strong data-start=\"8228\" data-end=\"8281\">Ist dieses Produkt f\u00fcr Schulen und B\u00fcros geeignet?<\/strong><br data-start=\"8281\" data-end=\"8284\" \/>Ja. Es ist weitgehend geeignet f\u00fcr <strong data-start=\"8315\" data-end=\"8400\">Schulausweise, B\u00fcrokarten, Mitarbeiterausweise, Besucherausweise und Zugangskontrollen<\/strong>.<\/p>\n<p data-start=\"8405\" data-end=\"8592\"><strong data-start=\"8405\" data-end=\"8448\">Kann das Armband in voller Farbe bedruckt werden?<\/strong><br data-start=\"8448\" data-end=\"8451\" \/>Ja. Nach den Bildern zu urteilen, unterst\u00fctzt dieses Produkt <strong data-start=\"8499\" data-end=\"8529\">vollfarbig gedruckte Designs<\/strong>, einschlie\u00dflich Logos, Streifen, Text, Symbole und benutzerdefinierte Muster.<\/p>\n<p data-start=\"8594\" data-end=\"8824\"><strong data-start=\"8594\" data-end=\"8642\">Warum ist Polyester eine gute Wahl f\u00fcr Schl\u00fcsselb\u00e4nder?<\/strong><br data-start=\"8642\" data-end=\"8645\" \/>Polyester bietet eine <strong data-start=\"8664\" data-end=\"8768\">glatte Oberfl\u00e4che zum Bedrucken, angenehmer Tragekomfort, leichte Konstruktion und gute Farbdarstellung<\/strong>, Das macht es zu einer beliebten Wahl f\u00fcr Werbeschl\u00fcsselb\u00e4nder.<\/p>\n<p data-start=\"8826\" data-end=\"9016\"><strong data-start=\"8826\" data-end=\"8865\">Ist dies ein gutes Werbeprodukt?<\/strong><br data-start=\"8865\" data-end=\"8868\" \/>Ja. Es handelt sich um ein praktisches und wiederverwendbares Produkt, das h\u00e4ufig auch nach dem urspr\u00fcnglichen Ereignis weiter verwendet wird, was dazu beitr\u00e4gt, die Lebensdauer Ihres Unternehmens zu verl\u00e4ngern. <strong data-start=\"8995\" data-end=\"9013\">Markenkontakt<\/strong>.<\/p>","protected":false},"excerpt":{"rendered":"<p>Dieses individuell bedruckte Polyester-Lanyard ist ein praktisches und gut sichtbares Werbezubeh\u00f6r f\u00fcr Ausweise, Abzeichen, Veranstaltungsp\u00e4sse, Schl\u00fcssel und allt\u00e4gliche Gegenst\u00e4nde. Mit Vollfarb-Logodruck, mehreren Befestigungsm\u00f6glichkeiten und einem glatten Polyesterband ist es ideal f\u00fcr Konferenzen, Schulen, B\u00fcros, Messen, Ausstellungen und Markengeschenke.<\/p>","protected":false},"featured_media":47551,"template":"","meta":{"_gspb_post_css":""},"product_brand":[],"product_cat":[35],"product_tag":[],"class_list":{"0":"post-47550","1":"product","2":"type-product","3":"status-publish","4":"has-post-thumbnail","6":"product_cat-tradeshow-events","8":"first","9":"instock","10":"shipping-taxable","11":"product-type-simple"},"_links":{"self":[{"href":"https:\/\/globalgiftsupplier.com\/de\/wp-json\/wp\/v2\/product\/47550","targetHints":{"allow":["GET"]}}],"collection":[{"href":"https:\/\/globalgiftsupplier.com\/de\/wp-json\/wp\/v2\/product"}],"about":[{"href":"https:\/\/globalgiftsupplier.com\/de\/wp-json\/wp\/v2\/types\/product"}],"wp:featuredmedia":[{"embeddable":true,"href":"https:\/\/globalgiftsupplier.com\/de\/wp-json\/wp\/v2\/media\/47551"}],"wp:attachment":[{"href":"https:\/\/globalgiftsupplier.com\/de\/wp-json\/wp\/v2\/media?parent=47550"}],"wp:term":[{"taxonomy":"product_brand","embeddable":true,"href":"https:\/\/globalgiftsupplier.com\/de\/wp-json\/wp\/v2\/product_brand?post=47550"},{"taxonomy":"product_cat","embeddable":true,"href":"https:\/\/globalgiftsupplier.com\/de\/wp-json\/wp\/v2\/product_cat?post=47550"},{"taxonomy":"product_tag","embeddable":true,"href":"https:\/\/globalgiftsupplier.com\/de\/wp-json\/wp\/v2\/product_tag?post=47550"}],"curies":[{"name":"wp","href":"https:\/\/api.w.org\/{rel}","templated":true}]}}