{"id":47535,"date":"2026-03-31T15:39:00","date_gmt":"2026-03-31T15:39:00","guid":{"rendered":"https:\/\/globalgiftsupplier.com\/?post_type=product&#038;p=47535"},"modified":"2026-03-31T15:39:00","modified_gmt":"2026-03-31T15:39:00","slug":"custom-printed-breakaway-lanyard-with-logo","status":"publish","type":"product","link":"https:\/\/globalgiftsupplier.com\/de\/product\/custom-printed-breakaway-lanyard-with-logo\/","title":{"rendered":"Individuell bedrucktes Breakaway Lanyard mit Logo"},"content":{"rendered":"<p data-start=\"1481\" data-end=\"2108\">Diese <strong data-start=\"1512\" data-end=\"1548\">Individuell bedrucktes Breakaway-Lanyard<\/strong> ist ein praktisches und gut sichtbares Werbeaccessoire, das f\u00fcr <strong data-start=\"1618\" data-end=\"1719\">Veranstaltungen, Konferenzen, Schulen, B\u00fcros, Ausstellungen, Mitarbeiteridentifikation und Markenartikel<\/strong>. Basierend auf den Produktbildern, kombiniert dieser Stil eine <strong data-start=\"1772\" data-end=\"1800\">vollfarbig bedrucktes Armband<\/strong>, a <strong data-start=\"1804\" data-end=\"1832\">Kunststoff-Abrei\u00dfschnalle<\/strong>, und eine <strong data-start=\"1840\" data-end=\"1862\">Metall-Drehverschluss<\/strong> um einen n\u00fctzlichen Alltagsgegenstand zu schaffen, der auch eine starke Logopr\u00e4senz bietet. Er ist gut geeignet zum Halten <strong data-start=\"1967\" data-end=\"2057\">ID-Karten, Besucherausweise, Namensschilder, Zugangskarten, Schl\u00fcssel und leichtes Zubeh\u00f6r<\/strong> und gleichzeitig ein klares und leicht erkennbares Branding.<\/p>\n<p data-start=\"2110\" data-end=\"2702\">Einer der gr\u00f6\u00dften Vorteile dieses Produkts ist seine <strong data-start=\"2165\" data-end=\"2193\">Flexibilit\u00e4t beim Drucken nach Ma\u00df<\/strong>. Die Bilder zeigen eine breite Palette an farbenfrohen Armbanddesigns, darunter <strong data-start=\"2261\" data-end=\"2370\">Unifarben, Streifen, Blumendrucke, geometrische Grafiken, mehrfarbige Muster und wiederholte Logoabbildungen<\/strong>. Dadurch eignet sich das Produkt nicht nur f\u00fcr den einfachen Einsatz im B\u00fcro, sondern auch f\u00fcr <strong data-start=\"2455\" data-end=\"2578\">Veranstaltungskampagnen, Schulprogramme, Messematerialien, Mitgliedskarten, Einzelhandelsartikel und Werbegeschenksets<\/strong>. Marken k\u00f6nnen je nach Zielgruppe und Kampagnenstil ein einfaches, klares Aussehen oder ein eher dekoratives Design w\u00e4hlen.<\/p>\n<p data-start=\"2704\" data-end=\"3306\">Die <strong data-start=\"2708\" data-end=\"2728\">Rei\u00dfverschlu\u00dfschnalle<\/strong> bietet zus\u00e4tzlichen Komfort f\u00fcr das t\u00e4gliche Tragen. Es erm\u00f6glicht ein schnelles L\u00f6sen des Schl\u00fcsselbands bei Bedarf, was am Arbeitsplatz, in Schulen, auf Konferenzen und in aktiven Umgebungen n\u00fctzlich ist, wo Benutzer eine flexiblere L\u00f6sung f\u00fcr das Halsband w\u00fcnschen. Das <strong data-start=\"2965\" data-end=\"2987\">Metall-Drehverschluss<\/strong> an der Unterseite bietet einen sicheren Verbindungspunkt f\u00fcr die Befestigung eines Ausweishalters, einer Kartenh\u00fclle, eines Schl\u00fcsselrings oder eines anderen leichten Gegenstands. Einige der Bilder zeigen das Schl\u00fcsselband auch in Kombination mit einem <strong data-start=\"3172\" data-end=\"3214\">Ausweishalter oder einziehbare Ausweishaspel<\/strong>, was seine Eignung f\u00fcr Identifikations- und Zugangskartenanwendungen unterstreicht.<\/p>\n<p data-start=\"3308\" data-end=\"3816\">Ein weiterer wichtiger Vorteil ist die <strong data-start=\"3335\" data-end=\"3363\">Vielfalt an Breitenoptionen<\/strong> wie in den Produktbildern gezeigt. Die Anzeige der Breitenauswahl zeigt <strong data-start=\"3427\" data-end=\"3461\">1 cm, 1,2 cm, 1,5 cm und 2 cm<\/strong> Das bedeutet, dass dieses Modell an verschiedene Logogr\u00f6\u00dfen, Nutzungspr\u00e4ferenzen und Designvarianten angepasst werden kann. Eine geringere Breite eignet sich f\u00fcr leichte Kartenhalter oder minimales Branding, w\u00e4hrend breitere Lanyards mehr Platz f\u00fcr Logos, Text und dekorative Kunstwerke bieten. Dies macht das Produkt flexibler f\u00fcr Unternehmens- und Werbeprojekte.<\/p>\n<p data-start=\"3818\" data-end=\"4211\">Die Produktbilder suggerieren auch <strong data-start=\"3850\" data-end=\"3899\">mehrere Arten von Gurtmaterial oder Webart<\/strong>, Dadurch haben die K\u00e4ufer mehr Spielraum, um das richtige Gleichgewicht zwischen Farbe, Textur und Druck zu finden. Ganz gleich, ob Sie ein sauberes ID-Lanyard im Business-Stil, ein auff\u00e4lliges Werbegeschenk f\u00fcr Konferenzen oder ein farbenfrohes Accessoire f\u00fcr die Schule ben\u00f6tigen, dieses Lanyard-Format bietet eine zuverl\u00e4ssige Kombination aus t\u00e4glicher Funktion und visuellem Markenwert.<\/p>\n<p data-start=\"4213\" data-end=\"4658\">Da Schl\u00fcsselb\u00e4nder immer wieder getragen werden, werben sie auch nach dem Ende der Veranstaltung oder Kampagne f\u00fcr ein Logo. Das macht sie zu einem der n\u00fctzlichsten Werbeartikel mit geringem Volumen f\u00fcr Organisationen, die <strong data-start=\"4439\" data-end=\"4467\">langfristige Markenkontaktierung<\/strong>. Sie werden h\u00e4ufig als Arbeitsausweis, Campuskarte, B\u00fcroschl\u00fcssel, Geb\u00e4udezugang oder pers\u00f6nliches Accessoire verwendet, was die Sichtbarkeit Ihrer Marke weit \u00fcber ein einmaliges Werbegeschenk hinaus erh\u00f6ht.<\/p>\n<p data-start=\"4660\" data-end=\"4941\">Dieses kundenspezifische abtrennbare Schl\u00fcsselband ist eine gute Wahl f\u00fcr Unternehmen und Organisationen, die nach einem <strong data-start=\"4756\" data-end=\"4816\">funktionelles, anpassbares und leicht zu vertreibendes Produkt<\/strong>. Es ist einfach genug, um bei Veranstaltungen mit hohem Aufkommen eingesetzt zu werden, aber auch attraktiv genug, um als Markenartikel oder Personalzubeh\u00f6r zu dienen.<\/p>\n<p data-start=\"4943\" data-end=\"5695\"><strong data-start=\"4943\" data-end=\"4959\">Wesentliche Merkmale<\/strong><br data-start=\"4959\" data-end=\"4962\" \/>\u2022 <strong data-start=\"4964\" data-end=\"5000\">Individuell bedrucktes Breakaway-Lanyard<\/strong> f\u00fcr Veranstaltungen, Personaleinsatz und Werbeaktionen<br data-start=\"5038\" data-end=\"5041\" \/>\u2022 <strong data-start=\"5043\" data-end=\"5071\">Abrei\u00dfbare Kunststoffschnalle<\/strong> f\u00fcr zus\u00e4tzlichen Komfort und Flexibilit\u00e4t<br data-start=\"5109\" data-end=\"5112\" \/>\u2022 <strong data-start=\"5114\" data-end=\"5151\">Metall-Drehverschluss \/ Karabinerhaken<\/strong> f\u00fcr Schl\u00fcssel, Ausweise und Kartenhalter<br data-start=\"5186\" data-end=\"5189\" \/>\u2022 <strong data-start=\"5191\" data-end=\"5219\">Vollfarbig bedrucktes Armband<\/strong> mit Logo, Text und dekorativen Motiven<br data-start=\"5259\" data-end=\"5262\" \/>\u2022 <strong data-start=\"5264\" data-end=\"5303\">Erh\u00e4ltlich in mehreren Breitenoptionen<\/strong> dargestellt als 1 cm, 1,2 cm, 1,5 cm und 2 cm<br data-start=\"5343\" data-end=\"5346\" \/>\u2022 <strong data-start=\"5348\" data-end=\"5400\">Funktioniert gut mit Ausweishaltern und ID-Zubeh\u00f6r<\/strong> in den Produktbildern gezeigt<br data-start=\"5428\" data-end=\"5431\" \/>\u2022 <strong data-start=\"5433\" data-end=\"5509\">Geeignet f\u00fcr Konferenzen, Schulen, B\u00fcros, Messen und Ausstellungen<\/strong><br data-start=\"5509\" data-end=\"5512\" \/>\u2022 <strong data-start=\"5514\" data-end=\"5570\">N\u00fctzlich f\u00fcr t\u00e4gliches Tragen und wiederholtes Einbrennen<\/strong><br data-start=\"5570\" data-end=\"5573\" \/>\u2022 <strong data-start=\"5575\" data-end=\"5605\">Einfache Verteilung in gro\u00dfen Mengen<\/strong> f\u00fcr Kampagnen und Veranstaltungen<br data-start=\"5630\" data-end=\"5633\" \/>\u2022 <strong data-start=\"5635\" data-end=\"5693\">Eine flexiblere Alternative zu einfachen Standard-Lanyards<\/strong><\/p>\n<p data-start=\"5697\" data-end=\"6309\"><strong data-start=\"5697\" data-end=\"5715\">Spezifikationen<\/strong><br data-start=\"5715\" data-end=\"5718\" \/>Produkttyp: Individuell bedrucktes Breakaway-Lanyard<br data-start=\"5764\" data-end=\"5767\" \/>Stil: Umh\u00e4ngeband \/ ID-Lanyard \/ Veranstaltungsband<br data-start=\"5813\" data-end=\"5816\" \/>Material: Stoffband mit Kunststoffschnalle und Metallbeschl\u00e4gen<br data-start=\"5877\" data-end=\"5880\" \/>Anbringung: Metall-Drehverschluss \/ Karabinerhaken<br data-start=\"5925\" data-end=\"5928\" \/>Ausl\u00f6sefunktion: Abrei\u00dfbare Schnalle<br data-start=\"5961\" data-end=\"5964\" \/>Breite Optionen in Bildern gezeigt: 1 cm \/ 1,2 cm \/ 1,5 cm \/ 2 cm<br data-start=\"6024\" data-end=\"6027\" \/>Logo-Stil: Vollfarbig gedrucktes Logo und individuelles Artwork<br data-start=\"6081\" data-end=\"6084\" \/>Optionales Zubeh\u00f6r wie in den Bildern gezeigt: Ausweishalter, Ausweisrolle, Kartenhalterpaarung<br data-start=\"6167\" data-end=\"6170\" \/>Verwendung: ID-Karten, Ausweise, Besucherausweise, Schl\u00fcssel, Zugangskarten, Lichtzubeh\u00f6r<br data-start=\"6246\" data-end=\"6249\" \/>Thema: Veranstaltungen, Personaleinsatz, Konferenzen, Schulen, Promotionen<\/p>\n<p data-start=\"6311\" data-end=\"6880\"><strong data-start=\"6311\" data-end=\"6338\">Warum dieses Produkt w\u00e4hlen<\/strong><br data-start=\"6338\" data-end=\"6341\" \/>Dieses Produkt bietet ein ausgewogenes Verh\u00e4ltnis von <strong data-start=\"6381\" data-end=\"6451\">Markentransparenz, t\u00e4gliche Funktion und Flexibilit\u00e4t bei der Anpassung<\/strong>. Im Vergleich zu einem einfachen Schl\u00fcsselband bietet es mehr Platz f\u00fcr individuelle Grafiken, mehr visuelle Wirkung und den zus\u00e4tzlichen Komfort einer abbrechbaren Schnalle. Es ist leicht, praktisch und l\u00e4sst sich leicht bei Veranstaltungen verteilen, hat aber auch einen so hohen Alltagswert, dass die Benutzer es wahrscheinlich behalten und weiter verwenden werden. F\u00fcr Marken, Schulen und Organisationen, die ein n\u00fctzliches und professionelles Identifikationszubeh\u00f6r suchen, ist dies eine zuverl\u00e4ssige Option.<\/p>\n<p data-start=\"6882\" data-end=\"7182\"><strong data-start=\"6882\" data-end=\"6895\">Ideal f\u00fcr<\/strong><br data-start=\"6895\" data-end=\"6898\" \/>- Konferenzen und Fachmessen<br data-start=\"6927\" data-end=\"6930\" \/>- Verwendung von Schul- und Campusausweisen<br data-start=\"6956\" data-end=\"6959\" \/>- Identifizierung des B\u00fcropersonals<br data-start=\"6988\" data-end=\"6991\" \/>- Inhaber einer Besucherkarte<br data-start=\"7013\" data-end=\"7016\" \/>- Programme zur Veranstaltungsregistrierung<br data-start=\"7045\" data-end=\"7048\" \/>- Mitgliedskarten und Clubnutzung<br data-start=\"7079\" data-end=\"7082\" \/>- Unternehmenspromotionen<br data-start=\"7104\" data-end=\"7107\" \/>- Messe-Giveaways<br data-start=\"7129\" data-end=\"7132\" \/>- Waren des Unternehmens<br data-start=\"7153\" data-end=\"7156\" \/>- Schl\u00fcssel- und Ausweistr\u00e4ger<\/p>\n<p data-start=\"7184\" data-end=\"7193\"><strong data-start=\"7184\" data-end=\"7191\">FAQ<\/strong><\/p>\n<p data-start=\"7195\" data-end=\"7360\"><strong data-start=\"7195\" data-end=\"7242\">Kann dieses Schl\u00fcsselband mit einem Logo versehen werden?<\/strong><br data-start=\"7242\" data-end=\"7245\" \/>Ja. Der Gurt kann individuell angepasst werden mit <strong data-start=\"7283\" data-end=\"7357\">vollfarbiger Logodruck, wiederholte Druckvorlagen, Text und grafische Muster<\/strong>.<\/p>\n<p data-start=\"7362\" data-end=\"7503\"><strong data-start=\"7362\" data-end=\"7408\">Verf\u00fcgt dieses Schl\u00fcsselband \u00fcber eine abbrechbare Schnalle?<\/strong><br data-start=\"7408\" data-end=\"7411\" \/>Ja. Die Produktbilder zeigen eine <strong data-start=\"7442\" data-end=\"7470\">Kunststoff-Abrei\u00dfschnalle<\/strong> Design f\u00fcr bequemes Ausl\u00f6sen.<\/p>\n<p data-start=\"7505\" data-end=\"7658\"><strong data-start=\"7505\" data-end=\"7543\">Wof\u00fcr kann dieses Schl\u00fcsselband verwendet werden?<\/strong><br data-start=\"7543\" data-end=\"7546\" \/>Es kann verwendet werden f\u00fcr <strong data-start=\"7565\" data-end=\"7655\">ID-Karten, Ausweise, Personalausweise, Besucherkarten, Schl\u00fcssel und anderes leichtes Zubeh\u00f6r<\/strong>.<\/p>\n<p data-start=\"7660\" data-end=\"7789\"><strong data-start=\"7660\" data-end=\"7694\">Geh\u00f6rt ein Metallverschluss dazu?<\/strong><br data-start=\"7694\" data-end=\"7697\" \/>Ja. Die untere Befestigung, die auf den Bildern zu sehen ist, ist eine <strong data-start=\"7749\" data-end=\"7786\">Metall-Drehverschluss \/ Karabinerhaken<\/strong>.<\/p>\n<p data-start=\"7791\" data-end=\"7935\"><strong data-start=\"7791\" data-end=\"7832\">Kann er mit einem Ausweishalter kombiniert werden?<\/strong><br data-start=\"7832\" data-end=\"7835\" \/>Ja. Die Produktbilder zeigen die Verwendung zusammen mit <strong data-start=\"7892\" data-end=\"7932\">Zubeh\u00f6r f\u00fcr Ausweishalter und ID-Karten<\/strong>.<\/p>\n<p data-start=\"7937\" data-end=\"8071\"><strong data-start=\"7937\" data-end=\"7974\">Welche Breitenoptionen gibt es?<\/strong><br data-start=\"7974\" data-end=\"7977\" \/>Die auf den Bildern gezeigte Breitenauswahl umfasst <strong data-start=\"8026\" data-end=\"8060\">1 cm, 1,2 cm, 1,5 cm und 2 cm<\/strong> Optionen.<\/p>\n<p data-start=\"8073\" data-end=\"8255\"><strong data-start=\"8073\" data-end=\"8116\">Kann das Armband in voller Farbe bedruckt werden?<\/strong><br data-start=\"8116\" data-end=\"8119\" \/>Ja. Die Bilder zeigen deutlich <strong data-start=\"8148\" data-end=\"8184\">vollfarbig bedruckte Gurtdesigns<\/strong>, einschlie\u00dflich Unifarben, Streifen, Blumenmustern und Logo-Grafiken.<\/p>\n<p data-start=\"8257\" data-end=\"8425\"><strong data-start=\"8257\" data-end=\"8313\">Ist dieses Produkt f\u00fcr Veranstaltungen und Konferenzen geeignet?<\/strong><br data-start=\"8313\" data-end=\"8316\" \/>Ja. Es ist ideal f\u00fcr <strong data-start=\"8337\" data-end=\"8422\">Messen, Konferenzen, Ausstellungen, Registrierungsprogramme und die Verwendung von Veranstaltungsausweisen<\/strong>.<\/p>\n<p data-start=\"8427\" data-end=\"8592\"><strong data-start=\"8427\" data-end=\"8472\">K\u00f6nnen Schulen und B\u00fcros dieses Schl\u00fcsselband verwenden?<\/strong><br data-start=\"8472\" data-end=\"8475\" \/>Ja. Es ist eine gute L\u00f6sung f\u00fcr <strong data-start=\"8503\" data-end=\"8589\">Schulausweise, Zugangskarten zu den B\u00fcros, Personalausweise und t\u00e4gliches Mitf\u00fchren von Schl\u00fcsseln<\/strong>.<\/p>\n<p data-start=\"8594\" data-end=\"8805\"><strong data-start=\"8594\" data-end=\"8637\">Warum ist dies ein guter Werbeartikel?<\/strong><br data-start=\"8637\" data-end=\"8640\" \/>Denn es ist <strong data-start=\"8654\" data-end=\"8726\">n\u00fctzlich, tragbar, leicht anpassbar und nach einer Veranstaltung oft wiederverwendet<\/strong>, Es bietet eine l\u00e4nger anhaltende Logopr\u00e4senz als viele einmalige Werbegeschenke.<\/p>\n<p data-start=\"8807\" data-end=\"8968\" data-is-last-node=\"\" data-is-only-node=\"\">","protected":false},"excerpt":{"rendered":"<p>Dieses individuell bedruckte Breakaway-Lanyard ist f\u00fcr Veranstaltungsausweise, Personalausweise, Schl\u00fcssel und Werbezwecke geeignet. Mit vollfarbig bedrucktem Stoff, einer sicheren Abrei\u00dfschnalle, einem Metallverschluss und anpassbaren Breiten ist es eine praktische und gut sichtbare Lanyard-Option f\u00fcr Konferenzen, Schulen, B\u00fcros, Ausstellungen und Werbegeschenke.<\/p>","protected":false},"featured_media":47536,"template":"","meta":{"_gspb_post_css":""},"product_brand":[],"product_cat":[35],"product_tag":[],"class_list":{"0":"post-47535","1":"product","2":"type-product","3":"status-publish","4":"has-post-thumbnail","6":"product_cat-tradeshow-events","8":"first","9":"instock","10":"shipping-taxable","11":"product-type-simple"},"_links":{"self":[{"href":"https:\/\/globalgiftsupplier.com\/de\/wp-json\/wp\/v2\/product\/47535","targetHints":{"allow":["GET"]}}],"collection":[{"href":"https:\/\/globalgiftsupplier.com\/de\/wp-json\/wp\/v2\/product"}],"about":[{"href":"https:\/\/globalgiftsupplier.com\/de\/wp-json\/wp\/v2\/types\/product"}],"wp:featuredmedia":[{"embeddable":true,"href":"https:\/\/globalgiftsupplier.com\/de\/wp-json\/wp\/v2\/media\/47536"}],"wp:attachment":[{"href":"https:\/\/globalgiftsupplier.com\/de\/wp-json\/wp\/v2\/media?parent=47535"}],"wp:term":[{"taxonomy":"product_brand","embeddable":true,"href":"https:\/\/globalgiftsupplier.com\/de\/wp-json\/wp\/v2\/product_brand?post=47535"},{"taxonomy":"product_cat","embeddable":true,"href":"https:\/\/globalgiftsupplier.com\/de\/wp-json\/wp\/v2\/product_cat?post=47535"},{"taxonomy":"product_tag","embeddable":true,"href":"https:\/\/globalgiftsupplier.com\/de\/wp-json\/wp\/v2\/product_tag?post=47535"}],"curies":[{"name":"wp","href":"https:\/\/api.w.org\/{rel}","templated":true}]}}