{"id":47527,"date":"2026-03-31T15:34:53","date_gmt":"2026-03-31T15:34:53","guid":{"rendered":"https:\/\/globalgiftsupplier.com\/?post_type=product&#038;p=47527"},"modified":"2026-03-31T15:34:53","modified_gmt":"2026-03-31T15:34:53","slug":"custom-printed-lanyard-with-badge-holder-and-metal-clasp","status":"publish","type":"product","link":"https:\/\/globalgiftsupplier.com\/de\/product\/custom-printed-lanyard-with-badge-holder-and-metal-clasp\/","title":{"rendered":"Individuell bedrucktes Schl\u00fcsselband mit Abzeichenhalter und Metallschlie\u00dfe"},"content":{"rendered":"<p data-start=\"1592\" data-end=\"2200\">Diese <strong data-start=\"1623\" data-end=\"1667\">Individuell bedrucktes Lanyard mit Ausweishalter<\/strong> ist ein praktischer und gut sichtbarer Werbeartikel, der f\u00fcr Veranstaltungen, Ausstellungen, B\u00fcros, Schulen, Konferenzen und den allt\u00e4glichen Gebrauch von Ausweisen entwickelt wurde. Basierend auf den Produktbildern, kombiniert dieser Stil <strong data-start=\"1855\" data-end=\"1884\">vollfarbig bedruckter Stoff<\/strong>, a <strong data-start=\"1888\" data-end=\"1910\">Metall-Drehverschluss<\/strong>, und eine optionale <strong data-start=\"1928\" data-end=\"1950\">durchsichtiger Ausweishalter<\/strong> um ein n\u00fctzliches und optisch ansprechendes Accessoire mit Markenzeichen zu schaffen. Es eignet sich gut f\u00fcr Ausweise, Besucherausweise, Zugangskarten, Personalausweise und leichtes Zubeh\u00f6r, w\u00e4hrend Ihr Logo den ganzen Tag \u00fcber wiederholt zu sehen ist.<\/p>\n<p data-start=\"2202\" data-end=\"2681\">Das bedruckte Banddesign verleiht diesem Produkt ein hochwertigeres und auff\u00e4lligeres Aussehen als ein einfaches Standard-Lanyard. Die Bilder zeigen mehrere farbenfrohe Musteroptionen, darunter geometrische Drucke, verspielte Grafiken, von Blumen inspirierte Designs und klare, auf die Marke fokussierte Layouts. Dadurch eignet sich das Schl\u00fcsselband nicht nur f\u00fcr einfache Identifikationszwecke, sondern auch f\u00fcr <strong data-start=\"2559\" data-end=\"2644\">Markenkampagnen, Veranstaltungsartikel, Studentenprogramme und Werbekollektionen<\/strong> wo es auf die visuelle Pr\u00e4sentation ankommt.<\/p>\n<p data-start=\"2683\" data-end=\"3236\">Ein gro\u00dfer Vorteil dieses Produkts ist seine <strong data-start=\"2725\" data-end=\"2756\">Flexibilit\u00e4t f\u00fcr kundenspezifisches Branding<\/strong>. Das Band kann wiederholte Logos, bunte Hintergrundgrafiken und koordinierte Druckthemen zeigen, die zu verschiedenen Veranstaltungen, Branchen oder Unternehmensidentit\u00e4ten passen. Einige Versionen auf den Bildern zeigen auch eine <strong data-start=\"2959\" data-end=\"2991\">Kunststoff-Schnellverschluss<\/strong>, w\u00e4hrend andere auf eine klassische Metallschlie\u00dfe setzen. Dies macht das Produkt anpassungsf\u00e4hig an verschiedene Benutzerpr\u00e4ferenzen und praktische Verwendungszwecke, egal ob Sie ein einfaches Event-Lanyard, ein Personalausweisband oder ein eher dekoratives Werbeaccessoire w\u00fcnschen.<\/p>\n<p data-start=\"3238\" data-end=\"3783\">Die <strong data-start=\"3242\" data-end=\"3268\">Metallklammerbefestigung<\/strong> am Ende des Lanyards eignet sich zum Anschluss von Ausweishaltern, Namenskartenh\u00fcllen, ID-Brieftaschen, Schl\u00fcsseln, USB-Laufwerken und anderen leichten Alltagsgegenst\u00e4nden. Die Hardware verleiht dem Produkt ein ausgefeilteres und professionelleres Aussehen, wodurch es sich f\u00fcr Konferenzen, Mitarbeiterprogramme, Schulen, Einzelhandelswerbung und Kundengeschenke besser eignet. Die in den Bildern gezeigten Ausweishalter machen das Schl\u00fcsselband zu einer gebrauchsfertigen Identifikationsl\u00f6sung f\u00fcr Organisationen, die sowohl Branding als auch Funktion ben\u00f6tigen.<\/p>\n<p data-start=\"3785\" data-end=\"4250\">Dieses individuelle Schl\u00fcsselband ist auch eine gute Wahl f\u00fcr <strong data-start=\"3833\" data-end=\"3861\">gro\u00dfvolumige Verteilung<\/strong> weil es leicht ist, einfach zu verpacken, einfach zu verteilen und f\u00fcr ein breites Publikum geeignet ist. Es kann bei Messen, Firmenveranstaltungen, Bildungsprogrammen, Festivals, Ausstellungen, Einzelhandelsaktionen und Mitgliederregistrierungen eingesetzt werden. Da die Benutzer die Schl\u00fcsselb\u00e4nder oft auch nach der Veranstaltung weiter verwenden, sind sie l\u00e4nger als viele andere einmalige Werbegeschenke pr\u00e4sent.<\/p>\n<p data-start=\"4252\" data-end=\"4565\">F\u00fcr Unternehmen und Veranstalter, die ein einfaches, aber effektives Produkt suchen, das Branding, t\u00e4glichen Gebrauch und farbenfrohe Pr\u00e4sentation vereint, ist dieses individuell bedruckte Schl\u00fcsselband mit Ausweishalter eine verl\u00e4ssliche Option. Es ist einfach zu gestalten, leicht zu verteilen und sowohl im beruflichen als auch im privaten Umfeld n\u00fctzlich.<\/p>\n<p data-start=\"4567\" data-end=\"5280\"><strong data-start=\"4567\" data-end=\"4583\">Wesentliche Merkmale<\/strong><br data-start=\"4583\" data-end=\"4586\" \/>\u2022 <strong data-start=\"4588\" data-end=\"4621\">Individuell bedrucktes Lanyard-Design<\/strong> f\u00fcr Branding und Werbezwecke<br data-start=\"4654\" data-end=\"4657\" \/>\u2022 <strong data-start=\"4659\" data-end=\"4711\">Klarer Ausweishalter wie in den Produktbildern gezeigt<\/strong> f\u00fcr ID-Karten und Veranstaltungsp\u00e4sse<br data-start=\"4741\" data-end=\"4744\" \/>\u2022 <strong data-start=\"4746\" data-end=\"4783\">Metall-Drehverschluss \/ Karabinerhaken<\/strong> f\u00fcr die praktische Befestigung<br data-start=\"4808\" data-end=\"4811\" \/>\u2022 <strong data-start=\"4813\" data-end=\"4875\">Optionale Schnellverschlussschnalle in einigen Versionen gezeigt<\/strong><br data-start=\"4875\" data-end=\"4878\" \/>\u2022 <strong data-start=\"4880\" data-end=\"4909\">Vollfarbiger Gurtdruck<\/strong> mit Logo, Mustern und thematischem Artwork<br data-start=\"4949\" data-end=\"4952\" \/>\u2022 <strong data-start=\"4954\" data-end=\"5029\">Geeignet f\u00fcr Personalausweise, Zugangskarten, Schl\u00fcssel und leichtes Zubeh\u00f6r<\/strong><br data-start=\"5029\" data-end=\"5032\" \/>\u2022 <strong data-start=\"5034\" data-end=\"5065\">Starker visueller Branding-Bereich<\/strong> f\u00fcr wiederholte Logoexposition<br data-start=\"5092\" data-end=\"5095\" \/>\u2022 <strong data-start=\"5097\" data-end=\"5158\">N\u00fctzlich f\u00fcr Konferenzen, Schulen, B\u00fcros und Ausstellungen<\/strong><br data-start=\"5158\" data-end=\"5161\" \/>\u2022 <strong data-start=\"5163\" data-end=\"5201\">Leicht und einfach zu verteilen<\/strong> bei Veranstaltungen und Kampagnen<br data-start=\"5225\" data-end=\"5228\" \/>\u2022 <strong data-start=\"5230\" data-end=\"5278\">Eine stilvollere Alternative zu einfachen Schl\u00fcsselb\u00e4ndern<\/strong><\/p>\n<p data-start=\"5282\" data-end=\"5789\"><strong data-start=\"5282\" data-end=\"5300\">Spezifikationen<\/strong><br data-start=\"5300\" data-end=\"5303\" \/>Produkttyp: Individuell bedrucktes Lanyard mit Ausweishalter<br data-start=\"5357\" data-end=\"5360\" \/>Stil: Umh\u00e4ngeband \/ ID-Lanyard \/ Veranstaltungsband<br data-start=\"5406\" data-end=\"5409\" \/>Material: Stoffband mit Metallbeschl\u00e4gen<br data-start=\"5451\" data-end=\"5454\" \/>Anbringung: Metall-Drehverschluss \/ Karabinerhaken<br data-start=\"5499\" data-end=\"5502\" \/>Optionale Teile wie in den Bildern gezeigt: Kunststoffschnalle mit Schnellverschluss, durchsichtiger Ausweishalter<br data-start=\"5582\" data-end=\"5585\" \/>Logo-Stil: Vollfarbig gedrucktes Logo und gemustertes Artwork<br data-start=\"5642\" data-end=\"5645\" \/>Verwendung: ID-Karten, Ausweise, Veranstaltungsp\u00e4sse, Schl\u00fcsselanh\u00e4nger, Zugangskarten, Lichtzubeh\u00f6r<br data-start=\"5726\" data-end=\"5729\" \/>Thema: Veranstaltungen, Personaleinsatz, Konferenzen, Schulen, Promotionen<\/p>\n<p data-start=\"5791\" data-end=\"6334\"><strong data-start=\"5791\" data-end=\"5818\">Warum dieses Produkt w\u00e4hlen<\/strong><br data-start=\"5818\" data-end=\"5821\" \/>Dieses Produkt bietet eine starke Kombination aus <strong data-start=\"5865\" data-end=\"5933\">t\u00e4gliche Funktion, farbenfrohes visuelles Branding und Praktikabilit\u00e4t bei Veranstaltungen<\/strong>. Im Vergleich zu einem einfachen Schl\u00fcsselband bietet es mehr Platz f\u00fcr individuelle Grafiken, eine bessere Sichtbarkeit des Logos und eine attraktivere Gesamtpr\u00e4sentation. Au\u00dferdem ist es ein Produkt, das auch nach der Veranstaltung weiterverwendet werden kann, was dazu beitr\u00e4gt, die Markenpr\u00e4senz im Laufe der Zeit zu erh\u00f6hen. F\u00fcr Unternehmen, Schulen und Organisatoren von Veranstaltungen, die ein n\u00fctzliches Marken-Accessoire mit einem individuellen Look suchen, ist dies eine gute Wahl.<\/p>\n<p data-start=\"6336\" data-end=\"6680\"><strong data-start=\"6336\" data-end=\"6349\">Ideal f\u00fcr<\/strong><br data-start=\"6349\" data-end=\"6352\" \/>- Anmeldung zur Messe und Ausstellung<br data-start=\"6392\" data-end=\"6395\" \/>- Konferenz- und Veranstaltungsplaketten<br data-start=\"6424\" data-end=\"6427\" \/>- Verwendung von Schul- und Campusausweisen<br data-start=\"6453\" data-end=\"6456\" \/>- Identifizierung des B\u00fcropersonals<br data-start=\"6485\" data-end=\"6488\" \/>- Inhaber einer Besucherkarte<br data-start=\"6510\" data-end=\"6513\" \/>- Verkaufsf\u00f6rderungsma\u00dfnahmen und Markenartikel<br data-start=\"6554\" data-end=\"6557\" \/>- Mitgliedskarten und Clubprogramme<br data-start=\"6593\" data-end=\"6596\" \/>- Nutzung des Zugangs zu Festivals und Veranstaltungen<br data-start=\"6627\" data-end=\"6630\" \/>- Werbegeschenke f\u00fcr Unternehmen<br data-start=\"6651\" data-end=\"6654\" \/>- Werbegeschenkpakete<\/p>\n<p data-start=\"6682\" data-end=\"6691\"><strong data-start=\"6682\" data-end=\"6689\">FAQ<\/strong><\/p>\n<p data-start=\"6693\" data-end=\"6881\"><strong data-start=\"6693\" data-end=\"6740\">Kann dieses Schl\u00fcsselband mit einem Logo versehen werden?<\/strong><br data-start=\"6740\" data-end=\"6743\" \/>Ja. Der Gurt ist konzipiert f\u00fcr <strong data-start=\"6774\" data-end=\"6821\">individueller, vollfarbiger Logo- und Musterdruck<\/strong>, Dadurch eignet er sich f\u00fcr Markenwerbung und Veranstaltungen.<\/p>\n<p data-start=\"6883\" data-end=\"7112\"><strong data-start=\"6883\" data-end=\"6928\">Geh\u00f6rt zu diesem Produkt ein Ausweishalter?<\/strong><br data-start=\"6928\" data-end=\"6931\" \/>Die Produktbilder zeigen <strong data-start=\"6955\" data-end=\"7015\">Ausweishalter und Kombinationen aus Schl\u00fcsselband und Halter<\/strong>. Sie k\u00f6nnen es auf Ihrer Website als Lanyard-Stil, der mit einem Abzeichenhalter gepaart werden kann, pr\u00e4sentieren.<\/p>\n<p data-start=\"7114\" data-end=\"7274\"><strong data-start=\"7114\" data-end=\"7152\">Wof\u00fcr kann dieses Schl\u00fcsselband verwendet werden?<\/strong><br data-start=\"7152\" data-end=\"7155\" \/>Es kann verwendet werden f\u00fcr <strong data-start=\"7174\" data-end=\"7271\">ID-Karten, Personalausweise, Besucherausweise, Zugangskarten, Schl\u00fcssel und anderes leichtes Zubeh\u00f6r<\/strong>.<\/p>\n<p data-start=\"7276\" data-end=\"7392\"><strong data-start=\"7276\" data-end=\"7307\">Hat es eine Metallschlie\u00dfe?<\/strong><br data-start=\"7307\" data-end=\"7310\" \/>Ja. Die Produktbilder zeigen eine <strong data-start=\"7341\" data-end=\"7378\">Metall-Drehverschluss \/ Karabinerhaken<\/strong> Anhang.<\/p>\n<p data-start=\"7394\" data-end=\"7570\"><strong data-start=\"7394\" data-end=\"7434\">Gibt es eine Schnellverschlussschnalle?<\/strong><br data-start=\"7434\" data-end=\"7437\" \/>Einige der auf den Bildern gezeigten Versionen enthalten eine <strong data-start=\"7481\" data-end=\"7513\">Kunststoff-Schnellverschluss<\/strong>. Dies kann als eine verf\u00fcgbare Stiloption hervorgehoben werden.<\/p>\n<p data-start=\"7572\" data-end=\"7745\"><strong data-start=\"7572\" data-end=\"7615\">Kann das Armband in voller Farbe bedruckt werden?<\/strong><br data-start=\"7615\" data-end=\"7618\" \/>Ja. Die Produktbilder zeigen deutlich <strong data-start=\"7655\" data-end=\"7685\">vollfarbig gedruckte Designs<\/strong>, einschlie\u00dflich Logos, Streifen, Punkte und dekorative Muster.<\/p>\n<p data-start=\"7747\" data-end=\"7966\"><strong data-start=\"7747\" data-end=\"7803\">Ist dieses Produkt f\u00fcr Veranstaltungen und Konferenzen geeignet?<\/strong><br data-start=\"7803\" data-end=\"7806\" \/>Ja. Es ist eine gute Option f\u00fcr <strong data-start=\"7837\" data-end=\"7911\">Veranstaltungen, Konferenzen, Ausstellungen, Schulen, B\u00fcros und Personalprogramme<\/strong> weil sie Branding mit Alltagsfunktionalit\u00e4t verbindet.<\/p>\n<p data-start=\"7968\" data-end=\"8148\"><strong data-start=\"7968\" data-end=\"8011\">Warum ist dies ein guter Werbeartikel?<\/strong><br data-start=\"8011\" data-end=\"8014\" \/>Denn es ist <strong data-start=\"8028\" data-end=\"8097\">n\u00fctzlich, sichtbar, leicht anpassbar und oft nach Veranstaltungen wiederverwendet<\/strong>, Sie tr\u00e4gt dazu bei, dass Ihr Logo regelm\u00e4\u00dfig in der \u00d6ffentlichkeit sichtbar ist.<\/p>\n<p data-start=\"8150\" data-end=\"8315\"><strong data-start=\"8150\" data-end=\"8194\">Kann dies f\u00fcr Schulen oder B\u00fcros verwendet werden?<\/strong><br data-start=\"8194\" data-end=\"8197\" \/>Ja. Es ist geeignet f\u00fcr <strong data-start=\"8221\" data-end=\"8312\">Personalausweise, Zugangskarten, Campus-Programme, Besucherausweise und B\u00fcroausweise<\/strong>.<\/p>","protected":false},"excerpt":{"rendered":"<p data-start=\"1060\" data-end=\"1472\">Dieses individuell bedruckte Schl\u00fcsselband mit Ausweishalter ist ein praktisches Werbezubeh\u00f6r f\u00fcr Personalausweise, Veranstaltungsp\u00e4sse, Schl\u00fcssel und allt\u00e4gliche Gegenst\u00e4nde. Ausgestattet mit vollfarbig bedrucktem Stoff, einem sicheren Metallverschluss, einer optionalen Kunststoff-Sicherheitsschnalle und einem durchsichtigen Ausweishalter, wie in den Produktbildern gezeigt, ist es ideal f\u00fcr Konferenzen, Schulen, B\u00fcros, Messen und Werbegeschenke.<\/p>\n<p data-start=\"1474\" data-end=\"1510\">","protected":false},"featured_media":47528,"template":"","meta":{"_gspb_post_css":""},"product_brand":[],"product_cat":[35],"product_tag":[],"class_list":{"0":"post-47527","1":"product","2":"type-product","3":"status-publish","4":"has-post-thumbnail","6":"product_cat-tradeshow-events","8":"first","9":"instock","10":"shipping-taxable","11":"product-type-simple"},"_links":{"self":[{"href":"https:\/\/globalgiftsupplier.com\/de\/wp-json\/wp\/v2\/product\/47527","targetHints":{"allow":["GET"]}}],"collection":[{"href":"https:\/\/globalgiftsupplier.com\/de\/wp-json\/wp\/v2\/product"}],"about":[{"href":"https:\/\/globalgiftsupplier.com\/de\/wp-json\/wp\/v2\/types\/product"}],"wp:featuredmedia":[{"embeddable":true,"href":"https:\/\/globalgiftsupplier.com\/de\/wp-json\/wp\/v2\/media\/47528"}],"wp:attachment":[{"href":"https:\/\/globalgiftsupplier.com\/de\/wp-json\/wp\/v2\/media?parent=47527"}],"wp:term":[{"taxonomy":"product_brand","embeddable":true,"href":"https:\/\/globalgiftsupplier.com\/de\/wp-json\/wp\/v2\/product_brand?post=47527"},{"taxonomy":"product_cat","embeddable":true,"href":"https:\/\/globalgiftsupplier.com\/de\/wp-json\/wp\/v2\/product_cat?post=47527"},{"taxonomy":"product_tag","embeddable":true,"href":"https:\/\/globalgiftsupplier.com\/de\/wp-json\/wp\/v2\/product_tag?post=47527"}],"curies":[{"name":"wp","href":"https:\/\/api.w.org\/{rel}","templated":true}]}}