{"id":47520,"date":"2026-03-31T15:29:01","date_gmt":"2026-03-31T15:29:01","guid":{"rendered":"https:\/\/globalgiftsupplier.com\/?post_type=product&#038;p=47520"},"modified":"2026-03-31T15:29:01","modified_gmt":"2026-03-31T15:29:01","slug":"custom-printed-lanyard-with-metal-clasp-and-logo","status":"publish","type":"product","link":"https:\/\/globalgiftsupplier.com\/de\/product\/custom-printed-lanyard-with-metal-clasp-and-logo\/","title":{"rendered":"Individuell bedrucktes Schl\u00fcsselband mit Metallschlie\u00dfe und Logo"},"content":{"rendered":"<p data-start=\"1590\" data-end=\"2132\">Diese <strong data-start=\"1621\" data-end=\"1647\">individuell bedrucktes Schl\u00fcsselband<\/strong> ist ein praktisches und gut sichtbares Werbezubeh\u00f6r f\u00fcr Veranstaltungen, B\u00fcros, Schulen, Einzelhandelsprogramme und Markenartikel. Mit seiner langen Riemenkonstruktion, dem sicheren Metallverschluss und der klaren Logopr\u00e4sentation eignet es sich gut als n\u00fctzlicher Alltagsgegenstand, w\u00e4hrend es gleichzeitig Ihre Marke in der \u00d6ffentlichkeit wiederholt pr\u00e4sentiert. Ob f\u00fcr Schl\u00fcssel, Ausweise, ID-Halter, Kartenhalter, kleine Accessoires oder Veranstaltungsp\u00e4sse, dieses Schl\u00fcsselband kombiniert Komfort mit starkem Markenwert.<\/p>\n<p data-start=\"2134\" data-end=\"2649\">Das Produkt verf\u00fcgt \u00fcber eine <strong data-start=\"2157\" data-end=\"2181\">bedrucktes Banddesign<\/strong> mit einem klaren, modernen Look, der mit verschiedenen Farben, grafischen Mustern und Logostilen angepasst werden kann. Den Produktbildern zufolge eignet sich dieser Stil besonders gut f\u00fcr Marken, die etwas visuell Interessanteres als ein einfaches Schl\u00fcsselband w\u00fcnschen. Anstelle eines einfachen einfarbigen Bandes bietet es Platz f\u00fcr <strong data-start=\"2485\" data-end=\"2557\">dekorative Muster, wiederholte Druckvorlagen und hochwertige Logopr\u00e4sentation<\/strong>, So sieht Ihr Produkt als Werbegeschenk oder f\u00fcr das Personal modischer und einpr\u00e4gsamer aus.<\/p>\n<p data-start=\"2651\" data-end=\"3210\">A <strong data-start=\"2653\" data-end=\"2675\">Metall-Drehverschluss<\/strong> ist am Ende des Gurtes f\u00fcr den praktischen t\u00e4glichen Gebrauch angebracht. Dieser Haken eignet sich zum Befestigen von Schl\u00fcsseln, Kartenh\u00fcllen, Ausweishaltern, Zugangsausweisen, Rei\u00dfverschlusshaltern und leichten Accessoires. Die Metallbeschl\u00e4ge verleihen dem Schl\u00fcsselband im Vergleich zu den preiswerteren Kunststoffbeschl\u00e4gen ein polierteres Aussehen, wodurch es f\u00fcr Firmengeschenke, Veranstaltungsmaterialien und Einzelhandelsartikel hochwertiger wirkt. Einige der abgebildeten Versionen zeigen auch Beschl\u00e4ge in verschiedenen Metalloberfl\u00e4chen, die Marken helfen k\u00f6nnen, ihren visuellen Stil besser zu treffen.<\/p>\n<p data-start=\"3212\" data-end=\"3681\">Ein weiteres starkes Merkmal dieses Schl\u00fcsselbandes ist seine <strong data-start=\"3264\" data-end=\"3292\">individuelle Logopr\u00e4sentation<\/strong>. Die Bilder zeigen sowohl die bedruckte Banddekoration als auch die erhabenen Logoelemente, die dem Produkt ein individuelleres und markenorientierteres Aussehen verleihen. Das macht es zu einer guten Wahl f\u00fcr Unternehmen, die mehr als nur ein einfaches Veranstaltungsband wollen. Es kann als markengesch\u00fctztes Accessoire dienen, das Kunden, Mitarbeiter oder Veranstaltungsteilnehmer auch nach der urspr\u00fcnglichen Kampagne oder Veranstaltung weiter verwenden.<\/p>\n<p data-start=\"3683\" data-end=\"4118\">Da Schl\u00fcsselb\u00e4nder bei Konferenzen, Messen, Ausstellungen, in Schulen, B\u00fcros und bei \u00f6ffentlichen Veranstaltungen weit verbreitet sind, geh\u00f6ren sie zu den praktischsten Werbeartikeln f\u00fcr eine langfristige Pr\u00e4senz. Die Menschen tragen sie um den Hals, befestigen sie an Schl\u00fcsseln oder benutzen sie t\u00e4glich als Kartenhalter. Das bedeutet, dass Ihr Markenzeichen nicht nur w\u00e4hrend der Veranstaltung selbst, sondern auch danach beim Pendeln, bei der B\u00fcroarbeit und im t\u00e4glichen Leben sichtbar bleibt.<\/p>\n<p data-start=\"4120\" data-end=\"4573\">Dieses Produkt ist auch gut geeignet f\u00fcr <strong data-start=\"4156\" data-end=\"4199\">modische Werbekollektionen<\/strong> weil das Band an verschiedene Muster und Farbkombinationen angepasst werden kann. Von k\u00fchnen geometrischen Mustern bis hin zu Blumendrucken und lebhaften Markenfarben kann es f\u00fcr Corporate Identity, Veranstaltungsthemen, Produkteinf\u00fchrungen, Fanartikel, Universit\u00e4tsbranding, Einzelhandelsaktionen und Gemeinschaftskampagnen angepasst werden. Es ist einfach, n\u00fctzlich, leicht zu verteilen und visuell wirkungsvoll.<\/p>\n<p data-start=\"4575\" data-end=\"4943\">F\u00fcr Unternehmen, die ein Accessoire mit geringem Gewicht, aber hoher Sichtbarkeit suchen, bietet dieses individuelle Schl\u00fcsselband ein ausgewogenes Verh\u00e4ltnis von Funktion, Stil und Flexibilit\u00e4t bei der Markenbildung. Es ist geeignet f\u00fcr <strong data-start=\"4752\" data-end=\"4861\">Werbegeschenke f\u00fcr Veranstaltungen, Accessoires f\u00fcr Mitarbeiter, Kundengeschenke, Souvenirprogramme und individuelle Warenkollektionen<\/strong>, Das macht ihn zu einem der vielseitigsten Artikel in der Kategorie Messen und Veranstaltungen.<\/p>\n<p data-start=\"4945\" data-end=\"5608\"><strong data-start=\"4945\" data-end=\"4961\">Wesentliche Merkmale<\/strong><br data-start=\"4961\" data-end=\"4964\" \/>\u2022 <strong data-start=\"4966\" data-end=\"4999\">Individuell bedrucktes Lanyard-Design<\/strong> f\u00fcr Veranstaltungen und Werbezwecke<br data-start=\"5029\" data-end=\"5032\" \/>\u2022 <strong data-start=\"5034\" data-end=\"5060\">Metallspange<\/strong> f\u00fcr Schl\u00fcssel, Ausweise, Halterungen und Zubeh\u00f6r<br data-start=\"5103\" data-end=\"5106\" \/>\u2022 <strong data-start=\"5108\" data-end=\"5134\">Starke Sichtbarkeit des Logos<\/strong> auf dem Gurt und dem Brandingbereich<br data-start=\"5165\" data-end=\"5168\" \/>\u2022 <strong data-start=\"5170\" data-end=\"5225\">Geeignet f\u00fcr vollfarbige Muster und individuelle Druckvorlagen<\/strong><br data-start=\"5225\" data-end=\"5228\" \/>\u2022 <strong data-start=\"5230\" data-end=\"5255\">N\u00fctzlich f\u00fcr den t\u00e4glichen Gebrauch<\/strong> in B\u00fcros, Schulen, bei Veranstaltungen und Ausstellungen<br data-start=\"5300\" data-end=\"5303\" \/>\u2022 <strong data-start=\"5305\" data-end=\"5344\">Professionelles und stilvolles Aussehen<\/strong> im Vergleich zu einfachen Standard-Schl\u00fcsselb\u00e4ndern<br data-start=\"5382\" data-end=\"5385\" \/>\u2022 <strong data-start=\"5387\" data-end=\"5443\">Erh\u00e4ltlich in verschiedenen Mustern und Farbvarianten<\/strong> anhand der Produktbilder<br data-start=\"5471\" data-end=\"5474\" \/>\u2022 <strong data-start=\"5476\" data-end=\"5537\">Gut f\u00fcr Werbegeschenke, Waren und die Identifizierung von Mitarbeitern<\/strong><br data-start=\"5537\" data-end=\"5540\" \/>\u2022 <strong data-start=\"5542\" data-end=\"5582\">Leicht zu tragen und leicht zu verteilen<\/strong> bei Veranstaltungen und Kampagnen<\/p>\n<p data-start=\"5610\" data-end=\"6152\"><strong data-start=\"5610\" data-end=\"5628\">Spezifikationen<\/strong><br data-start=\"5628\" data-end=\"5631\" \/>Produkttyp: Individuell bedrucktes Schl\u00fcsselband<br data-start=\"5667\" data-end=\"5670\" \/>Stil: Umh\u00e4ngeband \/ Werbeband<br data-start=\"5709\" data-end=\"5712\" \/>Material: Stoffband mit Metallbeschl\u00e4gen<br data-start=\"5754\" data-end=\"5757\" \/>Anbringung: Metall-Drehverschluss \/ Karabinerhaken<br data-start=\"5802\" data-end=\"5805\" \/>Logo-Optionen: Gedrucktes Logo \/ dekorative Logopr\u00e4sentation<br data-start=\"5862\" data-end=\"5865\" \/>Stil des Musters: Vollfarbiges benutzerdefiniertes Muster verf\u00fcgbar<br data-start=\"5915\" data-end=\"5918\" \/>Ausf\u00fchrung der Beschl\u00e4ge: Silber-, Gold- und Ros\u00e9goldt\u00f6ne wie in den Produktbildern gezeigt<br data-start=\"5997\" data-end=\"6000\" \/>Verwendung: Schl\u00fcssel, Ausweise, ID-Halter, Passhalter, Kartenh\u00fcllen, leichtes Zubeh\u00f6r<br data-start=\"6082\" data-end=\"6085\" \/>Thema: Veranstaltungen, Promotionen, Personaleinsatz, Merchandising<br data-start=\"6134\" data-end=\"6137\" \/>Herkunft: China<\/p>\n<p data-start=\"6154\" data-end=\"6731\"><strong data-start=\"6154\" data-end=\"6181\">Warum dieses Produkt w\u00e4hlen<\/strong><br data-start=\"6181\" data-end=\"6184\" \/>Dieses Schl\u00fcsselband bietet eine starke Kombination aus <strong data-start=\"6228\" data-end=\"6304\">praktische Funktion, visuelle Anpassung und wiederholte Markenexposition<\/strong>. Es ist stilvoller als ein einfaches Schl\u00fcsselband, l\u00e4sst sich leichter mit Grafiken und Farben personalisieren und ist f\u00fcr eine Vielzahl von Gesch\u00e4fts- und Veranstaltungsbereichen geeignet. Da das Schl\u00fcsselband auch nach der urspr\u00fcnglichen Veranstaltung oder Werbeaktion weiter verwendet werden kann, ist Ihr Logo langfristig sichtbarer als bei vielen einmaligen Werbegeschenken. F\u00fcr Marken, die einen einfachen Artikel mit hohem Alltagsnutzen und individuellem Wert suchen, ist dies eine verl\u00e4ssliche Wahl.<\/p>\n<p data-start=\"6733\" data-end=\"7041\"><strong data-start=\"6733\" data-end=\"6746\">Ideal f\u00fcr<\/strong><br data-start=\"6746\" data-end=\"6749\" \/>- Werbegeschenke f\u00fcr die Messe<br data-start=\"6771\" data-end=\"6774\" \/>- Konferenzen und Ausstellungen<br data-start=\"6803\" data-end=\"6806\" \/>- Firmenveranstaltungen<br data-start=\"6824\" data-end=\"6827\" \/>- Personalausweis und B\u00fcronutzung<br data-start=\"6852\" data-end=\"6855\" \/>- Schul- und Universit\u00e4tsprogramme<br data-start=\"6887\" data-end=\"6890\" \/>- Mitgliedschaft und Clubzubeh\u00f6r<br data-start=\"6923\" data-end=\"6926\" \/>- Warenkollektionen f\u00fcr den Einzelhandel<br data-start=\"6958\" data-end=\"6961\" \/>- Kampagnen zur Markteinf\u00fchrung<br data-start=\"6985\" data-end=\"6988\" \/>- Inhaber von Veranstaltungsp\u00e4ssen<br data-start=\"7008\" data-end=\"7011\" \/>- Verwendung von Schl\u00fcsseln und Ausweisen<\/p>\n<p data-start=\"7043\" data-end=\"7052\"><strong data-start=\"7043\" data-end=\"7050\">FAQ<\/strong><\/p>\n<p data-start=\"7054\" data-end=\"7252\"><strong data-start=\"7054\" data-end=\"7101\">Kann dieses Schl\u00fcsselband mit einem Logo versehen werden?<\/strong><br data-start=\"7101\" data-end=\"7104\" \/>Ja, der Gurt kann mit Ihrem Logo, Kunstwerk oder Markenmuster versehen werden, und die Produktbilder zeigen auch dekorative Logo-Pr\u00e4sentationsm\u00f6glichkeiten.<\/p>\n<p data-start=\"7254\" data-end=\"7413\"><strong data-start=\"7254\" data-end=\"7292\">Wof\u00fcr kann dieses Schl\u00fcsselband verwendet werden?<\/strong><br data-start=\"7292\" data-end=\"7295\" \/>Es kann f\u00fcr Schl\u00fcssel, Ausweise, ID-Halter, Kartenh\u00fcllen, Veranstaltungsp\u00e4sse und andere leichte Alltagsgegenst\u00e4nde verwendet werden.<\/p>\n<p data-start=\"7415\" data-end=\"7563\"><strong data-start=\"7415\" data-end=\"7448\">Geh\u00f6rt ein Metallhaken dazu?<\/strong><br data-start=\"7448\" data-end=\"7451\" \/>Ja. Das Schl\u00fcsselband ist mit einem <strong data-start=\"7484\" data-end=\"7521\">Metall-Drehverschluss \/ Karabinerhaken<\/strong> zum sicheren Befestigen verschiedener Gegenst\u00e4nde.<\/p>\n<p data-start=\"7565\" data-end=\"7778\"><strong data-start=\"7565\" data-end=\"7621\">Ist dieses Produkt f\u00fcr Messen und Veranstaltungen geeignet?<\/strong><br data-start=\"7621\" data-end=\"7624\" \/>Ja, es ist eine gute Wahl f\u00fcr Konferenzen, Ausstellungen, Messen und die Identifizierung von Mitarbeitern, da es praktisch, sichtbar und einfach zu verteilen ist.<\/p>\n<p data-start=\"7780\" data-end=\"7940\"><strong data-start=\"7780\" data-end=\"7823\">Kann das Armband in voller Farbe bedruckt werden?<\/strong><br data-start=\"7823\" data-end=\"7826\" \/>Ja. Anhand der Produktbilder ist dieses Modell geeignet f\u00fcr <strong data-start=\"7887\" data-end=\"7937\">Vollfarbige Muster und individuelle grafische Designs<\/strong>.<\/p>\n<p data-start=\"7942\" data-end=\"8108\"><strong data-start=\"7942\" data-end=\"7986\">Sind verschiedene Hardware-Farben erh\u00e4ltlich?<\/strong><br data-start=\"7986\" data-end=\"7989\" \/>Die Produktbilder zeigen verschiedene Metallic-Oberfl\u00e4chen, darunter <strong data-start=\"8052\" data-end=\"8098\">silberfarben, goldfarben und ros\u00e9goldfarben<\/strong> Stile.<\/p>\n<p data-start=\"8110\" data-end=\"8288\"><strong data-start=\"8110\" data-end=\"8147\">Gilt dies nur f\u00fcr gesch\u00e4ftliche Veranstaltungen?<\/strong><br data-start=\"8147\" data-end=\"8150\" \/>Nein. Es kann auch f\u00fcr Schulen, Vereine, Fanartikel, Einzelhandelszubeh\u00f6r, touristische Souvenirs und Markenkollektionen zu Werbezwecken verwendet werden.<\/p>\n<p data-start=\"8290\" data-end=\"8478\"><strong data-start=\"8290\" data-end=\"8333\">Warum ist dies ein guter Werbeartikel?<\/strong><br data-start=\"8333\" data-end=\"8336\" \/>Da sie n\u00fctzlich und tragbar sind, sich leicht einbrennen lassen und oft wiederverwendet werden, bleibt Ihr Logo l\u00e4nger sichtbar.<\/p>\n<p data-start=\"8480\" data-end=\"8646\" data-is-last-node=\"\" data-is-only-node=\"\">","protected":false},"excerpt":{"rendered":"<p>Dieses individuell bedruckte Schl\u00fcsselband mit Metallverschluss ist ein stilvolles und praktisches Werbeaccessoire f\u00fcr Veranstaltungen, Ausweise, Schl\u00fcssel und Alltagsgegenst\u00e4nde. Mit einem vollfarbig bedruckten Band, einem sicheren Metallhaken und einem sichtbaren Logobereich ist es eine gute Wahl f\u00fcr Messen, Mitarbeiteridentifikation, Firmenartikel und Werbegeschenke. Verschiedene Muster und Beschl\u00e4ge sorgen f\u00fcr ein hochwertiges, individuelles Aussehen.<\/p>","protected":false},"featured_media":47521,"template":"","meta":{"_gspb_post_css":""},"product_brand":[],"product_cat":[35],"product_tag":[],"class_list":{"0":"post-47520","1":"product","2":"type-product","3":"status-publish","4":"has-post-thumbnail","6":"product_cat-tradeshow-events","8":"first","9":"instock","10":"shipping-taxable","11":"product-type-simple"},"_links":{"self":[{"href":"https:\/\/globalgiftsupplier.com\/de\/wp-json\/wp\/v2\/product\/47520","targetHints":{"allow":["GET"]}}],"collection":[{"href":"https:\/\/globalgiftsupplier.com\/de\/wp-json\/wp\/v2\/product"}],"about":[{"href":"https:\/\/globalgiftsupplier.com\/de\/wp-json\/wp\/v2\/types\/product"}],"wp:featuredmedia":[{"embeddable":true,"href":"https:\/\/globalgiftsupplier.com\/de\/wp-json\/wp\/v2\/media\/47521"}],"wp:attachment":[{"href":"https:\/\/globalgiftsupplier.com\/de\/wp-json\/wp\/v2\/media?parent=47520"}],"wp:term":[{"taxonomy":"product_brand","embeddable":true,"href":"https:\/\/globalgiftsupplier.com\/de\/wp-json\/wp\/v2\/product_brand?post=47520"},{"taxonomy":"product_cat","embeddable":true,"href":"https:\/\/globalgiftsupplier.com\/de\/wp-json\/wp\/v2\/product_cat?post=47520"},{"taxonomy":"product_tag","embeddable":true,"href":"https:\/\/globalgiftsupplier.com\/de\/wp-json\/wp\/v2\/product_tag?post=47520"}],"curies":[{"name":"wp","href":"https:\/\/api.w.org\/{rel}","templated":true}]}}