{"id":47492,"date":"2026-03-31T09:58:00","date_gmt":"2026-03-31T09:58:00","guid":{"rendered":"https:\/\/globalgiftsupplier.com\/?post_type=product&#038;p=47492"},"modified":"2026-03-31T09:58:00","modified_gmt":"2026-03-31T09:58:00","slug":"custom-felt-baby-diaper-caddy-organizer-with-zipper-pocket","status":"publish","type":"product","link":"https:\/\/globalgiftsupplier.com\/de\/product\/custom-felt-baby-diaper-caddy-organizer-with-zipper-pocket\/","title":{"rendered":"Benutzerdefinierte Filz Baby Windel Caddy Veranstalter mit Rei\u00dfverschlusstasche"},"content":{"rendered":"<p data-start=\"1516\" data-end=\"1858\">Diese individuelle Babywindeltasche aus Filz ist eine praktische Aufbewahrungsl\u00f6sung, um Babyutensilien ordentlich, zug\u00e4nglich und leicht zu transportieren zu halten. Er ist aus strapazierf\u00e4higem Filz mit einem robusten 210D-Polyester-Futter hergestellt und bietet eine strukturierte Form mit verst\u00e4rkten Kanten und einen sauberen, modernen Look, der sowohl f\u00fcr zu Hause als auch f\u00fcr unterwegs geeignet ist.<\/p>\n<p data-start=\"1860\" data-end=\"2262\">Der Organizer verf\u00fcgt \u00fcber einen ger\u00e4umigen Innenraum mit mehreren F\u00e4chern f\u00fcr Windeln, Feuchtt\u00fccher, Babykleidung, Flaschen, Spielzeug und Dinge des t\u00e4glichen Bedarfs. Die Au\u00dfentaschen auf der Vorderseite erm\u00f6glichen einen schnellen Zugriff auf h\u00e4ufig ben\u00f6tigte Utensilien, w\u00e4hrend die seitliche Rei\u00dfverschlusstasche mit elastischen Innenschlaufen f\u00fcr eine bessere Organisation kleinerer Accessoires ausgestattet ist. Dank der stabilen Tragegriffe l\u00e4sst sich die Tasche leicht vom Kinderzimmer ins Auto, ins Wohnzimmer oder ins Freie tragen.<\/p>\n<p data-start=\"2264\" data-end=\"2463\">Mit dem Platz f\u00fcr ein individuelles Logo auf der Vorderseite ist dieser Organizer eine gute Wahl f\u00fcr babybezogene Werbeaktionen, praktische Geschenksets, Umstandskampagnen, Familienmarken und Einzelhandelskollektionen zur Aufbewahrung von Babys.<\/p>\n<p data-start=\"2465\" data-end=\"2860\"><strong data-start=\"2465\" data-end=\"2481\">Wesentliche Merkmale<\/strong><br data-start=\"2481\" data-end=\"2484\" \/>Strapazierf\u00e4higer Organizer f\u00fcr Windeltaschen aus Filz<br data-start=\"2519\" data-end=\"2522\" \/>Robustes 210D Polyester-Futter<br data-start=\"2550\" data-end=\"2553\" \/>Strukturierte Form mit starken Kanten<br data-start=\"2587\" data-end=\"2590\" \/>Innenausstattung mit mehreren F\u00e4chern<br data-start=\"2623\" data-end=\"2626\" \/>Vordere Au\u00dfentaschen<br data-start=\"2653\" data-end=\"2656\" \/>Seitliche Rei\u00dfverschlusstasche f\u00fcr wichtige Kleinigkeiten<br data-start=\"2695\" data-end=\"2698\" \/>Elastische Innenhalter in der Seitentasche<br data-start=\"2734\" data-end=\"2737\" \/>Tragbare Tragetasche mit stabilen Griffen<br data-start=\"2777\" data-end=\"2780\" \/>Geeignet f\u00fcr Kinderzimmer, Auto, Reise und Zuhause<br data-start=\"2827\" data-end=\"2830\" \/>Kundenspezifischer Logodruck m\u00f6glich<\/p>\n<p data-start=\"2862\" data-end=\"3385\"><strong data-start=\"2862\" data-end=\"2880\">Spezifikationen<\/strong><br data-start=\"2880\" data-end=\"2883\" \/>Produkttyp: Baby-Windeleimer-Organizer<br data-start=\"2924\" data-end=\"2927\" \/>Material: Filz + 210D Polyester-Futter<br data-start=\"2965\" data-end=\"2968\" \/>Struktur: Nach oben offener Organizer mit unterteilten F\u00e4chern<br data-start=\"3023\" data-end=\"3026\" \/>Merkmal: Tragbar, wiederverwendbar, leicht, Mehrfachtaschen<br data-start=\"3080\" data-end=\"3083\" \/>Taschen-Design: Fronttaschen + Seitentasche mit Rei\u00dfverschluss<br data-start=\"3132\" data-end=\"3135\" \/>Grifftyp: Doppelte Tragegriffe<br data-start=\"3166\" data-end=\"3169\" \/>Personalisierung: Logo-Druck verf\u00fcgbar<br data-start=\"3207\" data-end=\"3210\" \/>Abgebildete Farbe: Grau au\u00dfen mit gr\u00fcnem Futter<br data-start=\"3254\" data-end=\"3257\" \/>Abgebildete Gr\u00f6\u00dfe ca.: 38 x 18 x 26 cm<br data-start=\"3292\" data-end=\"3295\" \/>Anwendung: Windeln, Feuchtt\u00fccher, Flaschen, Spielzeug, Babykleidung, Kinderzimmerbedarf<br data-start=\"3369\" data-end=\"3372\" \/>Herkunft: China<\/p>\n<p data-start=\"3387\" data-end=\"3761\"><strong data-start=\"3387\" data-end=\"3414\">Warum dieses Produkt w\u00e4hlen<\/strong><br data-start=\"3414\" data-end=\"3417\" \/>Dieser Baby-Organizer aus Filz kombiniert praktische Aufbewahrung mit einem sauberen, geschenkfertigen Aussehen. Das gef\u00fctterte Innere sorgt f\u00fcr Struktur und Haltbarkeit, w\u00e4hrend die Seitentasche mit Rei\u00dfverschluss hilft, kleinere Gegenst\u00e4nde ordentlich und sicher aufzubewahren. Er eignet sich gut f\u00fcr den t\u00e4glichen Gebrauch im Kinderzimmer, f\u00fcr die Organisation im Auto und f\u00fcr Reisen mit der Familie und ist damit ein n\u00fctzliches und markenfreundliches Werbeprodukt.<\/p>\n<p data-start=\"3763\" data-end=\"4076\"><strong data-start=\"3763\" data-end=\"3776\">Ideal f\u00fcr<\/strong><br data-start=\"3776\" data-end=\"3779\" \/>Werbeaktionen f\u00fcr Babypflege<br data-start=\"3799\" data-end=\"3802\" \/>Sammlungen zur Aufbewahrung von Kinderzimmern<br data-start=\"3829\" data-end=\"3832\" \/>Kampagnen f\u00fcr Mutterschaft und Elternschaft<br data-start=\"3865\" data-end=\"3868\" \/>Willkommensgeschenke f\u00fcr Krankenh\u00e4user<br data-start=\"3890\" data-end=\"3893\" \/>Familienreise-Organizer-Sets<br data-start=\"3921\" data-end=\"3924\" \/>Zubeh\u00f6r f\u00fcr die Autoaufbewahrung<br data-start=\"3947\" data-end=\"3950\" \/>Babyparty-Geschenkprogramme<br data-start=\"3975\" data-end=\"3978\" \/>Einzelhandelskollektionen f\u00fcr Babyartikel<br data-start=\"4012\" data-end=\"4015\" \/>Individuelle Markenartikel<br data-start=\"4039\" data-end=\"4042\" \/>Praktische Geschenkartikel f\u00fcr den Haushalt<\/p>\n<p data-start=\"4078\" data-end=\"4085\"><strong data-start=\"4078\" data-end=\"4085\">FAQ<\/strong><\/p>\n<p data-start=\"4087\" data-end=\"4199\"><strong data-start=\"4087\" data-end=\"4136\">Kann dieser Organizer mit einem Logo versehen werden?<\/strong><br data-start=\"4136\" data-end=\"4139\" \/>Ja, die vordere Au\u00dfenwand kann mit Ihrem Logo versehen werden.<\/p>\n<p data-start=\"4201\" data-end=\"4287\"><strong data-start=\"4201\" data-end=\"4227\">Welches Material wird verwendet?<\/strong><br data-start=\"4227\" data-end=\"4230\" \/>Er ist aus Filz mit einem robusten 210D-Polyesterfutter gefertigt.<\/p>\n<p data-start=\"4289\" data-end=\"4413\"><strong data-start=\"4289\" data-end=\"4335\">Verf\u00fcgt er \u00fcber separate F\u00e4cher im Inneren?<\/strong><br data-start=\"4335\" data-end=\"4338\" \/>Ja. Der Organizer verf\u00fcgt \u00fcber einen unterteilten Innenraum zum Sortieren von Babyartikeln.<\/p>\n<p data-start=\"4415\" data-end=\"4525\"><strong data-start=\"4415\" data-end=\"4444\">Gibt es eine Rei\u00dfverschlusstasche?<\/strong><br data-start=\"4444\" data-end=\"4447\" \/>Ja. Eine Seite enth\u00e4lt eine Rei\u00dfverschlusstasche mit elastischen Halterungen f\u00fcr kleinere Gegenst\u00e4nde.<\/p>\n<p data-start=\"4527\" data-end=\"4660\"><strong data-start=\"4527\" data-end=\"4549\">Was kann er speichern?<\/strong><br data-start=\"4549\" data-end=\"4552\" \/>Er bietet Platz f\u00fcr Windeln, Feuchtt\u00fccher, Flaschen, Babykleidung, Spielzeug, Cremes, L\u00e4tzchen und andere Dinge des t\u00e4glichen Bedarfs.<\/p>\n<p data-start=\"4662\" data-end=\"4794\"><strong data-start=\"4662\" data-end=\"4703\">Ist es f\u00fcr Reisen oder f\u00fcr das Auto geeignet?<\/strong><br data-start=\"4703\" data-end=\"4706\" \/>Ja, es ist tragbar und eignet sich f\u00fcr den Einsatz im Kinderzimmer, im Auto, zu Hause und im Freien f\u00fcr den Notfall.<\/p>\n<p data-start=\"4796\" data-end=\"4891\"><strong data-start=\"4796\" data-end=\"4832\">Welche Gr\u00f6\u00dfe ist auf dem Bild zu sehen?<\/strong><br data-start=\"4832\" data-end=\"4835\" \/>Die angezeigte Gr\u00f6\u00dfe betr\u00e4gt ungef\u00e4hr <strong data-start=\"4871\" data-end=\"4890\">38 x 18 x 26 cm<\/strong>.<\/p>","protected":false},"excerpt":{"rendered":"<p>Diese individuelle Babywindeltasche aus Filz wurde f\u00fcr die praktische Aufbewahrung im Kinderzimmer und auf Reisen entwickelt. Er besteht aus Filz mit einem 210D-Polyesterfutter und verf\u00fcgt \u00fcber einen strukturierten Innenraum mit mehreren F\u00e4chern, vordere Aufbewahrungstaschen, robuste Griffe und eine seitliche Rei\u00dfverschlusstasche f\u00fcr kleine Gegenst\u00e4nde. Ein praktischer Artikel mit individuellem Logo f\u00fcr Werbeaktionen zur Babypflege und Geschenkprogramme f\u00fcr Familien.<\/p>","protected":false},"featured_media":47493,"template":"","meta":{"_gspb_post_css":""},"product_brand":[],"product_cat":[26],"product_tag":[],"class_list":{"0":"post-47492","1":"product","2":"type-product","3":"status-publish","4":"has-post-thumbnail","6":"product_cat-bags","8":"first","9":"instock","10":"shipping-taxable","11":"product-type-simple"},"_links":{"self":[{"href":"https:\/\/globalgiftsupplier.com\/de\/wp-json\/wp\/v2\/product\/47492","targetHints":{"allow":["GET"]}}],"collection":[{"href":"https:\/\/globalgiftsupplier.com\/de\/wp-json\/wp\/v2\/product"}],"about":[{"href":"https:\/\/globalgiftsupplier.com\/de\/wp-json\/wp\/v2\/types\/product"}],"wp:featuredmedia":[{"embeddable":true,"href":"https:\/\/globalgiftsupplier.com\/de\/wp-json\/wp\/v2\/media\/47493"}],"wp:attachment":[{"href":"https:\/\/globalgiftsupplier.com\/de\/wp-json\/wp\/v2\/media?parent=47492"}],"wp:term":[{"taxonomy":"product_brand","embeddable":true,"href":"https:\/\/globalgiftsupplier.com\/de\/wp-json\/wp\/v2\/product_brand?post=47492"},{"taxonomy":"product_cat","embeddable":true,"href":"https:\/\/globalgiftsupplier.com\/de\/wp-json\/wp\/v2\/product_cat?post=47492"},{"taxonomy":"product_tag","embeddable":true,"href":"https:\/\/globalgiftsupplier.com\/de\/wp-json\/wp\/v2\/product_tag?post=47492"}],"curies":[{"name":"wp","href":"https:\/\/api.w.org\/{rel}","templated":true}]}}