{"id":47470,"date":"2026-03-31T09:45:39","date_gmt":"2026-03-31T09:45:39","guid":{"rendered":"https:\/\/globalgiftsupplier.com\/?post_type=product&#038;p=47470"},"modified":"2026-03-31T09:45:39","modified_gmt":"2026-03-31T09:45:39","slug":"custom-round-felt-grow-bag-planter","status":"publish","type":"product","link":"https:\/\/globalgiftsupplier.com\/de\/product\/custom-round-felt-grow-bag-planter\/","title":{"rendered":"Benutzerdefinierte Runde Filz wachsen Tasche Pflanzer"},"content":{"rendered":"<p data-start=\"1310\" data-end=\"1660\">Diese runde Pflanztasche aus Filz ist f\u00fcr den bequemen Anbau zu Hause, die saisonale Bepflanzung und individuelle Werbeprojekte gedacht. Seine einfache runde Form und ger\u00e4umigen Innenraum machen es geeignet f\u00fcr den Anbau von Kartoffeln, Tomaten, Kr\u00e4uter, Blumen, Blattgem\u00fcse und anderes Gem\u00fcse in kompakten Au\u00dfen- oder Innen wachsen R\u00e4ume.<\/p>\n<p data-start=\"1662\" data-end=\"2033\">Dieses Pflanzgef\u00e4\u00df aus strapazierf\u00e4higem Vliesstoff bietet eine leichte und wiederverwendbare Bepflanzungsm\u00f6glichkeit, die sich leicht aufstellen, bewegen und lagern l\u00e4sst. Die atmungsaktive Gewebekonstruktion tr\u00e4gt zur Schaffung einer praktischen Pflanzumgebung bei, w\u00e4hrend die verst\u00e4rkten seitlichen Griffe das Tragen und Umstellen beim Gie\u00dfen, bei der Pflege oder bei saisonalen Ver\u00e4nderungen erleichtern.<\/p>\n<p data-start=\"2035\" data-end=\"2380\">Die saubere Oberfl\u00e4che eignet sich f\u00fcr den individuellen Logodruck und ist damit ein n\u00fctzlicher Werbeartikel f\u00fcr Gartencenter, Outdoor-Marken, umweltfreundliche Kampagnen, Heimwerkeraktionen und saisonale Gartenkollektionen. Das runde Design eignet sich auch gut f\u00fcr Terrassen, Balkone, Hinterhofg\u00e4rten, Gew\u00e4chsh\u00e4user und andere kleine Pflanzfl\u00e4chen.<\/p>\n<p data-start=\"2382\" data-end=\"2778\"><strong data-start=\"2382\" data-end=\"2398\">Wesentliche Merkmale<\/strong><br data-start=\"2398\" data-end=\"2401\" \/>Runder Growbag-Pflanzer<br data-start=\"2430\" data-end=\"2433\" \/>Wiederverwendbares Vliesmaterial aus Filz<br data-start=\"2471\" data-end=\"2474\" \/>Leicht und einfach zu bewegen<br data-start=\"2502\" data-end=\"2505\" \/>Verst\u00e4rkte Seitengriffe<br data-start=\"2528\" data-end=\"2531\" \/>Geeignet f\u00fcr Kartoffeln, Gem\u00fcse, Kr\u00e4uter und Blumen<br data-start=\"2584\" data-end=\"2587\" \/>Zusammenklappbar f\u00fcr praktische Aufbewahrung<br data-start=\"2618\" data-end=\"2621\" \/>Atmungsaktive Bepflanzungsstruktur<br data-start=\"2650\" data-end=\"2653\" \/>Kundenspezifischer Logodruck m\u00f6glich<br data-start=\"2683\" data-end=\"2686\" \/>Gut f\u00fcr den Hausgarten und f\u00fcr Werbezwecke geeignet<br data-start=\"2726\" data-end=\"2729\" \/>Geeignet f\u00fcr Terrasse, Balkon und Au\u00dfenbepflanzung<\/p>\n<p data-start=\"2780\" data-end=\"3322\"><strong data-start=\"2780\" data-end=\"2798\">Spezifikationen<\/strong><br data-start=\"2798\" data-end=\"2801\" \/>Produkttyp: Runder Filz-Pflanzbeutel<br data-start=\"2842\" data-end=\"2845\" \/>Material: Nicht gewebter Filzstoff<br data-start=\"2876\" data-end=\"2879\" \/>Form: Runde Pflanztasche<br data-start=\"2903\" data-end=\"2906\" \/>Merkmal: Wiederverwendbar, faltbar, leicht, tragbar<br data-start=\"2956\" data-end=\"2959\" \/>Abgebildete Farbe: Schwarz<br data-start=\"2977\" data-end=\"2980\" \/>Personalisierung: Logo-Druck verf\u00fcgbar<br data-start=\"3018\" data-end=\"3021\" \/>Abgebildete Gr\u00f6\u00dfenreferenz: 10 Gallonen<br data-start=\"3052\" data-end=\"3055\" \/>Ungef\u00e4hre Abmessungen: 15,7 Zoll Durchmesser x 11,8 Zoll H\u00f6he<br data-start=\"3114\" data-end=\"3117\" \/>Verwendung f\u00fcr: Kartoffeln, Tomaten, Kr\u00e4uter, Blumen, Gem\u00fcse, kleine Pflanzen<br data-start=\"3186\" data-end=\"3189\" \/>Anwendung: Hausgarten, Terrassenbepflanzung, Balkongarten, Hinterhofanbau, Gew\u00e4chshausanbau, saisonale Aktionen<br data-start=\"3306\" data-end=\"3309\" \/>Herkunft: China<\/p>\n<p data-start=\"3324\" data-end=\"3685\"><strong data-start=\"3324\" data-end=\"3351\">Warum dieses Produkt w\u00e4hlen<\/strong><br data-start=\"3351\" data-end=\"3354\" \/>Diese Pflanztasche kombiniert praktische Pflanzfunktion mit hohem Werbewert. Er ist leicht zu tragen, einfach zu lagern und f\u00fcr eine Vielzahl von Gartenanwendungen geeignet. Das runde Design aus Filz verleiht ihm ein sauberes, einfaches Aussehen, w\u00e4hrend die bedruckbare Oberfl\u00e4che ihn zu einem n\u00fctzlichen individuellen Artikel f\u00fcr Gartenmarken und Werbekampagnen macht.<\/p>\n<p data-start=\"3687\" data-end=\"3994\"><strong data-start=\"3687\" data-end=\"3700\">Ideal f\u00fcr<\/strong><br data-start=\"3700\" data-end=\"3703\" \/>Gartenzentren<br data-start=\"3717\" data-end=\"3720\" \/>Marken f\u00fcr den Hausgarten<br data-start=\"3741\" data-end=\"3744\" \/>Outdoor-Lifestyle-Aktionen<br data-start=\"3772\" data-end=\"3775\" \/>Fr\u00fchjahrs- und saisonale Kampagnen<br data-start=\"3804\" data-end=\"3807\" \/>Umweltfreundliche Produktkollektionen<br data-start=\"3839\" data-end=\"3842\" \/>Pflanzsets f\u00fcr Gem\u00fcse<br data-start=\"3865\" data-end=\"3868\" \/>Gartenarbeit auf Terrasse und Balkon<br data-start=\"3895\" data-end=\"3898\" \/>Einzelhandel mit Gartenzubeh\u00f6r<br data-start=\"3923\" data-end=\"3926\" \/>Werbegeschenke f\u00fcr Haus und Garten<br data-start=\"3957\" data-end=\"3960\" \/>Lieferanten f\u00fcr Landschaftsbau und Bepflanzung<\/p>\n<p data-start=\"3996\" data-end=\"4003\"><strong data-start=\"3996\" data-end=\"4003\">FAQ<\/strong><\/p>\n<p data-start=\"4005\" data-end=\"4136\"><strong data-start=\"4005\" data-end=\"4053\">Kann diese Kulturtasche mit einem Logo versehen werden?<\/strong><br data-start=\"4053\" data-end=\"4056\" \/>Ja, die Oberfl\u00e4che kann mit Ihrem Logo f\u00fcr Werbezwecke oder den Einzelhandel versehen werden.<\/p>\n<p data-start=\"4138\" data-end=\"4288\"><strong data-start=\"4138\" data-end=\"4179\">Was kann in diesen Growbag gepflanzt werden?<\/strong><br data-start=\"4179\" data-end=\"4182\" \/>Er eignet sich f\u00fcr Kartoffeln, Kr\u00e4uter, Tomaten, Blumen, Blattgem\u00fcse und anderes Gem\u00fcse oder kleine Pflanzen.<\/p>\n<p data-start=\"4290\" data-end=\"4378\"><strong data-start=\"4290\" data-end=\"4320\">Ist diese Kulturtasche wiederverwendbar?<\/strong><br data-start=\"4320\" data-end=\"4323\" \/>Ja, sie ist f\u00fcr die wiederholte saisonale Bepflanzung vorgesehen.<\/p>\n<p data-start=\"4380\" data-end=\"4468\"><strong data-start=\"4380\" data-end=\"4405\">Hat es Griffe?<\/strong><br data-start=\"4405\" data-end=\"4408\" \/>Ja, er verf\u00fcgt \u00fcber seitliche Griffe zum leichteren Anheben und Bewegen.<\/p>\n<p data-start=\"4470\" data-end=\"4584\"><strong data-start=\"4470\" data-end=\"4507\">Kann er zusammengeklappt werden, wenn er nicht gebraucht wird?<\/strong><br data-start=\"4507\" data-end=\"4510\" \/>Ja. Das weiche Filzmaterial erm\u00f6glicht es, ihn zur Aufbewahrung flach zusammenzufalten.<\/p>\n<p data-start=\"4586\" data-end=\"4726\"><strong data-start=\"4586\" data-end=\"4622\">Welche Gr\u00f6\u00dfe ist auf dem Bild zu sehen?<\/strong><br data-start=\"4622\" data-end=\"4625\" \/>Die Abbildung zeigt eine 10-Gallonen-Version mit einem Durchmesser von etwa 15,7 Zoll und einer H\u00f6he von 11,8 Zoll.<\/p>","protected":false},"excerpt":{"rendered":"<p>Dieses runde Pflanzgef\u00e4\u00df aus Filz ist eine praktische und wiederverwendbare L\u00f6sung f\u00fcr den Anbau von Kartoffeln, Gem\u00fcse, Blumen und Kr\u00e4utern in G\u00e4rten, auf Terrassen, Balkonen und in Au\u00dfenbereichen. Mit seitlichen Griffen und einer atmungsaktiven Filzstruktur ist sie leicht zu transportieren, zu lagern und mit Ihrem Logo f\u00fcr Werbe- oder Einzelhandelszwecke zu versehen.<\/p>","protected":false},"featured_media":47471,"template":"","meta":{"_gspb_post_css":""},"product_brand":[],"product_cat":[30],"product_tag":[],"class_list":{"0":"post-47470","1":"product","2":"type-product","3":"status-publish","4":"has-post-thumbnail","6":"product_cat-home-pets-tools","8":"first","9":"instock","10":"shipping-taxable","11":"product-type-simple"},"_links":{"self":[{"href":"https:\/\/globalgiftsupplier.com\/de\/wp-json\/wp\/v2\/product\/47470","targetHints":{"allow":["GET"]}}],"collection":[{"href":"https:\/\/globalgiftsupplier.com\/de\/wp-json\/wp\/v2\/product"}],"about":[{"href":"https:\/\/globalgiftsupplier.com\/de\/wp-json\/wp\/v2\/types\/product"}],"wp:featuredmedia":[{"embeddable":true,"href":"https:\/\/globalgiftsupplier.com\/de\/wp-json\/wp\/v2\/media\/47471"}],"wp:attachment":[{"href":"https:\/\/globalgiftsupplier.com\/de\/wp-json\/wp\/v2\/media?parent=47470"}],"wp:term":[{"taxonomy":"product_brand","embeddable":true,"href":"https:\/\/globalgiftsupplier.com\/de\/wp-json\/wp\/v2\/product_brand?post=47470"},{"taxonomy":"product_cat","embeddable":true,"href":"https:\/\/globalgiftsupplier.com\/de\/wp-json\/wp\/v2\/product_cat?post=47470"},{"taxonomy":"product_tag","embeddable":true,"href":"https:\/\/globalgiftsupplier.com\/de\/wp-json\/wp\/v2\/product_tag?post=47470"}],"curies":[{"name":"wp","href":"https:\/\/api.w.org\/{rel}","templated":true}]}}