{"id":47453,"date":"2026-03-31T09:39:39","date_gmt":"2026-03-31T09:39:39","guid":{"rendered":"https:\/\/globalgiftsupplier.com\/?post_type=product&#038;p=47453"},"modified":"2026-03-31T09:39:39","modified_gmt":"2026-03-31T09:39:39","slug":"custom-felt-potato-grow-bag-with-harvest-window","status":"publish","type":"product","link":"https:\/\/globalgiftsupplier.com\/de\/product\/custom-felt-potato-grow-bag-with-harvest-window\/","title":{"rendered":"Individuelle Filz Kartoffel wachsen Tasche mit Ernte Fenster"},"content":{"rendered":"<p data-start=\"1373\" data-end=\"1780\">Diese individuelle Filz-Kartoffeltasche ist eine praktische und wiederverwendbare L\u00f6sung f\u00fcr den Anbau von Gem\u00fcse, Kr\u00e4utern, Blumen und anderen kleinen Pflanzen auf begrenztem Raum. Der weiche, aber strapazierf\u00e4hige Filzstoff sorgt f\u00fcr eine ordentliche Pflanzumgebung und erleichtert die Verwaltung von Hausg\u00e4rten, Terrassen, Balkonen, Gew\u00e4chsh\u00e4usern und Anbaufl\u00e4chen im Freien.<\/p>\n<p data-start=\"1782\" data-end=\"2208\">Ein wesentliches Merkmal dieses Anzuchtbeutels ist das Erntefenster an der Vorderseite, durch das der Benutzer das Pflanzenwachstum \u00fcberpr\u00fcfen und Wurzelgem\u00fcse wie Kartoffeln bequem ernten kann, ohne die gesamte Pflanze aus dem Beh\u00e4lter nehmen zu m\u00fcssen. Dies macht ihn besonders n\u00fctzlich f\u00fcr den Anbau von Kartoffeln, Karotten, Erdn\u00fcssen, Zwiebeln und \u00e4hnlichem Gem\u00fcse. Die Tasche verf\u00fcgt au\u00dferdem \u00fcber seitliche Griffe, die das Anheben, Bewegen und Positionieren w\u00e4hrend des Pflanzens und Erntens erleichtern.<\/p>\n<p data-start=\"2210\" data-end=\"2555\">Das wiederverwendbare Design eignet sich f\u00fcr den wiederholten saisonalen Einsatz, w\u00e4hrend die saubere Vorderseite mit Ihrem Logo f\u00fcr Gartenmarken, Gartencenter, Outdoor-Promotions, \u00d6ko-Kampagnen und praktische Lifestyle-Giveaways individuell gestaltet werden kann. Erh\u00e4ltlich in verschiedenen Farben und Gr\u00f6\u00dfen, kombiniert diese Tasche Gartenarbeit Funktion mit starken Werbewert.<\/p>\n<p data-start=\"2557\" data-end=\"2954\"><strong data-start=\"2557\" data-end=\"2573\">Wesentliche Merkmale<\/strong><br data-start=\"2573\" data-end=\"2576\" \/>Wiederverwendbarer Wachstumsbeutel aus Filz<br data-start=\"2605\" data-end=\"2608\" \/>Vorderes Erntefenster f\u00fcr leichten Zugang<br data-start=\"2644\" data-end=\"2647\" \/>Geeignet f\u00fcr Kartoffeln und Wurzelgem\u00fcse<br data-start=\"2688\" data-end=\"2691\" \/>Seitliche Griffe f\u00fcr einfaches Tragen<br data-start=\"2721\" data-end=\"2724\" \/>Platzsparende Bepflanzungsl\u00f6sung<br data-start=\"2754\" data-end=\"2757\" \/>Gut geeignet f\u00fcr Haus-, Terrassen- und Balkong\u00e4rten<br data-start=\"2800\" data-end=\"2803\" \/>Kundenspezifischer Logodruck m\u00f6glich<br data-start=\"2833\" data-end=\"2836\" \/>Leicht und einfach zu verstauen<br data-start=\"2865\" data-end=\"2868\" \/>N\u00fctzlich f\u00fcr saisonale Gartenaktionen<br data-start=\"2908\" data-end=\"2911\" \/>Geeignet f\u00fcr Gem\u00fcse, Kr\u00e4uter und Blumen<\/p>\n<p data-start=\"2956\" data-end=\"3553\"><strong data-start=\"2956\" data-end=\"2974\">Spezifikationen<\/strong><br data-start=\"2974\" data-end=\"2977\" \/>Produkttyp: Filz Tasche wachsen \/ Kartoffelpflanzer Tasche<br data-start=\"3025\" data-end=\"3028\" \/>Material: Filzstoff<br data-start=\"3049\" data-end=\"3052\" \/>Ausf\u00fchrung: Zylindrische Pflanztasche mit Erntefenster<br data-start=\"3103\" data-end=\"3106\" \/>Besonderheit: Wiederverwendbar, tragbar, leichter Zugang zur Ernte<br data-start=\"3154\" data-end=\"3157\" \/>Verf\u00fcgbare Gr\u00f6\u00dfen: 7 Gallonen, 10 Gallonen<br data-start=\"3193\" data-end=\"3196\" \/>Referenzgr\u00f6\u00dfe:<br data-start=\"3211\" data-end=\"3214\" \/>7 Gallonen: ca. 30 x 35 cm<br data-start=\"3242\" data-end=\"3245\" \/>10 Gallonen: ca. 35 x 40 cm<br data-start=\"3274\" data-end=\"3277\" \/>Abgebildete Farboptionen: Gr\u00fcn, Schwarz, Beige<br data-start=\"3317\" data-end=\"3320\" \/>Personalisierung: Logo-Druck verf\u00fcgbar<br data-start=\"3358\" data-end=\"3361\" \/>Anwendung: Kartoffeln, Karotten, Zwiebeln, Erdn\u00fcsse, Kr\u00e4uter, Blumen, Gem\u00fcse<br data-start=\"3436\" data-end=\"3439\" \/>Anwendungsszenario: Gartenarbeit zu Hause, Balkonbepflanzung, Gartenarbeit auf der Terrasse, Gew\u00e4chshaus, Werbegeschenke<br data-start=\"3537\" data-end=\"3540\" \/>Herkunft: China<\/p>\n<p data-start=\"3555\" data-end=\"3897\"><strong data-start=\"3555\" data-end=\"3582\">Warum dieses Produkt w\u00e4hlen<\/strong><br data-start=\"3582\" data-end=\"3585\" \/>Diese Pflanztasche ist ein starker Werbeartikel f\u00fcr den Gartenbau, denn sie ist praktisch, wiederverwendbar, optisch einfach f\u00fcr das Branding und f\u00fcr den saisonalen Gebrauch geeignet. Das Erntefenster sorgt f\u00fcr zus\u00e4tzlichen Komfort und macht sie attraktiver als eine Standard-Pflanztasche, insbesondere f\u00fcr Kunden, die Kartoffeln und andere Hackfr\u00fcchte anbauen.<\/p>\n<p data-start=\"3899\" data-end=\"4209\"><strong data-start=\"3899\" data-end=\"3912\">Ideal f\u00fcr<\/strong><br data-start=\"3912\" data-end=\"3915\" \/>Gartenzentren<br data-start=\"3929\" data-end=\"3932\" \/>Aktionen f\u00fcr den Hausgarten<br data-start=\"3957\" data-end=\"3960\" \/>Fr\u00fchjahrs- und saisonale Kampagnen<br data-start=\"3989\" data-end=\"3992\" \/>Umweltfreundliche Produktlinien<br data-start=\"4018\" data-end=\"4021\" \/>Outdoor-Lifestyle-Marken<br data-start=\"4045\" data-end=\"4048\" \/>Landwirtschaft und Bepflanzung - Giveaways<br data-start=\"4082\" data-end=\"4085\" \/>Gartenarbeit auf Balkon und Terrasse<br data-start=\"4112\" data-end=\"4115\" \/>Einzelhandel mit Gartenzubeh\u00f6r<br data-start=\"4140\" data-end=\"4143\" \/>Pflanzsets f\u00fcr Kr\u00e4uter und Gem\u00fcse<br data-start=\"4175\" data-end=\"4178\" \/>Werbegeschenke f\u00fcr Haus und Garten<\/p>\n<p data-start=\"4211\" data-end=\"4218\"><strong data-start=\"4211\" data-end=\"4218\">FAQ<\/strong><\/p>\n<p data-start=\"4220\" data-end=\"4355\"><strong data-start=\"4220\" data-end=\"4268\">Kann diese Kulturtasche mit einem Logo versehen werden?<\/strong><br data-start=\"4268\" data-end=\"4271\" \/>Ja, die Vorderseite kann mit Ihrem Logo f\u00fcr Werbezwecke und den Einzelhandel versehen werden.<\/p>\n<p data-start=\"4357\" data-end=\"4493\"><strong data-start=\"4357\" data-end=\"4398\">Was kann in diesen Growbag gepflanzt werden?<\/strong><br data-start=\"4398\" data-end=\"4401\" \/>Er eignet sich f\u00fcr Kartoffeln, Karotten, Zwiebeln, Erdn\u00fcsse, Kr\u00e4uter, Blumen und anderes Gem\u00fcse.<\/p>\n<p data-start=\"4495\" data-end=\"4629\"><strong data-start=\"4495\" data-end=\"4539\">Was ist der Vorteil des vorderen Fensters?<\/strong><br data-start=\"4539\" data-end=\"4542\" \/>Mit dem Erntefenster k\u00f6nnen die Nutzer das Wachstum kontrollieren und Wurzelgem\u00fcse leichter entfernen.<\/p>\n<p data-start=\"4631\" data-end=\"4724\"><strong data-start=\"4631\" data-end=\"4660\">Ist die Kulturtasche wiederverwendbar?<\/strong><br data-start=\"4660\" data-end=\"4663\" \/>Ja, sie ist f\u00fcr den wiederholten Einsatz \u00fcber mehrere Pflanzperioden hinweg konzipiert.<\/p>\n<p data-start=\"4726\" data-end=\"4810\"><strong data-start=\"4726\" data-end=\"4751\">Hat es Griffe?<\/strong><br data-start=\"4751\" data-end=\"4754\" \/>Ja. Die seitlichen Griffe erleichtern das Bewegen und Umstellen.<\/p>\n<p data-start=\"4812\" data-end=\"4891\"><strong data-start=\"4812\" data-end=\"4841\">Welche Gr\u00f6\u00dfen gibt es?<\/strong><br data-start=\"4841\" data-end=\"4844\" \/>Die Bilder zeigen die Optionen 7 Gallonen und 10 Gallonen.<\/p>\n<p data-start=\"4893\" data-end=\"5011\"><strong data-start=\"4893\" data-end=\"4938\">Ist sie f\u00fcr den Gartenbau auf kleinem Raum geeignet?<\/strong><br data-start=\"4938\" data-end=\"4941\" \/>Ja, sie eignet sich gut f\u00fcr Terrassen, Balkone, G\u00e4rten und Gew\u00e4chsh\u00e4user.<\/p>","protected":false},"excerpt":{"rendered":"<p>Diese individuelle Kartoffeltasche aus Filz wurde f\u00fcr die praktische Gartenarbeit zu Hause und im Freien entwickelt. Sie verf\u00fcgt \u00fcber einen wiederverwendbaren Stoffk\u00f6rper, seitliche Tragegriffe und ein Erntefenster auf der Vorderseite, das den Zugang zum Wurzelgem\u00fcse erleichtert. Sie eignet sich f\u00fcr Kartoffeln, Karotten, Erdn\u00fcsse, Zwiebeln, Kr\u00e4uter und andere Pflanzen und ist ein n\u00fctzliches Gartenprodukt f\u00fcr den Einzelhandel, saisonale Werbeaktionen und Gartenkampagnen mit Markenzeichen.<\/p>","protected":false},"featured_media":47454,"template":"","meta":{"_gspb_post_css":""},"product_brand":[],"product_cat":[30],"product_tag":[],"class_list":{"0":"post-47453","1":"product","2":"type-product","3":"status-publish","4":"has-post-thumbnail","6":"product_cat-home-pets-tools","8":"first","9":"instock","10":"shipping-taxable","11":"product-type-simple"},"_links":{"self":[{"href":"https:\/\/globalgiftsupplier.com\/de\/wp-json\/wp\/v2\/product\/47453","targetHints":{"allow":["GET"]}}],"collection":[{"href":"https:\/\/globalgiftsupplier.com\/de\/wp-json\/wp\/v2\/product"}],"about":[{"href":"https:\/\/globalgiftsupplier.com\/de\/wp-json\/wp\/v2\/types\/product"}],"wp:featuredmedia":[{"embeddable":true,"href":"https:\/\/globalgiftsupplier.com\/de\/wp-json\/wp\/v2\/media\/47454"}],"wp:attachment":[{"href":"https:\/\/globalgiftsupplier.com\/de\/wp-json\/wp\/v2\/media?parent=47453"}],"wp:term":[{"taxonomy":"product_brand","embeddable":true,"href":"https:\/\/globalgiftsupplier.com\/de\/wp-json\/wp\/v2\/product_brand?post=47453"},{"taxonomy":"product_cat","embeddable":true,"href":"https:\/\/globalgiftsupplier.com\/de\/wp-json\/wp\/v2\/product_cat?post=47453"},{"taxonomy":"product_tag","embeddable":true,"href":"https:\/\/globalgiftsupplier.com\/de\/wp-json\/wp\/v2\/product_tag?post=47453"}],"curies":[{"name":"wp","href":"https:\/\/api.w.org\/{rel}","templated":true}]}}