{"id":47429,"date":"2026-03-31T09:30:30","date_gmt":"2026-03-31T09:30:30","guid":{"rendered":"https:\/\/globalgiftsupplier.com\/?post_type=product&#038;p=47429"},"modified":"2026-03-31T09:30:30","modified_gmt":"2026-03-31T09:30:30","slug":"custom-led-light-up-baseball-cap-with-logo","status":"publish","type":"product","link":"https:\/\/globalgiftsupplier.com\/de\/product\/custom-led-light-up-baseball-cap-with-logo\/","title":{"rendered":"Individuelle LED-Leucht-Baseballm\u00fctze mit Logo"},"content":{"rendered":"<p data-start=\"1471\" data-end=\"1808\">Diese individuell gestaltete LED-Baseballm\u00fctze ist ein witziges und aufmerksamkeitsstarkes Werbeprodukt, das f\u00fcr Veranstaltungen, Outdoor-Aktivit\u00e4ten, Markenkampagnen und den Einsatz bei Nacht entwickelt wurde. Mit seiner eingebauten Lichtstreifen entlang der Krempe, f\u00fcgt die Kappe einen hellen visuellen Effekt, w\u00e4hrend die vertraute l\u00e4ssigen Stil einer klassischen Baseballm\u00fctze zu halten.<\/p>\n<p data-start=\"1810\" data-end=\"2127\">Die Kappe verf\u00fcgt \u00fcber einen Bereich auf der Vorderseite, auf dem ein individuelles Logo angebracht werden kann, wodurch sie sich f\u00fcr Marketingaktionen, Festivals, Konzerte, Sportveranstaltungen, Teamaktivit\u00e4ten, Nachtl\u00e4ufe und Werbegeschenke eignet. Sie verf\u00fcgt au\u00dferdem \u00fcber einen verstellbaren Klettverschluss f\u00fcr eine flexible Passform, sodass sie sich bequem an verschiedene Kopfgr\u00f6\u00dfen anpassen l\u00e4sst.<\/p>\n<p data-start=\"2129\" data-end=\"2411\">Diese mit praktischen Details ausgestattete Kappe verf\u00fcgt \u00fcber eine verdeckte Schalteranordnung, eine abnehmbare Kabelstruktur und eine austauschbare Batterie, wie auf den Produktbildern zu sehen ist. Das bequeme Schwei\u00dfband und die standardm\u00e4\u00dfig geschwungene Krempe eignen sich f\u00fcr langes Tragen sowohl bei Veranstaltungen als auch in der Freizeit.<\/p>\n<p data-start=\"2413\" data-end=\"2679\">Dieses Produkt eignet sich gut f\u00fcr Unternehmen, die eine Werbem\u00fctze suchen, die sich mehr von der Standard-Kopfbedeckung abhebt. Es kombiniert Markenwert, Sichtbarkeit und Neuartigkeit in einem tragbaren Artikel und ist damit eine gute Option f\u00fcr Kampagnen, bei denen eine auff\u00e4llige Pr\u00e4sentation wichtig ist.<\/p>\n<p data-start=\"2681\" data-end=\"3027\"><strong data-start=\"2681\" data-end=\"2697\">Wesentliche Merkmale<\/strong><br data-start=\"2697\" data-end=\"2700\" \/>LED-beleuchtete Krempe<br data-start=\"2724\" data-end=\"2727\" \/>Individueller Logodruck auf der Vorderseite<br data-start=\"2767\" data-end=\"2770\" \/>Klassische Baseballkappe<br data-start=\"2796\" data-end=\"2799\" \/>Verstellbarer Haken- und \u00d6senverschluss<br data-start=\"2831\" data-end=\"2834\" \/>Verdeckte Schalterkonstruktion<br data-start=\"2854\" data-end=\"2857\" \/>Auswechselbare Batteriestruktur<br data-start=\"2886\" data-end=\"2889\" \/>Abnehmbare Drahtkonstruktion<br data-start=\"2911\" data-end=\"2914\" \/>Bequemes Schwei\u00dfband<br data-start=\"2935\" data-end=\"2938\" \/>Geeignet f\u00fcr Veranstaltungen und n\u00e4chtliche Aktivit\u00e4ten<br data-start=\"2978\" data-end=\"2981\" \/>N\u00fctzlich f\u00fcr Werbekampagnen und Werbegeschenke<\/p>\n<p data-start=\"3029\" data-end=\"3552\"><strong data-start=\"3029\" data-end=\"3047\">Spezifikationen<\/strong><br data-start=\"3047\" data-end=\"3050\" \/>Produkttyp: LED-Baseballm\u00fctze<br data-start=\"3080\" data-end=\"3083\" \/>Material: Stoffkappe mit integrierter LED-Lichtkomponente<br data-start=\"3137\" data-end=\"3140\" \/>Stil: Baseballm\u00fctze<br data-start=\"3159\" data-end=\"3162\" \/>Stil der Krempe: Gebogene Krempe<br data-start=\"3185\" data-end=\"3188\" \/>Art des Verschlusses: Verstellbarer Haken- und \u00d6senriemen<br data-start=\"3232\" data-end=\"3235\" \/>Kopfumfang: Ca. 20-23,6 Zoll<br data-start=\"3277\" data-end=\"3280\" \/>L\u00e4nge der Krempe: Ca. 3,07 Zoll<br data-start=\"3312\" data-end=\"3315\" \/>Besonderheit: Versteckter Schalter, abnehmbare Dr\u00e4hte, austauschbare Batterie<br data-start=\"3376\" data-end=\"3379\" \/>Farboptionen: Schwarz, Wei\u00df<br data-start=\"3406\" data-end=\"3409\" \/>Personalisierung: Logo-Druck verf\u00fcgbar<br data-start=\"3447\" data-end=\"3450\" \/>Anwendung: Veranstaltungen, Konzerte, Partys, Promotions, Teamaktivit\u00e4ten, n\u00e4chtlicher Au\u00dfeneinsatz<br data-start=\"3536\" data-end=\"3539\" \/>Herkunft: China<\/p>\n<p data-start=\"3554\" data-end=\"3903\"><strong data-start=\"3554\" data-end=\"3581\">Warum dieses Produkt w\u00e4hlen<\/strong><br data-start=\"3581\" data-end=\"3584\" \/>Diese LED-Kappe bietet eine st\u00e4rkere visuelle Anziehungskraft als ein gew\u00f6hnlicher Werbehut. Sie hilft Marken, bei n\u00e4chtlichen Veranstaltungen und an \u00fcberf\u00fcllten Orten Aufmerksamkeit zu erregen, w\u00e4hrend sie gleichzeitig als tragbare Ware praktisch ist. Mit verstellbarer Gr\u00f6\u00dfe und Logoanpassung ist sie ein n\u00fctzliches Produkt f\u00fcr Kampagnen, die sowohl Branding als auch Neuheit ben\u00f6tigen.<\/p>\n<p data-start=\"3905\" data-end=\"4154\"><strong data-start=\"3905\" data-end=\"3918\">Ideal f\u00fcr<\/strong><br data-start=\"3918\" data-end=\"3921\" \/>Konzert-Geschenkartikel<br data-start=\"3938\" data-end=\"3941\" \/>Festival-Waren<br data-start=\"3961\" data-end=\"3964\" \/>Aktionen bei Nachtevents<br data-start=\"3986\" data-end=\"3989\" \/>Kampagnen zur Markenaktivierung<br data-start=\"4015\" data-end=\"4018\" \/>Artikel f\u00fcr Sportfans<br data-start=\"4040\" data-end=\"4043\" \/>Aktivit\u00e4ten im Team<br data-start=\"4058\" data-end=\"4061\" \/>Partybedarf<br data-start=\"4075\" data-end=\"4078\" \/>Werbebekleidungsprogramme<br data-start=\"4106\" data-end=\"4109\" \/>Geschenke f\u00fcr Veranstaltungen im Freien<br data-start=\"4128\" data-end=\"4131\" \/>Einzelhandel mit Scherzartikeln<\/p>\n<p data-start=\"4156\" data-end=\"4163\"><strong data-start=\"4156\" data-end=\"4163\">FAQ<\/strong><\/p>\n<p data-start=\"4165\" data-end=\"4269\"><strong data-start=\"4165\" data-end=\"4208\">Kann diese Kappe mit einem Logo versehen werden?<\/strong><br data-start=\"4208\" data-end=\"4211\" \/>Ja, die Vorderseite eignet sich f\u00fcr die Anbringung eines individuellen Logos.<\/p>\n<p data-start=\"4271\" data-end=\"4353\"><strong data-start=\"4271\" data-end=\"4297\">Ist die Kappe verstellbar?<\/strong><br data-start=\"4297\" data-end=\"4300\" \/>Ja, er hat einen verstellbaren Klettverschluss.<\/p>\n<p data-start=\"4355\" data-end=\"4501\"><strong data-start=\"4355\" data-end=\"4416\">Was unterscheidet diese Kappe von einer normalen Baseballm\u00fctze?<\/strong><br data-start=\"4416\" data-end=\"4419\" \/>Er verf\u00fcgt \u00fcber eine beleuchtete Krempe, die f\u00fcr einen sichtbaren Werbeeffekt sorgt.<\/p>\n<p data-start=\"4503\" data-end=\"4652\"><strong data-start=\"4503\" data-end=\"4547\">Ist es f\u00fcr Veranstaltungen und den Einsatz bei Nacht geeignet?<\/strong><br data-start=\"4547\" data-end=\"4550\" \/>Ja, sie ist ideal f\u00fcr Konzerte, Festivals, Partys, Werbeaktionen im Freien und andere Aktivit\u00e4ten mit wenig Licht.<\/p>\n<p data-start=\"4654\" data-end=\"4752\"><strong data-start=\"4654\" data-end=\"4688\">Verf\u00fcgt es \u00fcber eine Batteriekonstruktion?<\/strong><br data-start=\"4688\" data-end=\"4691\" \/>Ja, die Produktabbildungen zeigen eine austauschbare Batteriestruktur.<\/p>","protected":false},"excerpt":{"rendered":"<p>Diese kundenspezifische LED-Baseballm\u00fctze kombiniert klassisches Kopfbedeckungsdesign mit einer beleuchteten Krempe f\u00fcr zus\u00e4tzliche Sichtbarkeit und Werbewirkung. Ausgestattet mit einem verstellbaren Verschluss, einem versteckten Schalter, einer austauschbaren Batterie und einem individuellen Logobereich auf der Vorderseite ist sie ein praktischer und auff\u00e4lliger Artikel f\u00fcr Veranstaltungen, Nachtaktionen, Konzerte, Teamaktivit\u00e4ten und Werbegeschenke.<\/p>","protected":false},"featured_media":47430,"template":"","meta":{"_gspb_post_css":""},"product_brand":[],"product_cat":[29],"product_tag":[],"class_list":{"0":"post-47429","1":"product","2":"type-product","3":"status-publish","4":"has-post-thumbnail","6":"product_cat-apparel","8":"first","9":"instock","10":"shipping-taxable","11":"product-type-simple"},"_links":{"self":[{"href":"https:\/\/globalgiftsupplier.com\/de\/wp-json\/wp\/v2\/product\/47429","targetHints":{"allow":["GET"]}}],"collection":[{"href":"https:\/\/globalgiftsupplier.com\/de\/wp-json\/wp\/v2\/product"}],"about":[{"href":"https:\/\/globalgiftsupplier.com\/de\/wp-json\/wp\/v2\/types\/product"}],"wp:featuredmedia":[{"embeddable":true,"href":"https:\/\/globalgiftsupplier.com\/de\/wp-json\/wp\/v2\/media\/47430"}],"wp:attachment":[{"href":"https:\/\/globalgiftsupplier.com\/de\/wp-json\/wp\/v2\/media?parent=47429"}],"wp:term":[{"taxonomy":"product_brand","embeddable":true,"href":"https:\/\/globalgiftsupplier.com\/de\/wp-json\/wp\/v2\/product_brand?post=47429"},{"taxonomy":"product_cat","embeddable":true,"href":"https:\/\/globalgiftsupplier.com\/de\/wp-json\/wp\/v2\/product_cat?post=47429"},{"taxonomy":"product_tag","embeddable":true,"href":"https:\/\/globalgiftsupplier.com\/de\/wp-json\/wp\/v2\/product_tag?post=47429"}],"curies":[{"name":"wp","href":"https:\/\/api.w.org\/{rel}","templated":true}]}}