{"id":47416,"date":"2026-03-31T09:27:47","date_gmt":"2026-03-31T09:27:47","guid":{"rendered":"https:\/\/globalgiftsupplier.com\/?post_type=product&#038;p=47416"},"modified":"2026-03-31T09:27:47","modified_gmt":"2026-03-31T09:27:47","slug":"custom-silicone-magnetic-cable-organizer-tie-for-earphones-cords-keys-and-daily-storage","status":"publish","type":"product","link":"https:\/\/globalgiftsupplier.com\/de\/product\/custom-silicone-magnetic-cable-organizer-tie-for-earphones-cords-keys-and-daily-storage\/","title":{"rendered":"Benutzerdefinierte Silikon magnetische Kabel Organizer Krawatte f\u00fcr Kopfh\u00f6rer Schn\u00fcre Schl\u00fcssel und t\u00e4gliche Lagerung"},"content":{"rendered":"<p data-start=\"1476\" data-end=\"1833\">Dieser magnetische Kabelbinder aus Silikon ist ein einfaches und n\u00fctzliches Accessoire f\u00fcr den Alltag, mit dem kleine Gegenst\u00e4nde ordentlich und einfach zu verwalten sind. Mit seinem flexiblen Silikonk\u00f6rper und den magnetischen Befestigungsenden kann er schnell um Kopfh\u00f6rerkabel, Ladekabel, USB-Kabel, Stifte, Notizen, Schl\u00fcssel und andere leichte Alltagsgegenst\u00e4nde gewickelt werden.<\/p>\n<p data-start=\"1835\" data-end=\"2176\">Dank seiner kompakten Gr\u00f6\u00dfe l\u00e4sst er sich leicht in einer Tasche, Schublade, einem Schreibtisch-Organizer oder einer Reisetasche verstauen. Das weiche Silikonmaterial ist flexibel, wiederverwendbar und leicht zu handhaben, w\u00e4hrend das magnetische Design eine schnelle Befestigung und Entfernung erm\u00f6glicht. Dieses Produkt eignet sich f\u00fcr B\u00fcroschreibtische, f\u00fcr die Aufbewahrung zu Hause, f\u00fcr die Schule, f\u00fcr die Organisation auf Reisen und f\u00fcr die Zusammenstellung von technischem Zubeh\u00f6r.<\/p>\n<p data-start=\"2178\" data-end=\"2511\">Der runde Endabschnitt bietet au\u00dferdem die M\u00f6glichkeit, das Logo individuell zu gestalten, was ihn zu einem praktischen Markenartikel f\u00fcr Werbekampagnen, Firmengeschenke, Messen, technische Veranstaltungen, Schulaktionen und Geschenkprogramme im Einzelhandel macht. Mit seinen zahlreichen leuchtenden Farboptionen und seiner gro\u00dfen Attraktivit\u00e4t f\u00fcr den t\u00e4glichen Gebrauch ist er ein preiswerter Werbeartikel mit hohem Wiederverwendungswert.<\/p>\n<p data-start=\"2513\" data-end=\"2794\">Dieser Organizer eignet sich besonders f\u00fcr Marken, die nach kleinen, aber funktionalen Werbegeschenken suchen, die leicht zu verteilen und im t\u00e4glichen Leben n\u00fctzlich sind. Er eignet sich gut f\u00fcr Begr\u00fc\u00dfungspakete f\u00fcr B\u00fcros, Elektronik-Promotions, Schreibwaren-Sets, Reisepakete und Kollektionen zur Schreibtischorganisation.<\/p>\n<p data-start=\"2796\" data-end=\"3245\"><strong data-start=\"2796\" data-end=\"2812\">Wesentliche Merkmale<\/strong><br data-start=\"2812\" data-end=\"2815\" \/>Flexibler Silikon-Kabelbinder f\u00fcr die Organisation<br data-start=\"2852\" data-end=\"2855\" \/>Magnetverschluss f\u00fcr schnelle Befestigung<br data-start=\"2891\" data-end=\"2894\" \/>Wiederverwendbares und leichtes Design<br data-start=\"2925\" data-end=\"2928\" \/>Geeignet f\u00fcr Kabel, Kopfh\u00f6rer, Schl\u00fcssel, Notizen, Stifte und kleines Zubeh\u00f6r<br data-start=\"3000\" data-end=\"3003\" \/>Leicht zu tragen und aufzubewahren<br data-start=\"3026\" data-end=\"3029\" \/>Hilft, Schreibtische, Schubladen und Taschen zu organisieren<br data-start=\"3074\" data-end=\"3077\" \/>Erh\u00e4ltlich in mehreren Farben<br data-start=\"3105\" data-end=\"3108\" \/>Kundenspezifischer Logodruck m\u00f6glich<br data-start=\"3138\" data-end=\"3141\" \/>N\u00fctzlich f\u00fcr B\u00fcro, Schule, Zuhause und auf Reisen<br data-start=\"3184\" data-end=\"3187\" \/>Ideal f\u00fcr Werbegeschenke und markengesch\u00fctzte Zubeh\u00f6rsets<\/p>\n<p data-start=\"3247\" data-end=\"3796\"><strong data-start=\"3247\" data-end=\"3265\">Spezifikationen<\/strong><br data-start=\"3265\" data-end=\"3268\" \/>Produkttyp: Magnetischer Kabelbinder f\u00fcr Veranstalter<br data-start=\"3310\" data-end=\"3313\" \/>Material: Silikon und Magnet<br data-start=\"3342\" data-end=\"3345\" \/>Funktion: Kabelmanagement und Organisation von Kleinteilen<br data-start=\"3399\" data-end=\"3402\" \/>Verwendung: Kopfh\u00f6rer, Ladekabel, USB-Kabel, Schl\u00fcssel, Notizen, Stifte, Schreibtischablage<br data-start=\"3479\" data-end=\"3482\" \/>Art des Verschlusses: Magnetisch<br data-start=\"3504\" data-end=\"3507\" \/>Farboptionen: Mehrere Farben verf\u00fcgbar<br data-start=\"3547\" data-end=\"3550\" \/>Personalisierung: Logo-Druck verf\u00fcgbar<br data-start=\"3588\" data-end=\"3591\" \/>Gesamtl\u00e4nge: Ca. 4,33 Zoll<br data-start=\"3622\" data-end=\"3625\" \/>Nutzbare Krawattenl\u00e4nge: Ca. 3,03 Zoll<br data-start=\"3659\" data-end=\"3662\" \/>Stil: Wiederverwendbares weiches Organizerband<br data-start=\"3698\" data-end=\"3701\" \/>Anwendung: B\u00fcro, Schule, Zuhause, Reisen, Werbeveranstaltungen, Werbegeschenke im Einzelhandel<br data-start=\"3780\" data-end=\"3783\" \/>Herkunft: China<\/p>\n<p data-start=\"3798\" data-end=\"4136\"><strong data-start=\"3798\" data-end=\"3825\">Warum dieses Produkt w\u00e4hlen<\/strong><br data-start=\"3825\" data-end=\"3828\" \/>Dieses Produkt ist kompakt, erschwinglich und \u00e4u\u00dferst praktisch f\u00fcr den t\u00e4glichen Gebrauch. Es bietet einen hohen Werbewert, da es einfach zu vermarkten, leicht zu verteilen und in vielen Situationen n\u00fctzlich ist. Sein wiederverwendbares Design tr\u00e4gt dazu bei, dass Ihr Logo in B\u00fcros, zu Hause, in Schulen und auf Reisen immer wieder zu sehen ist.<\/p>\n<p data-start=\"4138\" data-end=\"4427\"><strong data-start=\"4138\" data-end=\"4151\">Ideal f\u00fcr<\/strong><br data-start=\"4151\" data-end=\"4154\" \/>Sonderangebote f\u00fcr technisches Zubeh\u00f6r<br data-start=\"4179\" data-end=\"4182\" \/>Werbegeschenke f\u00fcr das B\u00fcro<br data-start=\"4198\" data-end=\"4201\" \/>Kampagnen f\u00fcr Schulen und Schreibwaren<br data-start=\"4232\" data-end=\"4235\" \/>Handouts f\u00fcr die Messe<br data-start=\"4254\" data-end=\"4257\" \/>Willkommenspakete f\u00fcr Unternehmen<br data-start=\"4279\" data-end=\"4282\" \/>Produkte zur Organisation des Schreibtisches<br data-start=\"4308\" data-end=\"4311\" \/>Reisezubeh\u00f6r-Sets<br data-start=\"4332\" data-end=\"4335\" \/>Add-ons f\u00fcr die Elektronikverpackung<br data-start=\"4364\" data-end=\"4367\" \/>Einzelhandels-Impuls-Geschenkartikel<br data-start=\"4392\" data-end=\"4395\" \/>Allt\u00e4gliche Werbeartikel<\/p>\n<p data-start=\"4429\" data-end=\"4436\"><strong data-start=\"4429\" data-end=\"4436\">FAQ<\/strong><\/p>\n<p data-start=\"4438\" data-end=\"4542\"><strong data-start=\"4438\" data-end=\"4485\">Kann dieses Produkt mit einem Logo versehen werden?<\/strong><br data-start=\"4485\" data-end=\"4488\" \/>Ja, der runde Endbereich kann mit einem Logo versehen werden.<\/p>\n<p data-start=\"4544\" data-end=\"4623\"><strong data-start=\"4544\" data-end=\"4567\">Woraus besteht es?<\/strong><br data-start=\"4567\" data-end=\"4570\" \/>Er besteht aus Silikon mit integrierten magnetischen Enden.<\/p>\n<p data-start=\"4625\" data-end=\"4769\"><strong data-start=\"4625\" data-end=\"4653\">Wof\u00fcr kann es verwendet werden?<\/strong><br data-start=\"4653\" data-end=\"4656\" \/>Sie kann zur Aufbewahrung von Kopfh\u00f6rern, Ladekabeln, USB-Kabeln, Notizen, Schl\u00fcsseln, Stiften und anderen kleinen Alltagsgegenst\u00e4nden verwendet werden.<\/p>\n<p data-start=\"4771\" data-end=\"4836\"><strong data-start=\"4771\" data-end=\"4790\">Ist es wiederverwendbar?<\/strong><br data-start=\"4790\" data-end=\"4793\" \/>Ja, er ist f\u00fcr den wiederholten t\u00e4glichen Gebrauch konzipiert.<\/p>\n<p data-start=\"4838\" data-end=\"4955\"><strong data-start=\"4838\" data-end=\"4872\">Ist es f\u00fcr den Einsatz im B\u00fcro geeignet?<\/strong><br data-start=\"4872\" data-end=\"4875\" \/>Ja, es eignet sich f\u00fcr die Schreibtischorganisation, das Kabelmanagement und die Aufbewahrung in Schubladen.<\/p>\n<p data-start=\"4957\" data-end=\"5088\"><strong data-start=\"4957\" data-end=\"4987\">Kann es f\u00fcr Reisen verwendet werden?<\/strong><br data-start=\"4987\" data-end=\"4990\" \/>Ja, denn durch sein geringes Gewicht und sein kompaktes Design ist er ideal f\u00fcr Reisetaschen und Zubeh\u00f6rtaschen.<\/p>\n<p data-start=\"5090\" data-end=\"5209\"><strong data-start=\"5090\" data-end=\"5124\">Ist es ein gutes Werbegeschenk?<\/strong><br data-start=\"5124\" data-end=\"5127\" \/>Ja, es ist praktisch, farbenfroh, leicht zu kennzeichnen und f\u00fcr eine weite Verbreitung geeignet.<\/p>","protected":false},"excerpt":{"rendered":"<p>Dieser individuelle magnetische Kabelbinder ist ein praktisches und farbenfrohes Accessoire f\u00fcr die t\u00e4gliche Aufbewahrung und das Kabelmanagement. Hergestellt aus flexiblem Silikon mit einem Magnetverschluss, hilft es, Kopfh\u00f6rer, Ladekabel, Stifte, Schl\u00fcssel und kleine Gegenst\u00e4nde ordentlich zu halten. Er ist kompakt, wiederverwendbar und leicht zu tragen und ist ein n\u00fctzliches Werbegeschenk f\u00fcr B\u00fcros, Schulen, technische Kampagnen und Werbegeschenke f\u00fcr den Einzelhandel.<\/p>","protected":false},"featured_media":47417,"template":"","meta":{"_gspb_post_css":""},"product_brand":[],"product_cat":[27],"product_tag":[],"class_list":{"0":"post-47416","1":"product","2":"type-product","3":"status-publish","4":"has-post-thumbnail","6":"product_cat-technology","8":"first","9":"instock","10":"shipping-taxable","11":"product-type-simple"},"_links":{"self":[{"href":"https:\/\/globalgiftsupplier.com\/de\/wp-json\/wp\/v2\/product\/47416","targetHints":{"allow":["GET"]}}],"collection":[{"href":"https:\/\/globalgiftsupplier.com\/de\/wp-json\/wp\/v2\/product"}],"about":[{"href":"https:\/\/globalgiftsupplier.com\/de\/wp-json\/wp\/v2\/types\/product"}],"wp:featuredmedia":[{"embeddable":true,"href":"https:\/\/globalgiftsupplier.com\/de\/wp-json\/wp\/v2\/media\/47417"}],"wp:attachment":[{"href":"https:\/\/globalgiftsupplier.com\/de\/wp-json\/wp\/v2\/media?parent=47416"}],"wp:term":[{"taxonomy":"product_brand","embeddable":true,"href":"https:\/\/globalgiftsupplier.com\/de\/wp-json\/wp\/v2\/product_brand?post=47416"},{"taxonomy":"product_cat","embeddable":true,"href":"https:\/\/globalgiftsupplier.com\/de\/wp-json\/wp\/v2\/product_cat?post=47416"},{"taxonomy":"product_tag","embeddable":true,"href":"https:\/\/globalgiftsupplier.com\/de\/wp-json\/wp\/v2\/product_tag?post=47416"}],"curies":[{"name":"wp","href":"https:\/\/api.w.org\/{rel}","templated":true}]}}