{"id":47399,"date":"2026-03-31T09:21:57","date_gmt":"2026-03-31T09:21:57","guid":{"rendered":"https:\/\/globalgiftsupplier.com\/?post_type=product&#038;p=47399"},"modified":"2026-03-31T09:21:57","modified_gmt":"2026-03-31T09:21:57","slug":"custom-heat-resistant-bbq-grill-gloves-with-silicone-grip-and-extended-wrist-protection","status":"publish","type":"product","link":"https:\/\/globalgiftsupplier.com\/de\/product\/custom-heat-resistant-bbq-grill-gloves-with-silicone-grip-and-extended-wrist-protection\/","title":{"rendered":"Individuelle hitzebest\u00e4ndige BBQ-Grillhandschuhe mit Silikongriff und erweitertem Handgelenkschutz"},"content":{"rendered":"<p data-start=\"1586\" data-end=\"1981\">Diese ma\u00dfgeschneiderten hitzebest\u00e4ndigen BBQ-Grillhandschuhe eignen sich zum Grillen, Backen, Braten, R\u00e4uchern und f\u00fcr allgemeine Aufgaben in der K\u00fcche oder beim Kochen im Freien, bei denen gro\u00dfe Hitze herrscht. Sie sind mit einer flexiblen Strickstruktur und einem rutschfesten Silikonmuster auf beiden Seiten ausgestattet und helfen dem Benutzer, hei\u00dfes Kochgeschirr, Ofenbleche, Grilldeckel, Grillwerkzeuge und andere erhitzte Oberfl\u00e4chen mit besserem Griff und besserer Kontrolle zu handhaben.<\/p>\n<p data-start=\"1983\" data-end=\"2324\">Die Oberfl\u00e4che des Handschuhs besteht aus hitzebest\u00e4ndigem Silikon auf der Handfl\u00e4che, den Fingern und den wichtigsten Kontaktbereichen, um die Stabilit\u00e4t zu verbessern und das Risiko des Abrutschens zu verringern. Die lange Stulpe bietet zus\u00e4tzlichen Schutz f\u00fcr das Handgelenk und den unteren Unterarm und sch\u00fctzt den Anwender, wenn er in den Ofen greift, den Grill einstellt oder bei gro\u00dfer Hitze arbeitet.<\/p>\n<p data-start=\"2326\" data-end=\"2655\">Diese Handschuhe sind sowohl f\u00fcr Links- als auch f\u00fcr Rechtsh\u00e4nder geeignet, was sie f\u00fcr unterschiedliche Kochgewohnheiten und Arbeitsumgebungen geeignet macht. Ihre dehnbare Konstruktion sorgt f\u00fcr eine bequeme Passform bei einer Vielzahl von Handgr\u00f6\u00dfen, w\u00e4hrend das strukturierte Au\u00dfenmuster dem Produkt ein unverwechselbares Aussehen f\u00fcr den Einzelhandel und Werbezwecke verleiht.<\/p>\n<p data-start=\"2657\" data-end=\"2911\">Sie eignen sich hervorragend f\u00fcr Grillwerbung, Kampagnen zum Kochen im Freien, K\u00fcchenzubeh\u00f6r-Kollektionen, Camping-Geschenksets und Markenartikel f\u00fcr die Saison. Sie k\u00f6nnen mit einem individuellen Logo versehen werden, um ein praktisches, wiederverwendbares Produkt mit t\u00e4glicher Sichtbarkeit zu schaffen.<\/p>\n<p data-start=\"2913\" data-end=\"3383\"><strong data-start=\"2913\" data-end=\"2929\">Wesentliche Merkmale<\/strong><br data-start=\"2929\" data-end=\"2932\" \/>Hitzebest\u00e4ndige BBQ-Grillhandschuhe<br data-start=\"2963\" data-end=\"2966\" \/>Texturierter Silikongriff auf beiden Seiten<br data-start=\"3002\" data-end=\"3005\" \/>Erweiterte Abdeckung von Handgelenk und Unterarm<br data-start=\"3040\" data-end=\"3043\" \/>Flexible und dehnbare Strickkonstruktion<br data-start=\"3085\" data-end=\"3088\" \/>Geeignet zum Grillen, Backen, Braten und R\u00e4uchern<br data-start=\"3140\" data-end=\"3143\" \/>Entworfen f\u00fcr den Gebrauch mit der linken oder rechten Hand<br data-start=\"3183\" data-end=\"3186\" \/>Bequeme Passform f\u00fcr den allgemeinen t\u00e4glichen Gebrauch beim Kochen<br data-start=\"3231\" data-end=\"3234\" \/>Logo-Anpassung verf\u00fcgbar<br data-start=\"3262\" data-end=\"3265\" \/>Geeignet f\u00fcr Werbegeschenke und Grillkollektionen im Einzelhandel<br data-start=\"3327\" data-end=\"3330\" \/>Wiederverwendbar und praktisch f\u00fcr das Kochen drinnen und drau\u00dfen<\/p>\n<p data-start=\"3385\" data-end=\"4127\"><strong data-start=\"3385\" data-end=\"3403\">Spezifikationen<\/strong><br data-start=\"3403\" data-end=\"3406\" \/>Produkttyp: Hitzebest\u00e4ndige Grillhandschuhe<br data-start=\"3447\" data-end=\"3450\" \/>Material: Hitzebest\u00e4ndiges Gewebe mit Silikongriffmuster<br data-start=\"3508\" data-end=\"3511\" \/>Abgebildete Farboptionen: Rot, Orange, Blau, Schwarz Muster<br data-start=\"3571\" data-end=\"3574\" \/>Verwendung: BBQ, Ofen, Raucher, Backen, Braten, K\u00fcche, Kamin, Camping Kochen<br data-start=\"3653\" data-end=\"3656\" \/>Handfl\u00e4chenbreite: 20 cm \/ 7.87 in<br data-start=\"3683\" data-end=\"3686\" \/>Handschuhl\u00e4nge: 20 cm \/ 7.87 in<br data-start=\"3715\" data-end=\"3718\" \/>L\u00e4nge des Handgelenks: 13 cm \/ 5.12 in<br data-start=\"3747\" data-end=\"3750\" \/>Breite der Manschette in gestrecktem Zustand: 17 cm \/ 6.7 in<br data-start=\"3791\" data-end=\"3794\" \/>Langer Abschnitt am Handgelenk: 10 cm \/ 3.94 in<br data-start=\"3829\" data-end=\"3832\" \/>Design: F\u00fcnf-Finger-Handschuh mit Vollsilikon-Griffmuster<br data-start=\"3889\" data-end=\"3892\" \/>Passform: Dehnbar, allgemeine Passform in Einheitsgr\u00f6\u00dfe<br data-start=\"3930\" data-end=\"3933\" \/>Logo-Anpassung: Verf\u00fcgbar<br data-start=\"3962\" data-end=\"3965\" \/>Hitzebest\u00e4ndigkeit wie im Bild des Lieferanten gezeigt: Bis zu 800\u00b0C \/ 1472\u00b0F<br data-start=\"4026\" data-end=\"4029\" \/>Anwendung: Grillen, Backen im Ofen, Barbecue, R\u00e4uchern, Braten, Handhabung von Kochgeschirr<br data-start=\"4111\" data-end=\"4114\" \/>Herkunft: China<\/p>\n<p data-start=\"4129\" data-end=\"4566\"><strong data-start=\"4129\" data-end=\"4156\">Warum dieses Produkt w\u00e4hlen<\/strong><br data-start=\"4156\" data-end=\"4159\" \/>Dieses Produkt vereint Hitzeschutz, bessere Griffigkeit und flexible Alltagstauglichkeit in einem praktischen Grillzubeh\u00f6r. Das Silikonmuster verbessert die Kontrolle beim Hantieren mit hei\u00dfen Gegenst\u00e4nden, w\u00e4hrend die verl\u00e4ngerte Manschette zus\u00e4tzlichen Schutz um das Handgelenk bietet. Als individuelles Produkt eignet es sich gut f\u00fcr Marken-Outdoor-Promotions, den Verkauf von K\u00fcchenzubeh\u00f6r und Geschenkprogramme, die sich auf Koch- und Lifestyle-Produkte konzentrieren.<\/p>\n<p data-start=\"4568\" data-end=\"4879\"><strong data-start=\"4568\" data-end=\"4581\">Ideal f\u00fcr<\/strong><br data-start=\"4581\" data-end=\"4584\" \/>Barbecue-Aktionen<br data-start=\"4603\" data-end=\"4606\" \/>Kampagnen zum Kochen im Freien<br data-start=\"4631\" data-end=\"4634\" \/>Geschenksets f\u00fcr Camping und Picknick<br data-start=\"4662\" data-end=\"4665\" \/>K\u00fcchenzubeh\u00f6r-Kollektionen<br data-start=\"4694\" data-end=\"4697\" \/>Werbegeschenke f\u00fcr Unternehmen<br data-start=\"4716\" data-end=\"4719\" \/>Saisonale Verkaufsf\u00f6rderungsma\u00dfnahmen<br data-start=\"4745\" data-end=\"4748\" \/>Geschenkprogramme zum Vatertag<br data-start=\"4774\" data-end=\"4777\" \/>Waren f\u00fcr den Kochkurs<br data-start=\"4802\" data-end=\"4805\" \/>Gastgewerbe und Lifestyle-Branding<br data-start=\"4839\" data-end=\"4842\" \/>Werbeartikel f\u00fcr Haushalt und K\u00fcche<\/p>\n<p data-start=\"4881\" data-end=\"4888\"><strong data-start=\"4881\" data-end=\"4888\">FAQ<\/strong><\/p>\n<p data-start=\"4890\" data-end=\"5040\"><strong data-start=\"4890\" data-end=\"4943\">K\u00f6nnen diese Grillhandschuhe mit einem Logo versehen werden?<\/strong><br data-start=\"4943\" data-end=\"4946\" \/>Ja. Die Logoanpassung ist f\u00fcr Branding, Werbekampagnen und Einzelhandelsprogramme m\u00f6glich.<\/p>\n<p data-start=\"5042\" data-end=\"5221\"><strong data-start=\"5042\" data-end=\"5094\">Sind diese Handschuhe zum Grillen geeignet?<\/strong><br data-start=\"5094\" data-end=\"5097\" \/>Ja, sie sind f\u00fcr den Umgang mit hei\u00dfen Grillwerkzeugen, Kochgeschirr und Grillzubeh\u00f6r beim Grillen und Kochen im Freien gedacht.<\/p>\n<p data-start=\"5223\" data-end=\"5368\"><strong data-start=\"5223\" data-end=\"5265\">Sind die Handschuhe mit einer rutschfesten Oberfl\u00e4che ausgestattet?<\/strong><br data-start=\"5265\" data-end=\"5268\" \/>Ja. Die Handschuhe sind auf beiden Seiten mit einem Silikon-Griffmuster versehen, um die Kontrolle zu verbessern und ein Abrutschen zu verhindern.<\/p>\n<p data-start=\"5370\" data-end=\"5513\"><strong data-start=\"5370\" data-end=\"5416\">K\u00f6nnen diese Handschuhe zum Garen im Ofen verwendet werden?<\/strong><br data-start=\"5416\" data-end=\"5419\" \/>Ja, sie eignen sich f\u00fcr Back\u00f6fen, Backbleche, Bratpfannen und anderes hei\u00dfes Kochgeschirr.<\/p>\n<p data-start=\"5515\" data-end=\"5676\"><strong data-start=\"5515\" data-end=\"5558\">Sch\u00fctzen sie auch den Handgelenksbereich?<\/strong><br data-start=\"5558\" data-end=\"5561\" \/>Ja. Die Handschuhe haben ein verl\u00e4ngertes Handgelenk, das zus\u00e4tzlichen Schutz f\u00fcr das Handgelenk und den unteren Unterarm bietet.<\/p>\n<p data-start=\"5678\" data-end=\"5773\"><strong data-start=\"5678\" data-end=\"5714\">Sind diese Handschuhe f\u00fcr beide H\u00e4nde geeignet?<\/strong><br data-start=\"5714\" data-end=\"5717\" \/>Ja, sie sind so konzipiert, dass sie mit beiden H\u00e4nden benutzt werden k\u00f6nnen.<\/p>\n<p data-start=\"5775\" data-end=\"5888\"><strong data-start=\"5775\" data-end=\"5800\">Sind sie dehnbar?<\/strong><br data-start=\"5800\" data-end=\"5803\" \/>Ja. Die Strickkonstruktion ist flexibel und dehnbar und sorgt f\u00fcr eine bequeme allgemeine Passform.<\/p>\n<p data-start=\"5890\" data-end=\"6072\"><strong data-start=\"5890\" data-end=\"5942\">F\u00fcr welche Anwendungen sind diese Handschuhe geeignet?<\/strong><br data-start=\"5942\" data-end=\"5945\" \/>Sie eignen sich zum Grillen, Backen, Braten, R\u00e4uchern, f\u00fcr den Backofen, f\u00fcr die K\u00fcche und f\u00fcr einige Aufgaben am Kamin oder im Lager.<\/p>\n<p data-start=\"6074\" data-end=\"6196\"><strong data-start=\"6074\" data-end=\"6120\">Sind mehrere Farben oder Muster erh\u00e4ltlich?<\/strong><br data-start=\"6120\" data-end=\"6123\" \/>Ja. Die Abbildungen des Lieferanten zeigen verschiedene Silikonmuster und -farben.<\/p>","protected":false},"excerpt":{"rendered":"<p>Diese hitzebest\u00e4ndigen BBQ-Grillhandschuhe wurden f\u00fcr eine sicherere Handhabung von hei\u00dfen Grills, Smokern, \u00d6fen und Kochgeschirr entwickelt. Hergestellt mit einem flexiblen Strick K\u00f6rper und strukturierte Silikongriff auf beiden Seiten, sie helfen, die Kontrolle zu verbessern, wenn hei\u00dfe Tabletts heben, Drehen Grillwerkzeuge, oder die Handhabung Kochgeschirr bei Innen- und Au\u00dfenkochen. Mit ihrer erweiterten Abdeckung des Handgelenks und der M\u00f6glichkeit, das Logo individuell zu gestalten, sind sie eine praktische Wahl f\u00fcr Werbegeschenke, Grillzubeh\u00f6r und Outdoor-Kochprodukte mit Markenzeichen.<\/p>","protected":false},"featured_media":47400,"template":"","meta":{"_gspb_post_css":""},"product_brand":[],"product_cat":[30],"product_tag":[],"class_list":{"0":"post-47399","1":"product","2":"type-product","3":"status-publish","4":"has-post-thumbnail","6":"product_cat-home-pets-tools","8":"first","9":"instock","10":"shipping-taxable","11":"product-type-simple"},"_links":{"self":[{"href":"https:\/\/globalgiftsupplier.com\/de\/wp-json\/wp\/v2\/product\/47399","targetHints":{"allow":["GET"]}}],"collection":[{"href":"https:\/\/globalgiftsupplier.com\/de\/wp-json\/wp\/v2\/product"}],"about":[{"href":"https:\/\/globalgiftsupplier.com\/de\/wp-json\/wp\/v2\/types\/product"}],"wp:featuredmedia":[{"embeddable":true,"href":"https:\/\/globalgiftsupplier.com\/de\/wp-json\/wp\/v2\/media\/47400"}],"wp:attachment":[{"href":"https:\/\/globalgiftsupplier.com\/de\/wp-json\/wp\/v2\/media?parent=47399"}],"wp:term":[{"taxonomy":"product_brand","embeddable":true,"href":"https:\/\/globalgiftsupplier.com\/de\/wp-json\/wp\/v2\/product_brand?post=47399"},{"taxonomy":"product_cat","embeddable":true,"href":"https:\/\/globalgiftsupplier.com\/de\/wp-json\/wp\/v2\/product_cat?post=47399"},{"taxonomy":"product_tag","embeddable":true,"href":"https:\/\/globalgiftsupplier.com\/de\/wp-json\/wp\/v2\/product_tag?post=47399"}],"curies":[{"name":"wp","href":"https:\/\/api.w.org\/{rel}","templated":true}]}}