{"id":47360,"date":"2026-03-30T09:08:01","date_gmt":"2026-03-30T09:08:01","guid":{"rendered":"https:\/\/globalgiftsupplier.com\/?post_type=product&#038;p=47360"},"modified":"2026-03-30T09:08:01","modified_gmt":"2026-03-30T09:08:01","slug":"custom-retractable-dog-leash-with-soft-grip-handle-and-logo","status":"publish","type":"product","link":"https:\/\/globalgiftsupplier.com\/de\/product\/custom-retractable-dog-leash-with-soft-grip-handle-and-logo\/","title":{"rendered":"Individuelle einziehbare Hundeleine mit Softgrip-Griff und Logo"},"content":{"rendered":"<p data-start=\"1538\" data-end=\"1948\">Diese individuell gestaltete, einziehbare Hundeleine ist ein praktisches und einfach zu bedienendes Accessoire f\u00fcr den t\u00e4glichen Spaziergang, f\u00fcr den Einsatz im Freien und f\u00fcr Werbeaktionen f\u00fcr Haustiere. Sie verf\u00fcgt \u00fcber ein kompaktes, einziehbares Geh\u00e4use, einen bequemen Softgrip-Griff und einen starken Metallhaken zur schnellen Befestigung an einem Halsband oder Geschirr. Das einziehbare Design sorgt daf\u00fcr, dass die Leine ordentlich bleibt, w\u00e4hrend sie dem Haustier bei Spazierg\u00e4ngen kontrollierte Freiheit bietet.<\/p>\n<p data-start=\"1950\" data-end=\"2426\">Die Leine ist so konzipiert, dass sie bequem mit einer Hand bedient werden kann. Dank der Schnellverriegelungs-, Pausen- und Entriegelungsfunktion kann der Besitzer die Leinenl\u00e4nge beim Spazierengehen leichter anpassen. Die 360\u00b0-verknotungsfreie Bewegung reduziert das Verdrehen w\u00e4hrend des Gebrauchs und eignet sich f\u00fcr t\u00e4gliche Spazierg\u00e4nge, leichtes Joggen, Ausfl\u00fcge in den Park und andere Aktivit\u00e4ten mit Haustieren im Freien. Der ergonomische, rutschfeste Griff sorgt f\u00fcr einen sicheren und bequemen Halt bei l\u00e4ngerem Gebrauch.<\/p>\n<p data-start=\"2428\" data-end=\"2825\">Dieses Produkt ist in den L\u00e4ngen 3M und 5M erh\u00e4ltlich, um unterschiedlichen Laufgewohnheiten und Tiergr\u00f6\u00dfen gerecht zu werden. Die 3M-Variante ist f\u00fcr Haustiere bis zu einem Gewicht von ca. 22 Pfund geeignet, w\u00e4hrend die 5M-Variante f\u00fcr Haustiere bis zu ca. 33 Pfund geeignet ist. Die Leine ist f\u00fcr Langlebigkeit und Alltagstauglichkeit ausgelegt und bietet eine n\u00fctzliche Kombination aus Kontrolle, Komfort und Sicherheit f\u00fcr Haustierbesitzer.<\/p>\n<p data-start=\"2827\" data-end=\"3144\">Mit einer sichtbaren Vorderseite f\u00fcr den individuellen Logodruck ist diese einziehbare Leine auch ein starker Werbeartikel f\u00fcr Zoohandlungen, Tierkliniken, Hundepflegesalons, Tieradoptionsveranstaltungen und Tierpflegemarken. Es ist ein funktionelles Werbegeschenk und ein praktisches Produkt f\u00fcr den Einzelhandel, das Ihre Marke bei regelm\u00e4\u00dfigem Gebrauch sichtbar macht.<\/p>\n<p data-start=\"3146\" data-end=\"3599\"><strong data-start=\"3146\" data-end=\"3162\">Wesentliche Merkmale<\/strong><br data-start=\"3162\" data-end=\"3165\" \/>Weicher, ergonomisch geformter Griff<br data-start=\"3191\" data-end=\"3194\" \/>Einziehbare Leine f\u00fcr den t\u00e4glichen Gebrauch<br data-start=\"3232\" data-end=\"3235\" \/>Schnelles Sperren, Anhalten und Entsperren der Steuerung<br data-start=\"3272\" data-end=\"3275\" \/>360\u00b0 verhedderungsfreie Bewegung<br data-start=\"3300\" data-end=\"3303\" \/>Leichtg\u00e4ngiges Aus- und Einziehen der Leine<br data-start=\"3340\" data-end=\"3343\" \/>Starke Nylonleine f\u00fcr lange Haltbarkeit<br data-start=\"3376\" data-end=\"3379\" \/>Sichere Befestigung mit Metallhaken<br data-start=\"3407\" data-end=\"3410\" \/>Kundenspezifischer Logodruck m\u00f6glich<br data-start=\"3440\" data-end=\"3443\" \/>Erh\u00e4ltlich in den Ausf\u00fchrungen 3M und 5M<br data-start=\"3473\" data-end=\"3476\" \/>Geeignet f\u00fcr kleine Haustiere und t\u00e4gliche Spazierg\u00e4nge<br data-start=\"3517\" data-end=\"3520\" \/>Mehrere Farboptionen verf\u00fcgbar<br data-start=\"3552\" data-end=\"3555\" \/>Gut geeignet f\u00fcr Einzelhandels- und Werbeprogramme f\u00fcr Haustiere<\/p>\n<p data-start=\"3601\" data-end=\"4276\"><strong data-start=\"3601\" data-end=\"3619\">Spezifikationen<\/strong><br data-start=\"3619\" data-end=\"3622\" \/>Produkttyp: Einziehbare Hundeleine<br data-start=\"3657\" data-end=\"3660\" \/>Material: Kunststoffgeh\u00e4use, Nylonleine, Metallhaken, TPE-Anti-Rutsch-Griff<br data-start=\"3732\" data-end=\"3735\" \/>Optionen f\u00fcr die Leinenl\u00e4nge: 3M \/ 5M<br data-start=\"3764\" data-end=\"3767\" \/>3M Gr\u00f6\u00dfe: Ca. 13 x 8,8 cm<br data-start=\"3795\" data-end=\"3798\" \/>5M Gr\u00f6\u00dfe: Ca. 15 x 11 cm<br data-start=\"3825\" data-end=\"3828\" \/>Empfohlenes Haustiergewicht f\u00fcr 3M: Bis zu 22 lbs <br data-start=\"3907\" data-end=\"3910\" \/>Empfohlenes Gewicht des Haustiers f\u00fcr 5M: bis zu 33 lbs <br data-start=\"3989\" data-end=\"3992\" \/>Farboptionen: Blau, Rosa, Rot, Gr\u00fcn, Gelb<br data-start=\"4037\" data-end=\"4040\" \/>Griff-Stil: Ergonomischer Softgriff<br data-start=\"4073\" data-end=\"4076\" \/>Art der Steuerung: Sperren\/Pause\/Entsperren-Taste<br data-start=\"4118\" data-end=\"4121\" \/>Typ des Hakens: Metall-Drehclip<br data-start=\"4149\" data-end=\"4152\" \/>Druckverfahren: Siebdruck\/Tampondruck<br data-start=\"4193\" data-end=\"4196\" \/>Impressum Position: Vorderseite<br data-start=\"4225\" data-end=\"4228\" \/>Herkunft: China<br data-start=\"4241\" data-end=\"4244\" \/>Produktionszeit: 15 Arbeitstage<\/p>\n<p data-start=\"4278\" data-end=\"4692\"><strong data-start=\"4278\" data-end=\"4305\">Warum dieses Produkt w\u00e4hlen<\/strong><br data-start=\"4305\" data-end=\"4308\" \/>Diese einziehbare Hundeleine vereint Komfort, Kontrolle und Markenwert in einem n\u00fctzlichen Alltagsprodukt. Sie liegt gut in der Hand, ist einfach zu bedienen und eignet sich f\u00fcr den wiederholten t\u00e4glichen Gebrauch, was sie zu einer guten Wahl f\u00fcr haustierbezogene Werbeaktionen und Einzelhandelsverk\u00e4ufe macht. Da Haustierbesitzer die Leine regelm\u00e4\u00dfig benutzen, kann Ihr Logo auf einem praktischen Gegenstand, den die Menschen behalten und benutzen, wiederholt und langfristig pr\u00e4sentiert werden.<\/p>\n<p data-start=\"4694\" data-end=\"4939\"><strong data-start=\"4694\" data-end=\"4707\">Ideal f\u00fcr<\/strong><br data-start=\"4707\" data-end=\"4710\" \/>Tierhandlungen<br data-start=\"4720\" data-end=\"4723\" \/>Veterin\u00e4rkliniken<br data-start=\"4741\" data-end=\"4744\" \/>Hundefriseursalons<br data-start=\"4763\" data-end=\"4766\" \/>Marken f\u00fcr Heimtierprodukte<br data-start=\"4781\" data-end=\"4784\" \/>Hundeausf\u00fchrdienste<br data-start=\"4804\" data-end=\"4807\" \/>Veranstaltungen zur Adoption von Haustieren<br data-start=\"4826\" data-end=\"4829\" \/>Tierheime<br data-start=\"4844\" data-end=\"4847\" \/>Werbegeschenksets f\u00fcr Haustiere<br data-start=\"4872\" data-end=\"4875\" \/>Einzelhandelskollektionen f\u00fcr Haustierzubeh\u00f6r<br data-start=\"4907\" data-end=\"4910\" \/>Kampagnen f\u00fcr Markenprodukte f\u00fcr Haustiere<\/p>\n<p data-start=\"4941\" data-end=\"4948\"><strong data-start=\"4941\" data-end=\"4948\">FAQ<\/strong><\/p>\n<p data-start=\"4950\" data-end=\"5089\"><strong data-start=\"4950\" data-end=\"4999\">Kann diese Hundeleine mit einem Logo versehen werden?<\/strong><br data-start=\"4999\" data-end=\"5002\" \/>Ja, die Vorderseite kann mit Ihrem Logo, Markennamen oder Werbemotiv bedruckt werden.<\/p>\n<p data-start=\"5091\" data-end=\"5179\"><strong data-start=\"5091\" data-end=\"5128\">Welche Leinenl\u00e4ngen gibt es?<\/strong><br data-start=\"5128\" data-end=\"5131\" \/>Dieses Produkt ist in den Ausf\u00fchrungen 3M und 5M erh\u00e4ltlich.<\/p>\n<p data-start=\"5181\" data-end=\"5375\"><strong data-start=\"5181\" data-end=\"5219\">F\u00fcr welche Haustiergr\u00f6\u00dfen ist es geeignet?<\/strong><br data-start=\"5219\" data-end=\"5222\" \/>Die 3M-Version ist f\u00fcr Haustiere bis zu einem Gewicht von ca. 22 Pfund geeignet, die 5M-Version f\u00fcr Haustiere bis zu ca. 33 Pfund.<\/p>\n<p data-start=\"5377\" data-end=\"5539\"><strong data-start=\"5377\" data-end=\"5413\">Verf\u00fcgt es \u00fcber eine Sperrfunktion?<\/strong><br data-start=\"5413\" data-end=\"5416\" \/>Ja. Er verf\u00fcgt \u00fcber eine Schnellverriegelung, Pause und Entriegelung f\u00fcr eine einfache Einhandbedienung.<\/p>\n<p data-start=\"5541\" data-end=\"5721\"><strong data-start=\"5541\" data-end=\"5588\">Kann sich die Leine beim Gehen leicht verdrehen?<\/strong><br data-start=\"5588\" data-end=\"5591\" \/>Sie ist mit einem 360\u00b0-Bewegungssystem ausgestattet, das ein Verdrehen w\u00e4hrend des Spaziergangs verhindert.<\/p>\n<p data-start=\"5723\" data-end=\"5898\"><strong data-start=\"5723\" data-end=\"5763\">Welches Material wird f\u00fcr die Leine verwendet?<\/strong><br data-start=\"5763\" data-end=\"5766\" \/>Sie besteht aus einem Kunststoffgeh\u00e4use, einer strapazierf\u00e4higen Nylonleine, einem Metallhaken und einem rutschfesten TPE-Griff.<\/p>\n<p data-start=\"5900\" data-end=\"6082\"><strong data-start=\"5900\" data-end=\"5944\">Ist der Griff f\u00fcr den t\u00e4glichen Gebrauch bequem?<\/strong><br data-start=\"5944\" data-end=\"5947\" \/>Ja. Der Griff ist so geformt, dass er bequem in der Hand liegt und ein Abrutschen w\u00e4hrend des Gebrauchs verhindert.<\/p>\n<p data-start=\"6084\" data-end=\"6187\"><strong data-start=\"6084\" data-end=\"6114\">Welche Farben gibt es?<\/strong><br data-start=\"6114\" data-end=\"6117\" \/>\u00dcbliche Farboptionen sind blau, rosa, rot, gr\u00fcn und gelb.<\/p>\n<p data-start=\"6189\" data-end=\"6351\"><strong data-start=\"6189\" data-end=\"6234\">Ist dieses Produkt f\u00fcr Werbezwecke geeignet?<\/strong><br data-start=\"6234\" data-end=\"6237\" \/>Ja, es ist ein n\u00fctzliches Markenartikel-Accessoire f\u00fcr Zoohandlungen, Tierarztpraxen, Tierpflegebetriebe und Werbekampagnen.<\/p>","protected":false},"excerpt":{"rendered":"<p>Diese ma\u00dfgefertigte, einziehbare Hundeleine wurde f\u00fcr komfortable t\u00e4gliche Spazierg\u00e4nge mit einem weichen, ergonomischen Griff, einem sicheren Metallhaken und einer einfachen Einhandbedienung entwickelt. Erh\u00e4ltlich in 3M und 5M Optionen, bietet sie eine reibungslose Leinenverl\u00e4ngerung und zuverl\u00e4ssige Handhabung f\u00fcr kleine Haustiere. Mit einer sauberen Logofl\u00e4che und mehreren hellen Farben ist sie ein praktisches Markenprodukt f\u00fcr Zoohandlungen, Pflegesalons, Tierkliniken und Werbekampagnen f\u00fcr Haustiere.<\/p>","protected":false},"featured_media":47361,"template":"","meta":{"_gspb_post_css":""},"product_brand":[],"product_cat":[30],"product_tag":[],"class_list":{"0":"post-47360","1":"product","2":"type-product","3":"status-publish","4":"has-post-thumbnail","6":"product_cat-home-pets-tools","8":"first","9":"instock","10":"shipping-taxable","11":"product-type-simple"},"_links":{"self":[{"href":"https:\/\/globalgiftsupplier.com\/de\/wp-json\/wp\/v2\/product\/47360","targetHints":{"allow":["GET"]}}],"collection":[{"href":"https:\/\/globalgiftsupplier.com\/de\/wp-json\/wp\/v2\/product"}],"about":[{"href":"https:\/\/globalgiftsupplier.com\/de\/wp-json\/wp\/v2\/types\/product"}],"wp:featuredmedia":[{"embeddable":true,"href":"https:\/\/globalgiftsupplier.com\/de\/wp-json\/wp\/v2\/media\/47361"}],"wp:attachment":[{"href":"https:\/\/globalgiftsupplier.com\/de\/wp-json\/wp\/v2\/media?parent=47360"}],"wp:term":[{"taxonomy":"product_brand","embeddable":true,"href":"https:\/\/globalgiftsupplier.com\/de\/wp-json\/wp\/v2\/product_brand?post=47360"},{"taxonomy":"product_cat","embeddable":true,"href":"https:\/\/globalgiftsupplier.com\/de\/wp-json\/wp\/v2\/product_cat?post=47360"},{"taxonomy":"product_tag","embeddable":true,"href":"https:\/\/globalgiftsupplier.com\/de\/wp-json\/wp\/v2\/product_tag?post=47360"}],"curies":[{"name":"wp","href":"https:\/\/api.w.org\/{rel}","templated":true}]}}