{"id":47340,"date":"2026-03-30T09:03:37","date_gmt":"2026-03-30T09:03:37","guid":{"rendered":"https:\/\/globalgiftsupplier.com\/?post_type=product&#038;p=47340"},"modified":"2026-03-30T09:03:37","modified_gmt":"2026-03-30T09:03:37","slug":"custom-30-oz-stainless-steel-insulated-tumbler-with-lid","status":"publish","type":"product","link":"https:\/\/globalgiftsupplier.com\/de\/product\/custom-30-oz-stainless-steel-insulated-tumbler-with-lid\/","title":{"rendered":"Benutzerdefinierte 30 oz Edelstahl isoliert Becher mit Deckel"},"content":{"rendered":"<p data-start=\"1582\" data-end=\"1992\">Dieser kundenspezifische isolierte 30-Unzen-Edelstahlbecher ist ein praktisches und gut sichtbares Trinkgef\u00e4\u00df f\u00fcr den t\u00e4glichen Gebrauch zu Hause, im B\u00fcro, unterwegs und auf Reisen. Sein gro\u00dfes Fassungsverm\u00f6gen Design macht es geeignet f\u00fcr die Aufnahme von Kaffee, Tee, Wasser, Saft, eisgek\u00fchlte Getr\u00e4nke und andere allt\u00e4gliche Getr\u00e4nke, w\u00e4hrend die saubere \u00e4u\u00dfere Oberfl\u00e4che bietet einen ausgezeichneten Platz f\u00fcr Logo-Anpassung.<\/p>\n<p data-start=\"1994\" data-end=\"2417\">Der Becher hat ein robustes Geh\u00e4use aus Edelstahl und ein schlichtes, modernes Profil, das sich sowohl f\u00fcr zwanglose als auch f\u00fcr professionelle Umgebungen eignet. Sein wiederverwendbares Design macht ihn zu einer guten Wahl f\u00fcr Marken, die ein n\u00fctzliches Werbeprodukt w\u00fcnschen, das Kunden immer wieder verwenden k\u00f6nnen. Ob auf dem Schreibtisch, im Auto oder bei Outdoor-Aktivit\u00e4ten, dieser Becher sorgt daf\u00fcr, dass Ihr Branding den ganzen Tag \u00fcber sichtbar bleibt.<\/p>\n<p data-start=\"2419\" data-end=\"2808\">Der mitgelieferte Deckel macht das Trinken im Alltag bequemer und hilft, Spritzer bei normalem Gebrauch zu vermeiden. Durch den sich verj\u00fcngenden unteren Teil liegt der Becher au\u00dferdem besser in der Hand und eignet sich besser f\u00fcr die Verwendung als Becherhalter, was ihn f\u00fcr Pendler und Reisende noch praktischer macht. Dank der verschiedenen Farboptionen kann der Becher an unterschiedliche Branding-Stile, Veranstaltungsthemen und saisonale Werbeaktionen angepasst werden.<\/p>\n<p data-start=\"2810\" data-end=\"3100\">Dieser Edelstahlbecher eignet sich gut f\u00fcr Firmengeschenke, Begr\u00fc\u00dfungspakete f\u00fcr Mitarbeiter, Messegeschenke, Einzelhandelsprogramme, Caf\u00e9artikel, Werbekampagnen und Lifestyle-Kollektionen mit Markenzeichen. Er bietet ein Gleichgewicht aus Funktionalit\u00e4t, einfacher Pr\u00e4sentation und langfristigem Markenwert.<\/p>\n<p data-start=\"3102\" data-end=\"3499\"><strong data-start=\"3102\" data-end=\"3118\">Wesentliche Merkmale<\/strong><br data-start=\"3118\" data-end=\"3121\" \/>30 oz Becher mit gro\u00dfem Fassungsverm\u00f6gen<br data-start=\"3156\" data-end=\"3159\" \/>Konstruktion aus rostfreiem Stahl<br data-start=\"3187\" data-end=\"3190\" \/>Wiederverwendbares Trinkgeschirr f\u00fcr den t\u00e4glichen Gebrauch<br data-start=\"3222\" data-end=\"3225\" \/>Kundenspezifischer Logodruck m\u00f6glich<br data-start=\"3255\" data-end=\"3258\" \/>Inklusive Deckel zum bequemen Schl\u00fcrfen<br data-start=\"3293\" data-end=\"3296\" \/>Glatte, moderne \u00e4u\u00dfere Oberfl\u00e4che<br data-start=\"3322\" data-end=\"3325\" \/>Verj\u00fcngter unterer Sockel f\u00fcr den praktischen t\u00e4glichen Gebrauch<br data-start=\"3370\" data-end=\"3373\" \/>Geeignet f\u00fcr hei\u00dfe und kalte Getr\u00e4nke<br data-start=\"3408\" data-end=\"3411\" \/>Erh\u00e4ltlich in mehreren Farboptionen<br data-start=\"3446\" data-end=\"3449\" \/>Gut geeignet f\u00fcr B\u00fcro, Pendler, Reisen und Werbegeschenke<\/p>\n<p data-start=\"3501\" data-end=\"3898\"><strong data-start=\"3501\" data-end=\"3519\">Spezifikationen<\/strong><br data-start=\"3519\" data-end=\"3522\" \/>Produkttyp: Becher aus rostfreiem Stahl<br data-start=\"3559\" data-end=\"3562\" \/>Fassungsverm\u00f6gen: 30 Unzen<br data-start=\"3577\" data-end=\"3580\" \/>Material: Rostfreier Stahl<br data-start=\"3605\" data-end=\"3608\" \/>Deckeltyp: Klarer Schiebedeckel<br data-start=\"3635\" data-end=\"3638\" \/>Farboptionen: Mehrere Farben verf\u00fcgbar<br data-start=\"3678\" data-end=\"3681\" \/>Ausf\u00fchrung: Au\u00dfen glatt beschichtet<br data-start=\"3711\" data-end=\"3714\" \/>Druckverfahren: Siebdruck \/ Lasergravur verf\u00fcgbar<br data-start=\"3768\" data-end=\"3771\" \/>Impressum Position: Vorderseite \/ K\u00f6rper<br data-start=\"3801\" data-end=\"3804\" \/>Verwendung: Kaffee, Tee, Wasser, Saft, eisgek\u00fchlte Getr\u00e4nke<br data-start=\"3847\" data-end=\"3850\" \/>Herkunft: China<br data-start=\"3863\" data-end=\"3866\" \/>Produktionszeit: 15 Arbeitstage<\/p>\n<p data-start=\"3900\" data-end=\"4227\"><strong data-start=\"3900\" data-end=\"3927\">Warum dieses Produkt w\u00e4hlen<\/strong><br data-start=\"3927\" data-end=\"3930\" \/>Dieser Becher bietet einen praktischen Alltagsnutzen, eine gro\u00dfe Werbefl\u00e4che und ein wiederverwendbares Design, mit dem Ihr Logo immer im Blickfeld bleibt. Sein Fassungsverm\u00f6gen von 30 oz, seine schlichte Form und die vielf\u00e4ltigen Farbm\u00f6glichkeiten machen ihn zu einer starken Werbegeschenkoption f\u00fcr Unternehmen, Veranstaltungen, Einzelhandelsprogramme und Firmengeschenke.<\/p>\n<p data-start=\"4229\" data-end=\"4458\"><strong data-start=\"4229\" data-end=\"4242\">Ideal f\u00fcr<\/strong><br data-start=\"4242\" data-end=\"4245\" \/>Geschenke f\u00fcr Unternehmen<br data-start=\"4260\" data-end=\"4263\" \/>Willkommenspakete f\u00fcr Mitarbeiter<br data-start=\"4284\" data-end=\"4287\" \/>Werbegeschenke f\u00fcr die Messe<br data-start=\"4307\" data-end=\"4310\" \/>Waren des Unternehmens<br data-start=\"4329\" data-end=\"4332\" \/>Werbung f\u00fcr Caf\u00e9s<br data-start=\"4354\" data-end=\"4357\" \/>Einzelhandelskollektionen f\u00fcr Getr\u00e4nke<br data-start=\"4385\" data-end=\"4388\" \/>Werbeaktionen f\u00fcr Reisen<br data-start=\"4405\" data-end=\"4408\" \/>Geschenke f\u00fcr Pendler<br data-start=\"4422\" data-end=\"4425\" \/>Veranstaltungen im Freien<br data-start=\"4439\" data-end=\"4442\" \/>T\u00e4glicher B\u00fcrogebrauch<\/p>\n<p data-start=\"4460\" data-end=\"4467\"><strong data-start=\"4460\" data-end=\"4467\">FAQ<\/strong><\/p>\n<p data-start=\"4469\" data-end=\"4609\"><strong data-start=\"4469\" data-end=\"4516\">Kann dieser Trinkbecher mit einem Logo versehen werden?<\/strong><br data-start=\"4516\" data-end=\"4519\" \/>Ja, das Geh\u00e4use des Bechers kann mit Ihrem Logo, Markennamen oder Werbedesign versehen werden.<\/p>\n<p data-start=\"4611\" data-end=\"4689\"><strong data-start=\"4611\" data-end=\"4652\">Wie gro\u00df ist das Fassungsverm\u00f6gen dieses Bechers?<\/strong><br data-start=\"4652\" data-end=\"4655\" \/>Dieser Becher hat ein Fassungsverm\u00f6gen von 30 Unzen.<\/p>\n<p data-start=\"4691\" data-end=\"4760\"><strong data-start=\"4691\" data-end=\"4725\">Aus welchem Material ist es hergestellt?<\/strong><br data-start=\"4725\" data-end=\"4728\" \/>Er ist aus rostfreiem Stahl gefertigt.<\/p>\n<p data-start=\"4762\" data-end=\"4850\"><strong data-start=\"4762\" data-end=\"4790\">Ist ein Deckel dabei?<\/strong><br data-start=\"4790\" data-end=\"4793\" \/>Ja, er enth\u00e4lt einen durchsichtigen Deckel f\u00fcr den t\u00e4glichen Gebrauch.<\/p>\n<p data-start=\"4852\" data-end=\"4999\"><strong data-start=\"4852\" data-end=\"4900\">Kann er sowohl f\u00fcr hei\u00dfe als auch f\u00fcr kalte Getr\u00e4nke verwendet werden?<\/strong><br data-start=\"4900\" data-end=\"4903\" \/>Ja, er eignet sich sowohl f\u00fcr hei\u00dfe als auch f\u00fcr kalte Getr\u00e4nke wie Kaffee, Tee, Wasser und eisgek\u00fchlte Getr\u00e4nke.<\/p>\n<p data-start=\"5001\" data-end=\"5076\"><strong data-start=\"5001\" data-end=\"5030\">Ist dieser Trinkbecher wiederverwendbar?<\/strong><br data-start=\"5030\" data-end=\"5033\" \/>Ja, er ist f\u00fcr den wiederholten t\u00e4glichen Gebrauch konzipiert.<\/p>\n<p data-start=\"5078\" data-end=\"5206\"><strong data-start=\"5078\" data-end=\"5113\">Sind verschiedene Farben erh\u00e4ltlich?<\/strong><br data-start=\"5113\" data-end=\"5116\" \/>Ja. Es sind mehrere Farboptionen verf\u00fcgbar, die auf den Produktbildern und der Bestellungsauswahl basieren.<\/p>\n<p data-start=\"5208\" data-end=\"5378\"><strong data-start=\"5208\" data-end=\"5248\">Welche Druckverfahren gibt es?<\/strong><br data-start=\"5248\" data-end=\"5251\" \/>Zu den gebr\u00e4uchlichen Methoden der Personalisierung geh\u00f6ren Siebdruck und Lasergravur, je nach Ihren Vorlagen und Bestellanforderungen.<\/p>\n<p data-start=\"5380\" data-end=\"5543\"><strong data-start=\"5380\" data-end=\"5436\">Ist dies ein gutes Produkt f\u00fcr Werbeaktionen und Werbegeschenke?<\/strong><br data-start=\"5436\" data-end=\"5439\" \/>Ja, es ist eine gute Wahl f\u00fcr Werbekampagnen, Einzelhandelsverk\u00e4ufe, Firmengeschenke und Veranstaltungen mit Markenzeichen.<\/p>\n<p data-start=\"5545\" data-end=\"5721\"><strong data-start=\"5545\" data-end=\"5598\">Kann man diesen Becher f\u00fcr die Arbeit oder auf Reisen verwenden?<\/strong><br data-start=\"5598\" data-end=\"5601\" \/>Ja. Sein gro\u00dfes Fassungsverm\u00f6gen und seine praktische Form machen ihn zum idealen Begleiter f\u00fcr den Arbeitsweg, das B\u00fcro, die Reise und den Alltag.<\/p>","protected":false},"excerpt":{"rendered":"<p>Diese benutzerdefinierte 30 oz Edelstahl isoliert Becher ist f\u00fcr den t\u00e4glichen Gebrauch mit einem gro\u00dfen Fassungsverm\u00f6gen, wiederverwendbare Konstruktion und saubere moderne Form konzipiert. Mit einem sicheren Deckel, glatte \u00e4u\u00dfere Oberfl\u00e4che, und benutzerdefinierte Logo-Druckbereich, ist es ideal f\u00fcr Kaffee, Tee, Wasser, eisgek\u00fchlte Getr\u00e4nke, Pendeln, B\u00fcro verwenden, Reisen und Werbe-Branding. Erh\u00e4ltlich in einer breiten Palette von Farben, ist es ein praktischer Becher f\u00fcr Werbegeschenke, Einzelhandel und Firmengeschenke.<\/p>","protected":false},"featured_media":47341,"template":"","meta":{"_gspb_post_css":""},"product_brand":[],"product_cat":[25],"product_tag":[],"class_list":{"0":"post-47340","1":"product","2":"type-product","3":"status-publish","4":"has-post-thumbnail","6":"product_cat-drinkware","8":"first","9":"instock","10":"shipping-taxable","11":"product-type-simple"},"_links":{"self":[{"href":"https:\/\/globalgiftsupplier.com\/de\/wp-json\/wp\/v2\/product\/47340","targetHints":{"allow":["GET"]}}],"collection":[{"href":"https:\/\/globalgiftsupplier.com\/de\/wp-json\/wp\/v2\/product"}],"about":[{"href":"https:\/\/globalgiftsupplier.com\/de\/wp-json\/wp\/v2\/types\/product"}],"wp:featuredmedia":[{"embeddable":true,"href":"https:\/\/globalgiftsupplier.com\/de\/wp-json\/wp\/v2\/media\/47341"}],"wp:attachment":[{"href":"https:\/\/globalgiftsupplier.com\/de\/wp-json\/wp\/v2\/media?parent=47340"}],"wp:term":[{"taxonomy":"product_brand","embeddable":true,"href":"https:\/\/globalgiftsupplier.com\/de\/wp-json\/wp\/v2\/product_brand?post=47340"},{"taxonomy":"product_cat","embeddable":true,"href":"https:\/\/globalgiftsupplier.com\/de\/wp-json\/wp\/v2\/product_cat?post=47340"},{"taxonomy":"product_tag","embeddable":true,"href":"https:\/\/globalgiftsupplier.com\/de\/wp-json\/wp\/v2\/product_tag?post=47340"}],"curies":[{"name":"wp","href":"https:\/\/api.w.org\/{rel}","templated":true}]}}