{"id":47328,"date":"2026-03-30T08:59:43","date_gmt":"2026-03-30T08:59:43","guid":{"rendered":"https:\/\/globalgiftsupplier.com\/?post_type=product&#038;p=47328"},"modified":"2026-03-30T08:59:43","modified_gmt":"2026-03-30T08:59:43","slug":"custom-double-wall-stainless-steel-water-bottle-with-leak-proof-lid","status":"publish","type":"product","link":"https:\/\/globalgiftsupplier.com\/de\/product\/custom-double-wall-stainless-steel-water-bottle-with-leak-proof-lid\/","title":{"rendered":"Individuelle doppelwandige Edelstahl-Wasserflasche mit auslaufsicherem Deckel"},"content":{"rendered":"<p data-start=\"1741\" data-end=\"2214\">Diese benutzerdefinierte doppelwandige Edelstahl-Wasserflasche ist ein praktisches und stilvolles Werbegetr\u00e4nk Artikel f\u00fcr den t\u00e4glichen Gebrauch konzipiert. Mit seiner sauberen Flasche Silhouette, langlebige Metallkonstruktion, und anpassbare Logo-Bereich, bietet es eine starke Kombination aus t\u00e4glichen Funktion und langfristige Branding-Wert. Es ist eine zuverl\u00e4ssige Option f\u00fcr Unternehmen auf der Suche nach einem Premium-Werbe-Flasche, dass die Kunden zur Arbeit, Schule, das Fitness-Studio, oder auf dem Sprung tragen kann.<\/p>\n<p data-start=\"2216\" data-end=\"2581\">Diese Flasche aus lebensmittelechtem 304er-Edelstahl ist so konzipiert, dass sie sowohl hei\u00dfe als auch kalte Getr\u00e4nke aufnehmen kann und die Getr\u00e4nketemperatur \u00fcber einen l\u00e4ngeren Zeitraum h\u00e4lt. Die doppelwandige, vakuumisolierte Struktur h\u00e4lt Getr\u00e4nke bis zu 12 Stunden hei\u00df und bis zu 24 Stunden kalt und eignet sich somit f\u00fcr Kaffee, Tee, Wasser, Saft und andere Getr\u00e4nke \u00fcber den ganzen Tag.<\/p>\n<p data-start=\"2583\" data-end=\"2893\">Der Schraubdeckel ist mit einem Silikondichtungsring versehen, der das Auslaufen verhindert und die Tragbarkeit verbessert. Die schwei\u00dffeste Oberfl\u00e4che h\u00e4lt die Au\u00dfenfl\u00e4che trocken und liegt angenehm in der Hand, w\u00e4hrend das glatte \u00c4u\u00dfere der Flasche ein sauberes und modernes Aussehen verleiht, das sich sowohl f\u00fcr private als auch f\u00fcr berufliche Zwecke eignet.<\/p>\n<p data-start=\"2895\" data-end=\"3237\">Diese Flasche eignet sich gut f\u00fcr Mitarbeitergeschenke, Messegeschenke, Wellness-Kampagnen, Schulwerbung, Reiseprogramme, Fitness-Branding und Einzelhandelsartikel. Mit individuellem Logodruck wird sie zu einem wiederverwendbaren Werbeartikel, der Ihre Marke in B\u00fcros, Autos, Fitnessstudios und \u00f6ffentlichen R\u00e4umen noch lange nach dem ersten Gebrauch sichtbar macht.<\/p>\n<p data-start=\"3239\" data-end=\"3517\">Durch ihr schlankes und modernes Design l\u00e4sst sie sich auch leicht in Rucks\u00e4cken, Tragetaschen, auf dem Schreibtisch und auf Reisen verstauen. Ob als Premium-Werbegeschenk oder als Markenartikel im Einzelhandel, diese Edelstahlflasche bietet ein praktisches Benutzererlebnis und unterst\u00fctzt gleichzeitig die wiederholte Markenexposition.<\/p>\n<p data-start=\"3519\" data-end=\"3999\"><strong data-start=\"3519\" data-end=\"3535\">Wesentliche Merkmale<\/strong><br data-start=\"3535\" data-end=\"3538\" \/>Doppelwandiges vakuumisoliertes Design<br data-start=\"3573\" data-end=\"3576\" \/>Konstruktion aus lebensmittelechtem 304-Edelstahl<br data-start=\"3619\" data-end=\"3622\" \/>H\u00e4lt Getr\u00e4nke bis zu 12 Stunden lang hei\u00df<br data-start=\"3657\" data-end=\"3660\" \/>H\u00e4lt Getr\u00e4nke bis zu 24 Stunden lang kalt<br data-start=\"3696\" data-end=\"3699\" \/>Auslaufsicherer Schraubdeckel mit Silikondichtring<br data-start=\"3746\" data-end=\"3749\" \/>Schwei\u00dffeste Au\u00dfenbeschichtung<br data-start=\"3776\" data-end=\"3779\" \/>Wiederverwendbare und langlebige Flaschenstruktur<br data-start=\"3816\" data-end=\"3819\" \/>Glatte moderne Flaschenform<br data-start=\"3845\" data-end=\"3848\" \/>Kundenspezifischer Logodruck m\u00f6glich<br data-start=\"3878\" data-end=\"3881\" \/>Geeignet f\u00fcr hei\u00dfe und kalte Getr\u00e4nke<br data-start=\"3916\" data-end=\"3919\" \/>Leicht zu tragen f\u00fcr den t\u00e4glichen Gebrauch<br data-start=\"3946\" data-end=\"3949\" \/>Gut geeignet f\u00fcr Firmengeschenke und Werbekampagnen<\/p>\n<p data-start=\"4001\" data-end=\"4606\"><strong data-start=\"4001\" data-end=\"4019\">Spezifikationen<\/strong><br data-start=\"4019\" data-end=\"4022\" \/>Produkttyp: Wasserflasche aus rostfreiem Stahl<br data-start=\"4064\" data-end=\"4067\" \/>Material: 304 Edelstahl in Lebensmittelqualit\u00e4t<br data-start=\"4107\" data-end=\"4110\" \/>Struktur: Doppelwandige Vakuum-Isolierung<br data-start=\"4149\" data-end=\"4152\" \/>Deckeltyp: Schraubdeckel mit Silikon O-Ring<br data-start=\"4192\" data-end=\"4195\" \/>Besonderheit: Auslaufsicher<br data-start=\"4214\" data-end=\"4217\" \/>Temperaturerhaltung: Hei\u00df bis zu 12 Stunden \/ Kalt bis zu 24 Stunden<br data-start=\"4280\" data-end=\"4283\" \/>Ausf\u00fchrung: Schwei\u00dffestes \u00c4u\u00dferes<br data-start=\"4311\" data-end=\"4314\" \/>Farboptionen: Schwarz, marineblau, rosa, hellblau, wei\u00df und kundenspezifische Farben erh\u00e4ltlich<br data-start=\"4394\" data-end=\"4397\" \/>Druckverfahren: Siebdruck \/ Lasergravur verf\u00fcgbar<br data-start=\"4451\" data-end=\"4454\" \/>Impressum Position: Flaschenk\u00f6rper<br data-start=\"4483\" data-end=\"4486\" \/>Herkunft: China<br data-start=\"4499\" data-end=\"4502\" \/>Produktionszeit: 15 Arbeitstage<br data-start=\"4534\" data-end=\"4537\" \/>Kapazit\u00e4t: Standard- und kundenspezifische Kapazit\u00e4tsoptionen auf Anfrage erh\u00e4ltlich<\/p>\n<p data-start=\"4608\" data-end=\"4998\"><strong data-start=\"4608\" data-end=\"4635\">Warum dieses Produkt w\u00e4hlen<\/strong><br data-start=\"4635\" data-end=\"4638\" \/>Diese Flasche ist eine gute Wahl f\u00fcr Werbezwecke, da sie ein hochwertiges Erscheinungsbild, praktischen t\u00e4glichen Gebrauch und einen lang anhaltenden Markenwert vereint. Der isolierte Edelstahlk\u00f6rper hilft den Nutzern, Getr\u00e4nke bei der richtigen Temperatur den ganzen Tag \u00fcber zu genie\u00dfen, w\u00e4hrend das wiederverwendbare Design die wiederholte Exposition f\u00fcr Ihr Logo in B\u00fcros, Turnhallen, Schulen und Reiseumgebungen unterst\u00fctzt.<\/p>\n<p data-start=\"5000\" data-end=\"5269\"><strong data-start=\"5000\" data-end=\"5013\">Ideal f\u00fcr<\/strong><br data-start=\"5013\" data-end=\"5016\" \/>Geschenke f\u00fcr Unternehmen<br data-start=\"5031\" data-end=\"5034\" \/>Willkommenspakete f\u00fcr Mitarbeiter<br data-start=\"5055\" data-end=\"5058\" \/>Werbegeschenke f\u00fcr die Messe<br data-start=\"5078\" data-end=\"5081\" \/>Fitness- und Wellness-Kampagnen<br data-start=\"5111\" data-end=\"5114\" \/>Schul- und Hochschulpromotionen<br data-start=\"5146\" data-end=\"5149\" \/>Nutzung f\u00fcr Reisen und Pendeln<br data-start=\"5173\" data-end=\"5176\" \/>Veranstaltungen im Freien<br data-start=\"5190\" data-end=\"5193\" \/>Einzelhandelswaren<br data-start=\"5211\" data-end=\"5214\" \/>Werbeaktionen f\u00fcr Kaffee und Getr\u00e4nke<br data-start=\"5244\" data-end=\"5247\" \/>T\u00e4gliche Fl\u00fcssigkeitszufuhr im B\u00fcro<\/p>\n<p data-start=\"5271\" data-end=\"5278\"><strong data-start=\"5271\" data-end=\"5278\">FAQ<\/strong><\/p>\n<p data-start=\"5280\" data-end=\"5399\"><strong data-start=\"5280\" data-end=\"5326\">Kann diese Flasche mit einem Logo versehen werden?<\/strong><br data-start=\"5326\" data-end=\"5329\" \/>Ja, der Flaschenk\u00f6rper kann mit Ihrem Logo oder Markendesign versehen werden.<\/p>\n<p data-start=\"5401\" data-end=\"5494\"><strong data-start=\"5401\" data-end=\"5444\">Aus welchem Material ist diese Flasche hergestellt?<\/strong><br data-start=\"5444\" data-end=\"5447\" \/>Er ist aus lebensmittelechtem Edelstahl 304 gefertigt.<\/p>\n<p data-start=\"5496\" data-end=\"5589\"><strong data-start=\"5496\" data-end=\"5525\">Ist diese Flasche isoliert?<\/strong><br data-start=\"5525\" data-end=\"5528\" \/>Ja, sie verf\u00fcgt \u00fcber eine doppelwandige, vakuumisolierte Konstruktion.<\/p>\n<p data-start=\"5591\" data-end=\"5708\"><strong data-start=\"5591\" data-end=\"5635\">Wie lange kann er Getr\u00e4nke hei\u00df oder kalt halten?<\/strong><br data-start=\"5635\" data-end=\"5638\" \/>Er kann Getr\u00e4nke bis zu 12 Stunden hei\u00df und bis zu 24 Stunden kalt halten.<\/p>\n<p data-start=\"5710\" data-end=\"5824\"><strong data-start=\"5710\" data-end=\"5748\">Hilft der Deckel, das Auslaufen zu verhindern?<\/strong><br data-start=\"5748\" data-end=\"5751\" \/>Ja. Der Schraubdeckel enth\u00e4lt einen Silikondichtungsring, der f\u00fcr einen auslaufsicheren Sitz sorgt.<\/p>\n<p data-start=\"5826\" data-end=\"5949\"><strong data-start=\"5826\" data-end=\"5884\">Wird die Au\u00dfenseite der Flasche bei kalten Getr\u00e4nken schwitzen?<\/strong><br data-start=\"5884\" data-end=\"5887\" \/>Nein. Die schwei\u00dffeste Beschichtung h\u00e4lt die Au\u00dfenfl\u00e4che trocken.<\/p>\n<p data-start=\"5951\" data-end=\"6084\"><strong data-start=\"5951\" data-end=\"6003\">Welche Arten von Getr\u00e4nken k\u00f6nnen in dieser Flasche verwendet werden?<\/strong><br data-start=\"6003\" data-end=\"6006\" \/>Er eignet sich f\u00fcr Wasser, Kaffee, Tee, Saft und andere hei\u00dfe oder kalte Getr\u00e4nke.<\/p>\n<p data-start=\"6086\" data-end=\"6185\"><strong data-start=\"6086\" data-end=\"6114\">Ist diese Flasche wiederverwendbar?<\/strong><br data-start=\"6114\" data-end=\"6117\" \/>Ja, er ist f\u00fcr den wiederholten t\u00e4glichen Gebrauch und eine lange Lebensdauer ausgelegt.<\/p>\n<p data-start=\"6187\" data-end=\"6358\"><strong data-start=\"6187\" data-end=\"6217\">Welche Farben gibt es?<\/strong><br data-start=\"6217\" data-end=\"6220\" \/>Zu den g\u00e4ngigen Farben geh\u00f6ren Schwarz, Marineblau, Rosa, Hellblau und Wei\u00df. Je nach Auftragslage sind auch individuelle Farben m\u00f6glich.<\/p>\n<p data-start=\"6360\" data-end=\"6521\"><strong data-start=\"6360\" data-end=\"6400\">Welche Druckverfahren gibt es?<\/strong><br data-start=\"6400\" data-end=\"6403\" \/>Zu den g\u00e4ngigen Optionen f\u00fcr die individuelle Gestaltung geh\u00f6ren Siebdruck und Lasergravur, je nach Ihrem Logo und Ihren Designw\u00fcnschen.<\/p>\n<p data-start=\"6523\" data-end=\"6700\"><strong data-start=\"6523\" data-end=\"6580\">Eignet sich dies f\u00fcr Werbeaktionen und Geschenke?<\/strong><br data-start=\"6580\" data-end=\"6583\" \/>Ja, es ist ideal f\u00fcr Firmengeschenke, Mitarbeitergeschenke, Einzelhandelskollektionen, Fitnessaktionen und Event-Branding.<\/p>","protected":false},"excerpt":{"rendered":"<p>Diese doppelwandige Edelstahl-Wasserflasche ist eine elegante und wiederverwendbare Trinkflasche f\u00fcr die t\u00e4gliche Fl\u00fcssigkeitszufuhr und eine lang anhaltende Markenpr\u00e4senz. Hergestellt aus lebensmittelechtem Edelstahl 304 und Vakuum-Isolierung, hilft es, Getr\u00e4nke hei\u00df f\u00fcr bis zu 12 Stunden und kalt f\u00fcr bis zu 24 Stunden zu halten. Mit ihrem auslaufsicheren Schraubdeckel, der schwei\u00dffesten Oberfl\u00e4che und der glatten, modernen Flaschenform ist sie ideal f\u00fcr B\u00fcros, Reisen, Fitnessstudios, Schulen, Veranstaltungen und Werbegeschenke.<\/p>","protected":false},"featured_media":47329,"template":"","meta":{"_gspb_post_css":""},"product_brand":[],"product_cat":[25],"product_tag":[],"class_list":{"0":"post-47328","1":"product","2":"type-product","3":"status-publish","4":"has-post-thumbnail","6":"product_cat-drinkware","8":"first","9":"instock","10":"shipping-taxable","11":"product-type-simple"},"_links":{"self":[{"href":"https:\/\/globalgiftsupplier.com\/de\/wp-json\/wp\/v2\/product\/47328","targetHints":{"allow":["GET"]}}],"collection":[{"href":"https:\/\/globalgiftsupplier.com\/de\/wp-json\/wp\/v2\/product"}],"about":[{"href":"https:\/\/globalgiftsupplier.com\/de\/wp-json\/wp\/v2\/types\/product"}],"wp:featuredmedia":[{"embeddable":true,"href":"https:\/\/globalgiftsupplier.com\/de\/wp-json\/wp\/v2\/media\/47329"}],"wp:attachment":[{"href":"https:\/\/globalgiftsupplier.com\/de\/wp-json\/wp\/v2\/media?parent=47328"}],"wp:term":[{"taxonomy":"product_brand","embeddable":true,"href":"https:\/\/globalgiftsupplier.com\/de\/wp-json\/wp\/v2\/product_brand?post=47328"},{"taxonomy":"product_cat","embeddable":true,"href":"https:\/\/globalgiftsupplier.com\/de\/wp-json\/wp\/v2\/product_cat?post=47328"},{"taxonomy":"product_tag","embeddable":true,"href":"https:\/\/globalgiftsupplier.com\/de\/wp-json\/wp\/v2\/product_tag?post=47328"}],"curies":[{"name":"wp","href":"https:\/\/api.w.org\/{rel}","templated":true}]}}