{"id":47310,"date":"2026-03-30T08:53:58","date_gmt":"2026-03-30T08:53:58","guid":{"rendered":"https:\/\/globalgiftsupplier.com\/?post_type=product&#038;p=47310"},"modified":"2026-03-30T08:54:44","modified_gmt":"2026-03-30T08:54:44","slug":"custom-40oz-stainless-steel-insulated-travel-tumbler-with-handle-and-straw","status":"publish","type":"product","link":"https:\/\/globalgiftsupplier.com\/de\/product\/custom-40oz-stainless-steel-insulated-travel-tumbler-with-handle-and-straw\/","title":{"rendered":"Custom 40oz Edelstahl isoliert Reisebecher mit Griff und Strohhalm"},"content":{"rendered":"<p data-start=\"1578\" data-end=\"1955\">Diese benutzerdefinierte 40oz Edelstahl Reisebecher ist eine praktische und gut sichtbare Werbe Drinkware Artikel f\u00fcr den t\u00e4glichen Gebrauch gemacht. Entworfen mit einem gro\u00dfen Fassungsverm\u00f6gen, langlebigen Griff, wiederverwendbarem Strohhalm und einem schmalen Boden, der die meisten Auto Becherhalter passt, bietet es sowohl Komfort und langfristige Branding-Wert f\u00fcr Unternehmen, Veranstaltungen und Werbeprogramme.<\/p>\n<p data-start=\"1957\" data-end=\"2426\">Dieser Becher aus hochwertigem, lebensmittelechtem Edelstahl 304 18\/8 ist f\u00fcr den wiederholten Gebrauch und das t\u00e4gliche Tragen ausgelegt. Die doppelwandige Vakuumisolierung h\u00e4lt Getr\u00e4nke stundenlang hei\u00df oder kalt und eignet sich f\u00fcr Kaffee, Tee, Wasser, Eisgetr\u00e4nke, Smoothies, Saft, Limonade und andere Getr\u00e4nke w\u00e4hrend des Tages. Die robuste Konstruktion h\u00e4lt auch Dellen und allt\u00e4glichen Abnutzungserscheinungen stand und macht ihn zu einer zuverl\u00e4ssigen Wahl f\u00fcr Pendler, Outdoor-Aktivit\u00e4ten, B\u00fcroschreibtische und Reisen.<\/p>\n<p data-start=\"2428\" data-end=\"2831\">Der gro\u00dfe Seitengriff erleichtert das Tragen und Halten des Bechers, w\u00e4hrend der durchsichtige Deckel und der Strohhalm das t\u00e4gliche Trinken erleichtern. Der konisch zulaufende Boden passt in die meisten Getr\u00e4nkehalter von Fahrzeugen, was ihn besonders n\u00fctzlich f\u00fcr Reisen, Pendler und mobile Lebensstile macht. Diese Kombination aus \u00fcbergro\u00dfem Fassungsverm\u00f6gen und autofreundlicher Form macht ihn zu einer guten Wahl f\u00fcr moderne Werbekampagnen.<\/p>\n<p data-start=\"2833\" data-end=\"3165\">Erh\u00e4ltlich in mehreren Farben, darunter Gr\u00fcn, Hellblau, Wei\u00df, Grau, Lotus, Schwarz, Rosa, Rosenrot und Blau, kann dieser Becher an verschiedene Branding-Themen und Kampagnenstile angepasst werden. Der glatte K\u00f6rper bietet eine klare Fl\u00e4che f\u00fcr den individuellen Logodruck und tr\u00e4gt dazu bei, die Markenpr\u00e4senz auf einem Produkt zu erh\u00f6hen, das Kunden immer wieder verwenden k\u00f6nnen.<\/p>\n<p data-start=\"3167\" data-end=\"3454\">Dieser isolierte 40-Unzen-Becher eignet sich hervorragend f\u00fcr Firmengeschenke, Begr\u00fc\u00dfungspakete f\u00fcr Mitarbeiter, Werbegeschenke f\u00fcr Veranstaltungen, Einzelhandelsartikel, Outdoor-Promotions, Reisekampagnen und Markengetr\u00e4nkekollektionen. Es kombiniert Funktion, Haltbarkeit und modernen Lifestyle-Appeal in einem Werbeprodukt.<\/p>\n<p data-start=\"3456\" data-end=\"3922\"><strong data-start=\"3456\" data-end=\"3472\">Wesentliche Merkmale<\/strong><br data-start=\"3472\" data-end=\"3475\" \/>40oz Becher mit gro\u00dfem Fassungsverm\u00f6gen<br data-start=\"3502\" data-end=\"3505\" \/>Hochwertiger Edelstahl 304 18\/8 in Lebensmittelqualit\u00e4t<br data-start=\"3548\" data-end=\"3551\" \/>Doppelwandige Vakuumisolierung<br data-start=\"3580\" data-end=\"3583\" \/>H\u00e4lt Getr\u00e4nke \u00fcber Stunden hei\u00df oder kalt<br data-start=\"3617\" data-end=\"3620\" \/>Inklusive wiederverwendbarem Strohhalm und durchsichtigem Deckel<br data-start=\"3657\" data-end=\"3660\" \/>Bequemer Seitengriff f\u00fcr einfaches Tragen<br data-start=\"3701\" data-end=\"3704\" \/>Verj\u00fcngter Sockel passt in die meisten Autobecherhalter<br data-start=\"3742\" data-end=\"3745\" \/>Langlebige Konstruktion f\u00fcr den t\u00e4glichen Gebrauch<br data-start=\"3782\" data-end=\"3785\" \/>Kundenspezifischer Logodruck m\u00f6glich<br data-start=\"3815\" data-end=\"3818\" \/>Wiederverwendbares und BPA-freies Design<br data-start=\"3846\" data-end=\"3849\" \/>Geeignet f\u00fcr hei\u00dfe und kalte Getr\u00e4nke<br data-start=\"3884\" data-end=\"3887\" \/>Erh\u00e4ltlich in mehreren Farboptionen<\/p>\n<p data-start=\"3924\" data-end=\"4444\"><strong data-start=\"3924\" data-end=\"3942\">Spezifikationen<\/strong><br data-start=\"3942\" data-end=\"3945\" \/>Produkttyp: Isolierter Reisebecher<br data-start=\"3983\" data-end=\"3986\" \/>Fassungsverm\u00f6gen: 40 Unzen<br data-start=\"4001\" data-end=\"4004\" \/>Material: 304 18\/8 rostfreier Stahl<br data-start=\"4038\" data-end=\"4041\" \/>Konstruktion: Doppelwandige Vakuum-Isolierung<br data-start=\"4083\" data-end=\"4086\" \/>Deckeltyp: Klarer Deckel mit Strohhalm\u00f6ffnung<br data-start=\"4124\" data-end=\"4127\" \/>Strohhalm: Enthalten<br data-start=\"4142\" data-end=\"4145\" \/>Handgriff: Seitlicher Griff<br data-start=\"4164\" data-end=\"4167\" \/>Form: Zylindrisch \/ konische Basis<br data-start=\"4200\" data-end=\"4203\" \/>Farboptionen: Gr\u00fcn, Wei\u00df, Grau, Lotus, Schwarz, Rosa, Rosenrot, Blau<br data-start=\"4272\" data-end=\"4275\" \/>Druckverfahren: Siebdruck<br data-start=\"4301\" data-end=\"4304\" \/>Impressum Gr\u00f6\u00dfe: 3\u2033 x 3\u2033<br data-start=\"4325\" data-end=\"4328\" \/>Druckfarbe: Benutzerdefiniert<br data-start=\"4349\" data-end=\"4352\" \/>Herkunft: China<br data-start=\"4365\" data-end=\"4368\" \/>Produktionszeit: 12 Arbeitstage<br data-start=\"4400\" data-end=\"4403\" \/>Eildienst: Verf\u00fcgbar in 9 Arbeitstagen<\/p>\n<p data-start=\"4446\" data-end=\"4822\"><strong data-start=\"4446\" data-end=\"4473\">Warum dieses Produkt w\u00e4hlen<\/strong><br data-start=\"4473\" data-end=\"4476\" \/>Dieser Becher ist eine gute Wahl f\u00fcr Werbezwecke, da er ein gro\u00dfes Fassungsverm\u00f6gen, praktische Isolierung, einen praktischen Tragegriff und ein becherhalterfreundliches Design in einem Produkt vereint. Es bietet allt\u00e4gliche N\u00fctzlichkeit und gibt Ihrer Marke langfristige Sichtbarkeit auf einem wiederverwendbaren Artikel, den Kunden zur Arbeit, im Auto, im Freien oder auf Reisen mitnehmen k\u00f6nnen.<\/p>\n<p data-start=\"4824\" data-end=\"5089\"><strong data-start=\"4824\" data-end=\"4837\">Ideal f\u00fcr<\/strong><br data-start=\"4837\" data-end=\"4840\" \/>Geschenke f\u00fcr Unternehmen<br data-start=\"4855\" data-end=\"4858\" \/>Willkommenspakete f\u00fcr Mitarbeiter<br data-start=\"4879\" data-end=\"4882\" \/>Werbeaktionen f\u00fcr Reisen<br data-start=\"4899\" data-end=\"4902\" \/>Werbegeschenke f\u00fcr Pendler<br data-start=\"4920\" data-end=\"4923\" \/>Veranstaltungen im Freien<br data-start=\"4937\" data-end=\"4940\" \/>Einzelhandelskollektionen f\u00fcr Getr\u00e4nke<br data-start=\"4968\" data-end=\"4971\" \/>Fitness- und Wellness-Kampagnen<br data-start=\"5001\" data-end=\"5004\" \/>Schul- und Hochschulpromotionen<br data-start=\"5036\" data-end=\"5039\" \/>Coffee-Shop-Waren<br data-start=\"5062\" data-end=\"5065\" \/>Programme zur Markenbekanntheit<\/p>\n<p data-start=\"5091\" data-end=\"5098\"><strong data-start=\"5091\" data-end=\"5098\">FAQ<\/strong><\/p>\n<p data-start=\"5100\" data-end=\"5228\"><strong data-start=\"5100\" data-end=\"5147\">Kann dieser Trinkbecher mit einem Logo versehen werden?<\/strong><br data-start=\"5147\" data-end=\"5150\" \/>Ja, der K\u00f6rper des Bechers kann mit Ihrem Logo oder Ihrer Werbebotschaft versehen werden.<\/p>\n<p data-start=\"5230\" data-end=\"5307\"><strong data-start=\"5230\" data-end=\"5271\">Wie gro\u00df ist das Fassungsverm\u00f6gen dieses Bechers?<\/strong><br data-start=\"5271\" data-end=\"5274\" \/>Dieser Becher hat ein Fassungsverm\u00f6gen von 40 Unzen.<\/p>\n<p data-start=\"5309\" data-end=\"5406\"><strong data-start=\"5309\" data-end=\"5343\">Aus welchem Material ist es hergestellt?<\/strong><br data-start=\"5343\" data-end=\"5346\" \/>Er ist aus hochwertigem, lebensmittelechtem Edelstahl 304 18\/8 gefertigt.<\/p>\n<p data-start=\"5408\" data-end=\"5530\"><strong data-start=\"5408\" data-end=\"5445\">H\u00e4lt er Getr\u00e4nke hei\u00df und kalt?<\/strong><br data-start=\"5445\" data-end=\"5448\" \/>Ja. Die doppelwandige Vakuumisolierung sorgt daf\u00fcr, dass Getr\u00e4nke stundenlang hei\u00df oder kalt bleiben.<\/p>\n<p data-start=\"5532\" data-end=\"5607\"><strong data-start=\"5532\" data-end=\"5562\">Ist ein Strohhalm dabei?<\/strong><br data-start=\"5562\" data-end=\"5565\" \/>Ja, er enth\u00e4lt einen wiederverwendbaren Strohhalm und einen Deckel.<\/p>\n<p data-start=\"5609\" data-end=\"5710\"><strong data-start=\"5609\" data-end=\"5645\">Passt er in einen Becherhalter im Auto?<\/strong><br data-start=\"5645\" data-end=\"5648\" \/>Ja. Der konische Boden ist so konzipiert, dass er in die meisten Autobecherhalter passt.<\/p>\n<p data-start=\"5712\" data-end=\"5841\"><strong data-start=\"5712\" data-end=\"5748\">Ist es f\u00fcr den t\u00e4glichen Gebrauch geeignet?<\/strong><br data-start=\"5748\" data-end=\"5751\" \/>Ja, es ist f\u00fcr den Pendlerverkehr, das B\u00fcro, die Stra\u00dfe, Reisen und Outdoor-Aktivit\u00e4ten geeignet.<\/p>\n<p data-start=\"5843\" data-end=\"5986\"><strong data-start=\"5843\" data-end=\"5887\">Welche Getr\u00e4nke k\u00f6nnen in diesem Becher verwendet werden?<\/strong><br data-start=\"5887\" data-end=\"5890\" \/>Er kann f\u00fcr Wasser, Kaffee, Tee, Saft, Smoothies, Eisgetr\u00e4nke, Limonade und andere Getr\u00e4nke verwendet werden.<\/p>\n<p data-start=\"5988\" data-end=\"6105\"><strong data-start=\"5988\" data-end=\"6018\">Welche Farben gibt es?<\/strong><br data-start=\"6018\" data-end=\"6021\" \/>Erh\u00e4ltlich in den Farben gr\u00fcn, wei\u00df, grau, lotus, schwarz, rosa, rosarot und blau.<\/p>\n<p data-start=\"6107\" data-end=\"6181\"><strong data-start=\"6107\" data-end=\"6145\">Welche Druckmethode ist verf\u00fcgbar?<\/strong><br data-start=\"6145\" data-end=\"6148\" \/>Siebdruck ist m\u00f6glich.<\/p>\n<p data-start=\"6183\" data-end=\"6265\"><strong data-start=\"6183\" data-end=\"6213\">Ist ein Eildienst verf\u00fcgbar?<\/strong><br data-start=\"6213\" data-end=\"6216\" \/>Ja. Der Eildienst ist innerhalb von 9 Arbeitstagen verf\u00fcgbar.<\/p>","protected":false},"excerpt":{"rendered":"<p>Diese benutzerdefinierte 40oz Edelstahl isoliert Reise Becher ist f\u00fcr die t\u00e4gliche Fl\u00fcssigkeitszufuhr auf dem Sprung konzipiert. Mit Doppelwand-Vakuum-Isolierung, einen bequemen Seitengriff, einen klaren Deckel mit Strohhalm, und eine schmale Basis, die die meisten Auto-Becherhalter passt, ist es eine praktische Werbe-Getr\u00e4nke-Option f\u00fcr Pendeln, B\u00fcro, Reisen, Veranstaltungen und Marke Werbegeschenke.<\/p>","protected":false},"featured_media":47311,"template":"","meta":{"_gspb_post_css":""},"product_brand":[],"product_cat":[25],"product_tag":[],"class_list":{"0":"post-47310","1":"product","2":"type-product","3":"status-publish","4":"has-post-thumbnail","6":"product_cat-drinkware","8":"first","9":"instock","10":"shipping-taxable","11":"product-type-simple"},"_links":{"self":[{"href":"https:\/\/globalgiftsupplier.com\/de\/wp-json\/wp\/v2\/product\/47310","targetHints":{"allow":["GET"]}}],"collection":[{"href":"https:\/\/globalgiftsupplier.com\/de\/wp-json\/wp\/v2\/product"}],"about":[{"href":"https:\/\/globalgiftsupplier.com\/de\/wp-json\/wp\/v2\/types\/product"}],"wp:featuredmedia":[{"embeddable":true,"href":"https:\/\/globalgiftsupplier.com\/de\/wp-json\/wp\/v2\/media\/47311"}],"wp:attachment":[{"href":"https:\/\/globalgiftsupplier.com\/de\/wp-json\/wp\/v2\/media?parent=47310"}],"wp:term":[{"taxonomy":"product_brand","embeddable":true,"href":"https:\/\/globalgiftsupplier.com\/de\/wp-json\/wp\/v2\/product_brand?post=47310"},{"taxonomy":"product_cat","embeddable":true,"href":"https:\/\/globalgiftsupplier.com\/de\/wp-json\/wp\/v2\/product_cat?post=47310"},{"taxonomy":"product_tag","embeddable":true,"href":"https:\/\/globalgiftsupplier.com\/de\/wp-json\/wp\/v2\/product_tag?post=47310"}],"curies":[{"name":"wp","href":"https:\/\/api.w.org\/{rel}","templated":true}]}}