{"id":47302,"date":"2026-03-30T08:51:43","date_gmt":"2026-03-30T08:51:43","guid":{"rendered":"https:\/\/globalgiftsupplier.com\/?post_type=product&#038;p=47302"},"modified":"2026-03-30T08:51:43","modified_gmt":"2026-03-30T08:51:43","slug":"custom-double-canopy-golf-umbrella-with-vented-windproof-design","status":"publish","type":"product","link":"https:\/\/globalgiftsupplier.com\/de\/product\/custom-double-canopy-golf-umbrella-with-vented-windproof-design\/","title":{"rendered":"Custom Double Canopy Golf Regenschirm mit Vented Windproof Design"},"content":{"rendered":"<p data-start=\"1499\" data-end=\"1978\">Dieser individuelle Golfschirm mit doppelter Kappe ist ein praktisches und gut sichtbares Werbeprodukt, das f\u00fcr den Einsatz im Freien bei wechselnden Wetterbedingungen entwickelt wurde. Mit seiner gro\u00dfen Kappe, geraden Schirmstruktur und doppellagigen bel\u00fcfteten Design, bietet es eine breitere Abdeckung und hilft, den Luftstrom w\u00e4hrend windigen und regnerischen Tagen zu verbessern. Er ist eine gute Wahl f\u00fcr Marken, die einen erstklassig aussehenden Regenschirm mit n\u00fctzlicher Alltagsleistung und einer klaren Logodarstellungsfl\u00e4che w\u00fcnschen.<\/p>\n<p data-start=\"1980\" data-end=\"2421\">Die doppelte Schirmkonstruktion ist das Hauptmerkmal dieses Schirms. Wie auf den Produktbildern zu sehen ist, sind die obere und die untere Schirmschicht so konzipiert, dass der Wind leichter durchdringen kann, wodurch der Druckaufbau im Vergleich zu einem einlagigen Standardschirm verringert wird. Dies macht den Schirm zu einer geeigneten Option f\u00fcr Golfausfl\u00fcge, Outdoor-Veranstaltungen, Pendler, Firmengeschenke und Markenwerbung, bei denen sowohl die Funktion als auch die Pr\u00e4sentation wichtig sind.<\/p>\n<p data-start=\"2423\" data-end=\"2844\">Sein \u00fcbergro\u00dfes Schirmdach bietet dem Benutzer einen breiteren Schutz vor Regen und leichter Sonneneinstrahlung, was ihn besonders n\u00fctzlich f\u00fcr Spazierg\u00e4nge im Freien, Golfpl\u00e4tze, Parkpl\u00e4tze, Hotels, Gesch\u00e4ftseing\u00e4nge, Sportveranstaltungen und Reiseprogramme macht. Die lange, gerade Form verleiht dem Regenschirm au\u00dferdem ein klassisches und hochwertiges Aussehen, das sich gut f\u00fcr Firmengeschenke, Mitarbeiter-Kits, Kampagnen zur Wertsch\u00e4tzung von Kunden und Event-Merchandise eignet.<\/p>\n<p data-start=\"2846\" data-end=\"3284\">Die Produktbilder zeigen einen bequemen geraden Griff, ein langes geschlossenes Profil und eine passende Aufbewahrungsh\u00fclle mit Schulterriemen f\u00fcr leichteres Tragen und Aufbewahren. Es sind mehrere Farboptionen erh\u00e4ltlich, darunter Blau, Schwarz und Bordeauxrot, so dass Marken verschiedene Kampagnenthemen und visuelle Identit\u00e4ten abdecken k\u00f6nnen. Die Schirmkappe bietet eine saubere Fl\u00e4che f\u00fcr den Logodruck, so dass Ihr Markenzeichen immer sichtbar bleibt, wenn der Schirm im Freien verwendet wird.<\/p>\n<p data-start=\"3286\" data-end=\"3575\">Dieser Golf-Werbe-Regenschirm ist ideal f\u00fcr Unternehmen, die eine hochwertigere Regenschirm-Option als einen kompakten Standardschirm suchen. Es kombiniert starke visuelle Anziehungskraft, praktische Outdoor-Deckung, und wiederholte Verwendung Branding-Wert in einem Produkt, so dass es geeignet f\u00fcr langfristige Werbewirkung.<\/p>\n<p data-start=\"3577\" data-end=\"3983\"><strong data-start=\"3577\" data-end=\"3593\">Wesentliche Merkmale<\/strong><br data-start=\"3593\" data-end=\"3596\" \/>Bel\u00fcftete Konstruktion mit doppelter Haube<br data-start=\"3623\" data-end=\"3626\" \/>Verbessert den Luftstrom bei windigen Bedingungen<br data-start=\"3667\" data-end=\"3670\" \/>Gro\u00dfer Erfassungsbereich f\u00fcr den Einsatz im Freien<br data-start=\"3705\" data-end=\"3708\" \/>Gerade Golfschirm Stil<br data-start=\"3736\" data-end=\"3739\" \/>Saubere Dachfl\u00e4che f\u00fcr individuellen Logodruck<br data-start=\"3781\" data-end=\"3784\" \/>Geeignet als Regenschutz und zum t\u00e4glichen Tragen im Freien<br data-start=\"3836\" data-end=\"3839\" \/>Langlebige Struktur f\u00fcr wiederholten Gebrauch<br data-start=\"3873\" data-end=\"3876\" \/>Komfortabler gerader Griff<br data-start=\"3908\" data-end=\"3911\" \/>Kommt mit passender Aufbewahrungsh\u00fclle<br data-start=\"3945\" data-end=\"3948\" \/>Erh\u00e4ltlich in mehreren Farboptionen<\/p>\n<p data-start=\"3985\" data-end=\"4405\"><strong data-start=\"3985\" data-end=\"4003\">Spezifikationen<\/strong><br data-start=\"4003\" data-end=\"4006\" \/>Produkttyp: Golfschirm mit doppelter Kappe<br data-start=\"4047\" data-end=\"4050\" \/>Stil: Gerader Schirm<br data-start=\"4074\" data-end=\"4077\" \/>Design des Verdecks: Doppellagiges \/ bel\u00fcftetes Vordach<br data-start=\"4120\" data-end=\"4123\" \/>Gr\u00f6\u00dfe des offenen Bogens: Ca. 150 cm<br data-start=\"4152\" data-end=\"4155\" \/>Offener Durchmesser: Ca. 132 cm<br data-start=\"4184\" data-end=\"4187\" \/>Geschlossene L\u00e4nge: Ca. 99 cm<br data-start=\"4215\" data-end=\"4218\" \/>Farboptionen: Blau, Schwarz, Bordeauxrot<br data-start=\"4252\" data-end=\"4255\" \/>Personalisierung: Logo-Druck verf\u00fcgbar<br data-start=\"4293\" data-end=\"4296\" \/>Accessoire: Tragetasche mit Riemen<br data-start=\"4330\" data-end=\"4333\" \/>Verwendung: Regenschutz, Outdoor-Veranstaltungen, Golf, Promotionen<br data-start=\"4389\" data-end=\"4392\" \/>Herkunft: China<\/p>\n<p data-start=\"4407\" data-end=\"4744\"><strong data-start=\"4407\" data-end=\"4434\">Warum dieses Produkt w\u00e4hlen<\/strong><br data-start=\"4434\" data-end=\"4437\" \/>Dieser Regenschirm bietet ein st\u00e4rkeres Werbeimage als ein einfacher Regenschirm, da er eine gr\u00f6\u00dfere Kappe, einen hochwertigeren geraden Golfstil und ein bel\u00fcftetes doppellagiges Design kombiniert. Es ist praktisch f\u00fcr den t\u00e4glichen Gebrauch im Freien und gibt Ihrer Marke mehr Sichtbarkeit auf einem Produkt, das die Menschen halten und verwenden k\u00f6nnen wiederholt.<\/p>\n<p data-start=\"4746\" data-end=\"5009\"><strong data-start=\"4746\" data-end=\"4759\">Ideal f\u00fcr<\/strong><br data-start=\"4759\" data-end=\"4762\" \/>Golf-Turniere<br data-start=\"4778\" data-end=\"4781\" \/>Geschenke f\u00fcr Unternehmen<br data-start=\"4796\" data-end=\"4799\" \/>Veranstaltungen im Freien<br data-start=\"4813\" data-end=\"4816\" \/>Sonderangebote f\u00fcr Hotels und Resorts<br data-start=\"4843\" data-end=\"4846\" \/>Branding von Schulen und Universit\u00e4ten<br data-start=\"4876\" data-end=\"4879\" \/>Willkommenspakete f\u00fcr Mitarbeiter<br data-start=\"4900\" data-end=\"4903\" \/>Sportliche Ereignisse<br data-start=\"4916\" data-end=\"4919\" \/>Werbung f\u00fcr Reisen und Tourismus<br data-start=\"4948\" data-end=\"4951\" \/>Vermarktung von Immobilien<br data-start=\"4972\" data-end=\"4975\" \/>Werbekampagnen in der Regenzeit<\/p>\n<p data-start=\"5011\" data-end=\"5018\"><strong data-start=\"5011\" data-end=\"5018\">FAQ<\/strong><\/p>\n<p data-start=\"5020\" data-end=\"5158\"><strong data-start=\"5020\" data-end=\"5068\">Kann dieser Schirm mit einem Logo versehen werden?<\/strong><br data-start=\"5068\" data-end=\"5071\" \/>Ja, der Baldachin kann mit Ihrem Logo, Firmennamen oder Werbegrafiken versehen werden.<\/p>\n<p data-start=\"5160\" data-end=\"5360\"><strong data-start=\"5160\" data-end=\"5212\">Was ist der Vorteil der doppelten Vordachkonstruktion?<\/strong><br data-start=\"5212\" data-end=\"5215\" \/>Das doppelte Vordach verbessert die Luftzirkulation und kann den Winddruck verringern, da die Luft leichter durch die bel\u00fcftete obere Struktur str\u00f6men kann.<\/p>\n<p data-start=\"5362\" data-end=\"5510\"><strong data-start=\"5362\" data-end=\"5390\">Ist das ein Golfschirm?<\/strong><br data-start=\"5390\" data-end=\"5393\" \/>Ja, durch seine gro\u00dfe Kappe und sein gerades Schirmdesign ist er sowohl f\u00fcr den Golfsport als auch f\u00fcr den allgemeinen Au\u00dfenbereich geeignet.<\/p>\n<p data-start=\"5512\" data-end=\"5690\"><strong data-start=\"5512\" data-end=\"5543\">Welche Gr\u00f6\u00dfe hat dieser Schirm?<\/strong><br data-start=\"5543\" data-end=\"5546\" \/>Aus den Produktbildern geht hervor, dass der offene Bogen etwa 150 cm gro\u00df ist, der offene Durchmesser etwa 132 cm und die geschlossene L\u00e4nge etwa 99 cm betr\u00e4gt.<\/p>\n<p data-start=\"5692\" data-end=\"5816\"><strong data-start=\"5692\" data-end=\"5723\">Wird es mit einer H\u00fclle geliefert?<\/strong><br data-start=\"5723\" data-end=\"5726\" \/>Ja, die Produktbilder zeigen eine passende Tragetasche mit Riemen zur Aufbewahrung und zum Transport.<\/p>\n<p data-start=\"5818\" data-end=\"5905\"><strong data-start=\"5818\" data-end=\"5848\">Welche Farben gibt es?<\/strong><br data-start=\"5848\" data-end=\"5851\" \/>Die Abbildungen zeigen die Farboptionen Blau, Schwarz und Bordeauxrot.<\/p>\n<p data-start=\"5907\" data-end=\"6104\"><strong data-start=\"5907\" data-end=\"5957\">Eignet sich dieser Schirm f\u00fcr Werbegeschenke?<\/strong><br data-start=\"5957\" data-end=\"5960\" \/>Ja. Er hat ein hochwertiges Aussehen, einen praktischen Au\u00dfenwert und einen sichtbaren Logobereich, wodurch er sich f\u00fcr Werbegeschenke und Markenkampagnen eignet.<\/p>\n<p data-start=\"6106\" data-end=\"6321\"><strong data-start=\"6106\" data-end=\"6140\">F\u00fcr wen ist dieser Schirm am besten geeignet?<\/strong><br data-start=\"6140\" data-end=\"6143\" \/>Er eignet sich gut f\u00fcr Golfveranstaltungen, gesch\u00e4ftliche Outdoor-Eins\u00e4tze, Reisepromotions, Hospitality-Programme, Sportkampagnen und Unternehmen, die einen gr\u00f6\u00dferen Premium-Schirm f\u00fcr ihr Branding ben\u00f6tigen.<\/p>\n<p data-start=\"6323\" data-end=\"6516\"><strong data-start=\"6323\" data-end=\"6373\">Kann man diesen Regenschirm f\u00fcr den t\u00e4glichen Arbeitsweg verwenden?<\/strong><br data-start=\"6373\" data-end=\"6376\" \/>Ja. Obwohl er gr\u00f6\u00dfer als ein kompakter Regenschirm ist, eignet er sich dennoch f\u00fcr Pendler, vor allem f\u00fcr Nutzer, die einen breiteren Regenschutz bevorzugen.<\/p>","protected":false},"excerpt":{"rendered":"<p>Diese benutzerdefinierte Doppelkappe Golfschirm ist f\u00fcr eine breite Abdeckung, bessere Luftzirkulation und zuverl\u00e4ssige t\u00e4glichen Einsatz im Freien konzipiert. Mit seiner bel\u00fcfteten Doppelschicht Baldachin, robuste gerade Struktur und gro\u00dfe Logo-Fl\u00e4che, ist es eine praktische Werbe-Regenschirm f\u00fcr Golf-Veranstaltungen, Werbegeschenke, Reisen, Pendeln, und Outdoor-Branding-Kampagnen.<\/p>","protected":false},"featured_media":47303,"template":"","meta":{"_gspb_post_css":""},"product_brand":[],"product_cat":[30],"product_tag":[],"class_list":{"0":"post-47302","1":"product","2":"type-product","3":"status-publish","4":"has-post-thumbnail","6":"product_cat-home-pets-tools","8":"first","9":"instock","10":"shipping-taxable","11":"product-type-simple"},"_links":{"self":[{"href":"https:\/\/globalgiftsupplier.com\/de\/wp-json\/wp\/v2\/product\/47302","targetHints":{"allow":["GET"]}}],"collection":[{"href":"https:\/\/globalgiftsupplier.com\/de\/wp-json\/wp\/v2\/product"}],"about":[{"href":"https:\/\/globalgiftsupplier.com\/de\/wp-json\/wp\/v2\/types\/product"}],"wp:featuredmedia":[{"embeddable":true,"href":"https:\/\/globalgiftsupplier.com\/de\/wp-json\/wp\/v2\/media\/47303"}],"wp:attachment":[{"href":"https:\/\/globalgiftsupplier.com\/de\/wp-json\/wp\/v2\/media?parent=47302"}],"wp:term":[{"taxonomy":"product_brand","embeddable":true,"href":"https:\/\/globalgiftsupplier.com\/de\/wp-json\/wp\/v2\/product_brand?post=47302"},{"taxonomy":"product_cat","embeddable":true,"href":"https:\/\/globalgiftsupplier.com\/de\/wp-json\/wp\/v2\/product_cat?post=47302"},{"taxonomy":"product_tag","embeddable":true,"href":"https:\/\/globalgiftsupplier.com\/de\/wp-json\/wp\/v2\/product_tag?post=47302"}],"curies":[{"name":"wp","href":"https:\/\/api.w.org\/{rel}","templated":true}]}}