{"id":47280,"date":"2026-03-30T08:47:26","date_gmt":"2026-03-30T08:47:26","guid":{"rendered":"https:\/\/globalgiftsupplier.com\/?post_type=product&#038;p=47280"},"modified":"2026-03-30T08:47:26","modified_gmt":"2026-03-30T08:47:26","slug":"custom-reverse-folding-c-handle-umbrella-with-double-layer-windproof-design","status":"publish","type":"product","link":"https:\/\/globalgiftsupplier.com\/de\/product\/custom-reverse-folding-c-handle-umbrella-with-double-layer-windproof-design\/","title":{"rendered":"Custom Reverse Folding C-Griff Regenschirm mit doppelter Schicht winddicht Design"},"content":{"rendered":"<p data-start=\"1490\" data-end=\"1963\">Dieser individuell gestaltete, umkehrbare Regenschirm ist ein modernes und \u00e4u\u00dferst praktisches Werbeprodukt, das den t\u00e4glichen Gebrauch bei regnerischem Wetter erleichtert. Im Gegensatz zu herk\u00f6mmlichen Regenschirmen, verwendet es eine Inside-Out-Faltstruktur, die hilft, die nasse Au\u00dfenfl\u00e4che im Inneren zu fangen, wenn der Schirm geschlossen ist. Dies hilft, das Tropfen auf Kleidung, B\u00f6den, Autositze und Innenr\u00e4ume zu reduzieren, so dass es besonders praktisch f\u00fcr Pendler, Fahrer, Reisende und Veranstaltungsbesucher.<\/p>\n<p data-start=\"1965\" data-end=\"2349\">Der Schirm verf\u00fcgt \u00fcber eine doppellagige Kappe, die die Haltbarkeit erh\u00f6ht und f\u00fcr eine bessere Windbest\u00e4ndigkeit sorgt. Die Produktbilder zeigen eine \u00e4u\u00dfere Schicht mit wasserabweisendem PG-Gewebe, eine mittlere winddichte Struktur und eine innere Schicht, die f\u00fcr ein leichteres Trocknen sorgt. Diese mehrschichtige Konstruktion verleiht dem Schirm ein funktionelleres Design f\u00fcr den t\u00e4glichen Regenschutz und die wiederholte Verwendung.<\/p>\n<p data-start=\"2351\" data-end=\"2700\">Ein herausragendes Merkmal dieses Regenschirms ist sein C-f\u00f6rmiger Griff. Der Griff erm\u00f6glicht es den Benutzern, den Schirm am Handgelenk aufzuh\u00e4ngen, so dass die H\u00e4nde frei sind f\u00fcr das Tragen von Taschen, das Telefonieren, das \u00d6ffnen von T\u00fcren oder das Ein- und Aussteigen aus dem Auto. Dies macht ihn zu einer guten Wahl f\u00fcr Werbema\u00dfnahmen f\u00fcr Berufst\u00e4tige, Pendler, Eink\u00e4ufer, Studenten und reisebezogene Kampagnen.<\/p>\n<p data-start=\"2702\" data-end=\"3059\">Seine r\u00fcckw\u00e4rts \u00f6ffnende Struktur ist besonders n\u00fctzlich f\u00fcr die Verwendung im Auto. Der Schirm kann mit einer kompakteren Aufw\u00e4rtsbewegung ge\u00f6ffnet und geschlossen werden, was die Handhabung in engen R\u00e4umen wie Autot\u00fcren, Hauseing\u00e4ngen und \u00fcberf\u00fcllten Gehwegen erleichtert. Au\u00dferdem bietet er eine gro\u00dfe Schirmkappe, die einen besseren Schutz bietet und gleichzeitig eine bequeme geschlossene L\u00e4nge f\u00fcr den Transport und die Lagerung bietet.<\/p>\n<p data-start=\"3061\" data-end=\"3376\">Durch die individuelle Gestaltung des Logos auf dem Schirmdach bietet dieser Regenschirm Marken eine gro\u00dfe sichtbare Druckfl\u00e4che auf einem Produkt, das wiederholt in der \u00d6ffentlichkeit pr\u00e4sentiert wird. Er ist eine gute Wahl f\u00fcr Firmengeschenke, H\u00e4ndlerwerbung, Reisekampagnen, Werbegeschenke f\u00fcr den Einzelhandel, Versicherungsprogramme, Immobilienbranding und Veranstaltungsartikel.<\/p>\n<p data-start=\"3378\" data-end=\"3846\"><strong data-start=\"3378\" data-end=\"3394\">Wesentliche Merkmale<\/strong><br data-start=\"3394\" data-end=\"3397\" \/>Umgekehrtes Faltdesign hilft, nasse Oberfl\u00e4chen im Inneren zu halten<br data-start=\"3450\" data-end=\"3453\" \/>Doppellagiges Vordach f\u00fcr verbesserte Haltbarkeit<br data-start=\"3496\" data-end=\"3499\" \/>Winddichte Struktur f\u00fcr bessere Leistung im Freien<br data-start=\"3549\" data-end=\"3552\" \/>C-f\u00f6rmiger Griff f\u00fcr freih\u00e4ndiges Tragen<br data-start=\"3591\" data-end=\"3594\" \/>Bequemes Ein- und Aussteigen aus dem Auto<br data-start=\"3635\" data-end=\"3638\" \/>Verringert die Tropfenbildung auf B\u00f6den und Sitzen<br data-start=\"3679\" data-end=\"3682\" \/>Gro\u00dfes Vordach f\u00fcr den t\u00e4glichen Regenschutz<br data-start=\"3729\" data-end=\"3732\" \/>Leicht zu transportierendes, geschlossenes Design<br data-start=\"3759\" data-end=\"3762\" \/>Kundenspezifischer Logodruck m\u00f6glich<br data-start=\"3792\" data-end=\"3795\" \/>Geeignet f\u00fcr Pendler, Reisende und Werbezwecke<\/p>\n<p data-start=\"3848\" data-end=\"4275\"><strong data-start=\"3848\" data-end=\"3866\">Spezifikationen<\/strong><br data-start=\"3866\" data-end=\"3869\" \/>Produkttyp: R\u00fcckw\u00e4rts klappbarer Regenschirm<br data-start=\"3907\" data-end=\"3910\" \/>Stil: Umgekehrter Schirm mit C-Griff<br data-start=\"3948\" data-end=\"3951\" \/>Struktur des Verdecks: Doppellagig<br data-start=\"3981\" data-end=\"3984\" \/>Stoff: PG-Gewebe<br data-start=\"4001\" data-end=\"4004\" \/>Merkmal: Winddicht<br data-start=\"4022\" data-end=\"4025\" \/>Merkmal: R\u00fcckw\u00e4rts \u00f6ffnendes und schlie\u00dfendes Design<br data-start=\"4063\" data-end=\"4066\" \/>Typ des Griffs: C-f\u00f6rmiger Freihandgriff<br data-start=\"4105\" data-end=\"4108\" \/>Offene Gr\u00f6\u00dfe: Ca. 107 cm<br data-start=\"4133\" data-end=\"4136\" \/>L\u00e4nge: Ca. 80 cm<br data-start=\"4157\" data-end=\"4160\" \/>Farboptionen: Schwarz, rosa, orange, rot, hellblau<br data-start=\"4211\" data-end=\"4214\" \/>Personalisierung: Logo-Druck auf Vordachplatten<br data-start=\"4259\" data-end=\"4262\" \/>Herkunft: China<\/p>\n<p data-start=\"4277\" data-end=\"4604\"><strong data-start=\"4277\" data-end=\"4304\">Warum dieses Produkt w\u00e4hlen<\/strong><br data-start=\"4304\" data-end=\"4307\" \/>Dieser Regenschirm bietet mehr Komfort als ein herk\u00f6mmlicher Regenschirm, da er r\u00fcckw\u00e4rts faltbar ist, eine tropfenreduzierende Leistung, eine windbest\u00e4ndige, doppellagige Kappe und einen freih\u00e4ndigen C-Griff kombiniert. Er ist ein praktisches Markenprodukt, das die Kunden regelm\u00e4\u00dfig benutzen k\u00f6nnen und das Ihr Logo im Alltag gut sichtbar macht.<\/p>\n<p data-start=\"4606\" data-end=\"4856\"><strong data-start=\"4606\" data-end=\"4619\">Ideal f\u00fcr<\/strong><br data-start=\"4619\" data-end=\"4622\" \/>Werbegeschenke f\u00fcr Unternehmen<br data-start=\"4641\" data-end=\"4644\" \/>Autohaus-Aktionen<br data-start=\"4669\" data-end=\"4672\" \/>Versicherungs-Kampagnen<br data-start=\"4691\" data-end=\"4694\" \/>Werbeaktionen f\u00fcr Reisen<br data-start=\"4711\" data-end=\"4714\" \/>Geschenke f\u00fcr den Einzelhandel<br data-start=\"4726\" data-end=\"4729\" \/>Werbegeschenke f\u00fcr Pendler<br data-start=\"4747\" data-end=\"4750\" \/>Waren f\u00fcr die Messe<br data-start=\"4772\" data-end=\"4775\" \/>Branding von Schulen und Universit\u00e4ten<br data-start=\"4805\" data-end=\"4808\" \/>Werbung f\u00fcr Immobilien<br data-start=\"4830\" data-end=\"4833\" \/>T\u00e4glicher Einsatz bei Regenwetter<\/p>\n<p data-start=\"4858\" data-end=\"4865\"><strong data-start=\"4858\" data-end=\"4865\">FAQ<\/strong><\/p>\n<p data-start=\"4867\" data-end=\"5003\"><strong data-start=\"4867\" data-end=\"4915\">Kann dieser Schirm mit einem Logo versehen werden?<\/strong><br data-start=\"4915\" data-end=\"4918\" \/>Ja, der Baldachin kann mit Ihrem Logo, Markennamen oder Werbegrafiken versehen werden.<\/p>\n<p data-start=\"5005\" data-end=\"5213\"><strong data-start=\"5005\" data-end=\"5044\">Was ist ein r\u00fcckw\u00e4rts faltbarer Regenschirm?<\/strong><br data-start=\"5044\" data-end=\"5047\" \/>Ein r\u00fcckw\u00e4rts faltbarer Regenschirm schlie\u00dft sich nach innen und hilft dabei, das nasse \u00c4u\u00dfere nach dem Zusammenfalten innen zu halten. So tropft weniger Wasser auf Kleidung, B\u00f6den und Autoinnenr\u00e4ume.<\/p>\n<p data-start=\"5215\" data-end=\"5377\"><strong data-start=\"5215\" data-end=\"5257\">Was ist der Vorteil des C-Griffs?<\/strong><br data-start=\"5257\" data-end=\"5260\" \/>Der C-f\u00f6rmige Griff kann auf dem Handgelenk aufliegen, so dass die H\u00e4nde frei sind, um Taschen zu tragen, zu telefonieren oder T\u00fcren zu \u00f6ffnen.<\/p>\n<p data-start=\"5379\" data-end=\"5563\"><strong data-start=\"5379\" data-end=\"5417\">Ist dieser Regenschirm f\u00fcr den Gebrauch im Auto geeignet?<\/strong><br data-start=\"5417\" data-end=\"5420\" \/>Ja. Das r\u00fcckw\u00e4rts \u00f6ffnende Design ist besonders praktisch beim Ein- und Aussteigen, da es sich auf engerem Raum \u00f6ffnen und schlie\u00dfen l\u00e4sst.<\/p>\n<p data-start=\"5565\" data-end=\"5704\"><strong data-start=\"5565\" data-end=\"5585\">Ist es winddicht?<\/strong><br data-start=\"5585\" data-end=\"5588\" \/>Ja. Das Produkt ist mit einer doppellagigen winddichten Konstruktion versehen, die f\u00fcr eine bessere Stabilit\u00e4t bei windigem Wetter sorgt.<\/p>\n<p data-start=\"5706\" data-end=\"5796\"><strong data-start=\"5706\" data-end=\"5747\">Welches Material wird f\u00fcr das Vordach verwendet?<\/strong><br data-start=\"5747\" data-end=\"5750\" \/>Die Produktbilder zeigen, dass PG-Gewebe verwendet wird.<\/p>\n<p data-start=\"5798\" data-end=\"5919\"><strong data-start=\"5798\" data-end=\"5829\">Welche Gr\u00f6\u00dfe hat dieser Schirm?<\/strong><br data-start=\"5829\" data-end=\"5832\" \/>Die Produktbilder zeigen eine ungef\u00e4hre offene Gr\u00f6\u00dfe von 107 cm und eine L\u00e4nge von etwa 80 cm.<\/p>\n<p data-start=\"5921\" data-end=\"6027\"><strong data-start=\"5921\" data-end=\"5951\">Welche Farben gibt es?<\/strong><br data-start=\"5951\" data-end=\"5954\" \/>Die Produktbilder zeigen die Optionen Schwarz, Rosa, Orange, Rot und Hellblau.<\/p>\n<p data-start=\"6029\" data-end=\"6212\"><strong data-start=\"6029\" data-end=\"6080\">Hilft der Regenschirm, das Tropfen im Haus zu reduzieren?<\/strong><br data-start=\"6080\" data-end=\"6083\" \/>Ja. Da die nasse Seite nach innen gefaltet werden kann, tropft der Schirm nicht, wenn er in Autos, B\u00fcros, Gesch\u00e4fte oder Wohnungen mitgenommen wird.<\/p>","protected":false},"excerpt":{"rendered":"<p data-start=\"1006\" data-end=\"1350\">Dieser individuell gestaltete, umkehrbare Regenschirm verf\u00fcgt \u00fcber ein praktisches Inside-Out-Design, das dazu beitr\u00e4gt, die nasse Oberfl\u00e4che beim Schlie\u00dfen zu sch\u00fctzen. Mit einem bequemen C-f\u00f6rmigen Griff, einem doppellagigen Schirmdach und einer windfesten Struktur ist er ein n\u00fctzlicher Markenschirm f\u00fcr den Pendlerverkehr, den Ein- und Ausstieg ins Auto, f\u00fcr Reisen und als Werbegeschenk.<\/p>","protected":false},"featured_media":47281,"template":"","meta":{"_gspb_post_css":""},"product_brand":[],"product_cat":[30],"product_tag":[],"class_list":{"0":"post-47280","1":"product","2":"type-product","3":"status-publish","4":"has-post-thumbnail","6":"product_cat-home-pets-tools","8":"first","9":"instock","10":"shipping-taxable","11":"product-type-simple"},"_links":{"self":[{"href":"https:\/\/globalgiftsupplier.com\/de\/wp-json\/wp\/v2\/product\/47280","targetHints":{"allow":["GET"]}}],"collection":[{"href":"https:\/\/globalgiftsupplier.com\/de\/wp-json\/wp\/v2\/product"}],"about":[{"href":"https:\/\/globalgiftsupplier.com\/de\/wp-json\/wp\/v2\/types\/product"}],"wp:featuredmedia":[{"embeddable":true,"href":"https:\/\/globalgiftsupplier.com\/de\/wp-json\/wp\/v2\/media\/47281"}],"wp:attachment":[{"href":"https:\/\/globalgiftsupplier.com\/de\/wp-json\/wp\/v2\/media?parent=47280"}],"wp:term":[{"taxonomy":"product_brand","embeddable":true,"href":"https:\/\/globalgiftsupplier.com\/de\/wp-json\/wp\/v2\/product_brand?post=47280"},{"taxonomy":"product_cat","embeddable":true,"href":"https:\/\/globalgiftsupplier.com\/de\/wp-json\/wp\/v2\/product_cat?post=47280"},{"taxonomy":"product_tag","embeddable":true,"href":"https:\/\/globalgiftsupplier.com\/de\/wp-json\/wp\/v2\/product_tag?post=47280"}],"curies":[{"name":"wp","href":"https:\/\/api.w.org\/{rel}","templated":true}]}}