{"id":47270,"date":"2026-03-30T08:45:08","date_gmt":"2026-03-30T08:45:08","guid":{"rendered":"https:\/\/globalgiftsupplier.com\/?post_type=product&#038;p=47270"},"modified":"2026-03-30T08:45:08","modified_gmt":"2026-03-30T08:45:08","slug":"custom-adjustable-walking-stick-umbrella-with-uv-protection-and-logo-printing","status":"publish","type":"product","link":"https:\/\/globalgiftsupplier.com\/de\/product\/custom-adjustable-walking-stick-umbrella-with-uv-protection-and-logo-printing\/","title":{"rendered":"Individuell einstellbarer Spazierstock-Regenschirm mit UV-Schutz und Logodruck"},"content":{"rendered":"<p data-start=\"1556\" data-end=\"1988\">Dieser individuell einstellbare Stockschirm ist ein funktionelles und unverwechselbares Werbeprodukt, das den Komfort eines Regenschirms in voller Gr\u00f6\u00dfe mit der Unterst\u00fctzung eines Stockgriffs kombiniert. Er wurde f\u00fcr Benutzer entwickelt, die einen zuverl\u00e4ssigen Wetterschutz zusammen mit einem stabileren und komfortableren Tragegef\u00fchl w\u00fcnschen, was ihn besonders geeignet macht f\u00fcr den t\u00e4glichen Gebrauch beim Pendeln, Wandern, Reisen und im Freien.<\/p>\n<p data-start=\"1990\" data-end=\"2415\">Der Schirm verf\u00fcgt \u00fcber eine robuste, gerade Struktur mit einer gro\u00dfen Kappe, die bei Regen oder Sonne einen breiten Schutz bietet. Er ist wasserdicht f\u00fcr nasses Wetter und bietet UV-Schutz f\u00fcr sonnige Bedingungen, so dass er im Alltag vielseitiger einsetzbar ist als ein Standardschirm. Ob auf den Stra\u00dfen der Stadt, bei Spazierg\u00e4ngen im Freien, beim Einkaufen, in Parks, auf Reisen oder bei Veranstaltungen - der Schirm bietet Schutz bei wechselndem Wetter.<\/p>\n<p data-start=\"2417\" data-end=\"2860\">Einer der Hauptvorteile dieses Produkts ist sein h\u00f6henverstellbares Design. Der Schirm kann in mehreren H\u00f6henstufen eingestellt werden, um ihn besser an Benutzer mit unterschiedlicher K\u00f6rpergr\u00f6\u00dfe anzupassen, so dass er bequemer in der Hand liegt und leichter als St\u00fctzschirm verwendet werden kann. Der Stockgriff verbessert zudem die Griffigkeit und Handhabung und ist damit eine praktische Option f\u00fcr \u00e4ltere Menschen, Alltagsgeher und Nutzer, die ein stabiles, gerades Schirmformat bevorzugen.<\/p>\n<p data-start=\"2862\" data-end=\"3246\">Die verst\u00e4rkte Struktur wird auch als tragend beworben, was die Attraktivit\u00e4t des Produkts als st\u00fctzendes Regenzubeh\u00f6r noch erh\u00f6ht. In Kombination mit seinem sauberen Erscheinungsbild und dem gro\u00dfen bedruckbaren Baldachin ist es eine gute Wahl f\u00fcr Werbekampagnen im Gesundheitswesen, bei Versicherungen, Apotheken, Seniorenprogrammen, Outdoor-Marken, Hotels, Einzelhandelsaktionen und Firmengeschenkprojekten.<\/p>\n<p data-start=\"3248\" data-end=\"3461\">Ihr Logo kann auf das Schirmdach gedruckt werden und sorgt so f\u00fcr eine dauerhafte Sichtbarkeit Ihrer Marke. Da Regenschirme immer wieder in der \u00d6ffentlichkeit verwendet werden, bietet dieses Produkt einen hohen Werbewert und ist gleichzeitig ein praktischer Alltagshelfer.<\/p>\n<p data-start=\"3463\" data-end=\"3919\"><strong data-start=\"3463\" data-end=\"3479\">Wesentliche Merkmale<\/strong><br data-start=\"3479\" data-end=\"3482\" \/>H\u00f6henverstellbares Design mit mehreren Einstellungen<br data-start=\"3529\" data-end=\"3532\" \/>Gehstock\u00e4hnlicher Griff f\u00fcr besseren Halt und Unterst\u00fctzung<br data-start=\"3586\" data-end=\"3589\" \/>Wasserdichtes Vordach f\u00fcr Regenwetter<br data-start=\"3628\" data-end=\"3631\" \/>UV-Schutz f\u00fcr Sonnenschutz<br data-start=\"3661\" data-end=\"3664\" \/>Gro\u00dfes Vordach f\u00fcr breiteren Schutz<br data-start=\"3697\" data-end=\"3700\" \/>Starke gerade Schirmstruktur<br data-start=\"3734\" data-end=\"3737\" \/>Tragf\u00e4higes Design f\u00fcr zus\u00e4tzliche Praktikabilit\u00e4t<br data-start=\"3785\" data-end=\"3788\" \/>Kundenspezifischer Logodruck m\u00f6glich<br data-start=\"3818\" data-end=\"3821\" \/>Sowohl f\u00fcr Regen als auch f\u00fcr Sonnenschein geeignet<br data-start=\"3860\" data-end=\"3863\" \/>Ein n\u00fctzlicher Werbeartikel mit langfristiger Wiederholungswirkung<\/p>\n<p data-start=\"3921\" data-end=\"4452\"><strong data-start=\"3921\" data-end=\"3939\">Spezifikationen<\/strong><br data-start=\"3939\" data-end=\"3942\" \/>Produkttyp: Spazierstock Regenschirm<br data-start=\"3978\" data-end=\"3981\" \/>Stil: Gerader Regenschirm mit Griff im Stil eines Stocks<br data-start=\"4028\" data-end=\"4031\" \/>Funktion: Regenschutz und St\u00fctzfunktion<br data-start=\"4078\" data-end=\"4081\" \/>H\u00f6heneinstellungen: 83 cm \/ 85 cm \/ 87 cm \/ 89 cm \/ 92 cm<br data-start=\"4135\" data-end=\"4138\" \/>Breite des offenen Vordachs: 100 cm<br data-start=\"4163\" data-end=\"4166\" \/>Vordachbogen: 120 cm<br data-start=\"4184\" data-end=\"4187\" \/>L\u00e4nge geschlossen: 85 cm<br data-start=\"4207\" data-end=\"4210\" \/>Farboptionen: Schwarz, Marineblau, Rot<br data-start=\"4246\" data-end=\"4249\" \/>Merkmal: Wasserdicht<br data-start=\"4268\" data-end=\"4271\" \/>Merkmal: UV-Schutz<br data-start=\"4293\" data-end=\"4296\" \/>Aufbau: Verstellbare Welle<br data-start=\"4323\" data-end=\"4326\" \/>Tragf\u00e4higkeit: Bis zu 80 kg belastbar wie in den Produktbildern gezeigt<br data-start=\"4395\" data-end=\"4398\" \/>Personalisierung: Logo-Druck auf Baldachin<br data-start=\"4436\" data-end=\"4439\" \/>Herkunft: China<\/p>\n<p data-start=\"4454\" data-end=\"4791\"><strong data-start=\"4454\" data-end=\"4481\">Warum dieses Produkt w\u00e4hlen<\/strong><br data-start=\"4481\" data-end=\"4484\" \/>Dieses Produkt bietet mehr als ein Standard-Werbeschirm. Er kombiniert Wetterschutz, verstellbare Handhabung und praktische Unterst\u00fctzung in einem Artikel. Das macht ihn zu einer guten Wahl f\u00fcr Marken, die ein n\u00fctzliches, einpr\u00e4gsames und hochwertiges Werbegeschenk suchen, das die Kunden auch im t\u00e4glichen Leben nutzen k\u00f6nnen.<\/p>\n<p data-start=\"4793\" data-end=\"5024\"><strong data-start=\"4793\" data-end=\"4806\">Ideal f\u00fcr<\/strong><br data-start=\"4806\" data-end=\"4809\" \/>Angebote f\u00fcr die Seniorenbetreuung<br data-start=\"4831\" data-end=\"4834\" \/>Branding im Gesundheitswesen<br data-start=\"4853\" data-end=\"4856\" \/>Versicherung Werbegeschenke<br data-start=\"4875\" data-end=\"4878\" \/>Kampagnen in der Apotheke<br data-start=\"4896\" data-end=\"4899\" \/>Wanderprogramme im Freien<br data-start=\"4923\" data-end=\"4926\" \/>Werbeaktionen f\u00fcr Reisen<br data-start=\"4943\" data-end=\"4946\" \/>Willkommensgeschenke im Hotel<br data-start=\"4965\" data-end=\"4968\" \/>Geschenke f\u00fcr Unternehmen<br data-start=\"4983\" data-end=\"4986\" \/>Veranstaltungen der Gemeinschaft<br data-start=\"5002\" data-end=\"5005\" \/>T\u00e4gliche Nutzung im Berufsverkehr<\/p>\n<p data-start=\"5026\" data-end=\"5033\"><strong data-start=\"5026\" data-end=\"5033\">FAQ<\/strong><\/p>\n<p data-start=\"5035\" data-end=\"5170\"><strong data-start=\"5035\" data-end=\"5083\">Kann dieser Schirm mit einem Logo versehen werden?<\/strong><br data-start=\"5083\" data-end=\"5086\" \/>Ja, der Baldachin kann mit Ihrem Logo, Markennamen oder Werbedesign versehen werden.<\/p>\n<p data-start=\"5172\" data-end=\"5395\"><strong data-start=\"5172\" data-end=\"5236\">Wodurch unterscheidet sich dieser Schirm von einem Standardschirm?<\/strong><br data-start=\"5236\" data-end=\"5239\" \/>Er verf\u00fcgt \u00fcber einen Griff im Stil eines Spazierstocks und ist in der H\u00f6he verstellbar, so dass er nicht nur vor Regen sch\u00fctzt, sondern auch als St\u00fctze dient.<\/p>\n<p data-start=\"5397\" data-end=\"5530\"><strong data-start=\"5397\" data-end=\"5426\">Ist die H\u00f6he verstellbar?<\/strong><br data-start=\"5426\" data-end=\"5429\" \/>Ja, der Schirm ist mit f\u00fcnf verstellbaren H\u00f6henstufen abgebildet: 83 cm, 85 cm, 87 cm, 89 cm und 92 cm.<\/p>\n<p data-start=\"5532\" data-end=\"5676\"><strong data-start=\"5532\" data-end=\"5566\">Bietet es UV-Schutz?<\/strong><br data-start=\"5566\" data-end=\"5569\" \/>Ja. Die Produktbilder zeigen, dass es sowohl f\u00fcr wasserdichten Regenschutz als auch f\u00fcr UV-Schutz geeignet ist.<\/p>\n<p data-start=\"5678\" data-end=\"5796\"><strong data-start=\"5678\" data-end=\"5706\">Wie gro\u00df ist die Kabinenhaube?<\/strong><br data-start=\"5706\" data-end=\"5709\" \/>Die Produktbilder zeigen eine offene Breite von ca. 100 cm und einen Vordachbogen von ca. 120 cm.<\/p>\n<p data-start=\"5798\" data-end=\"5997\"><strong data-start=\"5798\" data-end=\"5845\">Ist dieser Schirm f\u00fcr \u00e4ltere Menschen geeignet?<\/strong><br data-start=\"5845\" data-end=\"5848\" \/>Ja. Der Stockgriff und die verstellbare H\u00f6he machen ihn besonders geeignet f\u00fcr Senioren und Nutzer, die einen geraden Schirm bevorzugen.<\/p>\n<p data-start=\"5999\" data-end=\"6221\"><strong data-start=\"5999\" data-end=\"6044\">Kann es als Gehhilfe verwendet werden?<\/strong><br data-start=\"6044\" data-end=\"6047\" \/>Die Produktabbildungen zeigen eine Tragf\u00e4higkeit von bis zu 80 kg, was seine st\u00fctzende Bauweise unterstreicht. Er ist am besten als praktischer Regenschirm mit zus\u00e4tzlichen Stabilit\u00e4tsvorteilen geeignet.<\/p>\n<p data-start=\"6223\" data-end=\"6320\"><strong data-start=\"6223\" data-end=\"6253\">Welche Farben gibt es?<\/strong><br data-start=\"6253\" data-end=\"6256\" \/>Die Produktbilder zeigen die Farboptionen Schwarz, Marineblau und Rot.<\/p>\n<p data-start=\"6322\" data-end=\"6506\"><strong data-start=\"6322\" data-end=\"6375\">Eignet sich dieses Produkt f\u00fcr Werbegeschenke?<\/strong><br data-start=\"6375\" data-end=\"6378\" \/>Ja, es eignet sich hervorragend f\u00fcr das Gesundheitswesen, Versicherungen, Seniorendienste, Hotelgeschenke und Markenwerbung f\u00fcr Outdoor- oder Lifestyle-Aktivit\u00e4ten.<\/p>","protected":false},"excerpt":{"rendered":"<p data-start=\"1038\" data-end=\"1414\">Dieser individuell einstellbare Stockschirm kombiniert Regenschutz und Unterst\u00fctzung beim Gehen in einem praktischen Werbeartikel. Entworfen mit einem robusten Stock-Stil Griff, verstellbare H\u00f6he Einstellungen, wasserdicht Baldachin und UV-Schutz, ist es ein n\u00fctzliches Markenprodukt f\u00fcr den t\u00e4glichen Pendeln, Outdoor-Aktivit\u00e4ten, Seniorenbetreuung Promotionen und Corporate gifting.<\/p>","protected":false},"featured_media":47271,"template":"","meta":{"_gspb_post_css":""},"product_brand":[],"product_cat":[30],"product_tag":[],"class_list":{"0":"post-47270","1":"product","2":"type-product","3":"status-publish","4":"has-post-thumbnail","6":"product_cat-home-pets-tools","8":"first","9":"instock","10":"shipping-taxable","11":"product-type-simple"},"_links":{"self":[{"href":"https:\/\/globalgiftsupplier.com\/de\/wp-json\/wp\/v2\/product\/47270","targetHints":{"allow":["GET"]}}],"collection":[{"href":"https:\/\/globalgiftsupplier.com\/de\/wp-json\/wp\/v2\/product"}],"about":[{"href":"https:\/\/globalgiftsupplier.com\/de\/wp-json\/wp\/v2\/types\/product"}],"wp:featuredmedia":[{"embeddable":true,"href":"https:\/\/globalgiftsupplier.com\/de\/wp-json\/wp\/v2\/media\/47271"}],"wp:attachment":[{"href":"https:\/\/globalgiftsupplier.com\/de\/wp-json\/wp\/v2\/media?parent=47270"}],"wp:term":[{"taxonomy":"product_brand","embeddable":true,"href":"https:\/\/globalgiftsupplier.com\/de\/wp-json\/wp\/v2\/product_brand?post=47270"},{"taxonomy":"product_cat","embeddable":true,"href":"https:\/\/globalgiftsupplier.com\/de\/wp-json\/wp\/v2\/product_cat?post=47270"},{"taxonomy":"product_tag","embeddable":true,"href":"https:\/\/globalgiftsupplier.com\/de\/wp-json\/wp\/v2\/product_tag?post=47270"}],"curies":[{"name":"wp","href":"https:\/\/api.w.org\/{rel}","templated":true}]}}