{"id":47259,"date":"2026-03-30T08:42:53","date_gmt":"2026-03-30T08:42:53","guid":{"rendered":"https:\/\/globalgiftsupplier.com\/?post_type=product&#038;p=47259"},"modified":"2026-03-30T08:42:53","modified_gmt":"2026-03-30T08:42:53","slug":"custom-black-coated-straight-umbrella-with-retractable-sleeve-and-logo-printing","status":"publish","type":"product","link":"https:\/\/globalgiftsupplier.com\/de\/product\/custom-black-coated-straight-umbrella-with-retractable-sleeve-and-logo-printing\/","title":{"rendered":"Individueller schwarz beschichteter gerader Regenschirm mit einziehbarer H\u00fclle und Logodruck"},"content":{"rendered":"<p data-start=\"1651\" data-end=\"2060\">Dieser schwarz beschichtete Regenschirm ist ein praktischer und professioneller Werbeartikel, der f\u00fcr den t\u00e4glichen Regenschutz, als Werbegeschenk und zur langfristigen Markendarstellung geeignet ist. Mit seinem gro\u00dfen Baldachin, gerade Full-Size-Struktur und modernen Business-Stil Griff, bietet es einen Premium-Look als viele Standard-Werbegeschenke Regenschirme und gleichzeitig sehr n\u00fctzlich in allt\u00e4glichen Situationen.<\/p>\n<p data-start=\"2062\" data-end=\"2454\">Eines der herausragenden Merkmale dieses Schirms ist seine einziehbare H\u00fclle. Nach dem Gebrauch hilft die H\u00fclle, die nasse Kappe zu bedecken, um sie sauberer aufzubewahren und leichter zu transportieren, was ihn f\u00fcr Autos, B\u00fcros, Eing\u00e4nge, \u00f6ffentliche Verkehrsmittel und Innenr\u00e4ume praktischer macht. Die Manschette kann auch dazu beitragen, das Tropfen zu reduzieren, wenn der Schirm nach dem Regen bewegt oder aufbewahrt wird, was einen zus\u00e4tzlichen Nutzen f\u00fcr den t\u00e4glichen Gebrauch darstellt.<\/p>\n<p data-start=\"2456\" data-end=\"2884\">Die gro\u00dfe Kappe bietet einen besseren Schutz als viele andere Regenschirme und macht ihn zu einer guten Wahl f\u00fcr Pendler, Reisende, Schulkinder, Gesch\u00e4ftsleute, Hotelg\u00e4ste und Veranstaltungen im Freien. Die schwarz beschichtete Kappe sorgt f\u00fcr ein sauberes, solides Erscheinungsbild und verleiht dem Schirm eine raffiniertere Pr\u00e4sentation f\u00fcr Markenwerbung. In Kombination mit der langen, geraden Struktur wirkt er zuverl\u00e4ssig, praktisch und f\u00fcr den wiederholten Gebrauch geeignet.<\/p>\n<p data-start=\"2886\" data-end=\"3257\">Dieser Regenschirm ist mit einem eleganten Griff und einem passenden H\u00fclsensystem ausgestattet, das ihn als modernen Werbeartikel auszeichnet. Ihr Logo kann auf das Schirmdach gedruckt werden, um eine klare Sichtbarkeit in der \u00d6ffentlichkeit zu schaffen, was ihn zu einem starken Branding-Tool f\u00fcr Unternehmen, Schulen, Hotels, Immobilienagenturen, Einzelhandelsprogramme, Event-Veranstalter und Premium-Werbeaktionen macht.<\/p>\n<p data-start=\"3259\" data-end=\"3454\">Ob als Firmengeschenk, als Dankesch\u00f6n f\u00fcr Kunden, als Hotelschirm oder als Markenprodukt f\u00fcr den Einzelhandel - dieser Regenschirm vereint Schutz, Komfort und sichtbaren Werbewert in einem Produkt.<\/p>\n<p data-start=\"3456\" data-end=\"3921\"><strong data-start=\"3456\" data-end=\"3472\">Wesentliche Merkmale<\/strong><br data-start=\"3472\" data-end=\"3475\" \/>Gro\u00dfes Vordach f\u00fcr eine breitere Regenabdeckung<br data-start=\"3513\" data-end=\"3516\" \/>Schwarz beschichtete Haube f\u00fcr ein sauberes und professionelles Aussehen<br data-start=\"3569\" data-end=\"3572\" \/>Einziehbare Schutzh\u00fclle zur einfacheren Aufbewahrung von Regenschirmen<br data-start=\"3633\" data-end=\"3636\" \/>Verringert das Nachtropfen nach dem Gebrauch<br data-start=\"3667\" data-end=\"3670\" \/>Gerade Schirmstruktur in voller Gr\u00f6\u00dfe<br data-start=\"3707\" data-end=\"3710\" \/>Griffdesign im Business-Stil<br data-start=\"3738\" data-end=\"3741\" \/>Kundenspezifischer Logodruck m\u00f6glich<br data-start=\"3771\" data-end=\"3774\" \/>Geeignet f\u00fcr Pendler, gesch\u00e4ftliche Zwecke und Veranstaltungen<br data-start=\"3822\" data-end=\"3825\" \/>Erh\u00e4ltlich in mehreren Farboptionen<br data-start=\"3860\" data-end=\"3863\" \/>Wiederverwendbarer Werbeartikel mit langfristigem Branding-Wert<\/p>\n<p data-start=\"3923\" data-end=\"4383\"><strong data-start=\"3923\" data-end=\"3941\">Spezifikationen<\/strong><br data-start=\"3941\" data-end=\"3944\" \/>Produkttyp: Gerader Regenschirm mit einziehbarer H\u00fclle<br data-start=\"3999\" data-end=\"4002\" \/>Material der Kappe: Schwarz beschichteter Schirmstoff<br data-start=\"4047\" data-end=\"4050\" \/>Stil des Schirms: Gerader Regenschirm in voller Gr\u00f6\u00dfe<br data-start=\"4093\" data-end=\"4096\" \/>Vordachbogen: 135 cm<br data-start=\"4114\" data-end=\"4117\" \/>Offener Durchmesser: 120 cm<br data-start=\"4138\" data-end=\"4141\" \/>L\u00e4nge geschlossen: 94 cm<br data-start=\"4161\" data-end=\"4164\" \/>Farboptionen: Schwarz, bordeauxrot, marineblau<br data-start=\"4203\" data-end=\"4206\" \/>Personalisierung: Logo-Druck verf\u00fcgbar<br data-start=\"4244\" data-end=\"4247\" \/>Accessoire: Passende versenkbare Schirmh\u00fclle \/ Abdeckung<br data-start=\"4302\" data-end=\"4305\" \/>Verwendung: Regenschutz, Werbeaktionen, Firmengeschenke, t\u00e4gliches Tragen<br data-start=\"4367\" data-end=\"4370\" \/>Herkunft: China<\/p>\n<p data-start=\"4385\" data-end=\"4743\"><strong data-start=\"4385\" data-end=\"4412\">Warum dieses Produkt w\u00e4hlen<\/strong><br data-start=\"4412\" data-end=\"4415\" \/>Dieser Regenschirm bietet mehr als den \u00fcblichen Regenschutz. Seine Gr\u00f6\u00dfe, sein professionelles Erscheinungsbild und sein einziehbarer \u00c4rmel machen ihn zu einem starken Werbetr\u00e4ger f\u00fcr Marken, die sowohl Funktion als auch Pr\u00e4sentation w\u00fcnschen. Er ist leicht zu tragen, nach dem Gebrauch einfacher zu verstauen und verleiht Ihrem Logo in der \u00d6ffentlichkeit eine wiederholte Sichtbarkeit.<\/p>\n<p data-start=\"4745\" data-end=\"4985\"><strong data-start=\"4745\" data-end=\"4758\">Ideal f\u00fcr<\/strong><br data-start=\"4758\" data-end=\"4761\" \/>Geschenke f\u00fcr Unternehmen<br data-start=\"4776\" data-end=\"4779\" \/>Bef\u00f6rderungen von F\u00fchrungskr\u00e4ften<br data-start=\"4799\" data-end=\"4802\" \/>Regenschirme f\u00fcr Hotelg\u00e4ste<br data-start=\"4823\" data-end=\"4826\" \/>Immobilien-Branding<br data-start=\"4846\" data-end=\"4849\" \/>Werbegeschenke f\u00fcr die Messe<br data-start=\"4869\" data-end=\"4872\" \/>Werbung f\u00fcr Veranstaltungen im Freien<br data-start=\"4896\" data-end=\"4899\" \/>Schul- und Campusprogramme<br data-start=\"4925\" data-end=\"4928\" \/>Einzelhandelswaren<br data-start=\"4946\" data-end=\"4949\" \/>Nutzung im Berufsverkehr<br data-start=\"4961\" data-end=\"4964\" \/>Willkommenspakete f\u00fcr Unternehmen<\/p>\n<p data-start=\"4987\" data-end=\"4994\"><strong data-start=\"4987\" data-end=\"4994\">FAQ<\/strong><\/p>\n<p data-start=\"4996\" data-end=\"5128\"><strong data-start=\"4996\" data-end=\"5044\">Kann dieser Schirm mit einem Logo versehen werden?<\/strong><br data-start=\"5044\" data-end=\"5047\" \/>Ja, der Baldachin kann mit Ihrem Logo, Slogan oder Werbemotiv versehen werden.<\/p>\n<p data-start=\"5130\" data-end=\"5335\"><strong data-start=\"5130\" data-end=\"5212\">Was ist das Besondere an diesem Schirm im Vergleich zu einem normalen geraden Schirm?<\/strong><br data-start=\"5212\" data-end=\"5215\" \/>Er verf\u00fcgt \u00fcber eine einziehbare H\u00fclle, mit der die nasse Kappe nach dem Gebrauch abgedeckt werden kann, was die Aufbewahrung und den Transport vereinfacht.<\/p>\n<p data-start=\"5337\" data-end=\"5484\"><strong data-start=\"5337\" data-end=\"5368\">Welche Gr\u00f6\u00dfe hat dieser Schirm?<\/strong><br data-start=\"5368\" data-end=\"5371\" \/>Der Kronenbogen betr\u00e4gt ca. 135 cm, der offene Durchmesser ca. 120 cm und die geschlossene L\u00e4nge ca. 94 cm.<\/p>\n<p data-start=\"5486\" data-end=\"5586\"><strong data-start=\"5486\" data-end=\"5516\">Welche Farben gibt es?<\/strong><br data-start=\"5516\" data-end=\"5519\" \/>Die Produktbilder zeigen die Farboptionen Schwarz, Bordeauxrot und Marineblau.<\/p>\n<p data-start=\"5588\" data-end=\"5800\"><strong data-start=\"5588\" data-end=\"5642\">Eignet sich dieser Schirm f\u00fcr Werbezwecke?<\/strong><br data-start=\"5642\" data-end=\"5645\" \/>Ja. Sein klares Erscheinungsbild, sein gro\u00dfer Baldachin und seine hochwertige Struktur machen ihn zu einem idealen Geschenk f\u00fcr F\u00fchrungskr\u00e4fte, Kundengeschenke und Markenartikel f\u00fcr Unternehmen.<\/p>\n<p data-start=\"5802\" data-end=\"5982\"><strong data-start=\"5802\" data-end=\"5853\">Kann die Manschette dazu beitragen, das Abtropfen nach Regen zu verringern?<\/strong><br data-start=\"5853\" data-end=\"5856\" \/>Ja. Die einziehbare H\u00fclle hilft, den nassen Regenschirm nach dem Gebrauch zu bedecken, was dazu beitragen kann, dass er beim Tragen oder Lagern nicht tropft.<\/p>\n<p data-start=\"5984\" data-end=\"6114\"><strong data-start=\"5984\" data-end=\"6015\">Ist das ein Faltschirm?<\/strong><br data-start=\"6015\" data-end=\"6018\" \/>Nein. Es handelt sich um einen geraden Schirm in voller Gr\u00f6\u00dfe mit einer langen Struktur und einem einziehbaren H\u00fclsensystem.<\/p>\n<p data-start=\"6116\" data-end=\"6292\"><strong data-start=\"6116\" data-end=\"6154\">F\u00fcr wen ist dieser Schirm geeignet?<\/strong><br data-start=\"6154\" data-end=\"6157\" \/>Es eignet sich f\u00fcr Unternehmen, Hotels, Schulen, Eventveranstalter, Einzelh\u00e4ndler und Marken, die einen hochwertigen Werbeschirm suchen.<\/p>\n<p data-start=\"6294\" data-end=\"6453\"><strong data-start=\"6294\" data-end=\"6333\">Kann es f\u00fcr den t\u00e4glichen Arbeitsweg genutzt werden?<\/strong><br data-start=\"6333\" data-end=\"6336\" \/>Ja, er ist f\u00fcr den t\u00e4glichen Gebrauch bei Regen konzipiert, z. B. f\u00fcr Pendler, Reisende, B\u00fcroangestellte und Spazierg\u00e4nger im Freien.<\/p>","protected":false},"excerpt":{"rendered":"<p>Diese benutzerdefinierte schwarz beschichtet gerade Regenschirm ist ein Premium-Werbe regen Regenschirm f\u00fcr den t\u00e4glichen Gebrauch und starke Markenpr\u00e4sentation entwickelt. Mit einem gro\u00dfen Baldachin, schlanke Business-Stil Griff, und einziehbare H\u00fclse, die den Regenschirm nach Gebrauch zu speichern hilft, bietet es sowohl praktische Wetterschutz und eine saubere professionelle Optik. Ideal f\u00fcr Firmengeschenke, Werbeaktionen f\u00fcr F\u00fchrungskr\u00e4fte, Hotels, Veranstaltungen und den Einsatz im Berufsverkehr.<\/p>","protected":false},"featured_media":47260,"template":"","meta":{"_gspb_post_css":""},"product_brand":[],"product_cat":[30],"product_tag":[],"class_list":{"0":"post-47259","1":"product","2":"type-product","3":"status-publish","4":"has-post-thumbnail","6":"product_cat-home-pets-tools","8":"first","9":"instock","10":"shipping-taxable","11":"product-type-simple"},"_links":{"self":[{"href":"https:\/\/globalgiftsupplier.com\/de\/wp-json\/wp\/v2\/product\/47259","targetHints":{"allow":["GET"]}}],"collection":[{"href":"https:\/\/globalgiftsupplier.com\/de\/wp-json\/wp\/v2\/product"}],"about":[{"href":"https:\/\/globalgiftsupplier.com\/de\/wp-json\/wp\/v2\/types\/product"}],"wp:featuredmedia":[{"embeddable":true,"href":"https:\/\/globalgiftsupplier.com\/de\/wp-json\/wp\/v2\/media\/47260"}],"wp:attachment":[{"href":"https:\/\/globalgiftsupplier.com\/de\/wp-json\/wp\/v2\/media?parent=47259"}],"wp:term":[{"taxonomy":"product_brand","embeddable":true,"href":"https:\/\/globalgiftsupplier.com\/de\/wp-json\/wp\/v2\/product_brand?post=47259"},{"taxonomy":"product_cat","embeddable":true,"href":"https:\/\/globalgiftsupplier.com\/de\/wp-json\/wp\/v2\/product_cat?post=47259"},{"taxonomy":"product_tag","embeddable":true,"href":"https:\/\/globalgiftsupplier.com\/de\/wp-json\/wp\/v2\/product_tag?post=47259"}],"curies":[{"name":"wp","href":"https:\/\/api.w.org\/{rel}","templated":true}]}}