{"id":47249,"date":"2026-03-30T08:40:10","date_gmt":"2026-03-30T08:40:10","guid":{"rendered":"https:\/\/globalgiftsupplier.com\/?post_type=product&#038;p=47249"},"modified":"2026-03-30T08:40:10","modified_gmt":"2026-03-30T08:40:10","slug":"custom-pongee-straight-handle-promotional-umbrella-with-logo-printing","status":"publish","type":"product","link":"https:\/\/globalgiftsupplier.com\/de\/product\/custom-pongee-straight-handle-promotional-umbrella-with-logo-printing\/","title":{"rendered":"Custom Pongee gerader Griff Werbeartikel Regenschirm mit Logo-Druck"},"content":{"rendered":"<p data-start=\"1623\" data-end=\"2021\">Dieser individuelle Regenschirm mit geradem Griff aus Pongee ist ein klassisches Werbeprodukt, das allt\u00e4gliche Funktionalit\u00e4t mit starkem Markenwert verbindet. Entworfen mit einem Full-Size-Baldachin, langlebig geraden Schaft und gebogenen J-Griff, bietet es ein sauberes und professionelles Erscheinungsbild geeignet f\u00fcr Business-Promotions, Kundengeschenke, Mitarbeiter Willkommens-Kits, Einzelhandelsverkauf und Event-Verteilung.<\/p>\n<p data-start=\"2023\" data-end=\"2477\">Dieser Regenschirm wurde f\u00fcr den t\u00e4glichen Gebrauch entwickelt und bietet zuverl\u00e4ssigen Schutz bei regnerischem Wetter und dient gleichzeitig als sichtbares Markenzeichen im \u00f6ffentlichen Raum. Sein breites Schirmdach bietet bequemen Schutz beim Pendeln, Spazierengehen, auf Reisen, auf dem Schulweg und bei Aktivit\u00e4ten im Freien. Da Regenschirme auf Stra\u00dfen, Parkpl\u00e4tzen, in Verkehrsmitteln, an B\u00fcroeing\u00e4ngen, auf dem Campus und bei Veranstaltungen getragen werden, wird Ihr Logo in der realen Welt immer wieder sichtbar.<\/p>\n<p data-start=\"2479\" data-end=\"2856\">Die Kappe aus Pongee-Stoff verleiht dem Schirm ein glattes und edles Aussehen, wodurch er sich pr\u00e4sentabler anf\u00fchlt als viele einfache Werbeschirme. Die durchgehende Struktur verleiht ihm einen traditionellen und zuverl\u00e4ssigen Stil, w\u00e4hrend der geschwungene Griff das Greifen, Tragen und Aufbewahren erleichtert. Ein praktisches \u00d6ffnungssystem und ein stabiles Rahmendesign unterst\u00fctzen den t\u00e4glichen Gebrauch in unterschiedlichen Umgebungen.<\/p>\n<p data-start=\"2858\" data-end=\"3154\">Dieser Regenschirm eignet sich hervorragend f\u00fcr Unternehmenspromotions, Konferenzen, Hotels, Universit\u00e4ten, Immobilienkampagnen, Einzelhandelsgesch\u00e4fte und Marketingveranstaltungen im Freien. Ob als hochwertiges Werbegeschenk oder als praktisches Marken-Accessoire, er bietet n\u00fctzliche Leistung und langfristige Werbepr\u00e4senz.<\/p>\n<p data-start=\"3156\" data-end=\"3598\"><strong data-start=\"3156\" data-end=\"3172\">Wesentliche Merkmale<\/strong><br data-start=\"3172\" data-end=\"3175\" \/>Baldachin aus Pongee-Stoff f\u00fcr ein glattes und raffiniertes Aussehen<br data-start=\"3225\" data-end=\"3228\" \/>Klassisches gerades Schirmdesign<br data-start=\"3260\" data-end=\"3263\" \/>Komfortabler gebogener J-Griff<br data-start=\"3290\" data-end=\"3293\" \/>Gro\u00dfes Vordach f\u00fcr zuverl\u00e4ssigen Regenschutz<br data-start=\"3332\" data-end=\"3335\" \/>Kundenspezifischer Logodruck auf Vord\u00e4chern m\u00f6glich<br data-start=\"3382\" data-end=\"3385\" \/>Langlebige Rahmenkonstruktion in voller Gr\u00f6\u00dfe<br data-start=\"3418\" data-end=\"3421\" \/>Professionelles Erscheinungsbild f\u00fcr gesch\u00e4ftliche Werbung<br data-start=\"3468\" data-end=\"3471\" \/>Geeignet f\u00fcr den t\u00e4glichen Pendlerverkehr und den Einsatz im Freien<br data-start=\"3515\" data-end=\"3518\" \/>Erh\u00e4ltlich in mehreren Farboptionen<br data-start=\"3553\" data-end=\"3556\" \/>Starke Sichtbarkeit der Marke im \u00f6ffentlichen Raum<\/p>\n<p data-start=\"3600\" data-end=\"3974\"><strong data-start=\"3600\" data-end=\"3618\">Spezifikationen<\/strong><br data-start=\"3618\" data-end=\"3621\" \/>Produkttyp: Regenschirm mit geradem Griff<br data-start=\"3659\" data-end=\"3662\" \/>Material: Pongee Stoff Baldachin<br data-start=\"3692\" data-end=\"3695\" \/>Grifftyp: Gebogener J-Griff<br data-start=\"3723\" data-end=\"3726\" \/>Gestell-Stil: Gerades Schirmgestell in voller Gr\u00f6\u00dfe<br data-start=\"3772\" data-end=\"3775\" \/>Durchmesser des Vordachs: 105 cm<br data-start=\"3798\" data-end=\"3801\" \/>H\u00f6he des Schirms: 83 cm<br data-start=\"3823\" data-end=\"3826\" \/>Farboptionen: Schwarz, rot, blau<br data-start=\"3857\" data-end=\"3860\" \/>Personalisierung: Logo-Druck verf\u00fcgbar<br data-start=\"3898\" data-end=\"3901\" \/>Verwendung: Regenschutz, Werbeaktionen, Firmengeschenke, Veranstaltungen<br data-start=\"3958\" data-end=\"3961\" \/>Herkunft: China<\/p>\n<p data-start=\"3976\" data-end=\"4335\"><strong data-start=\"3976\" data-end=\"4003\">Warum dieses Produkt w\u00e4hlen<\/strong><br data-start=\"4003\" data-end=\"4006\" \/>Dieser Regenschirm bietet das richtige Gleichgewicht aus Funktion, Aussehen und Markenwert. Mit seiner vollen Gr\u00f6\u00dfe, der klassischen Griffform und dem sauberen Pongee-Dach eignet er sich sowohl f\u00fcr den praktischen Alltagsgebrauch als auch f\u00fcr die Werbepr\u00e4sentation. F\u00fcr Marken, die einen n\u00fctzlichen Artikel mit wiederholter Sichtbarkeit w\u00fcnschen, ist dieser Regenschirm eine zuverl\u00e4ssige Wahl.<\/p>\n<p data-start=\"4337\" data-end=\"4606\"><strong data-start=\"4337\" data-end=\"4350\">Ideal f\u00fcr<\/strong><br data-start=\"4350\" data-end=\"4353\" \/>Geschenke f\u00fcr Unternehmen<br data-start=\"4368\" data-end=\"4371\" \/>Werbegeschenke f\u00fcr die Messe<br data-start=\"4391\" data-end=\"4394\" \/>Schul- und Campuswerbung<br data-start=\"4422\" data-end=\"4425\" \/>Hotel- und Gastgewerbe-Branding<br data-start=\"4455\" data-end=\"4458\" \/>Werbung f\u00fcr Immobilien<br data-start=\"4480\" data-end=\"4483\" \/>Werbegeschenke f\u00fcr Veranstaltungen im Freien<br data-start=\"4506\" data-end=\"4509\" \/>Einzelhandelswaren<br data-start=\"4527\" data-end=\"4530\" \/>Willkommenspakete f\u00fcr Mitarbeiter<br data-start=\"4551\" data-end=\"4554\" \/>T\u00e4gliche Nutzung im Berufsverkehr<br data-start=\"4573\" data-end=\"4576\" \/>Saisonale Werbekampagnen<\/p>\n<p data-start=\"4608\" data-end=\"4615\"><strong data-start=\"4608\" data-end=\"4615\">FAQ<\/strong><\/p>\n<p data-start=\"4617\" data-end=\"4756\"><strong data-start=\"4617\" data-end=\"4665\">Kann dieser Schirm mit einem Logo versehen werden?<\/strong><br data-start=\"4665\" data-end=\"4668\" \/>Ja, die Vordachpaneele k\u00f6nnen mit Ihrem Logo, Slogan oder Werbemotiv versehen werden.<\/p>\n<p data-start=\"4758\" data-end=\"4833\"><strong data-start=\"4758\" data-end=\"4800\">Aus welchem Material ist das Vordach gefertigt?<\/strong><br data-start=\"4800\" data-end=\"4803\" \/>Es ist aus Pongee-Gewebe gefertigt.<\/p>\n<p data-start=\"4835\" data-end=\"4952\"><strong data-start=\"4835\" data-end=\"4866\">Welche Gr\u00f6\u00dfe hat dieser Schirm?<\/strong><br data-start=\"4866\" data-end=\"4869\" \/>Der Durchmesser der Baumkrone betr\u00e4gt etwa 105 cm, die Gesamth\u00f6he etwa 83 cm.<\/p>\n<p data-start=\"4954\" data-end=\"5059\"><strong data-start=\"4954\" data-end=\"4988\">Welche Art von Griff wird verwendet?<\/strong><br data-start=\"4988\" data-end=\"4991\" \/>Der klassische, geschwungene J-Griff sorgt f\u00fcr bequemen Halt und Tragekomfort.<\/p>\n<p data-start=\"5061\" data-end=\"5153\"><strong data-start=\"5061\" data-end=\"5091\">Welche Farben gibt es?<\/strong><br data-start=\"5091\" data-end=\"5094\" \/>Die Produktbilder zeigen die Farboptionen Schwarz, Rot und Blau.<\/p>\n<p data-start=\"5155\" data-end=\"5231\"><strong data-start=\"5155\" data-end=\"5186\">Ist das ein Faltschirm?<\/strong><br data-start=\"5186\" data-end=\"5189\" \/>Nein. Dies ist ein normaler Regenschirm in voller Gr\u00f6\u00dfe.<\/p>\n<p data-start=\"5233\" data-end=\"5398\"><strong data-start=\"5233\" data-end=\"5278\">Ist es f\u00fcr Werbegeschenke geeignet?<\/strong><br data-start=\"5278\" data-end=\"5281\" \/>Ja, es ist ideal f\u00fcr Firmengeschenke, Kundengeschenke, Schulwerbung, Handouts f\u00fcr Veranstaltungen und Markenartikel.<\/p>\n<p data-start=\"5400\" data-end=\"5550\"><strong data-start=\"5400\" data-end=\"5445\">Bietet sie eine gute Fl\u00e4che f\u00fcr das Logo?<\/strong><br data-start=\"5445\" data-end=\"5448\" \/>Ja. Die Haube bietet einen sichtbaren Druckbereich, der Ihr Branding im t\u00e4glichen Gebrauch hervorhebt.<\/p>\n<p data-start=\"5552\" data-end=\"5728\"><strong data-start=\"5552\" data-end=\"5590\">F\u00fcr wen ist dieser Schirm geeignet?<\/strong><br data-start=\"5590\" data-end=\"5593\" \/>Es eignet sich f\u00fcr Unternehmen, Schulen, Hotels, Einzelhandelsgesch\u00e4fte, Veranstalter und Marken, die einen praktischen Werbeartikel suchen.<\/p>","protected":false},"excerpt":{"rendered":"<p>Dieser Regenschirm mit geradem Griff aus Pongee ist ein praktischer Werbeartikel in voller Gr\u00f6\u00dfe, der f\u00fcr den t\u00e4glichen Regenschutz und eine starke Markensichtbarkeit entwickelt wurde. Mit einem klassischen gebogenen J-Griff, robusten Rahmen und breiten Baldachin, ist es geeignet f\u00fcr Werbegeschenke, Outdoor-Promotions, Hotels, Schulen, Einzelhandels-Programme, und Event-Giveaways. Durch die gro\u00dfe Fl\u00e4che hebt sich Ihr Logo auf einem Produkt hervor, das immer wieder verwendet wird.<\/p>","protected":false},"featured_media":47250,"template":"","meta":{"_gspb_post_css":""},"product_brand":[],"product_cat":[30],"product_tag":[],"class_list":{"0":"post-47249","1":"product","2":"type-product","3":"status-publish","4":"has-post-thumbnail","6":"product_cat-home-pets-tools","8":"first","9":"instock","10":"shipping-taxable","11":"product-type-simple"},"_links":{"self":[{"href":"https:\/\/globalgiftsupplier.com\/de\/wp-json\/wp\/v2\/product\/47249","targetHints":{"allow":["GET"]}}],"collection":[{"href":"https:\/\/globalgiftsupplier.com\/de\/wp-json\/wp\/v2\/product"}],"about":[{"href":"https:\/\/globalgiftsupplier.com\/de\/wp-json\/wp\/v2\/types\/product"}],"wp:featuredmedia":[{"embeddable":true,"href":"https:\/\/globalgiftsupplier.com\/de\/wp-json\/wp\/v2\/media\/47250"}],"wp:attachment":[{"href":"https:\/\/globalgiftsupplier.com\/de\/wp-json\/wp\/v2\/media?parent=47249"}],"wp:term":[{"taxonomy":"product_brand","embeddable":true,"href":"https:\/\/globalgiftsupplier.com\/de\/wp-json\/wp\/v2\/product_brand?post=47249"},{"taxonomy":"product_cat","embeddable":true,"href":"https:\/\/globalgiftsupplier.com\/de\/wp-json\/wp\/v2\/product_cat?post=47249"},{"taxonomy":"product_tag","embeddable":true,"href":"https:\/\/globalgiftsupplier.com\/de\/wp-json\/wp\/v2\/product_tag?post=47249"}],"curies":[{"name":"wp","href":"https:\/\/api.w.org\/{rel}","templated":true}]}}