{"id":47239,"date":"2026-03-30T08:37:57","date_gmt":"2026-03-30T08:37:57","guid":{"rendered":"https:\/\/globalgiftsupplier.com\/?post_type=product&#038;p=47239"},"modified":"2026-03-30T08:37:57","modified_gmt":"2026-03-30T08:37:57","slug":"custom-straight-handle-black-coated-golf-umbrella-with-logo-printing","status":"publish","type":"product","link":"https:\/\/globalgiftsupplier.com\/de\/product\/custom-straight-handle-black-coated-golf-umbrella-with-logo-printing\/","title":{"rendered":"Custom Straight Handle schwarz beschichtet Golf Regenschirm mit Logo-Druck"},"content":{"rendered":"<p data-start=\"1606\" data-end=\"1992\">Dieser individuelle Golfschirm mit geradem Griff ist ein praktischer Werbeartikel, der sowohl f\u00fcr Regentage als auch f\u00fcr den t\u00e4glichen Gebrauch im Freien geeignet ist. Mit seiner klassischen Struktur in voller L\u00e4nge, bequemen gebogenen Griff, und breite Baldachin Abdeckung, bietet es einen sauberen und professionellen Look, der gut f\u00fcr Werbegeschenke, Werbekampagnen, Event-Promotions und Markenartikel funktioniert.<\/p>\n<p data-start=\"1994\" data-end=\"2484\">Der Schirm verf\u00fcgt \u00fcber eine schwarze Innenbeschichtung, die zus\u00e4tzliche Funktionen f\u00fcr den Einsatz im Freien bietet, so dass er sowohl als Regenschutz als auch f\u00fcr den t\u00e4glichen Schattenbedarf geeignet ist. Die gro\u00dfz\u00fcgige Schirmkappe bietet eine breite Abdeckung und tr\u00e4gt dazu bei, dass sich die Benutzer beim Spazierengehen im Freien, beim Pendeln, beim Besuch von Veranstaltungen oder auf Reisen wohler f\u00fchlen. Diese Kombination aus Funktion und Sichtbarkeit macht es zu einem n\u00fctzlichen Produkt f\u00fcr Marken, die eine dauerhafte Pr\u00e4senz auf einem Artikel w\u00fcnschen, den die Kunden tats\u00e4chlich nutzen.<\/p>\n<p data-start=\"2486\" data-end=\"2954\">Sein gerades Schirmdesign verleiht ihm ein klassisches Aussehen, das zu vielen Branchen und Zielgruppen passt. Der gebogene Griff liegt gut in der Hand und l\u00e4sst sich leicht tragen, w\u00e4hrend das Gestell in voller Gr\u00f6\u00dfe eine stabile und praktische Struktur f\u00fcr den regelm\u00e4\u00dfigen Gebrauch bietet. Das Schirmdach bietet au\u00dferdem eine gro\u00dfe Fl\u00e4che zur individuellen Gestaltung f\u00fcr Ihr Logo, Ihren Slogan oder Ihre Werbegrafik, so dass Ihr Markenzeichen in \u00f6ffentlichen Bereichen wie Stra\u00dfen, B\u00fcros, Universit\u00e4ten, Hotels, Handelsveranstaltungen und Transportbereichen sichtbar bleibt.<\/p>\n<p data-start=\"2956\" data-end=\"3319\">Dieser Regenschirm ist eine gute Wahl f\u00fcr Unternehmen, die ein funktionales Markenprodukt mit gro\u00dfer Anziehungskraft suchen. Er kann als Firmengeschenk, Kundengeschenk, Mitarbeiterartikel, Einzelhandelsartikel oder Event-Handout verwendet werden. Ob bei regnerischem Wetter oder unter starker Sonne, er verleiht Ihrer Marke durch ein praktisches, allt\u00e4gliches Accessoire wiederholt Sichtbarkeit.<\/p>\n<p data-start=\"3321\" data-end=\"3778\"><strong data-start=\"3321\" data-end=\"3337\">Wesentliche Merkmale<\/strong><br data-start=\"3337\" data-end=\"3340\" \/>Gro\u00dfe \u00dcberdachung f\u00fcr besseren Schutz im Freien<br data-start=\"3391\" data-end=\"3394\" \/>Schwarze Innenbeschichtung f\u00fcr den Einsatz bei Sonne und Regen<br data-start=\"3434\" data-end=\"3437\" \/>Klassisches gerades Schirmdesign<br data-start=\"3469\" data-end=\"3472\" \/>Komfortabler gebogener J-Griff<br data-start=\"3499\" data-end=\"3502\" \/>Kundenspezifischer Logodruck auf Vord\u00e4chern m\u00f6glich<br data-start=\"3549\" data-end=\"3552\" \/>Geeignet f\u00fcr Werbezwecke und Unternehmen<br data-start=\"3594\" data-end=\"3597\" \/>Praktisch f\u00fcr Pendler, Veranstaltungen und Outdoor-Aktivit\u00e4ten<br data-start=\"3652\" data-end=\"3655\" \/>Sauberes und professionelles Erscheinungsbild<br data-start=\"3688\" data-end=\"3691\" \/>Erh\u00e4ltlich in mehreren Farboptionen<br data-start=\"3726\" data-end=\"3729\" \/>N\u00fctzliches Werbegeschenk mit wiederholter Markenexposition<\/p>\n<p data-start=\"3780\" data-end=\"4173\"><strong data-start=\"3780\" data-end=\"3798\">Spezifikationen<\/strong><br data-start=\"3798\" data-end=\"3801\" \/>Produkttyp: Regenschirm mit geradem Griff<br data-start=\"3839\" data-end=\"3842\" \/>Material: Polyester-Haube mit schwarzer Innenbeschichtung<br data-start=\"3893\" data-end=\"3896\" \/>Gestell-Stil: Gerades Schirmgestell in voller Gr\u00f6\u00dfe<br data-start=\"3942\" data-end=\"3945\" \/>Grifftyp: Gebogener J-Griff<br data-start=\"3973\" data-end=\"3976\" \/>Durchmesser des Vordachs: 105 cm<br data-start=\"3999\" data-end=\"4002\" \/>H\u00f6he des Schirms: 83 cm<br data-start=\"4024\" data-end=\"4027\" \/>Farboptionen: Schwarz, blau, rot<br data-start=\"4058\" data-end=\"4061\" \/>Personalisierung: Logo-Druck verf\u00fcgbar<br data-start=\"4099\" data-end=\"4102\" \/>Verwendung: Regen- und Sonnenschutz, Werbeaktionen, Geschenke, Veranstaltungen<br data-start=\"4157\" data-end=\"4160\" \/>Herkunft: China<\/p>\n<p data-start=\"4175\" data-end=\"4624\"><strong data-start=\"4175\" data-end=\"4202\">Warum dieses Produkt w\u00e4hlen<\/strong><br data-start=\"4202\" data-end=\"4205\" \/>Dieser Regenschirm kombiniert eine klassische Form, n\u00fctzlichen Schutz und einen starken Markenwert in einem praktischen Produkt. Das gro\u00dfe Schirmdach und die schwarze Innenbeschichtung machen ihn f\u00fcr den allt\u00e4glichen Gebrauch im Freien geeignet, w\u00e4hrend der individuelle Logobereich dazu beitr\u00e4gt, dass Ihre Marke in B\u00fcros, auf Stra\u00dfen, bei Veranstaltungen und auf Reisen sichtbar bleibt. Es ist ein zuverl\u00e4ssiger Werbeartikel, der sich praktisch und pr\u00e4sentabel anf\u00fchlt und sich in vielen Branchen leicht verteilen l\u00e4sst.<\/p>\n<p data-start=\"4626\" data-end=\"4900\"><strong data-start=\"4626\" data-end=\"4639\">Ideal f\u00fcr<\/strong><br data-start=\"4639\" data-end=\"4642\" \/>Geschenke f\u00fcr Unternehmen<br data-start=\"4657\" data-end=\"4660\" \/>Werbegeschenke f\u00fcr die Messe<br data-start=\"4680\" data-end=\"4683\" \/>Schul- und Campuswerbung<br data-start=\"4711\" data-end=\"4714\" \/>Hotel- und Gastgewerbe-Branding<br data-start=\"4744\" data-end=\"4747\" \/>Werbung f\u00fcr Immobilien<br data-start=\"4769\" data-end=\"4772\" \/>Werbegeschenke f\u00fcr Veranstaltungen im Freien<br data-start=\"4795\" data-end=\"4798\" \/>Einzelhandelswaren<br data-start=\"4816\" data-end=\"4819\" \/>Willkommenspakete f\u00fcr Mitarbeiter<br data-start=\"4840\" data-end=\"4843\" \/>Nutzung f\u00fcr Reisen und Pendeln<br data-start=\"4867\" data-end=\"4870\" \/>Saisonale Werbekampagnen<\/p>\n<p data-start=\"4902\" data-end=\"4909\"><strong data-start=\"4902\" data-end=\"4909\">FAQ<\/strong><\/p>\n<p data-start=\"4911\" data-end=\"5040\"><strong data-start=\"4911\" data-end=\"4959\">Kann dieser Schirm mit einem Logo versehen werden?<\/strong><br data-start=\"4959\" data-end=\"4962\" \/>Ja, die Vordachplatten k\u00f6nnen mit Ihrem Logo oder Werbedesign versehen werden.<\/p>\n<p data-start=\"5042\" data-end=\"5224\"><strong data-start=\"5042\" data-end=\"5098\">Ist dieser Schirm sowohl f\u00fcr Regen als auch f\u00fcr Sonne geeignet?<\/strong><br data-start=\"5098\" data-end=\"5101\" \/>Die schwarze Innenbeschichtung und das gro\u00dfe Sonnendach eignen sich sowohl f\u00fcr den Regenschutz als auch f\u00fcr den t\u00e4glichen Gebrauch als Sonnenschutz.<\/p>\n<p data-start=\"5226\" data-end=\"5343\"><strong data-start=\"5226\" data-end=\"5257\">Welche Gr\u00f6\u00dfe hat dieser Schirm?<\/strong><br data-start=\"5257\" data-end=\"5260\" \/>Der Durchmesser der Baumkrone betr\u00e4gt etwa 105 cm, die Gesamth\u00f6he etwa 83 cm.<\/p>\n<p data-start=\"5345\" data-end=\"5454\"><strong data-start=\"5345\" data-end=\"5379\">Welche Art von Griff wird verwendet?<\/strong><br data-start=\"5379\" data-end=\"5382\" \/>Der klassisch geschwungene J-Griff sorgt f\u00fcr bequemen Halt und Tragekomfort.<\/p>\n<p data-start=\"5456\" data-end=\"5540\"><strong data-start=\"5456\" data-end=\"5486\">Welche Farben gibt es?<\/strong><br data-start=\"5486\" data-end=\"5489\" \/>Die Bilder zeigen die Farbvarianten Schwarz, Blau und Rot.<\/p>\n<p data-start=\"5542\" data-end=\"5620\"><strong data-start=\"5542\" data-end=\"5573\">Ist das ein Faltschirm?<\/strong><br data-start=\"5573\" data-end=\"5576\" \/>Nein. Dies ist ein gerader Regenschirm in voller L\u00e4nge.<\/p>\n<p data-start=\"5622\" data-end=\"5818\"><strong data-start=\"5622\" data-end=\"5679\">F\u00fcr welche Art von Kunden ist dieser Schirm geeignet?<\/strong><br data-start=\"5679\" data-end=\"5682\" \/>Er eignet sich f\u00fcr Unternehmen, Schulen, Hotels, Eventveranstalter, Einzelhandelsgesch\u00e4fte und Marken, die einen praktischen Werbeartikel suchen.<\/p>\n<p data-start=\"5820\" data-end=\"5979\"><strong data-start=\"5820\" data-end=\"5863\">Kann es als Werbegeschenk f\u00fcr Unternehmen verwendet werden?<\/strong><br data-start=\"5863\" data-end=\"5866\" \/>Ja, es ist eine gute Option f\u00fcr Kundengeschenke, Mitarbeitergeschenke, Werbegeschenke f\u00fcr Veranstaltungen und Markenartikelprogramme.<\/p>\n<p data-start=\"5981\" data-end=\"6154\"><strong data-start=\"5981\" data-end=\"6033\">Bietet der Schirm eine gro\u00dfe Brandingfl\u00e4che?<\/strong><br data-start=\"6033\" data-end=\"6036\" \/>Ja. Das Vordach bietet eine klare und sichtbare Fl\u00e4che f\u00fcr den Logodruck und tr\u00e4gt dazu bei, die Markenpr\u00e4senz im Au\u00dfenbereich zu verbessern.<\/p>","protected":false},"excerpt":{"rendered":"<p>Dieser kundenspezifische Golfschirm mit geradem Griff verf\u00fcgt \u00fcber eine gro\u00dfe Kappe, ein klassisches J-Griff-Design und eine schwarze Innenbeschichtung f\u00fcr den praktischen Einsatz bei Sonne und Regen. Gebaut f\u00fcr den t\u00e4glichen Komfort und starke Markensichtbarkeit, ist es ideal f\u00fcr Firmengeschenke, Promotionen, Outdoor-Veranstaltungen, Hotels, Schulen und Einzelhandel. Die gro\u00dfe Druckfl\u00e4che hebt Ihr Logo auf einem n\u00fctzlichen Gegenstand hervor, den die Leute immer wieder mit sich f\u00fchren.<\/p>","protected":false},"featured_media":47240,"template":"","meta":{"_gspb_post_css":""},"product_brand":[],"product_cat":[30],"product_tag":[],"class_list":{"0":"post-47239","1":"product","2":"type-product","3":"status-publish","4":"has-post-thumbnail","6":"product_cat-home-pets-tools","8":"first","9":"instock","10":"shipping-taxable","11":"product-type-simple"},"_links":{"self":[{"href":"https:\/\/globalgiftsupplier.com\/de\/wp-json\/wp\/v2\/product\/47239","targetHints":{"allow":["GET"]}}],"collection":[{"href":"https:\/\/globalgiftsupplier.com\/de\/wp-json\/wp\/v2\/product"}],"about":[{"href":"https:\/\/globalgiftsupplier.com\/de\/wp-json\/wp\/v2\/types\/product"}],"wp:featuredmedia":[{"embeddable":true,"href":"https:\/\/globalgiftsupplier.com\/de\/wp-json\/wp\/v2\/media\/47240"}],"wp:attachment":[{"href":"https:\/\/globalgiftsupplier.com\/de\/wp-json\/wp\/v2\/media?parent=47239"}],"wp:term":[{"taxonomy":"product_brand","embeddable":true,"href":"https:\/\/globalgiftsupplier.com\/de\/wp-json\/wp\/v2\/product_brand?post=47239"},{"taxonomy":"product_cat","embeddable":true,"href":"https:\/\/globalgiftsupplier.com\/de\/wp-json\/wp\/v2\/product_cat?post=47239"},{"taxonomy":"product_tag","embeddable":true,"href":"https:\/\/globalgiftsupplier.com\/de\/wp-json\/wp\/v2\/product_tag?post=47239"}],"curies":[{"name":"wp","href":"https:\/\/api.w.org\/{rel}","templated":true}]}}