{"id":47166,"date":"2026-03-30T04:25:19","date_gmt":"2026-03-30T04:25:19","guid":{"rendered":"https:\/\/globalgiftsupplier.com\/?post_type=product&#038;p=47166"},"modified":"2026-03-30T04:25:19","modified_gmt":"2026-03-30T04:25:19","slug":"custom-non-woven-tote-bags-with-side-pocket","status":"publish","type":"product","link":"https:\/\/globalgiftsupplier.com\/de\/product\/custom-non-woven-tote-bags-with-side-pocket\/","title":{"rendered":"Individuell gestaltete Vliesstoff-Tragetaschen mit Seitentasche"},"content":{"rendered":"<p data-start=\"1573\" data-end=\"1915\">Diese individuellen Vliesstoff-Taschen sind eine praktische Werbeverpackung und Einkaufsl\u00f6sung f\u00fcr Unternehmen, die sowohl Sichtbarkeit als auch Alltagstauglichkeit w\u00fcnschen. Sie sind aus leichtem Vliesstoff gefertigt und eignen sich f\u00fcr den Transport von Brosch\u00fcren, Katalogen, Lebensmitteln, Proben, Veranstaltungsmaterialien und anderen Dingen des t\u00e4glichen Bedarfs.<\/p>\n<p data-start=\"1917\" data-end=\"2319\">Das ger\u00e4umige Hauptfach bietet ausreichend Platz f\u00fcr g\u00e4ngige Werbe- und Einzelhandelsartikel, w\u00e4hrend die seitliche Au\u00dfentasche zus\u00e4tzlichen Stauraum f\u00fcr Zeitschriften, Flyer, Notizb\u00fccher oder kleinere Accessoires bietet. Dank der langen Schultergriffe l\u00e4sst sich die Tasche bequem in der Hand oder \u00fcber der Schulter tragen und eignet sich somit f\u00fcr Eink\u00e4ufe, Messen, Konferenzen, Schulen, Buchhandlungen und Gemeindeveranstaltungen.<\/p>\n<p data-start=\"2321\" data-end=\"2693\">Die einfache Struktur und die gro\u00dfe Druckfl\u00e4che auf der Vorderseite machen sie zu einem effektiven Branding-Produkt f\u00fcr den Logodruck. Da die Tasche wiederverwendbar und leicht aufzubewahren ist, bietet sie eine dauerhafte Pr\u00e4senz Ihrer Marke nach der Veranstaltung. Ob zum Mitnehmen im Einzelhandel, auf Messen oder als Werbemittel f\u00fcr Ihr Unternehmen - diese Tragetasche vereint Komfort, Funktionalit\u00e4t und Werbewert.<\/p>\n<p data-start=\"2695\" data-end=\"3039\"><strong data-start=\"2695\" data-end=\"2711\">Wesentliche Merkmale<\/strong><br data-start=\"2711\" data-end=\"2714\" \/>Ger\u00e4umiges Hauptfach<br data-start=\"2739\" data-end=\"2742\" \/>Seitliche Au\u00dfentasche f\u00fcr zus\u00e4tzlichen Stauraum<br data-start=\"2780\" data-end=\"2783\" \/>Leichtes nicht gewebtes Material<br data-start=\"2813\" data-end=\"2816\" \/>Lange Griffe f\u00fcr bequemes Tragen<br data-start=\"2853\" data-end=\"2856\" \/>Kundenspezifischer Logodruck m\u00f6glich<br data-start=\"2886\" data-end=\"2889\" \/>Wiederverwendbar zum Einkaufen und f\u00fcr den t\u00e4glichen Gebrauch<br data-start=\"2924\" data-end=\"2927\" \/>Geeignet f\u00fcr Veranstaltungen, Einzelhandel und Werbeaktionen<br data-start=\"2970\" data-end=\"2973\" \/>Leicht zu lagern und zu verteilen<br data-start=\"3001\" data-end=\"3004\" \/>Gute Sichtbarkeit f\u00fcr Markenbotschaften<\/p>\n<p data-start=\"3041\" data-end=\"3391\"><strong data-start=\"3041\" data-end=\"3059\">Spezifikationen<\/strong><br data-start=\"3059\" data-end=\"3062\" \/>Produkttyp: Nicht gewebte Tragetasche<br data-start=\"3094\" data-end=\"3097\" \/>Material: Nicht gewebter Stoff<br data-start=\"3123\" data-end=\"3126\" \/>Stil: Tragetasche mit Seitentasche<br data-start=\"3158\" data-end=\"3161\" \/>Grifftyp: Lange Schultergriffe<br data-start=\"3195\" data-end=\"3198\" \/>Verschluss: Oben offen<br data-start=\"3215\" data-end=\"3218\" \/>Farbe: Kundenspezifische Farben verf\u00fcgbar<br data-start=\"3248\" data-end=\"3251\" \/>Druckverfahren: Siebdruck \/ Hei\u00dftransfer je nach Druckvorlage<br data-start=\"3314\" data-end=\"3317\" \/>Impressum Position: Vorderseite<br data-start=\"3340\" data-end=\"3343\" \/>Herkunft: China<br data-start=\"3356\" data-end=\"3359\" \/>Produktionszeit: 15 Arbeitstage<\/p>\n<p data-start=\"3393\" data-end=\"3682\"><strong data-start=\"3393\" data-end=\"3420\">Warum dieses Produkt w\u00e4hlen<\/strong><br data-start=\"3420\" data-end=\"3423\" \/>Diese Tragetasche ist n\u00fctzlich, wiederverwendbar und leicht zu brandmarken, was sie zu einem ausgezeichneten Werbeartikel f\u00fcr Unternehmen macht, die ihr Logo langfristig sichtbar machen wollen. Die zus\u00e4tzliche Seitentasche gibt es auch mehr Funktion als eine Standard-Tasche, so dass es attraktiver f\u00fcr den t\u00e4glichen Gebrauch.<\/p>\n<p data-start=\"3684\" data-end=\"3893\"><strong data-start=\"3684\" data-end=\"3697\">Ideal f\u00fcr<\/strong><br data-start=\"3697\" data-end=\"3700\" \/>Shopping-Aktionen<br data-start=\"3719\" data-end=\"3722\" \/>Werbegeschenke f\u00fcr die Messe<br data-start=\"3742\" data-end=\"3745\" \/>Konferenztaschen<br data-start=\"3760\" data-end=\"3763\" \/>Einzelhandelsverpackungen<br data-start=\"3779\" data-end=\"3782\" \/>Aktionen in der Buchhandlung<br data-start=\"3802\" data-end=\"3805\" \/>Schulische Veranstaltungen<br data-start=\"3818\" data-end=\"3821\" \/>Gemeinschaftskampagnen<br data-start=\"3840\" data-end=\"3843\" \/>Werbeaktionen im Supermarkt<br data-start=\"3865\" data-end=\"3868\" \/>Corporate Branding-Veranstaltungen<\/p>\n<p data-start=\"3895\" data-end=\"3904\"><strong data-start=\"3895\" data-end=\"3902\">FAQ<\/strong><\/p>\n<p data-start=\"3906\" data-end=\"4038\"><strong data-start=\"3906\" data-end=\"3949\">Kann diese Tasche mit einem Logo versehen werden?<\/strong><br data-start=\"3949\" data-end=\"3952\" \/>Ja, die Vorderseite kann mit Ihrem Logo, Slogan oder einer Werbebotschaft versehen werden.<\/p>\n<p data-start=\"4040\" data-end=\"4161\"><strong data-start=\"4040\" data-end=\"4077\">Wozu dient die Seitentasche?<\/strong><br data-start=\"4077\" data-end=\"4080\" \/>Er eignet sich f\u00fcr Brosch\u00fcren, Flyer, Notizb\u00fccher, Zeitschriften oder kleine Accessoires.<\/p>\n<p data-start=\"4163\" data-end=\"4268\"><strong data-start=\"4163\" data-end=\"4188\">Ist diese Tasche wiederverwendbar?<\/strong><br data-start=\"4188\" data-end=\"4191\" \/>Ja, sie ist f\u00fcr den wiederholten Gebrauch beim Einkaufen, bei Veranstaltungen und f\u00fcr das t\u00e4gliche Tragen konzipiert.<\/p>\n<p data-start=\"4270\" data-end=\"4443\"><strong data-start=\"4270\" data-end=\"4316\">Welche Art von Unternehmen verwendet diese Tragetasche?<\/strong><br data-start=\"4316\" data-end=\"4319\" \/>Einzelhandelsgesch\u00e4fte, Schulen, Messeveranstalter, Verlage, Superm\u00e4rkte und Marketingteams von Unternehmen verwenden h\u00e4ufig diesen Stil.<\/p>\n<p data-start=\"4445\" data-end=\"4577\"><strong data-start=\"4445\" data-end=\"4484\">Ist es f\u00fcr Werbegeschenke f\u00fcr Veranstaltungen geeignet?<\/strong><br data-start=\"4484\" data-end=\"4487\" \/>Ja. Er ist leicht, einfach zu verteilen und n\u00fctzlich f\u00fcr den Transport von Werbematerialien.<\/p>","protected":false},"excerpt":{"rendered":"<p>Diese individuell gestalteten Vliesstoff-Taschen sind f\u00fcr den praktischen t\u00e4glichen Gebrauch und f\u00fcr Werbezwecke konzipiert. Mit einem ger\u00e4umigen Hauptfach, einer Seitentasche und bequemen langen Griffen sind sie ideal f\u00fcr Eink\u00e4ufe, Messen, Konferenzen, Einzelhandelsverpackungen und Werbegeschenke. Sie sind leicht, wiederverwendbar und einfach zu tragen und bieten eine n\u00fctzliche Markentasche, die Kunden immer wieder verwenden k\u00f6nnen.<\/p>","protected":false},"featured_media":47167,"template":"","meta":{"_gspb_post_css":""},"product_brand":[],"product_cat":[26],"product_tag":[],"class_list":{"0":"post-47166","1":"product","2":"type-product","3":"status-publish","4":"has-post-thumbnail","6":"product_cat-bags","8":"first","9":"instock","10":"shipping-taxable","11":"product-type-simple"},"_links":{"self":[{"href":"https:\/\/globalgiftsupplier.com\/de\/wp-json\/wp\/v2\/product\/47166","targetHints":{"allow":["GET"]}}],"collection":[{"href":"https:\/\/globalgiftsupplier.com\/de\/wp-json\/wp\/v2\/product"}],"about":[{"href":"https:\/\/globalgiftsupplier.com\/de\/wp-json\/wp\/v2\/types\/product"}],"wp:featuredmedia":[{"embeddable":true,"href":"https:\/\/globalgiftsupplier.com\/de\/wp-json\/wp\/v2\/media\/47167"}],"wp:attachment":[{"href":"https:\/\/globalgiftsupplier.com\/de\/wp-json\/wp\/v2\/media?parent=47166"}],"wp:term":[{"taxonomy":"product_brand","embeddable":true,"href":"https:\/\/globalgiftsupplier.com\/de\/wp-json\/wp\/v2\/product_brand?post=47166"},{"taxonomy":"product_cat","embeddable":true,"href":"https:\/\/globalgiftsupplier.com\/de\/wp-json\/wp\/v2\/product_cat?post=47166"},{"taxonomy":"product_tag","embeddable":true,"href":"https:\/\/globalgiftsupplier.com\/de\/wp-json\/wp\/v2\/product_tag?post=47166"}],"curies":[{"name":"wp","href":"https:\/\/api.w.org\/{rel}","templated":true}]}}