{"id":47154,"date":"2026-03-30T03:33:44","date_gmt":"2026-03-30T03:33:44","guid":{"rendered":"https:\/\/globalgiftsupplier.com\/?post_type=product&#038;p=47154"},"modified":"2026-03-30T03:33:44","modified_gmt":"2026-03-30T03:33:44","slug":"custom-qi-wireless-charging-mouse-pad-10w","status":"publish","type":"product","link":"https:\/\/globalgiftsupplier.com\/de\/product\/custom-qi-wireless-charging-mouse-pad-10w\/","title":{"rendered":"Custom Qi Wireless Charging Mauspad 10W"},"content":{"rendered":"<p data-start=\"1537\" data-end=\"1839\">Dieses kundenspezifische kabellose Qi-Lade-Mauspad ist ein praktisches B\u00fcro-Accessoire, das den t\u00e4glichen Schreibtischgebrauch mit dem bequemen kabellosen Aufladen des Telefons kombiniert. Es wurde f\u00fcr Benutzer entwickelt, die einen sauberen Arbeitsplatz w\u00fcnschen und gleichzeitig ihr Telefon w\u00e4hrend der Arbeit, des Studiums oder der t\u00e4glichen Computernutzung aufladen m\u00f6chten.<\/p>\n<p data-start=\"1841\" data-end=\"2205\">Das Mauspad verf\u00fcgt \u00fcber eine gro\u00dfe rechteckige Fl\u00e4che, die gen\u00fcgend Platz f\u00fcr komfortable Mausbewegungen bietet. Gleichzeitig erm\u00f6glicht die integrierte kabellose Ladefl\u00e4che das Aufladen kompatibler Smartphones, indem sie einfach auf das Pad gelegt werden. Das macht es zu einem n\u00fctzlichen Schreibtischprodukt f\u00fcr B\u00fcros, Heimarbeitspl\u00e4tze, Konferenzr\u00e4ume, Empfangstheken und Werbeveranstaltungen.<\/p>\n<p data-start=\"2207\" data-end=\"2591\">Dieses Mauspad aus PU-Material mit holz\u00e4hnlicher Oberfl\u00e4che hat ein professionelles und modernes Aussehen, das in eine Vielzahl von B\u00fcroumgebungen passt. Es verf\u00fcgt \u00fcber einen Typ-C-Eingang und unterst\u00fctzt kabelloses Laden f\u00fcr Mobiltelefone, die den Standards f\u00fcr kabelloses Laden entsprechen. Das Produkt ist au\u00dferdem mit praktischen Ladeschutzfunktionen ausgestattet, sodass es sich f\u00fcr die regelm\u00e4\u00dfige Nutzung am Schreibtisch eignet.<\/p>\n<p data-start=\"2593\" data-end=\"2966\">Ein individuelles Logo kann auf der Oberfl\u00e4che angebracht werden, wodurch das Mauspad zu einem gut sichtbaren Markenartikel wird. Da es auf dem Schreibtisch verbleibt und t\u00e4glich verwendet wird, bietet es eine lang anhaltende Markenpr\u00e4senz und liefert gleichzeitig n\u00fctzliche Funktionen. Es ist eine ausgezeichnete Wahl f\u00fcr Firmengeschenke, Begr\u00fc\u00dfungspakete f\u00fcr Mitarbeiter, Werbegeschenke f\u00fcr Messen, B\u00fcroaktionen und Corporate Branding-Projekte.<\/p>\n<p data-start=\"2968\" data-end=\"3357\"><strong data-start=\"2968\" data-end=\"2984\">Wesentliche Merkmale<\/strong><br data-start=\"2984\" data-end=\"2987\" \/>Eingebaute kabellose Qi-Ladefunktion<br data-start=\"3025\" data-end=\"3028\" \/>10 W Ausgangsleistung<br data-start=\"3044\" data-end=\"3047\" \/>Gro\u00dfe Mauspad-Fl\u00e4che<br data-start=\"3075\" data-end=\"3078\" \/>PU-Material mit holz\u00e4hnlichem Aussehen<br data-start=\"3122\" data-end=\"3125\" \/>Typ-C-Eingang<br data-start=\"3137\" data-end=\"3140\" \/>Geeignet f\u00fcr kompatible drahtlos aufladbare Telefone<br data-start=\"3188\" data-end=\"3191\" \/>Kundenspezifischer Logodruck m\u00f6glich<br data-start=\"3221\" data-end=\"3224\" \/>N\u00fctzlich f\u00fcr B\u00fcroschreibtische und -arbeitspl\u00e4tze<br data-start=\"3264\" data-end=\"3267\" \/>Kombiniert Mauspad und Handyaufladung in einem Produkt<br data-start=\"3319\" data-end=\"3322\" \/>Professionelles technisches Zubeh\u00f6r mit Markenzeichen<\/p>\n<p data-start=\"3359\" data-end=\"3696\"><strong data-start=\"3359\" data-end=\"3377\">Spezifikationen<\/strong><br data-start=\"3377\" data-end=\"3380\" \/>Produkttyp: Kabellos aufladbares Mauspad<br data-start=\"3421\" data-end=\"3424\" \/>Standard zum Aufladen: Kabelloses Laden nach Qi<br data-start=\"3463\" data-end=\"3466\" \/>Ausgangsleistung: 10W<br data-start=\"3483\" data-end=\"3486\" \/>Material: PU<br data-start=\"3498\" data-end=\"3501\" \/>Eingangsanschluss: Typ-C<br data-start=\"3519\" data-end=\"3522\" \/>L\u00e4nge: 13,58 Zoll<br data-start=\"3540\" data-end=\"3543\" \/>Breite: 8,58 Zoll<br data-start=\"3559\" data-end=\"3562\" \/>Dicke: 0,236 Zoll<br data-start=\"3583\" data-end=\"3586\" \/>Personalisierung: Logo-Druck verf\u00fcgbar<br data-start=\"3624\" data-end=\"3627\" \/>Verwendung: B\u00fcrotisch, Heimb\u00fcro, Computerarbeitsplatz, Werbegeschenk<\/p>\n<p data-start=\"3698\" data-end=\"3969\"><strong data-start=\"3698\" data-end=\"3725\">Warum dieses Produkt w\u00e4hlen<\/strong><br data-start=\"3725\" data-end=\"3728\" \/>Dieses Produkt kombiniert Schreibtischorganisation, praktisches Aufladen und Markensichtbarkeit in einem Artikel. Es ist ein n\u00fctzliches Werbeaccessoire, das jeden Tag auf dem Schreibtisch verbleibt und dabei hilft, Ihr Logo im Blick zu behalten, w\u00e4hrend es dem Benutzer echten Komfort bietet.<\/p>\n<p data-start=\"3971\" data-end=\"4173\"><strong data-start=\"3971\" data-end=\"3984\">Ideal f\u00fcr<\/strong><br data-start=\"3984\" data-end=\"3987\" \/>Geschenke f\u00fcr Unternehmen<br data-start=\"4002\" data-end=\"4005\" \/>Zubeh\u00f6r f\u00fcr B\u00fcrotische<br data-start=\"4028\" data-end=\"4031\" \/>Willkommenspakete f\u00fcr Mitarbeiter<br data-start=\"4052\" data-end=\"4055\" \/>Werbegeschenke f\u00fcr die Messe<br data-start=\"4075\" data-end=\"4078\" \/>Technische Produkte f\u00fcr Werbezwecke<br data-start=\"4103\" data-end=\"4106\" \/>Gesch\u00e4ftliche Veranstaltungen<br data-start=\"4121\" data-end=\"4124\" \/>Geschenke f\u00fcr das Heimb\u00fcro<br data-start=\"4141\" data-end=\"4144\" \/>Sonderangebote f\u00fcr Computerzubeh\u00f6r<\/p>\n<p data-start=\"4175\" data-end=\"4182\"><strong data-start=\"4175\" data-end=\"4182\">FAQ<\/strong><\/p>\n<p data-start=\"4184\" data-end=\"4318\"><strong data-start=\"4184\" data-end=\"4233\">Kann dieses Mauspad mit einem Logo versehen werden?<\/strong><br data-start=\"4233\" data-end=\"4236\" \/>Ja, die Oberfl\u00e4che kann mit Ihrem Logo versehen werden, um sie als Markenzeichen oder f\u00fcr Werbezwecke zu nutzen.<\/p>\n<p data-start=\"4320\" data-end=\"4428\"><strong data-start=\"4320\" data-end=\"4358\">Unterst\u00fctzt es kabelloses Aufladen?<\/strong><br data-start=\"4358\" data-end=\"4361\" \/>Ja, es unterst\u00fctzt das kabellose Qi-Laden f\u00fcr kompatible Mobiltelefone.<\/p>\n<p data-start=\"4430\" data-end=\"4488\"><strong data-start=\"4430\" data-end=\"4461\">Wie hoch ist die Ladeleistung?<\/strong><br data-start=\"4461\" data-end=\"4464\" \/>Die Ausgangsleistung betr\u00e4gt 10 W.<\/p>\n<p data-start=\"4490\" data-end=\"4555\"><strong data-start=\"4490\" data-end=\"4524\">Aus welchem Material ist es hergestellt?<\/strong><br data-start=\"4524\" data-end=\"4527\" \/>Er ist aus PU-Material hergestellt.<\/p>\n<p data-start=\"4557\" data-end=\"4615\"><strong data-start=\"4557\" data-end=\"4589\">Was ist die Eingabeschnittstelle?<\/strong><br data-start=\"4589\" data-end=\"4592\" \/>Es verwendet einen Typ-C-Eingang.<\/p>\n<p data-start=\"4617\" data-end=\"4721\"><strong data-start=\"4617\" data-end=\"4648\">Welche Gr\u00f6\u00dfe hat das Mauspad?<\/strong><br data-start=\"4648\" data-end=\"4651\" \/>Die Produktgr\u00f6\u00dfe betr\u00e4gt etwa 13,58 Zoll x 8,58 Zoll x 0,236 Zoll.<\/p>\n<p data-start=\"4723\" data-end=\"4835\"><strong data-start=\"4723\" data-end=\"4757\">Ist es f\u00fcr den Einsatz im B\u00fcro geeignet?<\/strong><br data-start=\"4757\" data-end=\"4760\" \/>Ja, er ist f\u00fcr B\u00fcroschreibtische, Arbeitspl\u00e4tze und Heimb\u00fcros geeignet.<\/p>","protected":false},"excerpt":{"rendered":"<p>Dieses kabellose Qi-Lade-Mauspad kombiniert eine glatte Desktop-Mausoberfl\u00e4che mit einem integrierten kabellosen 10-W-Ladeger\u00e4t f\u00fcr kompatible Mobiltelefone. Hergestellt aus PU-Material mit einem Holzmaserungs-Stil Finish, bietet es einen sauberen und modernen Look f\u00fcr B\u00fcro-Schreibtische, Heim-Arbeitspl\u00e4tze, und Werbe-Branding. Mit einer gro\u00dfen bedruckbaren Logofl\u00e4che und einem Type-C-Eingang ist sie ein praktisches technisches Markengeschenk f\u00fcr den t\u00e4glichen Gesch\u00e4ftsgebrauch.<\/p>","protected":false},"featured_media":47155,"template":"","meta":{"_gspb_post_css":""},"product_brand":[],"product_cat":[31],"product_tag":[],"class_list":{"0":"post-47154","1":"product","2":"type-product","3":"status-publish","4":"has-post-thumbnail","6":"product_cat-office","8":"first","9":"instock","10":"shipping-taxable","11":"product-type-simple"},"_links":{"self":[{"href":"https:\/\/globalgiftsupplier.com\/de\/wp-json\/wp\/v2\/product\/47154","targetHints":{"allow":["GET"]}}],"collection":[{"href":"https:\/\/globalgiftsupplier.com\/de\/wp-json\/wp\/v2\/product"}],"about":[{"href":"https:\/\/globalgiftsupplier.com\/de\/wp-json\/wp\/v2\/types\/product"}],"wp:featuredmedia":[{"embeddable":true,"href":"https:\/\/globalgiftsupplier.com\/de\/wp-json\/wp\/v2\/media\/47155"}],"wp:attachment":[{"href":"https:\/\/globalgiftsupplier.com\/de\/wp-json\/wp\/v2\/media?parent=47154"}],"wp:term":[{"taxonomy":"product_brand","embeddable":true,"href":"https:\/\/globalgiftsupplier.com\/de\/wp-json\/wp\/v2\/product_brand?post=47154"},{"taxonomy":"product_cat","embeddable":true,"href":"https:\/\/globalgiftsupplier.com\/de\/wp-json\/wp\/v2\/product_cat?post=47154"},{"taxonomy":"product_tag","embeddable":true,"href":"https:\/\/globalgiftsupplier.com\/de\/wp-json\/wp\/v2\/product_tag?post=47154"}],"curies":[{"name":"wp","href":"https:\/\/api.w.org\/{rel}","templated":true}]}}