{"id":47129,"date":"2026-03-30T03:25:04","date_gmt":"2026-03-30T03:25:04","guid":{"rendered":"https:\/\/globalgiftsupplier.com\/?post_type=product&#038;p=47129"},"modified":"2026-03-30T03:25:04","modified_gmt":"2026-03-30T03:25:04","slug":"creative-rugby-ball-3-in-1-charging-cable","status":"publish","type":"product","link":"https:\/\/globalgiftsupplier.com\/de\/product\/creative-rugby-ball-3-in-1-charging-cable\/","title":{"rendered":"Creative Rugby Ball 3-in-1-Ladekabel"},"content":{"rendered":"<p data-start=\"1674\" data-end=\"2065\">Dieses kreative Rugbyball-3-in-1-Ladekabel ist ein witziges und praktisches technisches Werbezubeh\u00f6r, das Alltagstauglichkeit mit auff\u00e4lligem Branding-Potenzial verbindet. Es ist in einer unverwechselbaren Rugby-Ball-Form gestaltet und bietet einen einpr\u00e4gsameren Look als Standard-Ladekabel, was es zu einem exzellenten Artikel f\u00fcr Werbegeschenke, Messen, Veranstaltungen und Unternehmenspromotions macht.<\/p>\n<p data-start=\"2067\" data-end=\"2459\">Das Kabel umfasst drei g\u00e4ngige Ladeanschl\u00fcsse in einer kompakten Einheit: Micro USB, Typ-C und Lightning. Dies ist praktisch f\u00fcr Benutzer, die verschiedene Ger\u00e4te mit sich f\u00fchren und eine einfache Ladel\u00f6sung anstelle mehrerer separater Kabel w\u00fcnschen. Dank des einziehbaren Designs bleibt das Kabel aufger\u00e4umt, wenn es nicht in Gebrauch ist, und l\u00e4sst sich leichter in Taschen, Reisekoffern, Schreibtischschubladen und Autof\u00e4chern verstauen.<\/p>\n<p data-start=\"2461\" data-end=\"2824\">Das aus ABS und TPE gefertigte Kabel ist leicht, flexibel und langlebig f\u00fcr den t\u00e4glichen Gebrauch. Die vieradrige Kupferdrahtkonstruktion unterst\u00fctzt eine effiziente Ladeleistung, w\u00e4hrend die geringe Gr\u00f6\u00dfe es besonders f\u00fcr unterwegs geeignet macht. Eine integrierte Schlaufe erleichtert den Transport und bietet zus\u00e4tzlichen Komfort beim Tragen oder Befestigen an Taschen und Zubeh\u00f6r.<\/p>\n<p data-start=\"2826\" data-end=\"3235\">Dieses Produkt eignet sich besonders gut als Marken-Werbeartikel, da es eine n\u00fctzliche Funktion mit einer kreativen Form kombiniert, die auff\u00e4llt. Auf der Vorderseite kann ein individuelles Logo aufgedruckt werden, so dass Ihre Marke einen deutlich sichtbaren Aufdruck erh\u00e4lt. Da er kompakt, praktisch und leicht zu tragen ist, bietet er eine starke Wiederholungspr\u00e4senz in allt\u00e4glichen Umgebungen wie B\u00fcros, Wohnungen, Autos, auf Reisen und im Gesch\u00e4ftsleben.<\/p>\n<p data-start=\"3237\" data-end=\"3656\"><strong data-start=\"3237\" data-end=\"3253\">Wesentliche Merkmale<\/strong><br data-start=\"3253\" data-end=\"3256\" \/>3 in 1 Ladekabel Design<br data-start=\"3284\" data-end=\"3287\" \/>Enth\u00e4lt Micro USB-, Typ-C- und Lightning-Anschl\u00fcsse<br data-start=\"3339\" data-end=\"3342\" \/>Kreative Rugbyballform f\u00fcr unverwechselbares Branding<br data-start=\"3392\" data-end=\"3395\" \/>Einziehbares Design f\u00fcr eine saubere Aufbewahrung<br data-start=\"3430\" data-end=\"3433\" \/>Hergestellt aus ABS und TPE<br data-start=\"3454\" data-end=\"3457\" \/>Vieradrige Kupferdrahtkonstruktion<br data-start=\"3491\" data-end=\"3494\" \/>Kompakt und leicht zu tragen<br data-start=\"3519\" data-end=\"3522\" \/>Kundenspezifischer Logodruck m\u00f6glich<br data-start=\"3552\" data-end=\"3555\" \/>Geeignet f\u00fcr B\u00fcro, Auto, Reise und mobilen Einsatz<br data-start=\"3604\" data-end=\"3607\" \/>Ideal f\u00fcr Werbegeschenke und Markenartikel<\/p>\n<p data-start=\"3658\" data-end=\"3816\"><strong data-start=\"3658\" data-end=\"3676\">Spezifikationen<\/strong><br data-start=\"3676\" data-end=\"3679\" \/>Gr\u00f6\u00dfe: 3,78\u2033 x 1,54\u2033 x 0,66\u2033.<br data-start=\"3706\" data-end=\"3709\" \/>Material: ABS + TPE<br data-start=\"3728\" data-end=\"3731\" \/>Verf\u00fcgbare Farben: Blau, Schwarz, Rosa, Rot, Gr\u00fcn, Wei\u00df, Orange<br data-start=\"3793\" data-end=\"3796\" \/>Impressum Gr\u00f6\u00dfe: 1\u2033 dia<\/p>\n<p data-start=\"3818\" data-end=\"4148\"><strong data-start=\"3818\" data-end=\"3845\">Warum dieses Produkt w\u00e4hlen<\/strong><br data-start=\"3845\" data-end=\"3848\" \/>Dieses Ladekabel zeichnet sich dadurch aus, dass es das praktische Aufladen mehrerer Ger\u00e4te mit einem kreativen Werbedesign verbindet. Die Form des Rugbyballs verleiht ihm einen zus\u00e4tzlichen visuellen Reiz, w\u00e4hrend das einziehbare Format es bequem f\u00fcr den t\u00e4glichen Transport macht. Es ist n\u00fctzlich, verschenkbar und eignet sich gut f\u00fcr Markenwerbung.<\/p>\n<p data-start=\"4150\" data-end=\"4396\"><strong data-start=\"4150\" data-end=\"4163\">Ideal f\u00fcr<\/strong><br data-start=\"4163\" data-end=\"4166\" \/>Werbegeschenke f\u00fcr die Messe<br data-start=\"4186\" data-end=\"4189\" \/>Geschenke f\u00fcr Unternehmen<br data-start=\"4204\" data-end=\"4207\" \/>Werbekampagnen<br data-start=\"4228\" data-end=\"4231\" \/>Willkommenspakete f\u00fcr Mitarbeiter<br data-start=\"4252\" data-end=\"4255\" \/>Kollektionen f\u00fcr technisches Zubeh\u00f6r<br data-start=\"4281\" data-end=\"4284\" \/>Reise-Geschenkartikel<br data-start=\"4300\" data-end=\"4303\" \/>F\u00f6rderungen f\u00fcr die Automobilindustrie<br data-start=\"4324\" data-end=\"4327\" \/>Programme f\u00fcr Telefonzubeh\u00f6r<br data-start=\"4351\" data-end=\"4354\" \/>Event-Waren<br data-start=\"4371\" data-end=\"4374\" \/>Gesch\u00e4ftsgeschenke mit Markenzeichen<\/p>\n<p data-start=\"4398\" data-end=\"4405\"><strong data-start=\"4398\" data-end=\"4405\">FAQ<\/strong><\/p>\n<p data-start=\"4407\" data-end=\"4514\"><strong data-start=\"4407\" data-end=\"4454\">Kann dieses Produkt mit einem Logo versehen werden?<\/strong><br data-start=\"4454\" data-end=\"4457\" \/>Ja. Ein individueller Logodruck ist auf der Vorderseite m\u00f6glich.<\/p>\n<p data-start=\"4516\" data-end=\"4608\"><strong data-start=\"4516\" data-end=\"4549\">Welche Anschl\u00fcsse sind enthalten?<\/strong><br data-start=\"4549\" data-end=\"4552\" \/>Es umfasst Micro-USB-, Typ-C- und Lightning-Anschl\u00fcsse.<\/p>\n<p data-start=\"4610\" data-end=\"4708\"><strong data-start=\"4610\" data-end=\"4639\">Ist das Kabel einziehbar?<\/strong><br data-start=\"4639\" data-end=\"4642\" \/>Ja. Das einziehbare Design sorgt daf\u00fcr, dass das Kabel kompakt und aufger\u00e4umt bleibt.<\/p>\n<p data-start=\"4710\" data-end=\"4775\"><strong data-start=\"4710\" data-end=\"4744\">Aus welchem Material ist es hergestellt?<\/strong><br data-start=\"4744\" data-end=\"4747\" \/>Er ist aus ABS und TPE gefertigt.<\/p>\n<p data-start=\"4777\" data-end=\"4935\"><strong data-start=\"4777\" data-end=\"4832\">Eignet sich dieses Produkt f\u00fcr Werbegeschenke?<\/strong><br data-start=\"4832\" data-end=\"4835\" \/>Ja. Sein praktischer Nutzen, seine kompakte Gr\u00f6\u00dfe und seine einzigartige Rugbyballform machen ihn zu einem starken Werbeartikel.<\/p>\n<p data-start=\"4937\" data-end=\"5094\"><strong data-start=\"4937\" data-end=\"4986\">Ist es f\u00fcr Reisen und den t\u00e4glichen Gebrauch leicht zu tragen?<\/strong><br data-start=\"4986\" data-end=\"4989\" \/>Ja. Durch seine geringe Gr\u00f6\u00dfe und den integrierten Trageriemen ist es praktisch f\u00fcr Reisen, das B\u00fcro, das Auto und den t\u00e4glichen mobilen Einsatz.<\/p>","protected":false},"excerpt":{"rendered":"<p>Dieses kreative Rugby-Ball-3-in-1-Ladekabel ist ein kompaktes Werbe-Tech-Zubeh\u00f6r, das f\u00fcr Smartphones und den t\u00e4glichen mobilen Ladebedarf entwickelt wurde. Mit Micro-USB-, Typ-C- und Lightning-Anschl\u00fcsse in einem kleinen einziehbaren K\u00f6rper, bietet es bequeme Multi-Ger\u00e4te-Ladung in einem Spa\u00df Fu\u00dfball-inspirierten Form. Hergestellt aus ABS und TPE, ist es leicht, tragbar und einfach zu tragen f\u00fcr Reisen, B\u00fcro, Auto und Veranstaltungen. Ein individuelles Logobranding macht ihn zu einer guten Wahl f\u00fcr Werbegeschenke, Werbekampagnen und Firmengeschenke.<\/p>","protected":false},"featured_media":47130,"template":"","meta":{"_gspb_post_css":""},"product_brand":[],"product_cat":[27],"product_tag":[],"class_list":{"0":"post-47129","1":"product","2":"type-product","3":"status-publish","4":"has-post-thumbnail","6":"product_cat-technology","8":"first","9":"instock","10":"shipping-taxable","11":"product-type-simple"},"_links":{"self":[{"href":"https:\/\/globalgiftsupplier.com\/de\/wp-json\/wp\/v2\/product\/47129","targetHints":{"allow":["GET"]}}],"collection":[{"href":"https:\/\/globalgiftsupplier.com\/de\/wp-json\/wp\/v2\/product"}],"about":[{"href":"https:\/\/globalgiftsupplier.com\/de\/wp-json\/wp\/v2\/types\/product"}],"wp:featuredmedia":[{"embeddable":true,"href":"https:\/\/globalgiftsupplier.com\/de\/wp-json\/wp\/v2\/media\/47130"}],"wp:attachment":[{"href":"https:\/\/globalgiftsupplier.com\/de\/wp-json\/wp\/v2\/media?parent=47129"}],"wp:term":[{"taxonomy":"product_brand","embeddable":true,"href":"https:\/\/globalgiftsupplier.com\/de\/wp-json\/wp\/v2\/product_brand?post=47129"},{"taxonomy":"product_cat","embeddable":true,"href":"https:\/\/globalgiftsupplier.com\/de\/wp-json\/wp\/v2\/product_cat?post=47129"},{"taxonomy":"product_tag","embeddable":true,"href":"https:\/\/globalgiftsupplier.com\/de\/wp-json\/wp\/v2\/product_tag?post=47129"}],"curies":[{"name":"wp","href":"https:\/\/api.w.org\/{rel}","templated":true}]}}