{"id":47123,"date":"2026-03-30T03:22:21","date_gmt":"2026-03-30T03:22:21","guid":{"rendered":"https:\/\/globalgiftsupplier.com\/?post_type=product&#038;p=47123"},"modified":"2026-03-30T03:22:21","modified_gmt":"2026-03-30T03:22:21","slug":"3-in-1-pu-leather-usb-charging-data-cable-with-key-chain-ring","status":"publish","type":"product","link":"https:\/\/globalgiftsupplier.com\/de\/product\/3-in-1-pu-leather-usb-charging-data-cable-with-key-chain-ring\/","title":{"rendered":"3 in 1 PU-Leder USB-Lade-Datenkabel mit Schl\u00fcsselanh\u00e4nger Ring"},"content":{"rendered":"<p data-start=\"1694\" data-end=\"2023\">Dieses 3-in-1-USB-Ladekabel aus PU-Leder mit Schl\u00fcsselanh\u00e4nger ist ein praktisches und stilvolles Werbezubeh\u00f6r f\u00fcr den t\u00e4glichen Gebrauch. Es kombiniert mehrere Ladeanschl\u00fcsse in einem kompakten Kabel und hilft Benutzern, den Kabelsalat zu reduzieren und gleichzeitig eine praktische Ladel\u00f6sung zur Hand zu haben.<\/p>\n<p data-start=\"2025\" data-end=\"2390\">Die PU-Lederh\u00fclle verleiht dem Produkt im Vergleich zu gew\u00f6hnlichen Ladekabeln ein edleres und hochwertigeres Aussehen. Dank des schlichten Stils des Schl\u00fcsselanh\u00e4ngers l\u00e4sst es sich leicht an Schl\u00fcsseln, Taschen, Rucks\u00e4cken oder Reiseutensilien befestigen, sodass es immer bereit ist, wenn es gebraucht wird. Dies macht es besonders n\u00fctzlich f\u00fcr Gesch\u00e4ftsreisen, Pendler, B\u00fcroarbeit und den t\u00e4glichen Gebrauch von Mobilger\u00e4ten.<\/p>\n<p data-start=\"2392\" data-end=\"2804\">Dieses kompakte Kabel, das sowohl zum Aufladen als auch zur Daten\u00fcbertragung geeignet ist, eignet sich f\u00fcr Benutzer, die mit mehreren Ger\u00e4ten arbeiten und eine einfache tragbare L\u00f6sung w\u00fcnschen. Der Schl\u00fcsselanh\u00e4nger sorgt f\u00fcr zus\u00e4tzlichen Komfort und macht das Produkt einfach zu transportieren, ohne viel Platz zu beanspruchen. Sein kompaktes Format macht es auch zu einer guten Wahl f\u00fcr Messen, Werbeveranstaltungen, Kundengeschenke, Begr\u00fc\u00dfungspakete f\u00fcr Mitarbeiter und Corporate Branding-Kampagnen.<\/p>\n<p data-start=\"2806\" data-end=\"3149\">Das PU-Ledergeh\u00e4use kann mit einem individuellen Logo versehen werden, was Ihrer Marke einen sauberen und professionellen Auftritt erm\u00f6glicht. Da es sich um einen n\u00fctzlichen Gegenstand handelt, den die Menschen jeden Tag bei sich tragen k\u00f6nnen, bietet er eine hohe Wiederholungssichtbarkeit und einen langfristigen Werbewert. Es ist eine intelligente Option f\u00fcr Unternehmen, die ein praktisches, modernes und verschenkbares technisches Zubeh\u00f6r suchen.<\/p>\n<p data-start=\"3151\" data-end=\"3572\"><strong data-start=\"3151\" data-end=\"3167\">Wesentliche Merkmale<\/strong><br data-start=\"3167\" data-end=\"3170\" \/>3 in 1 Lade- und Datenkabel-Design<br data-start=\"3207\" data-end=\"3210\" \/>PU-Lederbezug f\u00fcr ein hochwertiges Aussehen<br data-start=\"3245\" data-end=\"3248\" \/>Schl\u00fcsselanh\u00e4nger f\u00fcr einfaches Tragen und Befestigen<br data-start=\"3295\" data-end=\"3298\" \/>Kompakte Gr\u00f6\u00dfe f\u00fcr Reisen und den t\u00e4glichen Gebrauch<br data-start=\"3335\" data-end=\"3338\" \/>Geeignet zum Laden und zur Daten\u00fcbertragung<br data-start=\"3377\" data-end=\"3380\" \/>Reduziert die Notwendigkeit, mehrere Kabel zu tragen<br data-start=\"3430\" data-end=\"3433\" \/>Individuelles Logo-Branding verf\u00fcgbar<br data-start=\"3463\" data-end=\"3466\" \/>Gut f\u00fcr Werbeveranstaltungen und Firmengeschenke<br data-start=\"3513\" data-end=\"3516\" \/>Tragbar und leicht zu verstauen in Taschen, Hosentaschen oder Schl\u00fcsselsets<\/p>\n<p data-start=\"3574\" data-end=\"3885\"><strong data-start=\"3574\" data-end=\"3601\">Warum dieses Produkt w\u00e4hlen<\/strong><br data-start=\"3601\" data-end=\"3604\" \/>Dieses Kabel vereint Funktion, Tragbarkeit und Pr\u00e4sentation in einem einfachen Accessoire. Das 3-in-1-Design verbessert den t\u00e4glichen Komfort, w\u00e4hrend das PU-Leder-Finish ihm ein gehobenes Werbegef\u00fchl verleiht. Es ist n\u00fctzlich, kompakt, leicht zu tragen und eignet sich hervorragend als Werbegeschenk.<\/p>\n<p data-start=\"3887\" data-end=\"4139\"><strong data-start=\"3887\" data-end=\"3900\">Ideal f\u00fcr<\/strong><br data-start=\"3900\" data-end=\"3903\" \/>Werbegeschenke f\u00fcr die Messe<br data-start=\"3923\" data-end=\"3926\" \/>Unternehmenspromotionen<br data-start=\"3946\" data-end=\"3949\" \/>Werbegeschenke<br data-start=\"3963\" data-end=\"3966\" \/>Willkommenspakete f\u00fcr Mitarbeiter<br data-start=\"3987\" data-end=\"3990\" \/>Event-Waren<br data-start=\"4007\" data-end=\"4010\" \/>Reisezubeh\u00f6r<br data-start=\"4028\" data-end=\"4031\" \/>Sammlungen von Telefonzubeh\u00f6r<br data-start=\"4058\" data-end=\"4061\" \/>Werbegeschenke f\u00fcr das B\u00fcro<br data-start=\"4077\" data-end=\"4080\" \/>Geschenke zur Wertsch\u00e4tzung der Kunden<br data-start=\"4107\" data-end=\"4110\" \/>Kampagnen f\u00fcr Markenelektronik<\/p>\n<p data-start=\"4141\" data-end=\"4148\"><strong data-start=\"4141\" data-end=\"4148\">FAQ<\/strong><\/p>\n<p data-start=\"4150\" data-end=\"4262\"><strong data-start=\"4150\" data-end=\"4197\">Kann dieses Produkt mit einem Logo versehen werden?<\/strong><br data-start=\"4197\" data-end=\"4200\" \/>Ja. Das PU-Ledergeh\u00e4use kann mit einem individuellen Logo versehen werden.<\/p>\n<p data-start=\"4264\" data-end=\"4478\"><strong data-start=\"4264\" data-end=\"4330\">Wodurch unterscheidet sich dieses Kabel von einem normalen Ladekabel?<\/strong><br data-start=\"4330\" data-end=\"4333\" \/>Es vereint mehrere Anschl\u00fcsse in einem kompakten Design und verf\u00fcgt \u00fcber ein Geh\u00e4use im Stil eines PU-Leder-Schl\u00fcsselanh\u00e4ngers, das den Transport und die Pr\u00e4sentation erleichtert.<\/p>\n<p data-start=\"4480\" data-end=\"4618\"><strong data-start=\"4480\" data-end=\"4522\">Ist dieses Kabel im Alltag leicht zu tragen?<\/strong><br data-start=\"4522\" data-end=\"4525\" \/>Ja. Dank des Schl\u00fcsselanh\u00e4ngers l\u00e4sst er sich leicht an Schl\u00fcsseln, Taschen und Reisezubeh\u00f6r befestigen.<\/p>\n<p data-start=\"4620\" data-end=\"4729\"><strong data-start=\"4620\" data-end=\"4675\">Kann es sowohl zum Laden als auch zur Daten\u00fcbertragung verwendet werden?<\/strong><br data-start=\"4675\" data-end=\"4678\" \/>Ja, es ist f\u00fcr das Aufladen und die Daten\u00fcbertragung vorgesehen.<\/p>\n<p data-start=\"4731\" data-end=\"4896\"><strong data-start=\"4731\" data-end=\"4780\">Ist dieses Produkt f\u00fcr Werbezwecke geeignet?<\/strong><br data-start=\"4780\" data-end=\"4783\" \/>Ja. Sein praktischer Nutzen, das tragbare Format und der individuelle Branding-Bereich machen ihn zu einem hervorragenden Werbegeschenk.<\/p>\n<p data-start=\"4898\" data-end=\"5075\"><strong data-start=\"4898\" data-end=\"4949\">Verbessert die PU-Lederh\u00fclle die Pr\u00e4sentation?<\/strong><br data-start=\"4949\" data-end=\"4952\" \/>Ja. Die PU-Lederoberfl\u00e4che verleiht dem Produkt ein saubereres, hochwertigeres Aussehen, das sich gut f\u00fcr Geschenke und Markenwerbung eignet.<\/p>","protected":false},"excerpt":{"rendered":"<p>Dieses 3-in-1-USB-Ladekabel aus PU-Leder mit Schl\u00fcsselanh\u00e4nger ist ein kompaktes und elegantes technisches Accessoire f\u00fcr den t\u00e4glichen Gebrauch. Mit mehreren Anschl\u00fcssen in einem tragbaren Design hilft es Benutzern beim Aufladen und \u00dcbertragen von Daten zwischen verschiedenen Ger\u00e4ten, w\u00e4hrend das Kabel einfach an Schl\u00fcsseln, Taschen oder Rucks\u00e4cken getragen werden kann. Die PU-Lederh\u00fclle verleiht dem Kabel ein hochwertiges Aussehen und macht es zu einer guten Wahl f\u00fcr Werbegeschenke, Firmengeschenke, Veranstaltungen und Elektronikzubeh\u00f6r mit Markenzeichen.<\/p>","protected":false},"featured_media":47124,"template":"","meta":{"_gspb_post_css":""},"product_brand":[],"product_cat":[27],"product_tag":[],"class_list":{"0":"post-47123","1":"product","2":"type-product","3":"status-publish","4":"has-post-thumbnail","6":"product_cat-technology","8":"first","9":"instock","10":"shipping-taxable","11":"product-type-simple"},"_links":{"self":[{"href":"https:\/\/globalgiftsupplier.com\/de\/wp-json\/wp\/v2\/product\/47123","targetHints":{"allow":["GET"]}}],"collection":[{"href":"https:\/\/globalgiftsupplier.com\/de\/wp-json\/wp\/v2\/product"}],"about":[{"href":"https:\/\/globalgiftsupplier.com\/de\/wp-json\/wp\/v2\/types\/product"}],"wp:featuredmedia":[{"embeddable":true,"href":"https:\/\/globalgiftsupplier.com\/de\/wp-json\/wp\/v2\/media\/47124"}],"wp:attachment":[{"href":"https:\/\/globalgiftsupplier.com\/de\/wp-json\/wp\/v2\/media?parent=47123"}],"wp:term":[{"taxonomy":"product_brand","embeddable":true,"href":"https:\/\/globalgiftsupplier.com\/de\/wp-json\/wp\/v2\/product_brand?post=47123"},{"taxonomy":"product_cat","embeddable":true,"href":"https:\/\/globalgiftsupplier.com\/de\/wp-json\/wp\/v2\/product_cat?post=47123"},{"taxonomy":"product_tag","embeddable":true,"href":"https:\/\/globalgiftsupplier.com\/de\/wp-json\/wp\/v2\/product_tag?post=47123"}],"curies":[{"name":"wp","href":"https:\/\/api.w.org\/{rel}","templated":true}]}}