{"id":47116,"date":"2026-03-30T03:19:39","date_gmt":"2026-03-30T03:19:39","guid":{"rendered":"https:\/\/globalgiftsupplier.com\/?post_type=product&#038;p=47116"},"modified":"2026-03-30T03:19:39","modified_gmt":"2026-03-30T03:19:39","slug":"multi-ports-type-c-micro-mini-usb-charging-cable-with-carabiner","status":"publish","type":"product","link":"https:\/\/globalgiftsupplier.com\/de\/product\/multi-ports-type-c-micro-mini-usb-charging-cable-with-carabiner\/","title":{"rendered":"Multi Ports Typ-C Micro Mini USB Ladekabel mit Karabiner"},"content":{"rendered":"<p data-start=\"1620\" data-end=\"1969\">Dieses Typ-C-Micro-Mini-USB-Ladekabel mit mehreren Anschl\u00fcssen und Karabiner ist ein praktisches und tragbares Ladezubeh\u00f6r, das f\u00fcr Benutzer entwickelt wurde, die mehrere Anschlussoptionen in einem kompakten Artikel w\u00fcnschen. Sein leichtes Clip-on-Design macht es einfach zu tragen und ideal f\u00fcr den t\u00e4glichen Gebrauch, Reisen, B\u00fcroeinstellungen und Werbekampagnen.<\/p>\n<p data-start=\"1971\" data-end=\"2294\">Das Kabel verf\u00fcgt \u00fcber mehrere Ladeanschl\u00fcsse f\u00fcr eine breitere Ger\u00e4tekompatibilit\u00e4t, so dass keine separaten Kabel f\u00fcr verschiedene Ger\u00e4te mitgef\u00fchrt werden m\u00fcssen. Dank des kompakten Karabinerverschlusses l\u00e4sst sich das Kabel leicht an Schl\u00fcsselanh\u00e4ngern, Taschen, Rucks\u00e4cken oder Reiseutensilien befestigen und ist somit eine praktische L\u00f6sung f\u00fcr unterwegs.<\/p>\n<p data-start=\"2296\" data-end=\"2637\">Dieses Produkt eignet sich besonders f\u00fcr Unternehmen, die einen n\u00fctzlichen technischen Werbeartikel suchen. Das vordere Geh\u00e4use bietet Platz f\u00fcr <strong data-start=\"2425\" data-end=\"2449\">kundenspezifischer Logodruck<\/strong>, und verwandelt ein einfaches Ladezubeh\u00f6r in ein effektives Werbegeschenk mit Ihrer Marke. Da es kompakt und praktisch ist und h\u00e4ufig verwendet wird, kann es dazu beitragen, dass Ihre Marke in allt\u00e4glichen Situationen sichtbar bleibt.<\/p>\n<p data-start=\"2639\" data-end=\"2898\">Dank seiner klaren Form und tragbaren Gr\u00f6\u00dfe eignet er sich auch gut f\u00fcr Messegeschenke, Firmengeschenke, Werbegeschenke f\u00fcr Veranstaltungen, Reisesets und Markenelektroniksammlungen. Die einfache Karabinerform ist praktisch und verleiht dem Produkt einen modernen Werbe-Look.<\/p>\n<p data-start=\"2900\" data-end=\"3267\"><strong data-start=\"2900\" data-end=\"2916\">Wesentliche Merkmale<\/strong><br data-start=\"2916\" data-end=\"2919\" \/>Ladekabel mit mehreren Anschl\u00fcssen<br data-start=\"2951\" data-end=\"2954\" \/>Kompatibel mit Typ-C, Micro USB und Mini USB<br data-start=\"3008\" data-end=\"3011\" \/>Kompakter Karabinerhaken f\u00fcr einfaches Tragen<br data-start=\"3057\" data-end=\"3060\" \/>Individuell gestalteter Logo-Bereich auf der Vorderseite<br data-start=\"3094\" data-end=\"3097\" \/>Tragbar und leicht f\u00fcr den t\u00e4glichen Gebrauch<br data-start=\"3135\" data-end=\"3138\" \/>Praktisch f\u00fcr Reisen, B\u00fcro und Veranstaltungen<br data-start=\"3179\" data-end=\"3182\" \/>N\u00fctzliches Zubeh\u00f6r f\u00fcr die Werbetechnik<br data-start=\"3221\" data-end=\"3224\" \/>Einfach an Schl\u00fcsseln, Taschen und Rucks\u00e4cken zu befestigen<\/p>\n<p data-start=\"3269\" data-end=\"3627\"><strong data-start=\"3269\" data-end=\"3296\">Warum dieses Produkt w\u00e4hlen<\/strong><br data-start=\"3296\" data-end=\"3299\" \/>Dieses Ladekabel vereint Tragbarkeit, Komfort und Markenwert in einem einfachen Produkt. Dank seines Clip-on-Designs ist es leicht zu transportieren, w\u00e4hrend die Mehrfachsteckeranordnung es f\u00fcr Benutzer mit verschiedenen Ger\u00e4ten praktisch macht. Es ist eine gute Wahl f\u00fcr Werbezwecke, weil es n\u00fctzlich, kompakt und f\u00fcr den t\u00e4glichen Gebrauch geeignet ist.<\/p>\n<p data-start=\"3629\" data-end=\"3856\"><strong data-start=\"3629\" data-end=\"3642\">Ideal f\u00fcr<\/strong><br data-start=\"3642\" data-end=\"3645\" \/>Werbegeschenke f\u00fcr die Messe<br data-start=\"3665\" data-end=\"3668\" \/>Unternehmenspromotionen<br data-start=\"3688\" data-end=\"3691\" \/>Event-Waren<br data-start=\"3708\" data-end=\"3711\" \/>Willkommenspakete f\u00fcr Mitarbeiter<br data-start=\"3732\" data-end=\"3735\" \/>Reisezubeh\u00f6r<br data-start=\"3753\" data-end=\"3756\" \/>Kollektionen f\u00fcr technisches Zubeh\u00f6r<br data-start=\"3782\" data-end=\"3785\" \/>Kundengeschenke<br data-start=\"3799\" data-end=\"3802\" \/>Gekennzeichnete Werbegeschenke<br data-start=\"3819\" data-end=\"3822\" \/>Verwendung im B\u00fcro<br data-start=\"3832\" data-end=\"3835\" \/>Werbekampagnen<\/p>\n<p data-start=\"3858\" data-end=\"3865\"><strong data-start=\"3858\" data-end=\"3865\">FAQ<\/strong><\/p>\n<p data-start=\"3867\" data-end=\"3998\"><strong data-start=\"3867\" data-end=\"3914\">Kann dieses Produkt mit einem Logo versehen werden?<\/strong><br data-start=\"3914\" data-end=\"3917\" \/>Ja, die Vorderseite des Geh\u00e4uses kann mit Ihrem Logo versehen werden, um das Branding zu f\u00f6rdern.<\/p>\n<p data-start=\"4000\" data-end=\"4146\"><strong data-start=\"4000\" data-end=\"4036\">Welche Anschl\u00fcsse geh\u00f6ren dazu?<\/strong><br data-start=\"4036\" data-end=\"4039\" \/>Es ist als Multi-Port-Ladekabel mit Typ-C-, Micro-USB- und Mini-USB-Anschlusskompatibilit\u00e4t konzipiert.<\/p>\n<p data-start=\"4148\" data-end=\"4267\"><strong data-start=\"4148\" data-end=\"4172\">Ist es leicht zu tragen?<\/strong><br data-start=\"4172\" data-end=\"4175\" \/>Ja. Mit dem integrierten Karabinerhaken l\u00e4sst er sich leicht an Schl\u00fcsseln, Taschen und Rucks\u00e4cken befestigen.<\/p>\n<p data-start=\"4269\" data-end=\"4432\"><strong data-start=\"4269\" data-end=\"4310\">Wof\u00fcr wird dieses Produkt haupts\u00e4chlich verwendet?<\/strong><br data-start=\"4310\" data-end=\"4313\" \/>Es wird haupts\u00e4chlich als kompaktes Ladezubeh\u00f6r f\u00fcr den t\u00e4glichen Gebrauch, auf Reisen, im B\u00fcro und als Werbegeschenk verwendet.<\/p>\n<p data-start=\"4434\" data-end=\"4576\"><strong data-start=\"4434\" data-end=\"4470\">Ist dies ein guter Werbeartikel?<\/strong><br data-start=\"4470\" data-end=\"4473\" \/>Ja. Er ist praktisch, tragbar und wird h\u00e4ufig verwendet, was ihn zu einem effektiven technischen Werbegeschenk macht.<\/p>","protected":false},"excerpt":{"rendered":"<p>Dieses Typ-C-Micro-Mini-USB-Ladekabel mit mehreren Anschl\u00fcssen und Karabiner ist ein kompaktes und praktisches Ladezubeh\u00f6r, das f\u00fcr Tragbarkeit und Bequemlichkeit entwickelt wurde. Mit seinem eingebauten Clip-Stil K\u00f6rper und mehrere Anschl\u00fcsse, ist es einfach, auf Schl\u00fcssel, Taschen oder Rucks\u00e4cke f\u00fcr den t\u00e4glichen Gebrauch zu befestigen. Der individuell gestaltete Logobereich macht es zu einer gro\u00dfartigen Wahl f\u00fcr Werbegeschenke, Messen, Veranstaltungen und Markenartikel im Bereich Technik.<\/p>","protected":false},"featured_media":47117,"template":"","meta":{"_gspb_post_css":""},"product_brand":[],"product_cat":[27],"product_tag":[],"class_list":{"0":"post-47116","1":"product","2":"type-product","3":"status-publish","4":"has-post-thumbnail","6":"product_cat-technology","8":"first","9":"instock","10":"shipping-taxable","11":"product-type-simple"},"_links":{"self":[{"href":"https:\/\/globalgiftsupplier.com\/de\/wp-json\/wp\/v2\/product\/47116","targetHints":{"allow":["GET"]}}],"collection":[{"href":"https:\/\/globalgiftsupplier.com\/de\/wp-json\/wp\/v2\/product"}],"about":[{"href":"https:\/\/globalgiftsupplier.com\/de\/wp-json\/wp\/v2\/types\/product"}],"wp:featuredmedia":[{"embeddable":true,"href":"https:\/\/globalgiftsupplier.com\/de\/wp-json\/wp\/v2\/media\/47117"}],"wp:attachment":[{"href":"https:\/\/globalgiftsupplier.com\/de\/wp-json\/wp\/v2\/media?parent=47116"}],"wp:term":[{"taxonomy":"product_brand","embeddable":true,"href":"https:\/\/globalgiftsupplier.com\/de\/wp-json\/wp\/v2\/product_brand?post=47116"},{"taxonomy":"product_cat","embeddable":true,"href":"https:\/\/globalgiftsupplier.com\/de\/wp-json\/wp\/v2\/product_cat?post=47116"},{"taxonomy":"product_tag","embeddable":true,"href":"https:\/\/globalgiftsupplier.com\/de\/wp-json\/wp\/v2\/product_tag?post=47116"}],"curies":[{"name":"wp","href":"https:\/\/api.w.org\/{rel}","templated":true}]}}