{"id":47112,"date":"2026-03-30T03:10:04","date_gmt":"2026-03-30T03:10:04","guid":{"rendered":"https:\/\/globalgiftsupplier.com\/?post_type=product&#038;p=47112"},"modified":"2026-03-30T03:10:05","modified_gmt":"2026-03-30T03:10:05","slug":"3-in-1-keychain-usb-charging-data-cable-with-led-logo","status":"publish","type":"product","link":"https:\/\/globalgiftsupplier.com\/de\/product\/3-in-1-keychain-usb-charging-data-cable-with-led-logo\/","title":{"rendered":"3-in-1-Schl\u00fcsselanh\u00e4nger-USB-Lade-Datenkabel mit LED-Logo"},"content":{"rendered":"<p data-start=\"1600\" data-end=\"1967\">Dieses 3-in-1-Schl\u00fcsselanh\u00e4nger-USB-Ladekabel mit LED-Logo ist ein kompaktes und praktisches technisches Werbezubeh\u00f6r, das f\u00fcr den t\u00e4glichen Gebrauch entwickelt wurde. Mit seinem tragbaren Schl\u00fcsselanh\u00e4nger-Stil und dem integrierten Multi-Konnektor-Design bietet es eine einfache Ladel\u00f6sung f\u00fcr Benutzer, die verschiedene Ger\u00e4te mit sich f\u00fchren und ein Kabel ben\u00f6tigen, das leicht zur Hand ist.<\/p>\n<p data-start=\"1969\" data-end=\"2343\">Das Kabel enth\u00e4lt <strong data-start=\"1988\" data-end=\"2062\">drei beliebte Anschl\u00fcsse in einem Ger\u00e4t: Micro USB, Typ-C und Lightning<\/strong>. Dadurch eignet es sich zum Aufladen einer breiten Palette von Smartphones, Powerbanks und anderen kompatiblen elektronischen Ger\u00e4ten. Sein vielseitiges Design hilft, die Notwendigkeit zu reduzieren, mehrere separate Ladekabel zu tragen, was es besonders n\u00fctzlich f\u00fcr Reisen, Pendler, B\u00fcroarbeit und Veranstaltungen macht.<\/p>\n<p data-start=\"2345\" data-end=\"2768\">Hergestellt aus <strong data-start=\"2355\" data-end=\"2370\">ABS und TPE<\/strong>, Dieses Ladekabel ist f\u00fcr Flexibilit\u00e4t, Langlebigkeit und den t\u00e4glichen Gebrauch konzipiert. Die vieradrige Kupferdrahtstruktur tr\u00e4gt zu einer effizienten Ladeleistung bei, w\u00e4hrend das kompakte Geh\u00e4use daf\u00fcr sorgt, dass das Kabel leicht in einer Tasche, einem Beutel oder an einem Schl\u00fcssel befestigt werden kann. Mit einer Gesamtl\u00e4nge von ca. <strong data-start=\"2666\" data-end=\"2680\">6,3 Zoll<\/strong>, Es ist eine bequeme L\u00f6sung f\u00fcr das Aufladen \u00fcber kurze Entfernungen, wenn Tragbarkeit am wichtigsten ist.<\/p>\n<p data-start=\"2770\" data-end=\"3173\">Eines der herausragenden Merkmale dieses Produkts ist seine <strong data-start=\"2822\" data-end=\"2855\">individuell beleuchtete LED-Logofl\u00e4che<\/strong>, Dadurch wird Ihr Branding besser sichtbar und einpr\u00e4gsamer. Wenn er angeschlossen ist, leuchtet der Logobereich auf und verwandelt ein n\u00fctzliches, allt\u00e4gliches Accessoire in einen starken Werbeartikel. Das macht ihn ideal f\u00fcr Firmengeschenke, Messen, Kundengeschenke, Mitarbeiter-Kits, Technologie-Promotions und Markenartikelprogramme.<\/p>\n<p data-start=\"3175\" data-end=\"3360\">Die in den Produktdetails gezeigten verf\u00fcgbaren Farben umfassen <strong data-start=\"3233\" data-end=\"3280\">orange, blau, schwarz, rot, wei\u00df und gelb<\/strong>, Damit haben Sie mehrere M\u00f6glichkeiten, Ihr Unternehmen oder Ihr Kampagnenthema zu gestalten.<\/p>\n<p data-start=\"3362\" data-end=\"3760\"><strong data-start=\"3362\" data-end=\"3378\">Wesentliche Merkmale<\/strong><br data-start=\"3378\" data-end=\"3381\" \/>3-in-1-Ladekabel-Design<br data-start=\"3409\" data-end=\"3412\" \/>Enth\u00e4lt Micro USB-, Typ-C- und Lightning-Anschl\u00fcsse<br data-start=\"3464\" data-end=\"3467\" \/>Eingebauter Haken f\u00fcr Schl\u00fcsselanh\u00e4nger zum einfachen Tragen<br data-start=\"3507\" data-end=\"3510\" \/>Individuell beleuchteter LED-Logo-Branding-Bereich<br data-start=\"3548\" data-end=\"3551\" \/>Kompaktes und tragbares Design<br data-start=\"3578\" data-end=\"3581\" \/>L\u00e4nge: ca. 6,3 Zoll<br data-start=\"3604\" data-end=\"3607\" \/>Hergestellt aus ABS und TPE<br data-start=\"3628\" data-end=\"3631\" \/>Vieradrige Kupferdrahtstruktur<br data-start=\"3662\" data-end=\"3665\" \/>Geeignet f\u00fcr das t\u00e4gliche Aufladen des Telefons und f\u00fcr Werbezwecke<br data-start=\"3718\" data-end=\"3721\" \/>Ideal f\u00fcr Reisen, B\u00fcro und Werbegeschenke<\/p>\n<p data-start=\"3762\" data-end=\"4082\"><strong data-start=\"3762\" data-end=\"3789\">Warum dieses Produkt w\u00e4hlen<\/strong><br data-start=\"3789\" data-end=\"3792\" \/>Dieses Kabel ist klein, n\u00fctzlich und sehr markentauglich. Das Design des Schl\u00fcsselanh\u00e4ngers macht es einfach, es \u00fcberallhin mitzunehmen, w\u00e4hrend das leuchtende Logo f\u00fcr eine st\u00e4rkere visuelle Wirkung bei Werbeaktionen sorgt. Es kombiniert Bequemlichkeit, Tragbarkeit und individuelles Branding in einem einfachen Produkt, das die Leute jeden Tag benutzen k\u00f6nnen.<\/p>\n<p data-start=\"4084\" data-end=\"4333\"><strong data-start=\"4084\" data-end=\"4097\">Ideal f\u00fcr<\/strong><br data-start=\"4097\" data-end=\"4100\" \/>Werbegeschenke f\u00fcr die Messe<br data-start=\"4120\" data-end=\"4123\" \/>Unternehmenspromotionen<br data-start=\"4143\" data-end=\"4146\" \/>Geschenke f\u00fcr die Konferenz<br data-start=\"4162\" data-end=\"4165\" \/>Willkommenspakete f\u00fcr Mitarbeiter<br data-start=\"4186\" data-end=\"4189\" \/>Reisezubeh\u00f6r<br data-start=\"4207\" data-end=\"4210\" \/>Zubeh\u00f6r f\u00fcr B\u00fcrotische<br data-start=\"4233\" data-end=\"4236\" \/>Sammlungen von Telefonzubeh\u00f6r<br data-start=\"4263\" data-end=\"4266\" \/>Technische F\u00f6rderma\u00dfnahmen<br data-start=\"4281\" data-end=\"4284\" \/>Markenartikel<br data-start=\"4303\" data-end=\"4306\" \/>Geschenke zur Wertsch\u00e4tzung der Kunden<\/p>\n<p data-start=\"4335\" data-end=\"4342\"><strong data-start=\"4335\" data-end=\"4342\">FAQ<\/strong><\/p>\n<p data-start=\"4344\" data-end=\"4469\"><strong data-start=\"4344\" data-end=\"4389\">Kann dieses Kabel mit einem Logo versehen werden?<\/strong><br data-start=\"4389\" data-end=\"4392\" \/>Ja, er verf\u00fcgt \u00fcber einen individuell beleuchteten LED-Logo-Bereich f\u00fcr die Verwendung als Werbetr\u00e4ger.<\/p>\n<p data-start=\"4471\" data-end=\"4571\"><strong data-start=\"4471\" data-end=\"4504\">Welche Anschl\u00fcsse sind enthalten?<\/strong><br data-start=\"4504\" data-end=\"4507\" \/>Dieses Kabel umfasst Micro-USB-, Typ-C- und Lightning-Stecker.<\/p>\n<p data-start=\"4573\" data-end=\"4638\"><strong data-start=\"4573\" data-end=\"4607\">Aus welchem Material ist es hergestellt?<\/strong><br data-start=\"4607\" data-end=\"4610\" \/>Er ist aus ABS und TPE gefertigt.<\/p>\n<p data-start=\"4640\" data-end=\"4714\"><strong data-start=\"4640\" data-end=\"4666\">Wie lang ist das Kabel?<\/strong><br data-start=\"4666\" data-end=\"4669\" \/>Die Kabell\u00e4nge betr\u00e4gt etwa 6,3 Zoll.<\/p>\n<p data-start=\"4716\" data-end=\"4847\"><strong data-start=\"4716\" data-end=\"4740\">Ist es leicht zu tragen?<\/strong><br data-start=\"4740\" data-end=\"4743\" \/>Ja. Durch seine kompakte Gr\u00f6\u00dfe und den eingebauten Haken f\u00fcr den Schl\u00fcsselbund l\u00e4sst er sich leicht mit Schl\u00fcsseln, Taschen oder Reiseutensilien transportieren.<\/p>\n<p data-start=\"4849\" data-end=\"4994\"><strong data-start=\"4849\" data-end=\"4879\">Welche Farben gibt es?<\/strong><br data-start=\"4879\" data-end=\"4882\" \/>Laut den bereitgestellten Produktdetails sind die Farben Orange, Blau, Schwarz, Rot, Wei\u00df und Gelb erh\u00e4ltlich.<\/p>","protected":false},"excerpt":{"rendered":"<p>Dieses 3-in-1-Schl\u00fcsselanh\u00e4nger-USB-Ladedatenkabel mit LED-Logo kombiniert Micro-USB-, Typ-C- und Lightning-Anschl\u00fcsse in einem kompakten und tragbaren Design. Hergestellt aus ABS und TPE, ist es leicht, flexibel und mit seinem integrierten Schl\u00fcsselanh\u00e4ngerhaken einfach zu tragen. Das beleuchtete Logo macht es zu einer ausgezeichneten Wahl f\u00fcr Werbegeschenke, Veranstaltungen, Reisen, B\u00fcroanwendungen und markengesch\u00fctztes technisches Zubeh\u00f6r.<\/p>","protected":false},"featured_media":47113,"template":"","meta":{"_gspb_post_css":""},"product_brand":[],"product_cat":[27],"product_tag":[],"class_list":{"0":"post-47112","1":"product","2":"type-product","3":"status-publish","4":"has-post-thumbnail","6":"product_cat-technology","8":"first","9":"instock","10":"shipping-taxable","11":"product-type-simple"},"_links":{"self":[{"href":"https:\/\/globalgiftsupplier.com\/de\/wp-json\/wp\/v2\/product\/47112","targetHints":{"allow":["GET"]}}],"collection":[{"href":"https:\/\/globalgiftsupplier.com\/de\/wp-json\/wp\/v2\/product"}],"about":[{"href":"https:\/\/globalgiftsupplier.com\/de\/wp-json\/wp\/v2\/types\/product"}],"wp:featuredmedia":[{"embeddable":true,"href":"https:\/\/globalgiftsupplier.com\/de\/wp-json\/wp\/v2\/media\/47113"}],"wp:attachment":[{"href":"https:\/\/globalgiftsupplier.com\/de\/wp-json\/wp\/v2\/media?parent=47112"}],"wp:term":[{"taxonomy":"product_brand","embeddable":true,"href":"https:\/\/globalgiftsupplier.com\/de\/wp-json\/wp\/v2\/product_brand?post=47112"},{"taxonomy":"product_cat","embeddable":true,"href":"https:\/\/globalgiftsupplier.com\/de\/wp-json\/wp\/v2\/product_cat?post=47112"},{"taxonomy":"product_tag","embeddable":true,"href":"https:\/\/globalgiftsupplier.com\/de\/wp-json\/wp\/v2\/product_tag?post=47112"}],"curies":[{"name":"wp","href":"https:\/\/api.w.org\/{rel}","templated":true}]}}