{"id":47106,"date":"2026-03-30T03:07:34","date_gmt":"2026-03-30T03:07:34","guid":{"rendered":"https:\/\/globalgiftsupplier.com\/?post_type=product&#038;p=47106"},"modified":"2026-03-30T03:07:34","modified_gmt":"2026-03-30T03:07:34","slug":"3-in-1-nylon-braided-multiple-usb-phone-charger-cord","status":"publish","type":"product","link":"https:\/\/globalgiftsupplier.com\/de\/product\/3-in-1-nylon-braided-multiple-usb-phone-charger-cord\/","title":{"rendered":"3-in-1 Nylon geflochtenes Mehrfach-USB-Handy-Ladekabel"},"content":{"rendered":"<p data-start=\"1663\" data-end=\"2055\">Dieses aus Nylon geflochtene 3-in-1-Ladekabel f\u00fcr mehrere USB-Telefone ist ein praktisches und \u00e4u\u00dferst n\u00fctzliches technisches Zubeh\u00f6r, das f\u00fcr das bequeme Aufladen mehrerer Ger\u00e4tetypen entwickelt wurde. Anstatt verschiedene Kabel f\u00fcr verschiedene Telefone oder Tablets mit sich zu f\u00fchren, bietet dieses All-in-One-Ladekabel eine einfache L\u00f6sung f\u00fcr den t\u00e4glichen Gebrauch zu Hause, im B\u00fcro, im Auto oder auf Reisen.<\/p>\n<p data-start=\"2057\" data-end=\"2438\">Das Kabel bietet <strong data-start=\"2076\" data-end=\"2157\">drei beliebte Steckertypen in einem Design: Lightning, Micro USB und Typ-C<\/strong>. Dadurch eignet es sich zum Aufladen einer breiten Palette von Smartphones, Powerbanks, Tablets und anderen kompatiblen elektronischen Ger\u00e4ten. Es ist eine ausgezeichnete Option f\u00fcr Menschen, die mehrere Ger\u00e4te verwenden oder ein vielseitiges Kabel ben\u00f6tigen, das verschiedene Ladeanforderungen ohne zus\u00e4tzliches Durcheinander erf\u00fcllen kann.<\/p>\n<p data-start=\"2440\" data-end=\"2872\">Hergestellt aus <strong data-start=\"2450\" data-end=\"2495\">Nylongeflecht und Aluminiumlegierung<\/strong>, Dieses Ladekabel ist so konzipiert, dass es sich haltbarer und hochwertiger anf\u00fchlt als herk\u00f6mmliche Kunststoff-Ladekabel. Das geflochtene \u00c4u\u00dfere sorgt f\u00fcr mehr Flexibilit\u00e4t und weniger Verhedderung, w\u00e4hrend das verst\u00e4rkte Steckerdesign die Widerstandsf\u00e4higkeit im Alltag erh\u00f6ht. Das Kabel f\u00fchlt sich weich an, hat eine robuste Struktur und l\u00e4sst sich bequem in Taschen, Schreibtischschubladen, Reisekoffern oder Fahrzeugen transportieren.<\/p>\n<p data-start=\"2874\" data-end=\"3164\">Mit einer L\u00e4nge von etwa <strong data-start=\"2905\" data-end=\"2921\">39,37 Zoll<\/strong>, Dieses Kabel l\u00e4sst sich bequem zum Aufladen am Schreibtisch, auf dem Nachttisch, im Auto und in anderen allt\u00e4glichen Umgebungen verwenden. Sein kompaktes Design mit mehreren Anschl\u00fcssen spart Platz und hilft den Benutzern, organisiert zu bleiben, ohne mehrere separate Kabel mit sich f\u00fchren zu m\u00fcssen.<\/p>\n<p data-start=\"3166\" data-end=\"3575\">Dieses Produkt ist auch ein starker Werbeartikel, denn es unterst\u00fctzt <strong data-start=\"3233\" data-end=\"3257\">individuelles Logo-Branding<\/strong> auf dem mittleren Anschlussbereich. Es ist ein ideales Werbegeschenk f\u00fcr Unternehmen, die ein praktisches technisches Produkt suchen, das Kunden und Mitarbeiter tats\u00e4chlich jeden Tag benutzen k\u00f6nnen. Marken-Ladekabel eignen sich besonders gut f\u00fcr Messen, Veranstaltungen, Konferenzen, Kundengeschenke, Willkommenspakete f\u00fcr Mitarbeiter und Werbeaktionen f\u00fcr mobiles Zubeh\u00f6r.<\/p>\n<p data-start=\"3577\" data-end=\"3777\">Zu den in den mitgelieferten Produktinformationen aufgef\u00fchrten Farben geh\u00f6ren <strong data-start=\"3644\" data-end=\"3696\">blau, schwarz, rosa, rot, gr\u00fcn, wei\u00df und orange<\/strong>, und bietet Ihnen zahlreiche Optionen f\u00fcr Markenabgleiche und kundenspezifische Warenprogramme.<\/p>\n<p data-start=\"3779\" data-end=\"4206\"><strong data-start=\"3779\" data-end=\"3795\">Wesentliche Merkmale<\/strong><br data-start=\"3795\" data-end=\"3798\" \/>3-in-1-Ladekabel-Design<br data-start=\"3826\" data-end=\"3829\" \/>Enth\u00e4lt Lightning-, Micro-USB- und Typ-C-Anschl\u00fcsse<br data-start=\"3881\" data-end=\"3884\" \/>Nylonumflochtenes Kabel f\u00fcr zus\u00e4tzliche Haltbarkeit<br data-start=\"3924\" data-end=\"3927\" \/>Verbindungsteile aus Aluminiumlegierung<br data-start=\"3957\" data-end=\"3960\" \/>Verwindungssteife und flexible Struktur<br data-start=\"3999\" data-end=\"4002\" \/>L\u00e4nge: ca. 39,37 Zoll<br data-start=\"4027\" data-end=\"4030\" \/>Geeignet f\u00fcr Smartphones und andere kompatible Ger\u00e4te<br data-start=\"4083\" data-end=\"4086\" \/>Individuelles Logo-Branding verf\u00fcgbar<br data-start=\"4116\" data-end=\"4119\" \/>Ideal f\u00fcr Reisen, B\u00fcro, Auto und den t\u00e4glichen Gebrauch<br data-start=\"4163\" data-end=\"4166\" \/>N\u00fctzliches Werbezubeh\u00f6r f\u00fcr die Elektronik<\/p>\n<p data-start=\"4208\" data-end=\"4574\"><strong data-start=\"4208\" data-end=\"4235\">Warum dieses Produkt w\u00e4hlen<\/strong><br data-start=\"4235\" data-end=\"4238\" \/>Dieses Ladekabel ist einfach, praktisch und leicht zu bedienen. Sein Design mit mehreren Anschl\u00fcssen macht es bequemer als das Mitf\u00fchren separater Ladekabel, w\u00e4hrend die geflochtene Nylonoberfl\u00e4che und die Teile aus Aluminiumlegierung ihm ein haltbareres und hochwertigeres Aussehen verleihen. Es ist ein n\u00fctzlicher Alltagsgegenstand, der sich auch sehr gut als Werbegeschenk mit Markenzeichen eignet.<\/p>\n<p data-start=\"4576\" data-end=\"4817\"><strong data-start=\"4576\" data-end=\"4589\">Ideal f\u00fcr<\/strong><br data-start=\"4589\" data-end=\"4592\" \/>Werbegeschenke f\u00fcr Unternehmen<br data-start=\"4611\" data-end=\"4614\" \/>Messen und Ausstellungen<br data-start=\"4625\" data-end=\"4628\" \/>Geschenke f\u00fcr die Konferenz<br data-start=\"4644\" data-end=\"4647\" \/>Zubeh\u00f6r f\u00fcr B\u00fcrotische<br data-start=\"4670\" data-end=\"4673\" \/>Werbeaktionen f\u00fcr Reisen<br data-start=\"4690\" data-end=\"4693\" \/>Willkommenspakete f\u00fcr Mitarbeiter<br data-start=\"4714\" data-end=\"4717\" \/>Geschenke zur Wertsch\u00e4tzung der Kunden<br data-start=\"4744\" data-end=\"4747\" \/>Sammlungen von Telefonzubeh\u00f6r<br data-start=\"4774\" data-end=\"4777\" \/>Technische Waren<br data-start=\"4793\" data-end=\"4796\" \/>Werbekampagnen<\/p>\n<p data-start=\"4819\" data-end=\"4826\"><strong data-start=\"4819\" data-end=\"4826\">FAQ<\/strong><\/p>\n<p data-start=\"4828\" data-end=\"4964\"><strong data-start=\"4828\" data-end=\"4873\">Kann dieses Kabel mit einem Logo versehen werden?<\/strong><br data-start=\"4873\" data-end=\"4876\" \/>Ja, der Mittelteil kann mit Ihrem Logo f\u00fcr Werbe- oder Markenzwecke versehen werden.<\/p>\n<p data-start=\"4966\" data-end=\"5066\"><strong data-start=\"4966\" data-end=\"4999\">Welche Anschl\u00fcsse sind enthalten?<\/strong><br data-start=\"4999\" data-end=\"5002\" \/>Dieses Kabel umfasst Lightning-, Micro-USB- und Typ-C-Anschl\u00fcsse.<\/p>\n<p data-start=\"5068\" data-end=\"5163\"><strong data-start=\"5068\" data-end=\"5102\">Aus welchem Material ist es hergestellt?<\/strong><br data-start=\"5102\" data-end=\"5105\" \/>Es besteht aus geflochtenem Nylonmaterial und einer Aluminiumlegierung.<\/p>\n<p data-start=\"5165\" data-end=\"5243\"><strong data-start=\"5165\" data-end=\"5191\">Wie lang ist das Kabel?<\/strong><br data-start=\"5191\" data-end=\"5194\" \/>Die Produktl\u00e4nge betr\u00e4gt etwa 39,37 Zoll.<\/p>\n<p data-start=\"5245\" data-end=\"5406\"><strong data-start=\"5245\" data-end=\"5278\">Ist es f\u00fcr den t\u00e4glichen Gebrauch geeignet?<\/strong><br data-start=\"5278\" data-end=\"5281\" \/>Ja. Dank des geflochtenen Designs und der verst\u00e4rkten Struktur eignet es sich f\u00fcr den Einsatz im B\u00fcro, auf Reisen, im Auto und f\u00fcr den normalen t\u00e4glichen Ladebetrieb.<\/p>\n<p data-start=\"5408\" data-end=\"5558\"><strong data-start=\"5408\" data-end=\"5438\">Welche Farben gibt es?<\/strong><br data-start=\"5438\" data-end=\"5441\" \/>Laut den bereitgestellten Produktdetails sind die Farben Blau, Schwarz, Rosa, Rot, Gr\u00fcn, Wei\u00df und Orange erh\u00e4ltlich.<\/p>","protected":false},"excerpt":{"rendered":"<p>Dieses 3-in-1-Nylongeflecht-Mehrfach-USB-Handy-Ladekabel kombiniert Lightning-, Micro-USB- und Typ-C-Anschl\u00fcsse in einem praktischen Kabel. Hergestellt aus geflochtenem Nylon und einer Aluminiumlegierung, bietet es eine langlebige, flexible und bequeme Ladel\u00f6sung f\u00fcr Smartphones und kompatible Ger\u00e4te. Es kann mit einem individuellen Logo versehen werden und ist somit eine gute Wahl f\u00fcr Werbegeschenke, den Einsatz im B\u00fcro, auf Reisen und den t\u00e4glichen Ladebedarf.<\/p>","protected":false},"featured_media":47107,"template":"","meta":{"_gspb_post_css":""},"product_brand":[],"product_cat":[27],"product_tag":[],"class_list":{"0":"post-47106","1":"product","2":"type-product","3":"status-publish","4":"has-post-thumbnail","6":"product_cat-technology","8":"first","9":"instock","10":"shipping-taxable","11":"product-type-simple"},"_links":{"self":[{"href":"https:\/\/globalgiftsupplier.com\/de\/wp-json\/wp\/v2\/product\/47106","targetHints":{"allow":["GET"]}}],"collection":[{"href":"https:\/\/globalgiftsupplier.com\/de\/wp-json\/wp\/v2\/product"}],"about":[{"href":"https:\/\/globalgiftsupplier.com\/de\/wp-json\/wp\/v2\/types\/product"}],"wp:featuredmedia":[{"embeddable":true,"href":"https:\/\/globalgiftsupplier.com\/de\/wp-json\/wp\/v2\/media\/47107"}],"wp:attachment":[{"href":"https:\/\/globalgiftsupplier.com\/de\/wp-json\/wp\/v2\/media?parent=47106"}],"wp:term":[{"taxonomy":"product_brand","embeddable":true,"href":"https:\/\/globalgiftsupplier.com\/de\/wp-json\/wp\/v2\/product_brand?post=47106"},{"taxonomy":"product_cat","embeddable":true,"href":"https:\/\/globalgiftsupplier.com\/de\/wp-json\/wp\/v2\/product_cat?post=47106"},{"taxonomy":"product_tag","embeddable":true,"href":"https:\/\/globalgiftsupplier.com\/de\/wp-json\/wp\/v2\/product_tag?post=47106"}],"curies":[{"name":"wp","href":"https:\/\/api.w.org\/{rel}","templated":true}]}}