{"id":47080,"date":"2026-03-19T08:35:19","date_gmt":"2026-03-19T08:35:19","guid":{"rendered":"https:\/\/globalgiftsupplier.com\/?post_type=product&#038;p=47080"},"modified":"2026-03-19T08:39:19","modified_gmt":"2026-03-19T08:39:19","slug":"3-in-1-braided-keychain-charging-cable-with-led-laser-logo","status":"publish","type":"product","link":"https:\/\/globalgiftsupplier.com\/de\/product\/3-in-1-braided-keychain-charging-cable-with-led-laser-logo\/","title":{"rendered":"3 in 1 geflochtenes Schl\u00fcsselanh\u00e4nger-Ladekabel mit LED-Laser-Logo"},"content":{"rendered":"<p data-start=\"1452\" data-end=\"1835\">Dieses geflochtene 3-in-1-Schl\u00fcsselanh\u00e4nger-Ladekabel mit LED-Laser-Logo ist ein kompaktes und \u00e4u\u00dferst praktisches technisches Zubeh\u00f6r, das f\u00fcr den t\u00e4glichen Ladekomfort und einen hohen Werbewert entwickelt wurde. Es vereint mehrere Steckertypen in einem kleinen, tragbaren Kabel und ist damit eine intelligente L\u00f6sung f\u00fcr Benutzer, die unterwegs ein zuverl\u00e4ssiges Ladeger\u00e4t f\u00fcr verschiedene Ger\u00e4te ben\u00f6tigen.<\/p>\n<p data-start=\"1837\" data-end=\"2230\">Das Kabel bietet <strong data-start=\"1856\" data-end=\"1927\">drei beliebte Ladeanschl\u00fcsse: Micro USB, Typ-C und Lightning<\/strong>, Dadurch kann es mit einer Vielzahl von Smartphones, Tablets und anderen elektronischen Ger\u00e4ten verwendet werden. Laut der mitgelieferten Produktinformation kann es aufladen <strong data-start=\"2083\" data-end=\"2123\">bis zu drei Ger\u00e4te gleichzeitig<\/strong>, Das macht ihn besonders n\u00fctzlich f\u00fcr B\u00fcroschreibtische, Reisetaschen, Autos, Messeunterlagen und den t\u00e4glichen Gebrauch.<\/p>\n<p data-start=\"2232\" data-end=\"2623\">Ein herausragendes Merkmal dieses Artikels ist die <strong data-start=\"2271\" data-end=\"2296\">kundenspezifisches LED-Laser-Logo<\/strong> auf dem Geh\u00e4use des Schl\u00fcsselanh\u00e4ngers. Wenn das Kabel angeschlossen ist, leuchtet das Logo auf und hilft Ihrer Marke, mehr Aufmerksamkeit zu erregen als ein standardm\u00e4\u00dfig bedrucktes Kabel. Dieser beleuchtete Branding-Effekt verleiht dem Produkt ein hochwertigeres und moderneres Aussehen und macht es zu einer guten Wahl f\u00fcr Werbekampagnen, Kundengeschenke und Markenartikel.<\/p>\n<p data-start=\"2625\" data-end=\"3090\">Das Kabel ist hergestellt aus <strong data-start=\"2648\" data-end=\"2686\">umweltfreundliche TPE- und ABS-Materialien<\/strong> und umfasst eine <strong data-start=\"2702\" data-end=\"2726\">geflochtene Kabelkonstruktion<\/strong> f\u00fcr zus\u00e4tzliche Haltbarkeit, Flexibilit\u00e4t und ein sauberes, hochwertiges Finish. Die vieradrige Kupferdrahtkonstruktion tr\u00e4gt zur Verbesserung der Ladeeffizienz bei, und der maximale Gesamtausgangsstrom kann bis zu <strong data-start=\"2913\" data-end=\"2919\">2A<\/strong> auf der Grundlage der angegebenen Details. Mit einer kompakten Gr\u00f6\u00dfe von etwa <strong data-start=\"2980\" data-end=\"2995\">5,91 Zoll<\/strong>, Er l\u00e4sst sich leicht in einer Tasche, einem Portemonnaie, einem Rucksack oder einer Reisetasche transportieren oder direkt am Schl\u00fcssel befestigen.<\/p>\n<p data-start=\"3092\" data-end=\"3437\">Die eingebaute <strong data-start=\"3105\" data-end=\"3122\">Schl\u00fcsselbundring<\/strong> sorgt f\u00fcr zus\u00e4tzlichen Komfort, da die Benutzer das Kabel an Schl\u00fcsselanh\u00e4nger, Taschen oder Schl\u00fcsselb\u00e4nder h\u00e4ngen k\u00f6nnen, so dass es immer leicht zu finden und einsatzbereit ist. Das macht es viel praktischer als gew\u00f6hnliche technische Werbegeschenke und erh\u00f6ht die Wahrscheinlichkeit, dass die Kunden es behalten und regelm\u00e4\u00dfig benutzen, wodurch Ihre Marke l\u00e4nger bekannt bleibt.<\/p>\n<p data-start=\"3439\" data-end=\"3774\">Dieses Produkt ist geeignet f\u00fcr <strong data-start=\"3468\" data-end=\"3652\">Werbegeschenke f\u00fcr Unternehmen, Messepromotionen, Gesch\u00e4ftsgeschenke, Handouts f\u00fcr Veranstaltungen, Kollektionen von technischem Zubeh\u00f6r, Artikel zur Wertsch\u00e4tzung von Kunden, Werbegeschenke f\u00fcr das B\u00fcro und reisebezogene Promotionen<\/strong>. Es eignet sich besonders gut f\u00fcr Unternehmen, die ein praktisches Werbeprodukt suchen, das die Menschen im t\u00e4glichen Leben tats\u00e4chlich benutzen.<\/p>\n<p data-start=\"3776\" data-end=\"4024\">Das Produkt ist erh\u00e4ltlich in <strong data-start=\"3804\" data-end=\"3823\">schwarz und wei\u00df<\/strong> und bietet auf der Vorderseite ein einfaches Feld f\u00fcr die individuelle Gestaltung Ihres Logos. Seine klare Form, die geflochtene Konstruktion und der leuchtende Branding-Effekt machen ihn zu einer guten Wahl f\u00fcr modernes Werbemarketing.<\/p>\n<p data-start=\"4026\" data-end=\"4236\">Wenn Sie ein kompaktes Ladezubeh\u00f6r suchen, das leicht zu tragen, weithin kompatibel und effektiv f\u00fcr die Sichtbarkeit Ihrer Marke ist, dann ist dieses kundenspezifische 3-in-1-Ladekabel mit geflochtenem Schl\u00fcsselanh\u00e4nger eine ausgezeichnete Option f\u00fcr Ihre Website.<\/p>\n<p data-start=\"4238\" data-end=\"4645\"><strong data-start=\"4238\" data-end=\"4254\">Wesentliche Merkmale<\/strong><br data-start=\"4254\" data-end=\"4257\" \/>3 in 1 Ladekabel Design<br data-start=\"4285\" data-end=\"4288\" \/>Micro-USB-, Typ-C- und Lightning-Anschl\u00fcsse<br data-start=\"4331\" data-end=\"4334\" \/>Kundenspezifisches LED-Laser-Logo<br data-start=\"4355\" data-end=\"4358\" \/>Kann bis zu 3 Ger\u00e4te gleichzeitig aufladen<br data-start=\"4401\" data-end=\"4404\" \/>Geflochtenes Kabel f\u00fcr Haltbarkeit und Flexibilit\u00e4t<br data-start=\"4448\" data-end=\"4451\" \/>Umweltfreundliche TPE- und ABS-Materialien<br data-start=\"4485\" data-end=\"4488\" \/>Kompaktes Design f\u00fcr den Schl\u00fcsselbund<br data-start=\"4527\" data-end=\"4530\" \/>Gr\u00f6\u00dfe: ca. 5,91 Zoll<br data-start=\"4552\" data-end=\"4555\" \/>Maximaler Gesamtausgangsstrom bis zu 2A<br data-start=\"4592\" data-end=\"4595\" \/>Geeignet f\u00fcr Reisen, B\u00fcro, Veranstaltungen und den t\u00e4glichen Gebrauch<\/p>\n<p data-start=\"4647\" data-end=\"4883\"><strong data-start=\"4647\" data-end=\"4674\">Warum dieses Produkt w\u00e4hlen<\/strong><br data-start=\"4674\" data-end=\"4677\" \/>Dieses Ladekabel ist kompakt, praktisch und visuell ansprechend. Der LED-Logo-Effekt macht das Branding auff\u00e4lliger, und das Design mit mehreren Anschl\u00fcssen macht es f\u00fcr eine Vielzahl von Benutzern und Ger\u00e4ten n\u00fctzlich.<\/p>\n<p data-start=\"4885\" data-end=\"5121\"><strong data-start=\"4885\" data-end=\"4898\">Ideal f\u00fcr<\/strong><br data-start=\"4898\" data-end=\"4901\" \/>Werbegeschenke f\u00fcr Unternehmen<br data-start=\"4920\" data-end=\"4923\" \/>Messen und Ausstellungen<br data-start=\"4934\" data-end=\"4937\" \/>Werbeveranstaltungen<br data-start=\"4955\" data-end=\"4958\" \/>Technische Geschenksets<br data-start=\"4972\" data-end=\"4975\" \/>B\u00fcro-Handouts<br data-start=\"4990\" data-end=\"4993\" \/>Reisezubeh\u00f6r<br data-start=\"5011\" data-end=\"5014\" \/>Dankesgeschenke f\u00fcr Kunden<br data-start=\"5038\" data-end=\"5041\" \/>Willkommenspakete f\u00fcr Mitarbeiter<br data-start=\"5062\" data-end=\"5065\" \/>Sammlungen von Telefonzubeh\u00f6r<br data-start=\"5092\" data-end=\"5095\" \/>Markenartikel f\u00fcr den Einzelhandel<\/p>\n<p data-start=\"5123\" data-end=\"5130\"><strong data-start=\"5123\" data-end=\"5130\">FAQ<\/strong><\/p>\n<p data-start=\"5132\" data-end=\"5298\"><strong data-start=\"5132\" data-end=\"5186\">Kann dieses Ladekabel mit einem Logo versehen werden?<\/strong><br data-start=\"5186\" data-end=\"5189\" \/>Ja, das vordere Geh\u00e4use kann mit Ihrem Logo versehen werden, und das Logo kann mit einem LED-Leuchteffekt erscheinen.<\/p>\n<p data-start=\"5300\" data-end=\"5405\"><strong data-start=\"5300\" data-end=\"5338\">Welche Steckertypen sind enthalten?<\/strong><br data-start=\"5338\" data-end=\"5341\" \/>Dieses Kabel umfasst Micro-USB-, Typ-C- und Lightning-Stecker.<\/p>\n<p data-start=\"5407\" data-end=\"5543\"><strong data-start=\"5407\" data-end=\"5450\">Kann es mehrere Ger\u00e4te gleichzeitig aufladen?<\/strong><br data-start=\"5450\" data-end=\"5453\" \/>Ja, laut Produktangaben k\u00f6nnen bis zu drei Ger\u00e4te gleichzeitig aufgeladen werden.<\/p>\n<p data-start=\"5545\" data-end=\"5686\"><strong data-start=\"5545\" data-end=\"5577\">Ist dieses Kabel leicht zu transportieren?<\/strong><br data-start=\"5577\" data-end=\"5580\" \/>Ja, er hat eine kompakte Gr\u00f6\u00dfe und einen Schl\u00fcsselring, sodass er leicht an Schl\u00fcsseln, Taschen oder Reiseutensilien befestigt werden kann.<\/p>\n<p data-start=\"5688\" data-end=\"5810\"><strong data-start=\"5688\" data-end=\"5722\">Aus welchem Material ist es hergestellt?<\/strong><br data-start=\"5722\" data-end=\"5725\" \/>Es besteht aus umweltfreundlichen TPE- und ABS-Materialien und ist mit einem geflochtenen Kabel ausgestattet.<\/p>","protected":false},"excerpt":{"rendered":"<p>Dieses 3 in 1 geflochtene Schl\u00fcsselanh\u00e4nger-Ladekabel kombiniert Micro USB-, Typ-C- und Lightning-Anschl\u00fcsse in einem kompakten Design. Hergestellt aus umweltfreundlichem TPE und ABS mit einem langlebigen geflochtenen Kabel, unterst\u00fctzt es schnelles Aufladen, einfache Portabilit\u00e4t und individuelles LED-Logo-Branding f\u00fcr Werbe- und Einzelhandelszwecke.<\/p>","protected":false},"featured_media":47083,"template":"","meta":{"_gspb_post_css":""},"product_brand":[],"product_cat":[27],"product_tag":[],"class_list":{"0":"post-47080","1":"product","2":"type-product","3":"status-publish","4":"has-post-thumbnail","6":"product_cat-technology","8":"first","9":"instock","10":"shipping-taxable","11":"product-type-simple"},"_links":{"self":[{"href":"https:\/\/globalgiftsupplier.com\/de\/wp-json\/wp\/v2\/product\/47080","targetHints":{"allow":["GET"]}}],"collection":[{"href":"https:\/\/globalgiftsupplier.com\/de\/wp-json\/wp\/v2\/product"}],"about":[{"href":"https:\/\/globalgiftsupplier.com\/de\/wp-json\/wp\/v2\/types\/product"}],"wp:featuredmedia":[{"embeddable":true,"href":"https:\/\/globalgiftsupplier.com\/de\/wp-json\/wp\/v2\/media\/47083"}],"wp:attachment":[{"href":"https:\/\/globalgiftsupplier.com\/de\/wp-json\/wp\/v2\/media?parent=47080"}],"wp:term":[{"taxonomy":"product_brand","embeddable":true,"href":"https:\/\/globalgiftsupplier.com\/de\/wp-json\/wp\/v2\/product_brand?post=47080"},{"taxonomy":"product_cat","embeddable":true,"href":"https:\/\/globalgiftsupplier.com\/de\/wp-json\/wp\/v2\/product_cat?post=47080"},{"taxonomy":"product_tag","embeddable":true,"href":"https:\/\/globalgiftsupplier.com\/de\/wp-json\/wp\/v2\/product_tag?post=47080"}],"curies":[{"name":"wp","href":"https:\/\/api.w.org\/{rel}","templated":true}]}}