{"id":47068,"date":"2026-03-19T08:32:54","date_gmt":"2026-03-19T08:32:54","guid":{"rendered":"https:\/\/globalgiftsupplier.com\/?post_type=product&#038;p=47068"},"modified":"2026-03-19T08:32:54","modified_gmt":"2026-03-19T08:32:54","slug":"3-in-1-keychain-charging-cable-with-led-laser-logo","status":"publish","type":"product","link":"https:\/\/globalgiftsupplier.com\/de\/product\/3-in-1-keychain-charging-cable-with-led-laser-logo\/","title":{"rendered":"3 in 1 Schl\u00fcsselanh\u00e4nger-Ladekabel mit LED-Laser-Logo"},"content":{"rendered":"<p data-start=\"1432\" data-end=\"1790\">Dieses 3-in-1-Schl\u00fcsselanh\u00e4nger-Ladekabel mit LED-Laser-Logo ist ein kompaktes und n\u00fctzliches technisches Werbegeschenk, das f\u00fcr den modernen Alltag konzipiert wurde. Es kombiniert mehrere Ladeanschl\u00fcsse in einem tragbaren Kabel, so dass es eine intelligente Wahl f\u00fcr Kunden, Mitarbeiter, Veranstaltungsbesucher und alle, die eine einfache Ladel\u00f6sung auf dem Sprung ben\u00f6tigt.<\/p>\n<p data-start=\"1792\" data-end=\"2177\">Das Kabel umfasst drei g\u00e4ngige Ladesteckertypen: <strong data-start=\"1851\" data-end=\"1887\">Micro USB, Typ-C und Lightning<\/strong>, und erm\u00f6glicht es den Nutzern, eine Vielzahl von Mobiltelefonen und elektronischen Ger\u00e4ten mit einem einzigen Zubeh\u00f6rteil aufzuladen. Laut den Produktdetails kann es bis zu <strong data-start=\"2046\" data-end=\"2080\">drei Ger\u00e4te gleichzeitig<\/strong>, Dadurch wird es noch praktischer f\u00fcr den t\u00e4glichen Gebrauch, auf Reisen, im B\u00fcro oder als Notstromversorgung.<\/p>\n<p data-start=\"2179\" data-end=\"2571\">Eines der attraktivsten Merkmale dieses Artikels ist die <strong data-start=\"2235\" data-end=\"2260\">kundenspezifisches LED-Laser-Logo<\/strong> auf dem runden Geh\u00e4use des Schl\u00fcsselanh\u00e4ngers. Wenn es angeschlossen und in Gebrauch ist, leuchtet das Logo auf und verleiht Ihrem Branding ein auff\u00e4lligeres und hochwertigeres Aussehen. Im Vergleich zu standardm\u00e4\u00dfig bedruckten Ladekabeln macht der Effekt des leuchtenden Logos dieses Produkt viel einpr\u00e4gsamer und hilft Ihrer Marke, sich in Werbeumgebungen abzuheben.<\/p>\n<p data-start=\"2573\" data-end=\"3029\">Das Kabel besteht aus <strong data-start=\"2596\" data-end=\"2634\">umweltfreundliche TPE- und ABS-Materialien<\/strong> und bietet eine <strong data-start=\"2650\" data-end=\"2674\">geflochtene Kabelkonstruktion<\/strong> f\u00fcr verbesserte Haltbarkeit, Flexibilit\u00e4t und ein eleganteres Finish. Die vieradrige Kupferdrahtkonstruktion unterst\u00fctzt eine stabile Ladeleistung mit einem <strong data-start=\"2829\" data-end=\"2873\">maximaler Gesamtausgangsstrom von bis zu 2A<\/strong> auf der Grundlage der gelieferten Produktinformationen. Die kompakte Gr\u00f6\u00dfe von etwa <strong data-start=\"2943\" data-end=\"2958\">5,91 Zoll<\/strong> l\u00e4sst sich leicht in einer Tasche, einem Rucksack, im Auto oder auf Reisen mitnehmen.<\/p>\n<p data-start=\"3031\" data-end=\"3370\">Sein eingebautes <strong data-start=\"3044\" data-end=\"3061\">Schl\u00fcsselbundring<\/strong> macht diesen Artikel besonders praktisch. Die Benutzer k\u00f6nnen es an Schl\u00fcsseln, Rucks\u00e4cken, Taschen oder Schl\u00fcsselb\u00e4ndern befestigen, so dass es den ganzen Tag \u00fcber zug\u00e4nglich ist. Da er sowohl n\u00fctzlich als auch tragbar ist, wird er viel eher aufbewahrt und wiederverwendet als gew\u00f6hnliche Werbegeschenke, was Ihrer Marke eine l\u00e4ngere Sichtbarkeit verleiht.<\/p>\n<p data-start=\"3372\" data-end=\"3701\">Dieses Produkt ist gut geeignet f\u00fcr <strong data-start=\"3404\" data-end=\"3563\">Werbegeschenke f\u00fcr Unternehmen, Messen, technische Promotionen, B\u00fcrogeschenke, Danksagungen an Kunden, Reisesets, Handouts f\u00fcr Veranstaltungen und markengesch\u00fctztes technisches Zubeh\u00f6r f\u00fcr den Einzelhandel<\/strong>. Es ist eine gute Wahl f\u00fcr Unternehmen, die ein modernes und funktionales Werbeprodukt suchen, das f\u00fcr den t\u00e4glichen Gebrauch von Ger\u00e4ten geeignet ist.<\/p>\n<p data-start=\"3703\" data-end=\"3987\">Das Kabel ist in klassischer Form dargestellt <strong data-start=\"3733\" data-end=\"3766\">Schwarz und Wei\u00df als Farboptionen<\/strong>, und verleiht ihm ein sauberes und professionelles Aussehen, das zu vielen verschiedenen Branding-Stilen passt. Die runde Frontplatte bietet einen klaren Bereich f\u00fcr die individuelle Gestaltung Ihres Logos, w\u00e4hrend der LED-Effekt f\u00fcr einen innovativen letzten Schliff sorgt.<\/p>\n<p data-start=\"3989\" data-end=\"4177\">Wenn Sie ein Werbezubeh\u00f6r suchen, das Bequemlichkeit, Tragbarkeit und starke Markensichtbarkeit kombiniert, ist dieses individuelle 3-in-1-Schl\u00fcsselanh\u00e4nger-Ladekabel eine ausgezeichnete Option f\u00fcr Ihre Website.<\/p>\n<p data-start=\"4179\" data-end=\"4553\"><strong data-start=\"4179\" data-end=\"4195\">Wesentliche Merkmale<\/strong><br data-start=\"4195\" data-end=\"4198\" \/>3 in 1 Ladekabel Design<br data-start=\"4226\" data-end=\"4229\" \/>Micro-USB-, Typ-C- und Lightning-Anschl\u00fcsse<br data-start=\"4272\" data-end=\"4275\" \/>Kundenspezifisches LED-Laser-Logo<br data-start=\"4296\" data-end=\"4299\" \/>Kann bis zu 3 Ger\u00e4te gleichzeitig aufladen<br data-start=\"4342\" data-end=\"4345\" \/>Geflochtenes Kabel f\u00fcr zus\u00e4tzliche Haltbarkeit<br data-start=\"4379\" data-end=\"4382\" \/>Umweltfreundliche Konstruktion aus TPE und ABS<br data-start=\"4419\" data-end=\"4422\" \/>Kompaktes Design f\u00fcr den Schl\u00fcsselbund zum einfachen Tragen<br data-start=\"4463\" data-end=\"4466\" \/>Ca. 5,91 Zoll tragbare Gr\u00f6\u00dfe<br data-start=\"4497\" data-end=\"4500\" \/>Geeignet f\u00fcr den t\u00e4glichen Gebrauch, Reisen, B\u00fcro und Veranstaltungen<\/p>\n<p data-start=\"4555\" data-end=\"4845\"><strong data-start=\"4555\" data-end=\"4582\">Warum dieses Produkt w\u00e4hlen<\/strong><br data-start=\"4582\" data-end=\"4585\" \/>Dieses Produkt kombiniert praktischen Ladekomfort mit einem leuchtenden, individuellen Logo-Effekt, was es n\u00fctzlicher und einpr\u00e4gsamer macht als herk\u00f6mmliches Werbezubeh\u00f6r. Dank seines kompakten Formats als Schl\u00fcsselanh\u00e4nger ist er au\u00dferdem leicht zu tragen und wird wahrscheinlich regelm\u00e4\u00dfig verwendet.<\/p>\n<p data-start=\"4847\" data-end=\"5088\"><strong data-start=\"4847\" data-end=\"4860\">Ideal f\u00fcr<\/strong><br data-start=\"4860\" data-end=\"4863\" \/>Werbegeschenke f\u00fcr Unternehmen<br data-start=\"4882\" data-end=\"4885\" \/>Messen und Ausstellungen<br data-start=\"4896\" data-end=\"4899\" \/>Werbekampagnen<br data-start=\"4920\" data-end=\"4923\" \/>Technische Geschenksets<br data-start=\"4937\" data-end=\"4940\" \/>B\u00fcro-Handouts<br data-start=\"4955\" data-end=\"4958\" \/>Reisezubeh\u00f6r<br data-start=\"4976\" data-end=\"4979\" \/>Geschenke zur Wertsch\u00e4tzung der Kunden<br data-start=\"5006\" data-end=\"5009\" \/>Willkommenspakete f\u00fcr Mitarbeiter<br data-start=\"5030\" data-end=\"5033\" \/>Sammlungen von Telefonzubeh\u00f6r<br data-start=\"5060\" data-end=\"5063\" \/>Markenartikel f\u00fcr die Veranstaltung<\/p>\n<p data-start=\"5090\" data-end=\"5097\"><strong data-start=\"5090\" data-end=\"5097\">FAQ<\/strong><\/p>\n<p data-start=\"5099\" data-end=\"5279\"><strong data-start=\"5099\" data-end=\"5153\">Kann dieses Ladekabel mit einem Logo versehen werden?<\/strong><br data-start=\"5153\" data-end=\"5156\" \/>Ja, die runde Vorderseite kann mit Ihrem Logo versehen werden, und das Logo leuchtet mit einem LED-Lasereffekt auf, wenn es benutzt wird.<\/p>\n<p data-start=\"5281\" data-end=\"5386\"><strong data-start=\"5281\" data-end=\"5319\">Welche Steckertypen sind enthalten?<\/strong><br data-start=\"5319\" data-end=\"5322\" \/>Dieses Kabel umfasst Micro-USB-, Typ-C- und Lightning-Stecker.<\/p>\n<p data-start=\"5388\" data-end=\"5515\"><strong data-start=\"5388\" data-end=\"5427\">Kann es mehr als ein Ger\u00e4t aufladen?<\/strong><br data-start=\"5427\" data-end=\"5430\" \/>Laut Produktangaben kann es bis zu drei Ger\u00e4te gleichzeitig aufladen.<\/p>\n<p data-start=\"5517\" data-end=\"5669\"><strong data-start=\"5517\" data-end=\"5551\">Ist dieses Produkt leicht zu transportieren?<\/strong><br data-start=\"5551\" data-end=\"5554\" \/>Ja, er hat ein kompaktes Miniformat und einen Ring f\u00fcr den Schl\u00fcsselbund, so dass er leicht an Schl\u00fcsseln, Taschen oder Reisezubeh\u00f6r befestigt werden kann.<\/p>\n<p data-start=\"5671\" data-end=\"5790\"><strong data-start=\"5671\" data-end=\"5705\">Aus welchem Material ist es hergestellt?<\/strong><br data-start=\"5705\" data-end=\"5708\" \/>Es besteht aus umweltfreundlichen TPE- und ABS-Materialien mit einer geflochtenen Kabelstruktur.<\/p>","protected":false},"excerpt":{"rendered":"<p>Dieses 3-in-1-Schl\u00fcsselanh\u00e4nger-Ladekabel ist ein kompaktes und praktisches Werbe-Tech-Accessoire mit Micro-USB-, Typ-C- und Lightning-Anschl\u00fcssen in einem tragbaren Design. Mit einem geflochtenen Kabel, einer robusten ABS- und TPE-Konstruktion und einem kundenspezifischen LED-Laser-Logo ist es ideal f\u00fcr das t\u00e4gliche Aufladen, die Verwendung auf Reisen und als Werbegeschenk.<\/p>","protected":false},"featured_media":47069,"template":"","meta":{"_gspb_post_css":""},"product_brand":[],"product_cat":[27],"product_tag":[],"class_list":{"0":"post-47068","1":"product","2":"type-product","3":"status-publish","4":"has-post-thumbnail","6":"product_cat-technology","8":"first","9":"instock","10":"shipping-taxable","11":"product-type-simple"},"_links":{"self":[{"href":"https:\/\/globalgiftsupplier.com\/de\/wp-json\/wp\/v2\/product\/47068","targetHints":{"allow":["GET"]}}],"collection":[{"href":"https:\/\/globalgiftsupplier.com\/de\/wp-json\/wp\/v2\/product"}],"about":[{"href":"https:\/\/globalgiftsupplier.com\/de\/wp-json\/wp\/v2\/types\/product"}],"wp:featuredmedia":[{"embeddable":true,"href":"https:\/\/globalgiftsupplier.com\/de\/wp-json\/wp\/v2\/media\/47069"}],"wp:attachment":[{"href":"https:\/\/globalgiftsupplier.com\/de\/wp-json\/wp\/v2\/media?parent=47068"}],"wp:term":[{"taxonomy":"product_brand","embeddable":true,"href":"https:\/\/globalgiftsupplier.com\/de\/wp-json\/wp\/v2\/product_brand?post=47068"},{"taxonomy":"product_cat","embeddable":true,"href":"https:\/\/globalgiftsupplier.com\/de\/wp-json\/wp\/v2\/product_cat?post=47068"},{"taxonomy":"product_tag","embeddable":true,"href":"https:\/\/globalgiftsupplier.com\/de\/wp-json\/wp\/v2\/product_tag?post=47068"}],"curies":[{"name":"wp","href":"https:\/\/api.w.org\/{rel}","templated":true}]}}