{"id":47062,"date":"2026-03-19T08:28:26","date_gmt":"2026-03-19T08:28:26","guid":{"rendered":"https:\/\/globalgiftsupplier.com\/?post_type=product&#038;p=47062"},"modified":"2026-03-19T08:28:26","modified_gmt":"2026-03-19T08:28:26","slug":"led-light-up-5-in-1-usb-charging-data-cable-with-custom-logo","status":"publish","type":"product","link":"https:\/\/globalgiftsupplier.com\/de\/product\/led-light-up-5-in-1-usb-charging-data-cable-with-custom-logo\/","title":{"rendered":"LED Light Up 5 in 1 USB-Ladekabel mit individuellem Logo"},"content":{"rendered":"<p data-start=\"1243\" data-end=\"1689\">Dieses LED-beleuchtete 5-in-1-USB-Ladedatenkabel ist ein praktischer Werbeartikel, der Komfort, Branding und modernen Alltagsgebrauch in einem kompakten Produkt vereint. Es verf\u00fcgt \u00fcber einen zentralen beleuchteten Logobereich und ein Kabel mit mehreren Anschl\u00fcssen, was es zu einer guten Wahl f\u00fcr Werbegeschenke, Gesch\u00e4ftsveranstaltungen, Technologiekampagnen, Messen, Mitarbeitergeschenkpakete und Kundenanerkennungsprogramme macht.<\/p>\n<p data-start=\"1691\" data-end=\"2130\">Eines der attraktivsten Merkmale dieses Produkts ist die LED-beleuchtete Logoplatte. Wenn das Kabel angeschlossen und in Gebrauch ist, leuchtet der Logobereich auf und tr\u00e4gt dazu bei, dass Ihre Marke viel deutlicher hervorsticht als bei standardm\u00e4\u00dfig bedrucktem Zubeh\u00f6r. Dieser Leuchteffekt verleiht dem Artikel ein moderneres, hochwertigeres und einpr\u00e4gsameres Aussehen, was besonders f\u00fcr Werbezwecke n\u00fctzlich ist, bei denen Ihre Marke einen st\u00e4rkeren Eindruck hinterlassen soll.<\/p>\n<p data-start=\"2132\" data-end=\"2589\">Laut den Produktbildern enth\u00e4lt dieses Kabel mehrere Steckertypen in einer Einheit, darunter USB, Micro, Typ-C, Mini und Lightning. Dieses multifunktionale Design hilft Benutzern, eine Vielzahl von Ger\u00e4ten einfacher aufzuladen, ohne mehrere separate Kabel mit sich f\u00fchren zu m\u00fcssen. Aufgrund seiner breiten Kompatibilit\u00e4t und seines kompakten Formats eignet es sich gut f\u00fcr Arbeitstische, Reisetaschen, technische Geschenksets, Konferenzpakete, Schultaschen, Willkommenspakete f\u00fcr Hotels und den t\u00e4glichen pers\u00f6nlichen Gebrauch.<\/p>\n<p data-start=\"2591\" data-end=\"3063\">Der Kabelk\u00f6rper ist leicht und tragbar, so dass er einfach zu transportieren und bei Veranstaltungen zu verteilen ist. Es kann als n\u00fctzliches Markenzubeh\u00f6r f\u00fcr Telefone, tragbare elektronische Ger\u00e4te und andere kompatible Ger\u00e4te verwendet werden. Im Vergleich zu gew\u00f6hnlichen Werbeartikeln bietet dieses Produkt einen echten Alltagsnutzen, was zu einer l\u00e4ngeren Verweildauer und einer wiederholten Markendarstellung beitr\u00e4gt. Wenn die Empf\u00e4nger das Kabel immer wieder verwenden, bleibt Ihr Logo in ihrem B\u00fcro, Auto, zu Hause oder auf Reisen sichtbar.<\/p>\n<p data-start=\"3065\" data-end=\"3443\">Das beleuchtete Logo-Panel verleiht diesem Produkt au\u00dferdem einen innovativen und stilvollen Anklang, wodurch es sich besonders f\u00fcr technologieorientierte Werbeaktionen, Firmengeschenke, Digital-Lifestyle-Kampagnen, Messen und modernes B\u00fcro-Branding eignet. Es eignet sich gut f\u00fcr Unternehmen, die ein Werbeprodukt suchen, das aktueller, funktionaler und f\u00fcr den t\u00e4glichen Gebrauch von Ger\u00e4ten relevant ist.<\/p>\n<p data-start=\"3445\" data-end=\"3797\">Die Bilder zeigen, dass der LED-Rahmen in mehreren Farboptionen erh\u00e4ltlich ist, darunter blau, rot, gr\u00fcn, gelb, wei\u00df und schwarz. So k\u00f6nnen Marken eine Version ausw\u00e4hlen, die zu ihrer Unternehmensidentit\u00e4t, ihrem Kampagnenthema oder der Farbpalette ihrer Veranstaltung passt. Die \u00fcbersichtliche Vorderseite bietet einen sichtbaren Bereich f\u00fcr die individuelle Gestaltung Ihres Firmenlogos oder Markennamens.<\/p>\n<p data-start=\"3799\" data-end=\"4207\">Dieses Produkt ist besonders n\u00fctzlich, weil es ein allt\u00e4gliches Problem l\u00f6st. Viele Menschen benutzen mehrere elektronische Ger\u00e4te und brauchen oft eine einfache Kabell\u00f6sung, die sie immer zur Hand haben. Ein Multifunktionskabel mit individuellem Branding wird mit gr\u00f6\u00dferer Wahrscheinlichkeit regelm\u00e4\u00dfig verwendet als ein Standard-Neuheiten-Werbegeschenk. Aus diesem Grund kann es einen h\u00f6heren Werbewert und eine gr\u00f6\u00dfere praktische Anziehungskraft f\u00fcr verschiedene Kundengruppen bieten.<\/p>\n<p data-start=\"4209\" data-end=\"4589\">Es ist eine ausgezeichnete Option f\u00fcr Elektronik-Promotions, Telefon-Zubeh\u00f6r-Programme, B\u00fcro-Geschenke, Corporate Handouts, Event-Merchandise, Online-Store-Tech-Kollektionen und Marken-Geschenkartikel. Wenn Sie ein kompaktes Werbeprodukt, das Sichtbarkeit, N\u00fctzlichkeit und eine moderne LED-Branding-Effekt kombiniert wollen, ist diese benutzerdefinierte 5 in 1 Ladekabel eine starke Wahl f\u00fcr Ihre Website.<\/p>\n<p data-start=\"4591\" data-end=\"4961\"><strong data-start=\"4591\" data-end=\"4607\">Wesentliche Merkmale<\/strong><br data-start=\"4607\" data-end=\"4610\" \/>LED-Leuchttafel mit individuellem Logo<br data-start=\"4640\" data-end=\"4643\" \/>5 in 1 Multifunktions-Ladekabel-Design<br data-start=\"4685\" data-end=\"4688\" \/>Enth\u00e4lt USB-, Micro-, Typ-C-, Mini- und Lightning-Anschl\u00fcsse<br data-start=\"4747\" data-end=\"4750\" \/>Kompakt und leicht f\u00fcr einfachen Transport<br data-start=\"4791\" data-end=\"4794\" \/>Geeignet f\u00fcr die Verwendung als Lade- und Datenkabel<br data-start=\"4834\" data-end=\"4837\" \/>Modernes technisches Werbezubeh\u00f6r<br data-start=\"4870\" data-end=\"4873\" \/>Mehrere Rahmenfarben verf\u00fcgbar<br data-start=\"4911\" data-end=\"4914\" \/>Ideal f\u00fcr den t\u00e4glichen Gebrauch, Reisen, B\u00fcro und Veranstaltungen<\/p>\n<p data-start=\"4963\" data-end=\"5265\"><strong data-start=\"4963\" data-end=\"4990\">Warum dieses Produkt w\u00e4hlen<\/strong><br data-start=\"4990\" data-end=\"4993\" \/>Dieses Produkt bietet eine bessere Werbewirkung als gew\u00f6hnliches Zubeh\u00f6r, da es praktischen Ladekomfort mit einem auff\u00e4lligen beleuchteten Logo-Effekt kombiniert. Es ist n\u00fctzlich, tragbar und visuell einpr\u00e4gsam und hilft Ihrer Marke, im t\u00e4glichen Technikgebrauch sichtbar zu bleiben.<\/p>\n<p data-start=\"5267\" data-end=\"5502\"><strong data-start=\"5267\" data-end=\"5280\">Ideal f\u00fcr<\/strong><br data-start=\"5280\" data-end=\"5283\" \/>Technische Werbegeschenke<br data-start=\"5297\" data-end=\"5300\" \/>Unternehmenspromotionen<br data-start=\"5320\" data-end=\"5323\" \/>Messen und Ausstellungen<br data-start=\"5334\" data-end=\"5337\" \/>B\u00fcroartikel<br data-start=\"5349\" data-end=\"5352\" \/>Willkommenspakete f\u00fcr Mitarbeiter<br data-start=\"5373\" data-end=\"5376\" \/>Geschenke zur Wertsch\u00e4tzung der Kunden<br data-start=\"5403\" data-end=\"5406\" \/>Konferenz-Handouts<br data-start=\"5425\" data-end=\"5428\" \/>Sammlungen von Telefonzubeh\u00f6r<br data-start=\"5455\" data-end=\"5458\" \/>Technische Reisekits<br data-start=\"5474\" data-end=\"5477\" \/>Kampagnen zur Markenbekanntheit<\/p>\n<p data-start=\"5504\" data-end=\"5511\"><strong data-start=\"5504\" data-end=\"5511\">FAQ<\/strong><\/p>\n<p data-start=\"5513\" data-end=\"5659\"><strong data-start=\"5513\" data-end=\"5558\">Kann dieses Kabel mit einem Logo versehen werden?<\/strong><br data-start=\"5558\" data-end=\"5561\" \/>Ja, die Vorderseite ist f\u00fcr ein individuelles Logo ausgelegt, und der Logobereich leuchtet w\u00e4hrend der Benutzung.<\/p>\n<p data-start=\"5661\" data-end=\"5789\"><strong data-start=\"5661\" data-end=\"5694\">Welche Anschl\u00fcsse sind enthalten?<\/strong><br data-start=\"5694\" data-end=\"5697\" \/>Den Produktbildern zufolge umfasst es USB-, Micro-, Typ-C-, Mini- und Lightning-Anschl\u00fcsse.<\/p>\n<p data-start=\"5791\" data-end=\"5949\"><strong data-start=\"5791\" data-end=\"5846\">Eignet sich dieses Produkt f\u00fcr Werbegeschenke?<\/strong><br data-start=\"5846\" data-end=\"5849\" \/>Ja, es ist ein \u00e4u\u00dferst praktisches technisches Werbegeschenk, das im Alltag n\u00fctzlich ist und eine starke Logopr\u00e4senz bietet.<\/p>\n<p data-start=\"5951\" data-end=\"6127\"><strong data-start=\"5951\" data-end=\"5995\">Warum ist dies ein gutes technisches Markenprodukt?<\/strong><br data-start=\"5995\" data-end=\"5998\" \/>Denn er kombiniert mehrere Ladefunktionen mit einer LED-Lichtfunktion f\u00fcr das Logo, was ihn sowohl n\u00fctzlich als auch optisch beeindruckend macht.<\/p>","protected":false},"excerpt":{"rendered":"<p>Dieses LED-beleuchtete 5-in-1-USB-Ladedatenkabel ist ein praktisches und auff\u00e4lliges technisches Werbezubeh\u00f6r. Mit einem beleuchteten kundenspezifischen Logo-Panel und mehreren Anschlussoptionen, einschlie\u00dflich USB, Micro, Typ-C, Mini und Lightning, ist es ideal zum Aufladen verschiedener Ger\u00e4te, w\u00e4hrend Ihre Marke starke t\u00e4gliche Sichtbarkeit gibt.<\/p>","protected":false},"featured_media":47063,"template":"","meta":{"_gspb_post_css":""},"product_brand":[],"product_cat":[27],"product_tag":[],"class_list":{"0":"post-47062","1":"product","2":"type-product","3":"status-publish","4":"has-post-thumbnail","6":"product_cat-technology","8":"first","9":"instock","10":"shipping-taxable","11":"product-type-simple"},"_links":{"self":[{"href":"https:\/\/globalgiftsupplier.com\/de\/wp-json\/wp\/v2\/product\/47062","targetHints":{"allow":["GET"]}}],"collection":[{"href":"https:\/\/globalgiftsupplier.com\/de\/wp-json\/wp\/v2\/product"}],"about":[{"href":"https:\/\/globalgiftsupplier.com\/de\/wp-json\/wp\/v2\/types\/product"}],"wp:featuredmedia":[{"embeddable":true,"href":"https:\/\/globalgiftsupplier.com\/de\/wp-json\/wp\/v2\/media\/47063"}],"wp:attachment":[{"href":"https:\/\/globalgiftsupplier.com\/de\/wp-json\/wp\/v2\/media?parent=47062"}],"wp:term":[{"taxonomy":"product_brand","embeddable":true,"href":"https:\/\/globalgiftsupplier.com\/de\/wp-json\/wp\/v2\/product_brand?post=47062"},{"taxonomy":"product_cat","embeddable":true,"href":"https:\/\/globalgiftsupplier.com\/de\/wp-json\/wp\/v2\/product_cat?post=47062"},{"taxonomy":"product_tag","embeddable":true,"href":"https:\/\/globalgiftsupplier.com\/de\/wp-json\/wp\/v2\/product_tag?post=47062"}],"curies":[{"name":"wp","href":"https:\/\/api.w.org\/{rel}","templated":true}]}}