{"id":47055,"date":"2026-03-19T08:26:04","date_gmt":"2026-03-19T08:26:04","guid":{"rendered":"https:\/\/globalgiftsupplier.com\/?post_type=product&#038;p=47055"},"modified":"2026-03-19T08:26:04","modified_gmt":"2026-03-19T08:26:04","slug":"custom-metal-stylus-ballpoint-pen-with-touchscreen-tip","status":"publish","type":"product","link":"https:\/\/globalgiftsupplier.com\/de\/product\/custom-metal-stylus-ballpoint-pen-with-touchscreen-tip\/","title":{"rendered":"Individueller Metall-Stylus-Kugelschreiber mit Touchscreen-Spitze"},"content":{"rendered":"<p data-start=\"1152\" data-end=\"1531\">Dieser individuelle Metallkugelschreiber mit Stylus ist ein praktisches und modernes Werbeprodukt, das sowohl zum Schreiben als auch zur Verwendung auf Touchscreens geeignet ist. Es kombiniert die N\u00fctzlichkeit eines klassischen Kugelschreibers mit dem zus\u00e4tzlichen Komfort eines Stylus-Spitze, so dass es eine ausgezeichnete Wahl f\u00fcr B\u00fcros, Meetings, Veranstaltungen, Schulen, Hotels, Messen und Corporate Branding-Programme.<\/p>\n<p data-start=\"1533\" data-end=\"2009\">Der Kugelschreiber verf\u00fcgt \u00fcber einen eleganten Metallschaft mit einer glatten farbigen Oberfl\u00e4che und polierten Chromakzenten, die ihm ein raffiniertes und professionelles Aussehen verleihen. Im Vergleich zu gew\u00f6hnlichen Kunststoffkugelschreibern bietet dieses Modell ein hochwertigeres Aussehen und ein besseres Gef\u00fchl in der Hand, wodurch Ihre Marke im t\u00e4glichen Gebrauch einen st\u00e4rkeren Eindruck hinterl\u00e4sst. Er ist eine intelligente Option f\u00fcr Unternehmen, die ein Schreibger\u00e4t suchen, das edel aussieht und gleichzeitig praktisch und kosteng\u00fcnstig f\u00fcr gro\u00df angelegte Werbeaktionen ist.<\/p>\n<p data-start=\"2011\" data-end=\"2454\">Einer der Hauptvorteile dieses Produkts ist sein Doppelfunktionsdesign. Mit der Stiftspitze k\u00f6nnen die Benutzer mit Touchscreens wie Telefonen, Tablets, Selbstbedienungsbildschirmen und anderen digitalen Ger\u00e4ten interagieren, w\u00e4hrend die Stiftfunktion weiterhin f\u00fcr Notizen, Unterschriften, Formulare, Besprechungen und allt\u00e4gliche B\u00fcroarbeiten n\u00fctzlich ist. Diese Kombination macht das Produkt vielseitiger als einen Standard-Werbestift und verleiht ihm einen breiteren t\u00e4glichen Nutzen.<\/p>\n<p data-start=\"2456\" data-end=\"2863\">Der Schaft ist mit einem klaren, individuell gestalteten Logobereich versehen, so dass Ihr Firmenname, Ihr Markenzeichen oder Ihre Werbebotschaft auch bei wiederholtem Gebrauch sichtbar bleibt. Da die Empf\u00e4nger diesen Artikel sowohl als Stift als auch als Touchscreen-Zubeh\u00f6r verwenden k\u00f6nnen, hat er einen hohen langfristigen Werbewert. Je n\u00fctzlicher ein Produkt ist, desto wahrscheinlicher ist es, dass die Leute es in der N\u00e4he behalten, was dazu beitr\u00e4gt, dass die Marke im Laufe der Zeit wiederholt pr\u00e4sentiert wird.<\/p>\n<p data-start=\"2865\" data-end=\"3290\">Die Bilder zeigen, dass dieser Stift in einer Reihe von hellen und klassischen Farben erh\u00e4ltlich ist, darunter Schwarz, Grau, Blau, Gr\u00fcn, Rot, Lila, Pink, Orange und andere moderne Farben. So l\u00e4sst er sich leicht an verschiedene Brandingstile, Kampagnenthemen, Schulfarben, Veranstaltungspaletten oder saisonale Werbeaktionen anpassen. Ganz gleich, ob Ihr Unternehmen ein auff\u00e4lliges Werbegeschenk oder einen schlichteren Firmen-Look w\u00fcnscht, dieser Kugelschreiber-Stil bietet flexible optische Anreize.<\/p>\n<p data-start=\"3292\" data-end=\"3696\">Dank seines schlanken Profils l\u00e4sst er sich auch leicht in Direktmailing-Kits, Veranstaltungstaschen, B\u00fcrogeschenksets, Willkommenspaketen, Konferenzmaterialien und Werbepaketen unterbringen. Es l\u00e4sst sich gut mit Notizb\u00fcchern, Mappen, Journalen, Schreibtischartikeln und anderen Marken-B\u00fcroprodukten kombinieren. F\u00fcr Unternehmen, die einen praktischen Alltagsgegenstand anbieten m\u00f6chten, der f\u00fcr die moderne digitale Nutzung auf dem neuesten Stand ist, ist dieser individuelle Stylus-Stift eine gute Wahl.<\/p>\n<p data-start=\"3698\" data-end=\"4034\">Dieses Produkt eignet sich besonders f\u00fcr Firmenveranstaltungen, Technologie-Promotions, B\u00fcrobedarfsprogramme, Handouts f\u00fcr Kunden, Hotelrezeptionen, Werbegeschenke f\u00fcr den Bildungsbereich, B\u00fcros im Gesundheitswesen und Onboarding-Kits f\u00fcr Mitarbeiter. Da es sowohl in physischen als auch in digitalen Arbeitsumgebungen eingesetzt werden kann, eignet es sich f\u00fcr eine breite Palette von Branchen und Benutzergruppen.<\/p>\n<p data-start=\"4036\" data-end=\"4284\">Wenn Sie einen Werbekugelschreiber suchen, der sowohl Schreib- als auch Touchscreen-Komfort bietet und gleichzeitig Ihrem Logo eine schlanke und professionelle Pr\u00e4sentation verleiht, ist dieser kundenspezifische Metall-Stylus-Kugelschreiber eine hervorragende Erg\u00e4nzung f\u00fcr Ihre Website-Produktpalette.<\/p>\n<p data-start=\"4286\" data-end=\"4653\"><strong data-start=\"4286\" data-end=\"4302\">Wesentliche Merkmale<\/strong><br data-start=\"4302\" data-end=\"4305\" \/>Stylus-Kugelschreiber aus Metall<br data-start=\"4331\" data-end=\"4334\" \/>Stift mit Doppelfunktion und Touchscreen-Stift<br data-start=\"4374\" data-end=\"4377\" \/>Individueller Logoaufdruck auf dem Fass<br data-start=\"4411\" data-end=\"4414\" \/>Elegantes farbiges Geh\u00e4use mit Chrom-Akzenten<br data-start=\"4454\" data-end=\"4457\" \/>Geeignet f\u00fcr das t\u00e4gliche Schreiben und den Gebrauch von Ger\u00e4ten<br data-start=\"4501\" data-end=\"4504\" \/>Professionelles Erscheinungsbild f\u00fcr die Wirtschaftsf\u00f6rderung<br data-start=\"4545\" data-end=\"4548\" \/>Erh\u00e4ltlich in mehreren Farboptionen, wie in den Bildern gezeigt<br data-start=\"4599\" data-end=\"4602\" \/>Ideal f\u00fcr den Einsatz im B\u00fcro, bei Veranstaltungen und f\u00fcr Corporate Branding<\/p>\n<p data-start=\"4655\" data-end=\"4968\"><strong data-start=\"4655\" data-end=\"4682\">Warum dieses Produkt w\u00e4hlen<\/strong><br data-start=\"4682\" data-end=\"4685\" \/>Dieses Produkt zeichnet sich dadurch aus, dass es den traditionellen Schreibgebrauch mit moderner Touchscreen-Funktionalit\u00e4t kombiniert. Es bietet einen h\u00f6heren Alltagswert als ein herk\u00f6mmlicher Stift, verleiht Ihrer Marke ein moderneres Image und bietet eine elegante Metalloberfl\u00e4che, die einen st\u00e4rkeren Werbeeindruck erzeugt.<\/p>\n<p data-start=\"4970\" data-end=\"5199\"><strong data-start=\"4970\" data-end=\"4983\">Ideal f\u00fcr<\/strong><br data-start=\"4983\" data-end=\"4986\" \/>B\u00fcro-Aktionen<br data-start=\"5003\" data-end=\"5006\" \/>Werbegeschenke f\u00fcr Unternehmen<br data-start=\"5025\" data-end=\"5028\" \/>Messen und Ausstellungen<br data-start=\"5039\" data-end=\"5042\" \/>Konferenz-Handouts<br data-start=\"5061\" data-end=\"5064\" \/>Willkommenspakete f\u00fcr Mitarbeiter<br data-start=\"5085\" data-end=\"5088\" \/>Schulische F\u00f6rderma\u00dfnahmen<br data-start=\"5105\" data-end=\"5108\" \/>Hotelrezeptionsbedarf<br data-start=\"5133\" data-end=\"5136\" \/>Gesch\u00e4ftliche Treffen<br data-start=\"5153\" data-end=\"5156\" \/>Geschenke f\u00fcr Kunden<br data-start=\"5168\" data-end=\"5171\" \/>Technologiebezogene Kampagnen<\/p>\n<p data-start=\"5201\" data-end=\"5208\"><strong data-start=\"5201\" data-end=\"5208\">FAQ<\/strong><\/p>\n<p data-start=\"5210\" data-end=\"5349\"><strong data-start=\"5210\" data-end=\"5253\">Kann dieser Stift mit einem Logo versehen werden?<\/strong><br data-start=\"5253\" data-end=\"5256\" \/>Ja, das Fass kann mit Ihrem Firmenlogo, Markennamen oder einer Werbebotschaft versehen werden.<\/p>\n<p data-start=\"5351\" data-end=\"5481\"><strong data-start=\"5351\" data-end=\"5390\">Funktioniert dieser Stift auf Touchscreens?<\/strong><br data-start=\"5390\" data-end=\"5393\" \/>Ja, er enth\u00e4lt eine Stiftspitze zur Verwendung mit Telefonen, Tablets und anderen Touchscreen-Ger\u00e4ten.<\/p>\n<p data-start=\"5483\" data-end=\"5677\"><strong data-start=\"5483\" data-end=\"5548\">Wodurch unterscheidet sich dieser Stift von einem normalen Werbekugelschreiber?<\/strong><br data-start=\"5548\" data-end=\"5551\" \/>Er vereint zwei Funktionen in einem Produkt und bietet dem Benutzer sowohl einen Schreibstift als auch einen Touchscreen-Stift f\u00fcr mehr Komfort im Alltag.<\/p>\n<p data-start=\"5679\" data-end=\"5882\"><strong data-start=\"5679\" data-end=\"5732\">Eignet sich dieses Produkt f\u00fcr Werbezwecke?<\/strong><br data-start=\"5732\" data-end=\"5735\" \/>Ja, sein schlanker Metall-Look und sein praktisches, vielseitig einsetzbares Design machen ihn zu einer guten Wahl f\u00fcr B\u00fcros, Firmenveranstaltungen, Messen und Kundengeschenke.<\/p>","protected":false},"excerpt":{"rendered":"<p>Dieser individuelle Metallkugelschreiber mit Stylus kombiniert fl\u00fcssiges Schreiben mit Touchscreen-Komfort in einem eleganten Werbeprodukt. Mit einem farbigen Schaft, Chrom-Akzenten, Soft-Touch-Stift-Spitze und individuellem Logo-Bereich, ist es ideal f\u00fcr B\u00fcro-Promotionen, Werbegeschenke, Messen, Mitarbeiter-Kits und allt\u00e4gliche Markengesch\u00e4ft verwenden.<\/p>","protected":false},"featured_media":47056,"template":"","meta":{"_gspb_post_css":""},"product_brand":[],"product_cat":[31],"product_tag":[],"class_list":{"0":"post-47055","1":"product","2":"type-product","3":"status-publish","4":"has-post-thumbnail","6":"product_cat-office","8":"first","9":"instock","10":"shipping-taxable","11":"product-type-simple"},"_links":{"self":[{"href":"https:\/\/globalgiftsupplier.com\/de\/wp-json\/wp\/v2\/product\/47055","targetHints":{"allow":["GET"]}}],"collection":[{"href":"https:\/\/globalgiftsupplier.com\/de\/wp-json\/wp\/v2\/product"}],"about":[{"href":"https:\/\/globalgiftsupplier.com\/de\/wp-json\/wp\/v2\/types\/product"}],"wp:featuredmedia":[{"embeddable":true,"href":"https:\/\/globalgiftsupplier.com\/de\/wp-json\/wp\/v2\/media\/47056"}],"wp:attachment":[{"href":"https:\/\/globalgiftsupplier.com\/de\/wp-json\/wp\/v2\/media?parent=47055"}],"wp:term":[{"taxonomy":"product_brand","embeddable":true,"href":"https:\/\/globalgiftsupplier.com\/de\/wp-json\/wp\/v2\/product_brand?post=47055"},{"taxonomy":"product_cat","embeddable":true,"href":"https:\/\/globalgiftsupplier.com\/de\/wp-json\/wp\/v2\/product_cat?post=47055"},{"taxonomy":"product_tag","embeddable":true,"href":"https:\/\/globalgiftsupplier.com\/de\/wp-json\/wp\/v2\/product_tag?post=47055"}],"curies":[{"name":"wp","href":"https:\/\/api.w.org\/{rel}","templated":true}]}}