{"id":47013,"date":"2026-03-19T08:02:59","date_gmt":"2026-03-19T08:02:59","guid":{"rendered":"https:\/\/globalgiftsupplier.com\/?post_type=product&#038;p=47013"},"modified":"2026-03-19T08:02:59","modified_gmt":"2026-03-19T08:02:59","slug":"custom-portable-silicone-straw-cleaning-brush-kit-in-capsule-case","status":"publish","type":"product","link":"https:\/\/globalgiftsupplier.com\/de\/product\/custom-portable-silicone-straw-cleaning-brush-kit-in-capsule-case\/","title":{"rendered":"Individuelles tragbares Silikon-Strohhalm- und Reinigungsb\u00fcrsten-Set im Kapsel-Etui"},"content":{"rendered":"<p data-start=\"1288\" data-end=\"1769\">Erweitern Sie Ihr Werbesortiment um ein cleveres und wiederverwendbares Accessoire f\u00fcr Getr\u00e4nke mit diesem individuell gestalteten, tragbaren Set aus Silikonstrohhalmen und Reinigungsb\u00fcrste in einem Kapsel-Etui. Dieses Set wurde f\u00fcr Bequemlichkeit, Tragbarkeit und den t\u00e4glichen Gebrauch entwickelt. Es kombiniert flexible, wiederverwendbare Silikonstrohhalme mit einer passenden Reinigungsb\u00fcrste und einem kompakten Aufbewahrungsetui im Kapselstil und ist damit ein praktisches Markenprodukt f\u00fcr Kunden, Reisende, Hospitality-Programme und Lifestyle-Promotions.<\/p>\n<p data-start=\"1771\" data-end=\"2245\">Dieses Produkt ist eine gute Wahl f\u00fcr Unternehmen, die einen wiederverwendbaren Artikel f\u00fcr den t\u00e4glichen Gebrauch von Getr\u00e4nken suchen. Anstelle eines einfachen losen Strohhalms bietet dieses Set ein kompletteres Set, das einfacher zu transportieren, aufzubewahren und wiederzuverwenden ist. Das Kapselschalendesign hilft, die Strohhalme und die B\u00fcrste in einem kompakten Beh\u00e4lter zusammenzuhalten, wodurch sich das Set besonders f\u00fcr Reisetaschen, Geldb\u00f6rsen, Lunchboxen, B\u00fcroschubladen, Handschuhf\u00e4cher, Rucks\u00e4cke und die Verwendung von Trinkgeschirr f\u00fcr unterwegs eignet.<\/p>\n<p data-start=\"2247\" data-end=\"2682\">Die Produktbilder zeigen eine tragbare Kapselh\u00fclle mit wiederverwendbaren Silikonhalmen und einer Reinigungsb\u00fcrste. Dies verleiht dem Set im Vergleich zu einzelnen Strohhalmen ein fertigeres und geschenkfertigeres Aussehen. Da das Etui einen sichtbaren Bereich f\u00fcr Ihr individuelles Logo enth\u00e4lt, bleibt Ihr Branding leicht zu erkennen, w\u00e4hrend das Produkt aufbewahrt, getragen oder verwendet wird. Das macht es zu einem praktischen Werbeartikel, auf dem Ihr Logo auch nach einmaligem Gebrauch sichtbar bleibt.<\/p>\n<p data-start=\"2684\" data-end=\"3116\">Der flexible Strohhalm aus Silikon bietet Komfort und Bequemlichkeit f\u00fcr das t\u00e4gliche Trinken. Im Vergleich zu starren Strohhalmen bieten Silikonstrohhalme ein weicheres Gef\u00fchl und einen l\u00e4ssigeren, benutzerfreundlicheren Stil. Auf den Bildern sind sowohl gerade als auch gebogene Strohhalme zu sehen, was f\u00fcr Abwechslung sorgt und das Set vielseitiger f\u00fcr verschiedene Trinkvorlieben und Bechertypen macht. Dadurch wirkt das Produkt vollst\u00e4ndiger und ist f\u00fcr den wiederholten t\u00e4glichen Gebrauch besser geeignet.<\/p>\n<p data-start=\"3118\" data-end=\"3562\">Die mitgelieferte Reinigungsb\u00fcrste bietet zus\u00e4tzliche Funktionen und unterst\u00fctzt die langfristige Wiederverwendung. Ein Set mit wiederverwendbaren Strohhalmen ist noch wertvoller, wenn es auch eine einfache M\u00f6glichkeit zur Reinigung der Strohhalme nach dem Gebrauch enth\u00e4lt. Durch diesen zus\u00e4tzlichen Komfort eignet sich das Produkt besser f\u00fcr den Gebrauch zu Hause, auf Reisen, in Caf\u00e9s, B\u00fcros, Schulen und in der Gastronomie. Da die B\u00fcrste zusammen mit den Strohhalmen in der Kapsel verpackt ist, bleibt das komplette Set \u00fcbersichtlich und l\u00e4sst sich leicht \u00fcberallhin mitnehmen.<\/p>\n<p data-start=\"3564\" data-end=\"4027\">Dieses individuelle Strohhalm-Kit eignet sich hervorragend f\u00fcr Trinkgeschirr-Promotions, Caf\u00e9-Branding, Restaurantartikel, Smoothie-Shops, Saftbars, Willkommenspakete f\u00fcr G\u00e4ste, Reisegeschenk-Sets, Mitarbeiter-Kits, Schulprogramme und umweltbewusste Kampagnen. Er kann auch als Zusatzartikel f\u00fcr Becher, Tassen, Wasserflaschen oder Geschenksets mit Getr\u00e4nken verwendet werden. Da er leicht, farbenfroh und praktisch ist, eignet er sich sowohl f\u00fcr Werbegeschenke als auch f\u00fcr die Pr\u00e4sentation von Markenprodukten im Einzelhandel.<\/p>\n<p data-start=\"4029\" data-end=\"4498\">Einer der gr\u00f6\u00dften Vorteile dieses Produkts ist seine Kombination aus Tragbarkeit und Wiederverwendbarkeit. Viele wiederverwendbare Getr\u00e4nkezubeh\u00f6rteile sind zwar n\u00fctzlich, aber nicht immer leicht zu transportieren. Dieses kapselartige Etui schafft hier Abhilfe, indem es den Strohhalmen und der B\u00fcrste ein ordentliches Aufbewahrungsformat gibt, das die Benutzer den ganzen Tag \u00fcber bei sich tragen k\u00f6nnen. Diese Bequemlichkeit tr\u00e4gt dazu bei, die Wahrscheinlichkeit zu erh\u00f6hen, dass die Empf\u00e4nger das Produkt tats\u00e4chlich behalten und regelm\u00e4\u00dfig verwenden, was auch den langfristigen Markenwert erh\u00f6ht.<\/p>\n<p data-start=\"4500\" data-end=\"4882\">Die hellen Pastellfarben, die auf den Bildern zu sehen sind, verleihen dem Produkt ein lustiges und freundliches Aussehen, das sich besonders gut f\u00fcr Getr\u00e4nkemarken, l\u00e4ssige Lifestyle-Promotions, Studentenprogramme, Sommergeschenke und reisebezogene Waren eignet. Der individuelle Logodruck auf dem Etui macht es einfach, das Produkt an eine breite Palette von Branding-Stilen anzupassen, von verspielt bis hin zu sauber und modern.<\/p>\n<p data-start=\"4884\" data-end=\"5141\">Wenn Sie auf der Suche nach einem individuellen, wiederverwendbaren Trinkgeschirr sind, das Tragbarkeit, Zweckm\u00e4\u00dfigkeit und sichtbares Logo-Branding vereint, dann ist dieser Silikonstrohhalm mit Reinigungsb\u00fcrste in einem Kapsel-Etui eine hervorragende Erg\u00e4nzung f\u00fcr Ihre Website und Produktpalette.<\/p>\n<p data-start=\"5143\" data-end=\"5524\"><strong data-start=\"5143\" data-end=\"5159\">Wesentliche Merkmale<\/strong><br data-start=\"5159\" data-end=\"5162\" \/>Tragbarer Silikonstrohhalm und B\u00fcrstenset<br data-start=\"5199\" data-end=\"5202\" \/>Verpackt in einem kompakten, kapsel\u00e4hnlichen Etui<br data-start=\"5240\" data-end=\"5243\" \/>Wiederverwendbare flexible Silikonstrohhalme<br data-start=\"5276\" data-end=\"5279\" \/>Inklusive Reinigungsb\u00fcrste f\u00fcr einfache Wartung<br data-start=\"5323\" data-end=\"5326\" \/>Individueller Logoaufdruck auf dem Geh\u00e4use<br data-start=\"5358\" data-end=\"5361\" \/>Leicht zu tragen f\u00fcr Reisen und den t\u00e4glichen Gebrauch<br data-start=\"5399\" data-end=\"5402\" \/>Geeignet f\u00fcr die in den Bildern gezeigten geraden und gebogenen Strohhalm-Sets<br data-start=\"5465\" data-end=\"5468\" \/>Ideal f\u00fcr Trinkgeschirr-Promotionen und Werbegeschenk-Kits<\/p>\n<p data-start=\"5526\" data-end=\"5855\"><strong data-start=\"5526\" data-end=\"5553\">Warum dieses Produkt w\u00e4hlen<\/strong><br data-start=\"5553\" data-end=\"5556\" \/>Dieses Produkt ist eine gute Wahl, weil es eine wiederverwendbare Alltagsfunktion mit einem kompakten, reisefreundlichen Etui kombiniert. Im Vergleich zu losen Strohhalm-Giveaways ist das Set durch die Kapselaufbewahrung leichter zu transportieren, besser organisiert und wertvoller f\u00fcr den wiederholten Gebrauch, so dass Ihre Marke l\u00e4nger sichtbar bleibt.<\/p>\n<p data-start=\"5857\" data-end=\"6115\"><strong data-start=\"5857\" data-end=\"5870\">Ideal f\u00fcr<\/strong><br data-start=\"5870\" data-end=\"5873\" \/>Trinkgeschirr-Aktionen<br data-start=\"5893\" data-end=\"5896\" \/>Caf\u00e9- und Restaurant-Branding<br data-start=\"5924\" data-end=\"5927\" \/>Smoothie- und Saftbars<br data-start=\"5950\" data-end=\"5953\" \/>Willkommenspakete f\u00fcr die Gastfreundschaft<br data-start=\"5977\" data-end=\"5980\" \/>Reise-Geschenksets<br data-start=\"5996\" data-end=\"5999\" \/>Umweltfreundliche Kampagnen<br data-start=\"6021\" data-end=\"6024\" \/>Schulprogramme<br data-start=\"6039\" data-end=\"6042\" \/>Sommer-Geschenkartikel<br data-start=\"6058\" data-end=\"6061\" \/>Wiederverwendbare Getr\u00e4nkekits<br data-start=\"6083\" data-end=\"6086\" \/>Lifestyle-Markenartikel<\/p>\n<p data-start=\"6117\" data-end=\"6124\"><strong data-start=\"6117\" data-end=\"6124\">FAQ<\/strong><\/p>\n<p data-start=\"6126\" data-end=\"6276\"><strong data-start=\"6126\" data-end=\"6175\">Kann dieses Strohhalm-Set mit einem Logo versehen werden?<\/strong><br data-start=\"6175\" data-end=\"6178\" \/>Ja, die Kapselh\u00fclle kann mit Ihrem Firmenlogo, Markennamen oder Werbedesign versehen werden.<\/p>\n<p data-start=\"6278\" data-end=\"6428\"><strong data-start=\"6278\" data-end=\"6311\">Was ist in diesem Kit enthalten?<\/strong><br data-start=\"6311\" data-end=\"6314\" \/>Die Produktbilder zeigen wiederverwendbare Silikontrinkhalme und eine Reinigungsb\u00fcrste, die in einem tragbaren, kapsel\u00e4hnlichen Etui verpackt sind.<\/p>\n<p data-start=\"6430\" data-end=\"6624\"><strong data-start=\"6430\" data-end=\"6465\">Warum ist das Kapselgeh\u00e4use n\u00fctzlich?<\/strong><br data-start=\"6465\" data-end=\"6468\" \/>Das Kapsel-Etui sorgt daf\u00fcr, dass die Strohhalme und die Reinigungsb\u00fcrste zusammenbleiben, was die Aufbewahrung, den Transport und die Verwendung des Sets auf Reisen oder bei der t\u00e4glichen Routine erleichtert.<\/p>\n<p data-start=\"6626\" data-end=\"6749\"><strong data-start=\"6626\" data-end=\"6673\">Sind diese Strohhalme f\u00fcr den wiederholten Gebrauch geeignet?<\/strong><br data-start=\"6673\" data-end=\"6676\" \/>Ja, es handelt sich um ein wiederverwendbares Strohhalm-Kit f\u00fcr den t\u00e4glichen Gebrauch mit Getr\u00e4nken.<\/p>\n<p data-start=\"6751\" data-end=\"6984\" data-is-last-node=\"\" data-is-only-node=\"\"><strong data-start=\"6751\" data-end=\"6791\">F\u00fcr wen ist dieses Produkt am besten geeignet?<\/strong><br data-start=\"6791\" data-end=\"6794\" \/>Er ist ideal f\u00fcr Caf\u00e9s, Restaurants, Smoothie-Bars, Gastgewerbebetriebe, Reisepromotions, Schulprogramme, Getr\u00e4nkemarken und Unternehmen, die ein praktisches, wiederverwendbares Werbegeschenk suchen.<\/p>","protected":false},"excerpt":{"rendered":"<p>Dieses individuell gestaltete, tragbare Set aus Silikonstrohhalm und Reinigungsb\u00fcrste besteht aus wiederverwendbaren, flexiblen Strohhalmen, die in einem kompakten Kapsel-Etui verpackt sind und so leicht aufbewahrt und auf Reisen verwendet werden k\u00f6nnen. Ideal f\u00fcr Getr\u00e4nkeaktionen, Caf\u00e9s, Restaurants, Hospitality-Programme, Reisepakete und umweltfreundliche Werbegeschenke, bietet es eine praktische und stilvolle M\u00f6glichkeit, Ihr Logo zu pr\u00e4sentieren.<\/p>","protected":false},"featured_media":47014,"template":"","meta":{"_gspb_post_css":""},"product_brand":[],"product_cat":[25],"product_tag":[],"class_list":{"0":"post-47013","1":"product","2":"type-product","3":"status-publish","4":"has-post-thumbnail","6":"product_cat-drinkware","8":"first","9":"instock","10":"shipping-taxable","11":"product-type-simple"},"_links":{"self":[{"href":"https:\/\/globalgiftsupplier.com\/de\/wp-json\/wp\/v2\/product\/47013","targetHints":{"allow":["GET"]}}],"collection":[{"href":"https:\/\/globalgiftsupplier.com\/de\/wp-json\/wp\/v2\/product"}],"about":[{"href":"https:\/\/globalgiftsupplier.com\/de\/wp-json\/wp\/v2\/types\/product"}],"wp:featuredmedia":[{"embeddable":true,"href":"https:\/\/globalgiftsupplier.com\/de\/wp-json\/wp\/v2\/media\/47014"}],"wp:attachment":[{"href":"https:\/\/globalgiftsupplier.com\/de\/wp-json\/wp\/v2\/media?parent=47013"}],"wp:term":[{"taxonomy":"product_brand","embeddable":true,"href":"https:\/\/globalgiftsupplier.com\/de\/wp-json\/wp\/v2\/product_brand?post=47013"},{"taxonomy":"product_cat","embeddable":true,"href":"https:\/\/globalgiftsupplier.com\/de\/wp-json\/wp\/v2\/product_cat?post=47013"},{"taxonomy":"product_tag","embeddable":true,"href":"https:\/\/globalgiftsupplier.com\/de\/wp-json\/wp\/v2\/product_tag?post=47013"}],"curies":[{"name":"wp","href":"https:\/\/api.w.org\/{rel}","templated":true}]}}