{"id":46997,"date":"2026-03-19T07:56:20","date_gmt":"2026-03-19T07:56:20","guid":{"rendered":"https:\/\/globalgiftsupplier.com\/?post_type=product&#038;p=46997"},"modified":"2026-03-19T07:56:20","modified_gmt":"2026-03-19T07:56:20","slug":"custom-12-silicone-cleaning-bottle-brush-with-logo-imprint","status":"publish","type":"product","link":"https:\/\/globalgiftsupplier.com\/de\/product\/custom-12-silicone-cleaning-bottle-brush-with-logo-imprint\/","title":{"rendered":"Custom 12\u2033 Silikon Reinigung Flasche B\u00fcrste mit Logo Impressum"},"content":{"rendered":"<p data-start=\"1220\" data-end=\"1602\">Erg\u00e4nzen Sie Ihre Produktpalette um ein praktisches und wiederverwendbares Reinigungszubeh\u00f6r mit dieser individuellen 12-Zoll-Silikon-Reinigungsb\u00fcrste f\u00fcr Flaschen. Mit einem langen Griff, einem weichen Silikonb\u00fcrstenkopf und einem individuellen Logobereich auf dem Griff ist dieses Produkt eine gute Wahl f\u00fcr Marken, die einen n\u00fctzlichen Artikel f\u00fcr Getr\u00e4nke, Flaschen, Becher und den t\u00e4glichen Reinigungsbedarf suchen.<\/p>\n<p data-start=\"1604\" data-end=\"2106\">Diese Flaschenreinigungsb\u00fcrste eignet sich besonders f\u00fcr Wasserflaschen, Babyflaschen, schmale Becher, Sportflaschen, Becher, Karaffen und viele andere Trinkgef\u00e4\u00dfe. Der lange Griff hilft dem Benutzer, tiefer in die Beh\u00e4lter zu gelangen, w\u00e4hrend der flexible B\u00fcrstenkopf aus Silikon so konzipiert ist, dass er effektiv reinigt, ohne sich wie eine herk\u00f6mmliche steife B\u00fcrste anzuf\u00fchlen. Da die B\u00fcrste direkt mit der t\u00e4glichen Pflege von Flaschen und Bechern zusammenh\u00e4ngt, bietet sie einen hohen langfristigen Werbewert als praktisches Haushalts- und Trinkgeschirrzubeh\u00f6r.<\/p>\n<p data-start=\"2108\" data-end=\"2530\">Der auf den Produktbildern gezeigte Silikonb\u00fcrstenkopf ist weich, flexibel und leicht zu reinigen. Im Vergleich zu herk\u00f6mmlichen Borstenb\u00fcrsten bietet eine Reinigungsb\u00fcrste aus Silikon ein glatteres und moderneres Erscheinungsbild und tr\u00e4gt gleichzeitig dazu bei, dass sich das Produkt haltbarer und wiederverwendbar anf\u00fchlt. Dies macht sie zu einer guten Option f\u00fcr Marken, die ein Reinigungswerkzeug mit einer saubereren Pr\u00e4sentation und einem hochwertigeren Aussehen f\u00fcr den t\u00e4glichen Gebrauch w\u00fcnschen.<\/p>\n<p data-start=\"2532\" data-end=\"2973\">Einer der gr\u00f6\u00dften Vorteile dieser individuellen Flaschenb\u00fcrste ist ihre starke Verbindung zu Trinkwaren. Sie eignet sich besonders gut als Zusatzartikel f\u00fcr wiederverwendbare Flaschen, Becher, Reisebecher, Strohhalm-Sets, Trinkgeschenksets und trinkwarenbezogene Werbeaktionen. Anstatt ein einfaches, alleinstehendes Werbegeschenk zu sein, kann sie dazu beitragen, ein komplettes Markenproduktset zu schaffen, das f\u00fcr Kunden, Mitarbeiter oder Veranstaltungsempf\u00e4nger n\u00fctzlich und durchdacht ist.<\/p>\n<p data-start=\"2975\" data-end=\"3436\">Der Griff verf\u00fcgt \u00fcber einen Logodruckbereich, so dass Ihr Firmenname, Ihr Markenlogo oder Ihre Werbebotschaft auch bei regelm\u00e4\u00dfigem Gebrauch sichtbar bleibt. Da eine Reinigungsb\u00fcrste in der Regel in der N\u00e4he von Flaschen, Bechern oder in der K\u00fcche aufbewahrt und im Laufe der Zeit immer wieder verwendet wird, tr\u00e4gt sie dazu bei, die Sichtbarkeit der Marke in allt\u00e4glichen Umgebungen zu erh\u00f6hen. Dies macht sie besonders geeignet f\u00fcr Marken in den Bereichen Getr\u00e4nke, K\u00fcchenartikel, Babyprodukte, Wellness, Fitness, Gastgewerbe und Werbegeschenke.<\/p>\n<p data-start=\"3438\" data-end=\"3831\">Das Design mit den Aufh\u00e4ngel\u00f6chern erleichtert zudem die Aufbewahrung, da es sich leichter aufh\u00e4ngen, trocknen und in Reichweite aufbewahren l\u00e4sst. Dieses praktische Detail unterst\u00fctzt die Alltagstauglichkeit und verleiht dem Produkt ein geordneteres Erscheinungsbild in K\u00fcchen, Bars, B\u00fcros und im Gastgewerbe. Die lange, schlanke Form macht es auch einfach, sie in Geschenksets f\u00fcr Flaschen, wiederverwendbare Getr\u00e4nkeverpackungen und Markensets f\u00fcr den Hausgebrauch aufzunehmen.<\/p>\n<p data-start=\"3833\" data-end=\"4261\">Die Produktbilder zeigen eine Gesamtl\u00e4nge von ca. 12 Zoll, wodurch die B\u00fcrste auch in gr\u00f6\u00dfere Flaschen und Beh\u00e4lter gelangt. Der B\u00fcrstenkopf aus Silikon hat ein abgerundetes Design, das bei der Reinigung von Innenfl\u00e4chen helfen kann und gleichzeitig flexibel genug f\u00fcr verschiedene Flaschenformen ist. Das macht ihn zu einer guten Wahl f\u00fcr Unternehmen, die ein individuelles Reinigungszubeh\u00f6r suchen, das einfach und praktisch ist und sich leicht mit vielen anderen Produkten kombinieren l\u00e4sst.<\/p>\n<p data-start=\"4263\" data-end=\"4599\">Diese individuell gestalteten Flaschenb\u00fcrsten aus Silikon sind ideal f\u00fcr Getr\u00e4nkemarken, Caf\u00e9-Artikel, Fitness-Promotions, Trinkkampagnen, Babyprodukte, Geschenksets f\u00fcr den Hausgebrauch, Hospitality-Kits und praktische Markengeschenke. Sie eignen sich auch gut f\u00fcr Unternehmen, die eher einen wiederverwendbaren Alltagsgegenstand als ein einmaliges Werbegeschenk suchen.<\/p>\n<p data-start=\"4601\" data-end=\"4834\">Wenn Sie auf der Suche nach einem individuellen Trinkgeschirr-Zubeh\u00f6r sind, das t\u00e4glichen Nutzen, wiederverwendbares Design und sichtbare Logoplatzierung vereint, ist diese 12-Zoll-Silikon-Reinigungsb\u00fcrste f\u00fcr Flaschen eine hervorragende Erg\u00e4nzung f\u00fcr Ihre Website und Ihr Produktangebot.<\/p>\n<p data-start=\"4836\" data-end=\"5193\"><strong data-start=\"4836\" data-end=\"4852\">Wesentliche Merkmale<\/strong><br data-start=\"4852\" data-end=\"4855\" \/>12 Zoll lange Flaschenreinigungsb\u00fcrste<br data-start=\"4889\" data-end=\"4892\" \/>Flexibler B\u00fcrstenkopf aus Silikon<br data-start=\"4920\" data-end=\"4923\" \/>Individueller Logodruck auf dem Griff<br data-start=\"4957\" data-end=\"4960\" \/>Wiederverwendbares und praktisches Alltagsdesign<br data-start=\"4998\" data-end=\"5001\" \/>Geeignet f\u00fcr Flaschen, Becher, Tassen und Trinkgeschirr<br data-start=\"5052\" data-end=\"5055\" \/>Aufh\u00e4ngeloch zur praktischen Aufbewahrung<br data-start=\"5090\" data-end=\"5093\" \/>Einfach zu bedienender langer Griff f\u00fcr tiefere Beh\u00e4lter<br data-start=\"5138\" data-end=\"5141\" \/>Ideal f\u00fcr Trinkgeschirr-Aktionen und Geschenksets mit Markenzeichen<\/p>\n<p data-start=\"5195\" data-end=\"5528\"><strong data-start=\"5195\" data-end=\"5222\">Warum dieses Produkt w\u00e4hlen<\/strong><br data-start=\"5222\" data-end=\"5225\" \/>Dieses Produkt ist eine gute Wahl, weil es eine praktische Reinigungsfunktion mit einem klaren Werbewert verbindet. Im Vergleich zu gew\u00f6hnlichen Werbeartikeln bietet eine Flaschenreinigungsb\u00fcrste eine wiederholte allt\u00e4gliche Verwendung und funktioniert besonders gut bei Produkten, die mit Getr\u00e4nken in Verbindung stehen, und hilft Ihrer Marke, langfristig sichtbar zu bleiben.<\/p>\n<p data-start=\"5530\" data-end=\"5827\"><strong data-start=\"5530\" data-end=\"5543\">Ideal f\u00fcr<\/strong><br data-start=\"5543\" data-end=\"5546\" \/>Trinkgeschirr-Aktionen<br data-start=\"5566\" data-end=\"5569\" \/>Wasserflaschen-Geschenksets<br data-start=\"5591\" data-end=\"5594\" \/>Becher-Zubeh\u00f6r<br data-start=\"5613\" data-end=\"5616\" \/>Babyflaschen-Programme<br data-start=\"5636\" data-end=\"5639\" \/>Fitness- und Wellness-Kampagnen<br data-start=\"5669\" data-end=\"5672\" \/>Werbegeschenke f\u00fcr K\u00fcche und Hausgebrauch<br data-start=\"5702\" data-end=\"5705\" \/>Willkommenspakete f\u00fcr die Gastfreundschaft<br data-start=\"5729\" data-end=\"5732\" \/>Caf\u00e9 und Getr\u00e4nkewaren<br data-start=\"5761\" data-end=\"5764\" \/>Wiederverwendbare Lifestyle-Promotions<br data-start=\"5793\" data-end=\"5796\" \/>Markensets f\u00fcr Reinigungszubeh\u00f6r<\/p>\n<p data-start=\"5829\" data-end=\"5836\"><strong data-start=\"5829\" data-end=\"5836\">FAQ<\/strong><\/p>\n<p data-start=\"5838\" data-end=\"5986\"><strong data-start=\"5838\" data-end=\"5890\">Kann diese Flaschenb\u00fcrste mit einem Logo versehen werden?<\/strong><br data-start=\"5890\" data-end=\"5893\" \/>Ja, der Griff kann mit Ihrem Firmenlogo, Markennamen oder einer Werbebotschaft versehen werden.<\/p>\n<p data-start=\"5988\" data-end=\"6173\"><strong data-start=\"5988\" data-end=\"6034\">Warum eignet sich diese B\u00fcrste f\u00fcr Werbeaktionen?<\/strong><br data-start=\"6034\" data-end=\"6037\" \/>Es ist praktisch, wiederverwendbar und steht in direktem Zusammenhang mit der allt\u00e4glichen Reinigung von Flaschen und Trinkgef\u00e4\u00dfen, was dazu beitr\u00e4gt, dass die Marke wiederholt in Erscheinung tritt.<\/p>\n<p data-start=\"6175\" data-end=\"6335\"><strong data-start=\"6175\" data-end=\"6220\">Wof\u00fcr kann diese Reinigungsb\u00fcrste verwendet werden?<\/strong><br data-start=\"6220\" data-end=\"6223\" \/>Er eignet sich f\u00fcr Flaschen, Becher, Tassen, Babyflaschen, Sportflaschen und viele andere schmale Trinkgef\u00e4\u00dfe.<\/p>\n<p data-start=\"6337\" data-end=\"6499\"><strong data-start=\"6337\" data-end=\"6376\">Warum eine Flaschenb\u00fcrste aus Silikon?<\/strong><br data-start=\"6376\" data-end=\"6379\" \/>Eine Silikonb\u00fcrste bietet ein flexibles, wiederverwendbares und leicht zu reinigendes Design, das modern und praktisch f\u00fcr den t\u00e4glichen Gebrauch ist.<\/p>\n<p data-start=\"6501\" data-end=\"6731\" data-is-last-node=\"\" data-is-only-node=\"\"><strong data-start=\"6501\" data-end=\"6541\">F\u00fcr wen ist dieses Produkt am besten geeignet?<\/strong><br data-start=\"6541\" data-end=\"6544\" \/>Er eignet sich ideal f\u00fcr Markenartikel, Fitnessprogramme, Werbeaktionen f\u00fcr Babyprodukte, Gastronomiebetriebe, Kampagnen f\u00fcr K\u00fcchenzubeh\u00f6r und Unternehmen, die nach einem n\u00fctzlichen Markenreinigungswerkzeug suchen.<\/p>","protected":false},"excerpt":{"rendered":"<p>Diese benutzerdefinierte 12\u2033 Silikonreinigung Flaschenb\u00fcrste verf\u00fcgt \u00fcber einen langen Griff, flexible Silikonborsten und eine benutzerdefinierte Logo-Aufdruckbereich f\u00fcr den praktischen t\u00e4glichen Gebrauch. Ideal f\u00fcr Trinkwaren Promotionen, Wasserflaschen Zubeh\u00f6r, K\u00fcche Programme, Geschenk-Sets und Marken Werbegeschenke, bietet es eine n\u00fctzliche und wiederverwendbare M\u00f6glichkeit, Ihr Logo zu pr\u00e4sentieren.<\/p>","protected":false},"featured_media":46998,"template":"","meta":{"_gspb_post_css":""},"product_brand":[],"product_cat":[25],"product_tag":[],"class_list":{"0":"post-46997","1":"product","2":"type-product","3":"status-publish","4":"has-post-thumbnail","6":"product_cat-drinkware","8":"first","9":"instock","10":"shipping-taxable","11":"product-type-simple"},"_links":{"self":[{"href":"https:\/\/globalgiftsupplier.com\/de\/wp-json\/wp\/v2\/product\/46997","targetHints":{"allow":["GET"]}}],"collection":[{"href":"https:\/\/globalgiftsupplier.com\/de\/wp-json\/wp\/v2\/product"}],"about":[{"href":"https:\/\/globalgiftsupplier.com\/de\/wp-json\/wp\/v2\/types\/product"}],"wp:featuredmedia":[{"embeddable":true,"href":"https:\/\/globalgiftsupplier.com\/de\/wp-json\/wp\/v2\/media\/46998"}],"wp:attachment":[{"href":"https:\/\/globalgiftsupplier.com\/de\/wp-json\/wp\/v2\/media?parent=46997"}],"wp:term":[{"taxonomy":"product_brand","embeddable":true,"href":"https:\/\/globalgiftsupplier.com\/de\/wp-json\/wp\/v2\/product_brand?post=46997"},{"taxonomy":"product_cat","embeddable":true,"href":"https:\/\/globalgiftsupplier.com\/de\/wp-json\/wp\/v2\/product_cat?post=46997"},{"taxonomy":"product_tag","embeddable":true,"href":"https:\/\/globalgiftsupplier.com\/de\/wp-json\/wp\/v2\/product_tag?post=46997"}],"curies":[{"name":"wp","href":"https:\/\/api.w.org\/{rel}","templated":true}]}}