{"id":46979,"date":"2026-03-19T07:48:13","date_gmt":"2026-03-19T07:48:13","guid":{"rendered":"https:\/\/globalgiftsupplier.com\/?post_type=product&#038;p=46979"},"modified":"2026-03-19T07:48:13","modified_gmt":"2026-03-19T07:48:13","slug":"custom-metal-push-click-action-ball-pen-with-logo-imprint","status":"publish","type":"product","link":"https:\/\/globalgiftsupplier.com\/de\/product\/custom-metal-push-click-action-ball-pen-with-logo-imprint\/","title":{"rendered":"Benutzerdefinierte Metall Push Click Action Kugelschreiber mit Logo Impressum"},"content":{"rendered":"<p data-start=\"1130\" data-end=\"1537\">Bewerben Sie Ihre Marke mit einem sauberen und modernen Schreibger\u00e4t, das praktischen t\u00e4glichen Gebrauch mit einem polierten Business-Look kombiniert. Diese benutzerdefinierte Metall Push-Click-Aktion Kugelschreiber verf\u00fcgt \u00fcber einen schlanken Schaft, glatte Klick-Mechanismus und stilvolle Clip-Design, so dass es eine intelligente Wahl f\u00fcr Unternehmen, die eine Promotion-Stift mit einem raffinierten Aussehen als eine gew\u00f6hnliche Kunststoff-Werbegeschenk Stift wollen.<\/p>\n<p data-start=\"1539\" data-end=\"1957\">Dieser Stift wurde f\u00fcr Unternehmen entwickelt, die ein einfaches, professionelles und leicht zu bedienendes Schreibger\u00e4t suchen. Das schlanke Geh\u00e4use verleiht ihm ein elegantes Profil, das auf Schreibtischen, in Notizb\u00fcchern, in Ordnern und in Konferenzunterlagen gut aussieht. Der Druckknopf macht ihn bequem f\u00fcr t\u00e4gliche Notizen, den B\u00fcrogebrauch, Meetings und Veranstaltungen, w\u00e4hrend die saubere Oberfl\u00e4che des Schaftes einen klaren Bereich f\u00fcr den individuellen Logodruck bietet.<\/p>\n<p data-start=\"1959\" data-end=\"2359\">Die moderne Metallkonstruktion tr\u00e4gt dazu bei, dass sich der Stift in der Hand substanzieller und hochwertiger anf\u00fchlt. Im Vergleich zu billigen Standardkugelschreibern vermittelt ein Metallkugelschreiber oft einen besseren ersten Eindruck und spiegelt ein professionelles Markenimage besser wider. Daher eignet sich dieses Produkt besonders gut f\u00fcr Unternehmenspromotionen, Kundenpr\u00e4sentationen, Begr\u00fc\u00dfungspakete f\u00fcr Mitarbeiter, Hotelschreibtische, Verkaufsbesuche und Werbegeschenke f\u00fcr Gesch\u00e4ftsveranstaltungen.<\/p>\n<p data-start=\"2361\" data-end=\"2826\">Sein Design zeichnet sich durch einen modernen Clip und ein Detail an der Spitze aus, das f\u00fcr visuelles Interesse sorgt, ohne den Stift \u00fcberm\u00e4\u00dfig kompliziert aussehen zu lassen. Die Kombination aus hellen Schaftfarben und dunkleren Akzenten verleiht dem Stift einen frischen, modernen Stil, der sich sowohl f\u00fcr formelle als auch f\u00fcr kreativere Branding-Themen eignet. Ganz gleich, ob Ihre Marke klassische Farben oder hellere Werbet\u00f6ne bevorzugt, dieser Stift bietet eine vielseitige Pr\u00e4sentation, die dennoch organisiert und professionell wirkt.<\/p>\n<p data-start=\"2828\" data-end=\"3253\">Da Kugelschreiber zu den am h\u00e4ufigsten verwendeten Werbeartikeln geh\u00f6ren, bietet dieses Produkt einen langfristigen Wert f\u00fcr die Marke. Ein n\u00fctzlicher Kugelschreiber wird wahrscheinlich auf dem Schreibtisch aufbewahrt, in einer Tasche mitgef\u00fchrt, in einer Schublade aufbewahrt oder bei Besprechungen und t\u00e4glichen Routineabl\u00e4ufen weitergegeben. Jedes Mal, wenn der Stift benutzt wird, bleibt Ihr Logo sichtbar. Diese wiederholte Exposition macht individuelle Kugelschreiber zu einem der zuverl\u00e4ssigsten und kosteng\u00fcnstigsten Werbeartikel f\u00fcr viele Branchen.<\/p>\n<p data-start=\"3255\" data-end=\"3662\">Dieser Metallkugelschreiber mit individuellem Logo eignet sich f\u00fcr B\u00fcros, Schulen, Konferenzen, Empfangsschalter, Bewirtungsprogramme, Immobilienwerbung, Finanzdienstleistungen, Gesundheits\u00e4mter, Bildungseinrichtungen und Marken-Event-Pakete. Er ist auch eine gute Option f\u00fcr Unternehmen, die einen Werbekugelschreiber suchen, der eleganter aussieht als ein Standard-Plastikmodell, aber dennoch praktisch f\u00fcr eine gro\u00dffl\u00e4chige Verteilung ist.<\/p>\n<p data-start=\"3664\" data-end=\"4068\">Der Push-Click-Mechanismus ist einfach und bequem und erm\u00f6glicht es dem Benutzer, die Schreibspitze mit einem Druck schnell zu verl\u00e4ngern. Dies macht den Stift besonders n\u00fctzlich in schnelllebigen Umgebungen wie Empf\u00e4ngen, Besprechungsr\u00e4umen, Tischen f\u00fcr die Veranstaltungsregistrierung, Kundendienstschaltern und im t\u00e4glichen B\u00fcroalltag. Dank seiner schlanken Form passt er au\u00dferdem bequem in Schreibwaren-Sets, Planer, Notizbuchschlaufen und Werbetaschen.<\/p>\n<p data-start=\"4070\" data-end=\"4321\">Wenn Sie auf der Suche nach einem individuellen Werbekugelschreiber sind, der einen eleganten Metall-Look, eine glatte Klick-Aktion und einen starken allt\u00e4glichen Branding-Wert kombiniert, ist dieser individuelle Metall-Kugelschreiber mit Push-Klick-Aktion eine hervorragende Erg\u00e4nzung f\u00fcr Ihre Website und Ihr Produktangebot.<\/p>\n<p data-start=\"4323\" data-end=\"4710\"><strong data-start=\"4323\" data-end=\"4339\">Wesentliche Merkmale<\/strong><br data-start=\"4339\" data-end=\"4342\" \/>Stift aus Metall mit Druck-Klick-Aktion<br data-start=\"4376\" data-end=\"4379\" \/>Schlanker, moderner Schaft f\u00fcr ein sauberes, professionelles Aussehen<br data-start=\"4427\" data-end=\"4430\" \/>Individueller Logoaufdruck auf dem Fass<br data-start=\"4464\" data-end=\"4467\" \/>Elegantes Clip-Detail f\u00fcr ein modernes Erscheinungsbild<br data-start=\"4516\" data-end=\"4519\" \/>Fl\u00fcssiges Schreiben f\u00fcr den t\u00e4glichen Gebrauch im B\u00fcro und in Meetings<br data-start=\"4566\" data-end=\"4569\" \/>Praktisches versenkbares Design<br data-start=\"4597\" data-end=\"4600\" \/>Geeignet f\u00fcr Werbeaktionen und Werbegeschenke<br data-start=\"4646\" data-end=\"4649\" \/>Ideal f\u00fcr B\u00fcros, Konferenzen, Messen und Kundenpakete<\/p>\n<p data-start=\"4712\" data-end=\"5027\"><strong data-start=\"4712\" data-end=\"4747\">Warum sollten Sie diesen Werbekugelschreiber w\u00e4hlen?<\/strong><br data-start=\"4747\" data-end=\"4750\" \/>Dieser Kugelschreiber ist eine gute Wahl f\u00fcr Werbezwecke, da er die N\u00fctzlichkeit f\u00fcr das t\u00e4gliche Schreiben mit einem ausgefeilten und professionellen Erscheinungsbild verbindet. Im Vergleich zu gew\u00f6hnlichen Werbekugelschreibern helfen das Metallgeh\u00e4use und das schlanke Design mit Klickfunktion dabei, Ihre Marke auf eine saubere und moderne Weise zu pr\u00e4sentieren.<\/p>\n<p data-start=\"5029\" data-end=\"5290\"><strong data-start=\"5029\" data-end=\"5042\">Ideal f\u00fcr<\/strong><br data-start=\"5042\" data-end=\"5045\" \/>B\u00fcro-Aktionen<br data-start=\"5062\" data-end=\"5065\" \/>Gesch\u00e4ftstreffen<br data-start=\"5083\" data-end=\"5086\" \/>Werbegeschenke f\u00fcr die Messe<br data-start=\"5106\" data-end=\"5109\" \/>Pakete zur Wertsch\u00e4tzung der Kunden<br data-start=\"5134\" data-end=\"5137\" \/>Willkommenspakete f\u00fcr Konferenzen<br data-start=\"5160\" data-end=\"5163\" \/>Empfangspulte<br data-start=\"5178\" data-end=\"5181\" \/>Hotel- und Gastgewerbe-Branding<br data-start=\"5211\" data-end=\"5214\" \/>Vermarktung von Immobilien<br data-start=\"5235\" data-end=\"5238\" \/>Schul- und Campusprogramme<br data-start=\"5264\" data-end=\"5267\" \/>Handouts zu Veranstaltungen<\/p>\n<p data-start=\"5292\" data-end=\"5299\"><strong data-start=\"5292\" data-end=\"5299\">FAQ<\/strong><\/p>\n<p data-start=\"5301\" data-end=\"5440\"><strong data-start=\"5301\" data-end=\"5344\">Kann dieser Stift mit einem Logo versehen werden?<\/strong><br data-start=\"5344\" data-end=\"5347\" \/>Ja, das Fass kann mit Ihrem Firmenlogo, Markennamen oder einer Werbebotschaft versehen werden.<\/p>\n<p data-start=\"5442\" data-end=\"5668\"><strong data-start=\"5442\" data-end=\"5507\">Wodurch unterscheidet sich dieser Stift von einem normalen Werbekugelschreiber?<\/strong><br data-start=\"5507\" data-end=\"5510\" \/>Dieser Kugelschreiber hat einen schlanken Metallschaft und ein moderneres Design mit Klickfunktion, was ihm ein saubereres und ausgefeilteres Aussehen verleiht als einem gew\u00f6hnlichen Plastikkugelschreiber.<\/p>\n<p data-start=\"5670\" data-end=\"5846\"><strong data-start=\"5670\" data-end=\"5719\">Eignet sich dieser Stift f\u00fcr Werbezwecke?<\/strong><br data-start=\"5719\" data-end=\"5722\" \/>Ja, er ist ideal f\u00fcr B\u00fcros, Meetings, Kundengeschenke, Messen, Konferenzpakete und andere professionelle Werbezwecke.<\/p>\n<p data-start=\"5848\" data-end=\"6020\"><strong data-start=\"5848\" data-end=\"5894\">Was ist der Vorteil eines Push-Click-Stifts?<\/strong><br data-start=\"5894\" data-end=\"5897\" \/>Der Push-Click-Stift ist schnell und einfach zu bedienen und eignet sich f\u00fcr Besprechungen, Notizen, Formulare und das t\u00e4gliche Schreiben im B\u00fcro.<\/p>\n<p data-start=\"6022\" data-end=\"6253\" data-is-last-node=\"\" data-is-only-node=\"\"><strong data-start=\"6022\" data-end=\"6070\">F\u00fcr wen ist dieser Werbekugelschreiber am besten geeignet?<\/strong><br data-start=\"6070\" data-end=\"6073\" \/>Es ist ideal f\u00fcr Unternehmen, Schulen, Hotels, Immobilienagenturen, B\u00fcros, Konferenzen und Marken, die ein praktisches, individuelles Schreibger\u00e4t mit einem professionelleren Erscheinungsbild suchen.<\/p>","protected":false},"excerpt":{"rendered":"<p>Dieser Kugelschreiber mit Push-Click-Aktion aus Metall verf\u00fcgt \u00fcber einen schlanken, modernen Korpus, einen eleganten Clip und ein sanftes, einziehbares Schreibdesign f\u00fcr den t\u00e4glichen Gesch\u00e4ftsgebrauch. Ideal f\u00fcr B\u00fcros, Meetings, Messen, Kundenpakete und Werbegeschenke, bietet es eine praktische und polierte Weise, um Ihr Logo zu pr\u00e4sentieren.<\/p>","protected":false},"featured_media":46980,"template":"","meta":{"_gspb_post_css":""},"product_brand":[],"product_cat":[31],"product_tag":[],"class_list":{"0":"post-46979","1":"product","2":"type-product","3":"status-publish","4":"has-post-thumbnail","6":"product_cat-office","8":"first","9":"instock","10":"shipping-taxable","11":"product-type-simple"},"_links":{"self":[{"href":"https:\/\/globalgiftsupplier.com\/de\/wp-json\/wp\/v2\/product\/46979","targetHints":{"allow":["GET"]}}],"collection":[{"href":"https:\/\/globalgiftsupplier.com\/de\/wp-json\/wp\/v2\/product"}],"about":[{"href":"https:\/\/globalgiftsupplier.com\/de\/wp-json\/wp\/v2\/types\/product"}],"wp:featuredmedia":[{"embeddable":true,"href":"https:\/\/globalgiftsupplier.com\/de\/wp-json\/wp\/v2\/media\/46980"}],"wp:attachment":[{"href":"https:\/\/globalgiftsupplier.com\/de\/wp-json\/wp\/v2\/media?parent=46979"}],"wp:term":[{"taxonomy":"product_brand","embeddable":true,"href":"https:\/\/globalgiftsupplier.com\/de\/wp-json\/wp\/v2\/product_brand?post=46979"},{"taxonomy":"product_cat","embeddable":true,"href":"https:\/\/globalgiftsupplier.com\/de\/wp-json\/wp\/v2\/product_cat?post=46979"},{"taxonomy":"product_tag","embeddable":true,"href":"https:\/\/globalgiftsupplier.com\/de\/wp-json\/wp\/v2\/product_tag?post=46979"}],"curies":[{"name":"wp","href":"https:\/\/api.w.org\/{rel}","templated":true}]}}