{"id":46938,"date":"2026-03-19T07:31:31","date_gmt":"2026-03-19T07:31:31","guid":{"rendered":"https:\/\/globalgiftsupplier.com\/?post_type=product&#038;p=46938"},"modified":"2026-03-19T07:31:31","modified_gmt":"2026-03-19T07:31:31","slug":"custom-aluminium-metal-click-action-pen-with-rose-gold-trim-and-logo-imprint","status":"publish","type":"product","link":"https:\/\/globalgiftsupplier.com\/de\/product\/custom-aluminium-metal-click-action-pen-with-rose-gold-trim-and-logo-imprint\/","title":{"rendered":"Benutzerdefinierte Aluminium-Metall-Klick-Aktion Stift mit Rose Gold Trim und Logo Impressum"},"content":{"rendered":"<p data-start=\"1191\" data-end=\"1646\">Verleihen Sie Ihrem Werbeartikelangebot einen raffinierten Look mit diesem individuell gestalteten Metall-Klickverschluss-Kugelschreiber aus Aluminium, einem eleganten Schreibger\u00e4t f\u00fcr Unternehmen, die eine saubere, moderne und hochwertige Pr\u00e4sentation w\u00fcnschen. Mit seinem schlanken Metallschaft, den polierten ros\u00e9goldenen Akzenten und dem einfachen Klick-Aktions-Design bietet dieser Kugelschreiber ein gehobeneres Gef\u00fchl als gew\u00f6hnliche Kunststoff-Werbestifte und ist dennoch praktisch f\u00fcr den t\u00e4glichen Gebrauch.<\/p>\n<p data-start=\"1648\" data-end=\"2163\">Dieser Werbekugelschreiber aus Metall ist eine gute Wahl f\u00fcr B\u00fcros, Vorstandssitzungen, Konferenzen, Kundenbegr\u00fc\u00dfungspakete, Mitarbeitergeschenke, Immobilienwerbung, Hotelschreibtische und Gesch\u00e4ftsveranstaltungen mit Markenzeichen. Kugelschreiber geh\u00f6ren nach wie vor zu den n\u00fctzlichsten und am h\u00e4ufigsten aufbewahrten Werbeartikeln, und ein Metallkugelschreiber bietet einen zus\u00e4tzlichen wahrgenommenen Wert, indem er ein polierteres Aussehen und ein solideres Gef\u00fchl in der Hand bietet. Das macht ihn besonders effektiv f\u00fcr Marken, die ein Schreibger\u00e4t wollen, das professionell aussieht und sich edel anf\u00fchlt.<\/p>\n<p data-start=\"2165\" data-end=\"2618\">Dank der Klickmechanik ist der Stift im Gesch\u00e4ftsalltag einfach und bequem zu verwenden. Die Schreibspitze l\u00e4sst sich mit einem Druck schnell ausfahren, so dass er sich f\u00fcr Meetings, Notizen, Formulare, den Front Desk und das t\u00e4gliche Schreiben im B\u00fcro eignet. Dank seines schlanken Profils l\u00e4sst er sich au\u00dferdem leicht in Notizb\u00fcchern, Planern, Mappen, Portfolios, Schreibtisch-Organizern und Taschen mitf\u00fchren, so dass der Stift immer griffbereit ist und Ihr Logo stets sichtbar bleibt.<\/p>\n<p data-start=\"2620\" data-end=\"3045\">Der Aluminiumschaft verleiht dem Produkt eine glatte und elegante Oberfl\u00e4che f\u00fcr ein individuelles Branding. Die klare Form des Geh\u00e4uses bietet eine klare Fl\u00e4che f\u00fcr den Logodruck, w\u00e4hrend der ros\u00e9goldene Clip und die Zierleiste einen eleganten Look erzeugen, der den Stift von preisg\u00fcnstigeren Werbeschreibger\u00e4ten abhebt. Diese Kombination aus modernen Farbt\u00f6nen und Metalldetails eignet sich sowohl f\u00fcr das Corporate Branding als auch f\u00fcr die Pr\u00e4sentation im Einzelhandel.<\/p>\n<p data-start=\"3047\" data-end=\"3563\">Dieser Kugelschreiber mit individuellem Logo eignet sich besonders gut f\u00fcr Unternehmen, die einen Werbeartikel mit einem eleganten Erscheinungsbild f\u00fcr F\u00fchrungskr\u00e4fte suchen, ohne dabei zu formelle oder sperrige Stifte zu verwenden. Sein schlankes Design wirkt zeitgem\u00e4\u00df und minimalistisch und eignet sich daher f\u00fcr eine Vielzahl von Branchen wie Finanzen, Recht, Gastgewerbe, Bildung, Gesundheitswesen, Beratung, Sch\u00f6nheit, Immobilien und Unternehmensdienstleistungen. Er ist auch eine clevere Option f\u00fcr Marken, die eine sanftere und stilvollere Farbpalette neben klassischen Gesch\u00e4ftsausf\u00fchrungen w\u00fcnschen.<\/p>\n<p data-start=\"3565\" data-end=\"3967\">Da dieser Aluminium-Klickverschluss-Kugelschreiber allt\u00e4glichen Nutzen mit einem erstklassigen visuellen Stil verbindet, ist er ideal f\u00fcr Kundengeschenke, Konferenzunterlagen, Hotelbriefpapier, Begr\u00fc\u00dfungspakete f\u00fcr Unternehmen, Handouts f\u00fcr Veranstaltungen und B\u00fcrobedarfsprogramme. Ein Stift, der edel aussieht, wird eher behalten, wiederverwendet und mit einem professionelleren Markenimage assoziiert, was dazu beitr\u00e4gt, den Wert Ihrer Werbung im Laufe der Zeit zu erh\u00f6hen.<\/p>\n<p data-start=\"3969\" data-end=\"4277\">Die gezeigten modernen Oberfl\u00e4chenoptionen, darunter Schwarz, Wei\u00df, Rosa, Creme und Hellblau, verleihen diesem Kugelschreiber eine breite Anziehungskraft f\u00fcr verschiedene Branding-Themen. Egal, ob Sie ein klares und klassisches Corporate Design oder eine weichere, gehobene Pr\u00e4sentation w\u00fcnschen, dieser Kugelschreiber bietet Flexibilit\u00e4t und beh\u00e4lt dennoch einen konsistenten, eleganten Stil.<\/p>\n<p data-start=\"4279\" data-end=\"4535\">Wenn Sie auf der Suche nach einem individuellen Werbekugelschreiber sind, der ein schlankes Aluminiumgeh\u00e4use, eine bequeme Klickfunktion und ein raffiniertes Markenimage kombiniert, dann ist dieser Metallkugelschreiber mit ros\u00e9goldener Verzierung eine hervorragende Erg\u00e4nzung f\u00fcr Ihre Website und Ihr Werbeartikelangebot.<\/p>\n<p data-start=\"4537\" data-end=\"4935\"><strong data-start=\"4537\" data-end=\"4553\">Wesentliche Merkmale<\/strong><br data-start=\"4553\" data-end=\"4556\" \/>Stift aus Aluminium-Metall mit Klickfunktion<br data-start=\"4595\" data-end=\"4598\" \/>Schlanker, moderner Schaft f\u00fcr ein sauberes, professionelles Aussehen<br data-start=\"4646\" data-end=\"4649\" \/>Clip und Zierleiste aus Ros\u00e9gold f\u00fcr ein eleganteres Finish<br data-start=\"4698\" data-end=\"4701\" \/>Individueller Logoaufdruck auf dem Fass<br data-start=\"4735\" data-end=\"4738\" \/>Glattes Schreiben f\u00fcr den t\u00e4glichen B\u00fcro- und Gesch\u00e4ftsgebrauch<br data-start=\"4786\" data-end=\"4789\" \/>Leicht und einfach zu tragen<br data-start=\"4818\" data-end=\"4821\" \/>Geeignet f\u00fcr Werbeaktionen f\u00fcr F\u00fchrungskr\u00e4fte und Kundengeschenke<br data-start=\"4877\" data-end=\"4880\" \/>Ideal f\u00fcr B\u00fcros, Meetings, Konferenzen und Werbegeschenke<\/p>\n<p data-start=\"4937\" data-end=\"5278\"><strong data-start=\"4937\" data-end=\"4972\">Warum sollten Sie diesen Werbekugelschreiber w\u00e4hlen?<\/strong><br data-start=\"4972\" data-end=\"4975\" \/>Dieser Kugelschreiber ist eine gute Wahl f\u00fcr Werbezwecke, da er die allt\u00e4gliche Schreibfunktion mit einem hochwertigen und stilvollen Aussehen verbindet. Im Vergleich zu Standard-Kunststoffkugelschreibern sorgen der Aluminiumschaft und die ros\u00e9goldenen Akzente f\u00fcr einen besseren ersten Eindruck und tragen dazu bei, Ihre Marke auf eine saubere, polierte Weise zu pr\u00e4sentieren.<\/p>\n<p data-start=\"5280\" data-end=\"5553\"><strong data-start=\"5280\" data-end=\"5293\">Ideal f\u00fcr<\/strong><br data-start=\"5293\" data-end=\"5296\" \/>B\u00fcro-Aktionen<br data-start=\"5313\" data-end=\"5316\" \/>Werbegeschenke f\u00fcr F\u00fchrungskr\u00e4fte<br data-start=\"5335\" data-end=\"5338\" \/>Geschenke zur Wertsch\u00e4tzung der Kunden<br data-start=\"5363\" data-end=\"5366\" \/>Willkommenspakete f\u00fcr Konferenzen<br data-start=\"5389\" data-end=\"5392\" \/>Gesch\u00e4ftstreffen<br data-start=\"5410\" data-end=\"5413\" \/>Hotel- und Gastgewerbe-Branding<br data-start=\"5443\" data-end=\"5446\" \/>Vermarktung von Immobilien<br data-start=\"5467\" data-end=\"5470\" \/>Willkommenspakete f\u00fcr Mitarbeiter<br data-start=\"5492\" data-end=\"5495\" \/>Handouts zu Veranstaltungen<br data-start=\"5518\" data-end=\"5521\" \/>Professionelle Markenartikel<\/p>\n<p data-start=\"5555\" data-end=\"5562\"><strong data-start=\"5555\" data-end=\"5562\">FAQ<\/strong><\/p>\n<p data-start=\"5564\" data-end=\"5809\"><strong data-start=\"5564\" data-end=\"5630\">Was unterscheidet diesen Stift von einem normalen Werbekugelschreiber?<\/strong><br data-start=\"5630\" data-end=\"5633\" \/>Dieser Kugelschreiber verf\u00fcgt \u00fcber einen Aluminium-Metallschaft, eine elegante ros\u00e9goldene Verzierung und ein schlankes, modernes Design, das ihm ein hochwertigeres und professionelleres Aussehen verleiht als gew\u00f6hnliche Kugelschreiber als Werbegeschenk.<\/p>\n<p data-start=\"5811\" data-end=\"5950\"><strong data-start=\"5811\" data-end=\"5854\">Kann dieser Stift mit einem Logo versehen werden?<\/strong><br data-start=\"5854\" data-end=\"5857\" \/>Ja, das Fass kann mit Ihrem Firmenlogo, Markennamen oder einer Werbebotschaft versehen werden.<\/p>\n<p data-start=\"5952\" data-end=\"6170\"><strong data-start=\"5952\" data-end=\"6007\">Eignet sich dieser Stift als Geschenk f\u00fcr F\u00fchrungskr\u00e4fte oder Kunden?<\/strong><br data-start=\"6007\" data-end=\"6010\" \/>Ja, sein klares Metalldesign und die polierten Akzente machen ihn zu einer guten Wahl f\u00fcr Geschenke f\u00fcr F\u00fchrungskr\u00e4fte, Kundenpakete, Gesch\u00e4ftstreffen und hochwertige Werbeprogramme.<\/p>\n<p data-start=\"6172\" data-end=\"6362\"><strong data-start=\"6172\" data-end=\"6222\">Was sind die Vorteile eines Kugelschreibers mit Klickfunktion?<\/strong><br data-start=\"6222\" data-end=\"6225\" \/>Ein Kugelschreiber mit Klickfunktion ist schnell und bequem zu benutzen und eignet sich f\u00fcr Besprechungen, Notizen, B\u00fcroarbeit und den t\u00e4glichen Gesch\u00e4ftsgebrauch.<\/p>\n<p data-start=\"6364\" data-end=\"6583\" data-is-last-node=\"\" data-is-only-node=\"\"><strong data-start=\"6364\" data-end=\"6412\">F\u00fcr wen ist dieser Werbekugelschreiber am besten geeignet?<\/strong><br data-start=\"6412\" data-end=\"6415\" \/>Es ist ideal f\u00fcr B\u00fcros, Hotels, Immobilienagenturen, Unternehmensteams, Konferenzen, Unternehmensdienstleistungen und Marken, die ein ausgefeiltes Schriftst\u00fcck f\u00fcr ihre Werbung ben\u00f6tigen.<\/p>","protected":false},"excerpt":{"rendered":"<p>Dieser individuell gestaltete Aluminium-Metallkugelschreiber mit Klickmechanik verf\u00fcgt \u00fcber einen schlanken, modernen Schaft, eine elegante ros\u00e9goldene Verzierung und ein angenehmes Schreibgef\u00fchl f\u00fcr den t\u00e4glichen Gesch\u00e4ftsgebrauch. Er ist ideal f\u00fcr B\u00fcros, Meetings, Geschenke f\u00fcr F\u00fchrungskr\u00e4fte, Kundenpakete und Werbegeschenke und bietet eine elegante und professionelle M\u00f6glichkeit, Ihr Logo zu pr\u00e4sentieren.<\/p>","protected":false},"featured_media":46939,"template":"","meta":{"_gspb_post_css":""},"product_brand":[],"product_cat":[31],"product_tag":[],"class_list":{"0":"post-46938","1":"product","2":"type-product","3":"status-publish","4":"has-post-thumbnail","6":"product_cat-office","8":"first","9":"instock","10":"shipping-taxable","11":"product-type-simple"},"_links":{"self":[{"href":"https:\/\/globalgiftsupplier.com\/de\/wp-json\/wp\/v2\/product\/46938","targetHints":{"allow":["GET"]}}],"collection":[{"href":"https:\/\/globalgiftsupplier.com\/de\/wp-json\/wp\/v2\/product"}],"about":[{"href":"https:\/\/globalgiftsupplier.com\/de\/wp-json\/wp\/v2\/types\/product"}],"wp:featuredmedia":[{"embeddable":true,"href":"https:\/\/globalgiftsupplier.com\/de\/wp-json\/wp\/v2\/media\/46939"}],"wp:attachment":[{"href":"https:\/\/globalgiftsupplier.com\/de\/wp-json\/wp\/v2\/media?parent=46938"}],"wp:term":[{"taxonomy":"product_brand","embeddable":true,"href":"https:\/\/globalgiftsupplier.com\/de\/wp-json\/wp\/v2\/product_brand?post=46938"},{"taxonomy":"product_cat","embeddable":true,"href":"https:\/\/globalgiftsupplier.com\/de\/wp-json\/wp\/v2\/product_cat?post=46938"},{"taxonomy":"product_tag","embeddable":true,"href":"https:\/\/globalgiftsupplier.com\/de\/wp-json\/wp\/v2\/product_tag?post=46938"}],"curies":[{"name":"wp","href":"https:\/\/api.w.org\/{rel}","templated":true}]}}