{"id":46901,"date":"2026-03-19T03:46:51","date_gmt":"2026-03-19T03:46:51","guid":{"rendered":"https:\/\/globalgiftsupplier.com\/?post_type=product&#038;p=46901"},"modified":"2026-03-19T03:46:51","modified_gmt":"2026-03-19T03:46:51","slug":"custom-click-action-ballpoint-pen-with-soft-rubber-grip-and-logo-imprint","status":"publish","type":"product","link":"https:\/\/globalgiftsupplier.com\/de\/product\/custom-click-action-ballpoint-pen-with-soft-rubber-grip-and-logo-imprint\/","title":{"rendered":"Benutzerdefinierte Click Action Kugelschreiber mit weichem Gummigriff und Logo-Aufdruck"},"content":{"rendered":"<p data-start=\"1152\" data-end=\"1551\">Werben Sie f\u00fcr Ihre Marke mit einem Schreibger\u00e4t, das die Menschen jeden Tag benutzen - mit diesem Kugelschreiber mit Klickmechanik. Entworfen mit einem eleganten silbernen Schaft, einem komfortablen weichen Gummigriff und einem praktischen einziehbaren Mechanismus, kombiniert dieser Stift professionelles Aussehen mit t\u00e4glichen Funktion, so dass es ein zuverl\u00e4ssiges Werbeartikel f\u00fcr viele verschiedene Branchen und Marketing-Kampagnen.<\/p>\n<p data-start=\"1553\" data-end=\"2059\">Dieser Werbekugelschreiber bietet ein sauberes und modernes Aussehen, das sich gut f\u00fcr B\u00fcros, Schulen, Konferenzen, Empfangsbereiche, Messest\u00e4nde und Kundendienstschalter eignet. Der silberne Schaft verleiht ihm ein raffiniertes und gesch\u00e4ftsfreundliches Aussehen, w\u00e4hrend der farbige Griffabschnitt einen Hauch von Helligkeit hinzuf\u00fcgt und dem Produkt hilft, sich abzuheben, ohne zu l\u00e4ssig zu wirken. Dieses Gleichgewicht aus Schlichtheit und Farbe macht ihn sowohl f\u00fcr formelle Gesch\u00e4ftsaktionen als auch f\u00fcr energischere Branding-Kampagnen geeignet.<\/p>\n<p data-start=\"2061\" data-end=\"2528\">Der weiche Gummigriff verbessert den Schreibkomfort und tr\u00e4gt dazu bei, dass der Stift bei wiederholtem oder l\u00e4ngerem Gebrauch leichter zu halten ist. Dieser zus\u00e4tzliche Komfort verleiht dem Produkt einen h\u00f6heren praktischen Wert, insbesondere f\u00fcr Menschen, die regelm\u00e4\u00dfig Notizen schreiben, Formulare ausf\u00fcllen oder den ganzen Tag \u00fcber Stifte bei der Arbeit verwenden. Das Click-Action-Design ist ebenfalls praktisch, da es den Benutzern erm\u00f6glicht, schnell mit dem Schreiben zu beginnen, ohne die Kappe abzunehmen oder zu verlieren, was ihn ideal f\u00fcr gesch\u00e4ftige B\u00fcro- und Veranstaltungsumgebungen macht.<\/p>\n<p data-start=\"2530\" data-end=\"2944\">Einer der Hauptvorteile dieses individuellen Logokugelschreibers ist seine hohe Alltagstauglichkeit. Kugelschreiber geh\u00f6ren nach wie vor zu den effektivsten Werbeartikeln, da sie leicht, erschwinglich und einfach zu verteilen sind und im t\u00e4glichen Leben st\u00e4ndig gebraucht werden. Ob auf dem Schreibtisch im B\u00fcro, in der Tasche, an der Rezeption oder bei einer Veranstaltung, dieser Stift sorgt daf\u00fcr, dass Ihr Logo noch lange nach dem ersten Werbegeschenk im Blickfeld bleibt.<\/p>\n<p data-start=\"2946\" data-end=\"3426\">Dieser Kugelschreiber ist auch eine gute Wahl f\u00fcr Unternehmen, die ein erschwingliches Werbeprodukt mit einem ausgefeilten Look suchen. Der silberne Schaft und der dazu passende Clip sorgen f\u00fcr einen sauberen visuellen Stil, der sich hochwertiger anf\u00fchlt als ein einfacher Plastikkugelschreiber, w\u00e4hrend der farbige Griff eine einfache M\u00f6glichkeit bietet, verschiedene Branding-Themen zu kombinieren. Er eignet sich gut f\u00fcr Firmengeschenke, Schulaktionen, Kampagnen im Gesundheitswesen, Bankveranstaltungen, Hotelrezeptionen, Immobilienmarketing und allgemeine B\u00fcrobedarfsprogramme.<\/p>\n<p data-start=\"3428\" data-end=\"3732\">Mit einer Produktl\u00e4nge von ca. 5,47 Zoll hat dieser Stift ein komfortables Schreibprofil in voller Gr\u00f6\u00dfe, das leicht in Notizb\u00fccher, Ordner, Schreibtisch-Organizer und Werbetaschen passt. Er ist praktisch f\u00fcr allt\u00e4gliche Schreibaufgaben und l\u00e4sst sich leicht in Begr\u00fc\u00dfungspakete, Event-Handouts und gebrandete B\u00fcro-Sets integrieren.<\/p>\n<p data-start=\"3734\" data-end=\"3988\">Wenn Sie auf der Suche nach einem Werbekugelschreiber sind, der professionellen Stil, Schreibkomfort und zuverl\u00e4ssige Logosichtbarkeit kombiniert, ist dieser Kugelschreiber mit Klickfunktion und weichem Gummigriff eine ausgezeichnete Wahl f\u00fcr Ihre Website und Ihr Werbeproduktsortiment.<\/p>\n<p data-start=\"3990\" data-end=\"4346\"><strong data-start=\"3990\" data-end=\"4006\">Wesentliche Merkmale<\/strong><br data-start=\"4006\" data-end=\"4009\" \/>Einziehbare Konstruktion mit Click-Action<br data-start=\"4040\" data-end=\"4043\" \/>Weicher Gummigriff f\u00fcr mehr Schreibkomfort<br data-start=\"4085\" data-end=\"4088\" \/>Schlanker silberner Korpus mit modernem Styling<br data-start=\"4127\" data-end=\"4130\" \/>Individueller Logoaufdruck auf dem Fass<br data-start=\"4164\" data-end=\"4167\" \/>Professioneller Look mit farbigen Griffakzenten<br data-start=\"4211\" data-end=\"4214\" \/>Leicht und praktisch f\u00fcr den t\u00e4glichen Gebrauch<br data-start=\"4256\" data-end=\"4259\" \/>Ungef\u00e4hre Gr\u00f6\u00dfe: 5,47\u2033 L x 0,51\u2033 W<br data-start=\"4294\" data-end=\"4297\" \/>Ideal f\u00fcr B\u00fcros, Schulen, Veranstaltungen und Werbegeschenke<\/p>\n<p data-start=\"4348\" data-end=\"4722\"><strong data-start=\"4348\" data-end=\"4383\">Warum sollten Sie diesen Werbekugelschreiber w\u00e4hlen?<\/strong><br data-start=\"4383\" data-end=\"4386\" \/>Dieser Kugelschreiber ist eine gute Wahl f\u00fcr Werbezwecke, denn er vereint Alltagstauglichkeit, bequeme Handhabung und ein gl\u00e4nzendes Aussehen in einem erschwinglichen Produkt. Im Vergleich zu gew\u00f6hnlichen Werbekugelschreibern sorgen der silberne Schaft und der weiche Griff f\u00fcr einen professionelleren Eindruck, w\u00e4hrend der Artikel gleichzeitig praktisch bleibt und leicht in gro\u00dfen Mengen verteilt werden kann.<\/p>\n<p data-start=\"4724\" data-end=\"4976\"><strong data-start=\"4724\" data-end=\"4737\">Ideal f\u00fcr<\/strong><br data-start=\"4737\" data-end=\"4740\" \/>B\u00fcro-Aktionen<br data-start=\"4757\" data-end=\"4760\" \/>Werbegeschenke f\u00fcr die Messe<br data-start=\"4780\" data-end=\"4783\" \/>Schulische Veranstaltungen<br data-start=\"4796\" data-end=\"4799\" \/>Gesch\u00e4ftstreffen<br data-start=\"4817\" data-end=\"4820\" \/>Empfangspulte<br data-start=\"4835\" data-end=\"4838\" \/>Werbung f\u00fcr das Gesundheitswesen<br data-start=\"4859\" data-end=\"4862\" \/>Bank- und Finanzkampagnen<br data-start=\"4891\" data-end=\"4894\" \/>Immobilien Werbegeschenke<br data-start=\"4915\" data-end=\"4918\" \/>Hotel- und Gastgewerbe-Branding<br data-start=\"4948\" data-end=\"4951\" \/>Veranstaltungen zur F\u00f6rderung der Gemeinschaft<\/p>\n<p data-start=\"4978\" data-end=\"4985\"><strong data-start=\"4978\" data-end=\"4985\">FAQ<\/strong><\/p>\n<p data-start=\"4987\" data-end=\"5219\"><strong data-start=\"4987\" data-end=\"5035\">Was macht diesen Stift zu einem guten Werbeartikel?<\/strong><br data-start=\"5035\" data-end=\"5038\" \/>Dieser Stift ist praktisch, erschwinglich und f\u00fcr den t\u00e4glichen Gebrauch geeignet. Da Menschen Stifte regelm\u00e4\u00dfig benutzen, bleibt Ihr Logo in B\u00fcros, Schulen, Wohnungen und \u00f6ffentlichen R\u00e4umen lange Zeit sichtbar.<\/p>\n<p data-start=\"5221\" data-end=\"5360\"><strong data-start=\"5221\" data-end=\"5264\">Kann dieser Stift mit einem Logo versehen werden?<\/strong><br data-start=\"5264\" data-end=\"5267\" \/>Ja, das Fass kann mit Ihrem Firmenlogo, Markennamen oder einer Werbebotschaft versehen werden.<\/p>\n<p data-start=\"5362\" data-end=\"5513\"><strong data-start=\"5362\" data-end=\"5410\">Ist der Gummigriff f\u00fcr das t\u00e4gliche Schreiben n\u00fctzlich?<\/strong><br data-start=\"5410\" data-end=\"5413\" \/>Ja, der weiche Gummigriff verbessert den Komfort und erleichtert das Halten des Stiftes bei regelm\u00e4\u00dfigem Gebrauch.<\/p>\n<p data-start=\"5515\" data-end=\"5705\"><strong data-start=\"5515\" data-end=\"5558\">Wo kann dieser Werbekugelschreiber eingesetzt werden?<\/strong><br data-start=\"5558\" data-end=\"5561\" \/>Es ist ideal f\u00fcr B\u00fcros, Schulen, Messen, Empfangsbereiche, Meetings, Konferenzen, Gesundheitseinrichtungen, Hotels und andere Gesch\u00e4ftsumgebungen.<\/p>\n<p data-start=\"5707\" data-end=\"5919\" data-is-last-node=\"\" data-is-only-node=\"\"><strong data-start=\"5707\" data-end=\"5763\">Eignet sich dieser Stift f\u00fcr gro\u00dfe Werbekampagnen?<\/strong><br data-start=\"5763\" data-end=\"5766\" \/>Ja, es ist eine gute Wahl f\u00fcr gro\u00dfe Werbegeschenke und Markenveranstaltungen, weil es leicht, n\u00fctzlich und einfach zu verteilen ist und sich f\u00fcr ein breites Publikum eignet.<\/p>","protected":false},"excerpt":{"rendered":"<p>Dieser Kugelschreiber mit Klickfunktion verf\u00fcgt \u00fcber einen eleganten silbernen Schaft, einen weichen Gummigriff und ein sanftes, einziehbares Design f\u00fcr komfortables Schreiben im Alltag. Ideal f\u00fcr B\u00fcros, Schulen, Messen, Meetings und Werbegeschenke, bietet es eine praktische und kosteng\u00fcnstige M\u00f6glichkeit, Ihr Logo sichtbar zu halten.<\/p>","protected":false},"featured_media":46902,"template":"","meta":{"_gspb_post_css":""},"product_brand":[],"product_cat":[31],"product_tag":[],"class_list":{"0":"post-46901","1":"product","2":"type-product","3":"status-publish","4":"has-post-thumbnail","6":"product_cat-office","8":"first","9":"instock","10":"shipping-taxable","11":"product-type-simple"},"_links":{"self":[{"href":"https:\/\/globalgiftsupplier.com\/de\/wp-json\/wp\/v2\/product\/46901","targetHints":{"allow":["GET"]}}],"collection":[{"href":"https:\/\/globalgiftsupplier.com\/de\/wp-json\/wp\/v2\/product"}],"about":[{"href":"https:\/\/globalgiftsupplier.com\/de\/wp-json\/wp\/v2\/types\/product"}],"wp:featuredmedia":[{"embeddable":true,"href":"https:\/\/globalgiftsupplier.com\/de\/wp-json\/wp\/v2\/media\/46902"}],"wp:attachment":[{"href":"https:\/\/globalgiftsupplier.com\/de\/wp-json\/wp\/v2\/media?parent=46901"}],"wp:term":[{"taxonomy":"product_brand","embeddable":true,"href":"https:\/\/globalgiftsupplier.com\/de\/wp-json\/wp\/v2\/product_brand?post=46901"},{"taxonomy":"product_cat","embeddable":true,"href":"https:\/\/globalgiftsupplier.com\/de\/wp-json\/wp\/v2\/product_cat?post=46901"},{"taxonomy":"product_tag","embeddable":true,"href":"https:\/\/globalgiftsupplier.com\/de\/wp-json\/wp\/v2\/product_tag?post=46901"}],"curies":[{"name":"wp","href":"https:\/\/api.w.org\/{rel}","templated":true}]}}