{"id":46879,"date":"2026-03-19T03:21:01","date_gmt":"2026-03-19T03:21:01","guid":{"rendered":"https:\/\/globalgiftsupplier.com\/?post_type=product&#038;p=46879"},"modified":"2026-03-19T03:21:01","modified_gmt":"2026-03-19T03:21:01","slug":"custom-creative-lamp-ballpoint-pen-with-desk-stand-and-logo-imprint","status":"publish","type":"product","link":"https:\/\/globalgiftsupplier.com\/de\/product\/custom-creative-lamp-ballpoint-pen-with-desk-stand-and-logo-imprint\/","title":{"rendered":"Custom Creative Lamp Kugelschreiber mit Schreibtischst\u00e4nder und Logo Impressum"},"content":{"rendered":"<p data-start=\"1146\" data-end=\"1584\">Verleihen Sie Ihrem Werbeartikelangebot eine witzige und unvergessliche Note mit diesem kreativen Kugelschreiber in Lampenform, der praktische Schreibfunktion mit auff\u00e4lligem Wert f\u00fcr den Schreibtisch verbindet. Geformt wie eine kleine Tischlampe, diese Neuheit Stift enth\u00e4lt einen passenden St\u00e4nder, der den Stift aufrecht auf Schreibtischen, Theken und Arbeitspl\u00e4tzen h\u00e4lt, so dass es sowohl ein n\u00fctzliches Schreibger\u00e4t und eine kreative Schreibtisch-Accessoire.<\/p>\n<p data-start=\"1586\" data-end=\"2049\">Im Gegensatz zu gew\u00f6hnlichen Werbekugelschreibern, die oft in Schubladen verschwinden oder in Taschen verloren gehen, ist dieser Kugelschreiber im Lampenstil so konzipiert, dass er sichtbar bleibt. Dank seines aufrechten St\u00e4nders l\u00e4sst er sich leicht auf B\u00fcroschreibtischen, Empfangstresen, Kassentischen, Kundendienstbereichen, Studiertischen und Arbeitspl\u00e4tzen im Front-Office platzieren. Da er sichtbar bleibt, hat Ihr Logo eine bessere Chance, den ganzen Tag \u00fcber wiederholt gesehen zu werden, was diesem Produkt einen hohen langfristigen Werbewert verleiht.<\/p>\n<p data-start=\"2051\" data-end=\"2490\">Dieser kreative Werbekugelschreiber bietet ein angenehmes Schreibgef\u00fchl und sorgt gleichzeitig f\u00fcr Gespr\u00e4chsstoff auf dem Schreibtisch. Das verspielte, von einer Lampe inspirierte Design hebt ihn von herk\u00f6mmlichen Stiften ab und macht ihn besonders geeignet f\u00fcr Marken, die ein Werbegeschenk mit mehr Pers\u00f6nlichkeit suchen. Er eignet sich hervorragend f\u00fcr Messen, B\u00fcroaktionen, Schulprogramme, Veranstaltungen, Bewirtungstheken, Einzelhandelskassen und Schreibtischgeschenksets mit Markenzeichen.<\/p>\n<p data-start=\"2492\" data-end=\"2994\">Wenn der Stift nicht gebraucht wird, kann er ordentlich in dem dazugeh\u00f6rigen St\u00e4nder aufbewahrt werden. So bleibt der Arbeitsplatz \u00fcbersichtlich und der Stift ist bei Bedarf schnell wieder auffindbar. Das funktionale Design des St\u00e4nders ist besonders n\u00fctzlich an Orten, an denen Stifte h\u00e4ufig verwendet werden, wie z. B. an Empfangsschaltern, Bankschaltern, Hotelschaltern, Kliniken, Klassenzimmern und Anmeldetischen. Dadurch, dass der Stift an einem bestimmten Ort aufbewahrt wird, ist das Produkt bequemer f\u00fcr den t\u00e4glichen Gebrauch und effektiver f\u00fcr die Markendarstellung.<\/p>\n<p data-start=\"2996\" data-end=\"3477\">Seine hellen und fr\u00f6hlichen Farboptionen sorgen f\u00fcr visuelle Anziehungskraft und machen das Produkt geeignet f\u00fcr eine breite Palette von Branding-Stilen. Ganz gleich, ob Ihr Unternehmen einen verspielten Werbeartikel f\u00fcr Kundengeschenke oder einen n\u00fctzlichen Markenkugelschreiber f\u00fcr den t\u00e4glichen Gebrauch im B\u00fcro sucht, dieser Lampenkugelschreiber bietet eine frische Alternative zu gew\u00f6hnlichen Schreibprodukten. Die wei\u00dfe Oberseite im Lampenschirm-Stil bietet au\u00dferdem eine klare Fl\u00e4che f\u00fcr die Platzierung Ihres Logos, so dass Ihr Branding sauber und auff\u00e4llig zur Geltung kommt.<\/p>\n<p data-start=\"3479\" data-end=\"3889\">Dieser individuell gestaltete Kugelschreiber ist eine gute Wahl f\u00fcr Unternehmen, die ein preisg\u00fcnstiges, aber unverwechselbares Werbeprodukt suchen. Da er Neuheit, Sichtbarkeit und t\u00e4gliche N\u00fctzlichkeit kombiniert, eignet er sich gut f\u00fcr Marketingkampagnen, die praktische Artikel mit einem einpr\u00e4gsamen Aussehen ben\u00f6tigen. Er eignet sich f\u00fcr Schulen, B\u00fcros, Gesundheitseinrichtungen, Banken, Immobilienb\u00fcros, Hotels, Einzelhandelsgesch\u00e4fte und viele andere Branchen.<\/p>\n<p data-start=\"3891\" data-end=\"4165\">Wenn Sie auf der Suche nach einem Werbekugelschreiber sind, der mehr als nur eine einfache Schreibfunktion bietet, ist dieser Kugelschreiber mit kreativer Lampe eine ausgezeichnete Wahl. Es macht ein einfaches B\u00fcro Artikel in einem Spa\u00df gebrandmarkt Schreibtisch-Accessoire, das Ihr Logo bleibt sichtbar in allt\u00e4glichen Umgebungen hilft.<\/p>\n<p data-start=\"4167\" data-end=\"4543\"><strong data-start=\"4167\" data-end=\"4183\">Wesentliche Merkmale<\/strong><br data-start=\"4183\" data-end=\"4186\" \/>Kreatives, von Lampen inspiriertes Stiftdesign<br data-start=\"4219\" data-end=\"4222\" \/>Inklusive passendem Tischst\u00e4nder f\u00fcr die aufrechte Pr\u00e4sentation<br data-start=\"4270\" data-end=\"4273\" \/>Glatte Kugelschreiberschrift f\u00fcr den t\u00e4glichen Gebrauch<br data-start=\"4314\" data-end=\"4317\" \/>Individueller Logodruck auf der Oberseite<br data-start=\"4348\" data-end=\"4351\" \/>Lustiger und einpr\u00e4gsamer Werbeartikel f\u00fcr den Schreibtisch<br data-start=\"4393\" data-end=\"4396\" \/>Einfach auf Schreibtischen, Theken und Arbeitspl\u00e4tzen zu platzieren<br data-start=\"4446\" data-end=\"4449\" \/>Hilft, Stifte zu organisieren und zug\u00e4nglich zu halten<br data-start=\"4489\" data-end=\"4492\" \/>Ideal f\u00fcr B\u00fcros, Schulen, Rezeptionen und Veranstaltungen<\/p>\n<p data-start=\"4545\" data-end=\"4961\"><strong data-start=\"4545\" data-end=\"4580\">Warum sollten Sie diesen Werbekugelschreiber w\u00e4hlen?<\/strong><br data-start=\"4580\" data-end=\"4583\" \/>Dieses Produkt zeichnet sich dadurch aus, dass es die Schreibfunktion mit der Pr\u00e4sentation auf dem Schreibtisch verbindet. Die einzigartige lampenartige Form macht ihn einpr\u00e4gsamer als einen Standard-Werbestift, w\u00e4hrend der mitgelieferte St\u00e4nder daf\u00fcr sorgt, dass er gut sichtbar und einfach zu benutzen ist. Diese Kombination macht ihn zu einem starken Werbeartikel f\u00fcr Marken, die einen praktischen Nutzen, eine bessere Logopr\u00e4senz und eine kreative Pr\u00e4sentation w\u00fcnschen.<\/p>\n<p data-start=\"4963\" data-end=\"5204\"><strong data-start=\"4963\" data-end=\"4976\">Ideal f\u00fcr<\/strong><br data-start=\"4976\" data-end=\"4979\" \/>B\u00fcro-Aktionen<br data-start=\"4996\" data-end=\"4999\" \/>Empfangspulte<br data-start=\"5014\" data-end=\"5017\" \/>Werbegeschenke f\u00fcr die Messe<br data-start=\"5037\" data-end=\"5040\" \/>Schulische Veranstaltungen<br data-start=\"5053\" data-end=\"5056\" \/>Hotelrezeptionen<br data-start=\"5073\" data-end=\"5076\" \/>Bank- und Serviceschalter<br data-start=\"5101\" data-end=\"5104\" \/>Kassenzonen im Einzelhandel<br data-start=\"5125\" data-end=\"5128\" \/>Empfangsbereiche im Gesundheitswesen<br data-start=\"5154\" data-end=\"5157\" \/>Firmengeschenk-Sets<br data-start=\"5176\" data-end=\"5179\" \/>Veranstaltungen zur F\u00f6rderung der Gemeinschaft<\/p>\n<p data-start=\"5206\" data-end=\"5213\"><strong data-start=\"5206\" data-end=\"5213\">FAQ<\/strong><\/p>\n<p data-start=\"5215\" data-end=\"5428\"><strong data-start=\"5215\" data-end=\"5280\">Wodurch unterscheidet sich dieser Stift von einem normalen Werbekugelschreiber?<\/strong><br data-start=\"5280\" data-end=\"5283\" \/>Dieser Stift hat ein kreatives, von einer Lampe inspiriertes Design und wird mit einem passenden Schreibtischst\u00e4nder geliefert, so dass er sowohl als Schreibger\u00e4t als auch als Tischaufsteller dient.<\/p>\n<p data-start=\"5430\" data-end=\"5599\"><strong data-start=\"5430\" data-end=\"5473\">Kann dieser Stift mit einem Logo versehen werden?<\/strong><br data-start=\"5473\" data-end=\"5476\" \/>Ja, das Produkt kann mit Ihrem Logo versehen werden, was es zu einem n\u00fctzlichen Werbegeschenk f\u00fcr B\u00fcros, Veranstaltungen und Werbeaktionen macht.<\/p>\n<p data-start=\"5601\" data-end=\"5806\"><strong data-start=\"5601\" data-end=\"5633\">Wo wird dieser Stift am besten eingesetzt?<\/strong><br data-start=\"5633\" data-end=\"5636\" \/>Er ist ideal f\u00fcr Schreibtische, Empfangstresen, Kundendienstbereiche, Schulen, B\u00fcros, Hotels, Banken und andere Orte, an denen ein Stift sichtbar und leicht zug\u00e4nglich bleiben muss.<\/p>\n<p data-start=\"5808\" data-end=\"5990\"><strong data-start=\"5808\" data-end=\"5861\">Warum ist der Stand f\u00fcr Werbezwecke n\u00fctzlich?<\/strong><br data-start=\"5861\" data-end=\"5864\" \/>Der St\u00e4nder h\u00e4lt den Stift aufrecht und im Blickfeld, was den t\u00e4glichen Gebrauch erleichtert und Ihrem Logo mehr Aufmerksamkeit verschafft.<\/p>\n<p data-start=\"5992\" data-end=\"6215\" data-is-last-node=\"\" data-is-only-node=\"\"><strong data-start=\"5992\" data-end=\"6044\">Ist dies ein gutes Produkt f\u00fcr Veranstaltungen und Werbegeschenke?<\/strong><br data-start=\"6044\" data-end=\"6047\" \/>Ja, dies ist eine gro\u00dfartige Option f\u00fcr Messen, Marketingkampagnen, B\u00fcroaktionen und Schreibtischgeschenke mit Markenzeichen, weil es praktisch, auff\u00e4llig und leicht zu merken ist.<\/p>","protected":false},"excerpt":{"rendered":"<p>Dieser Kugelschreiber in Form einer kreativen Lampe hat eine einzigartige, von einer Lampe inspirierte Form und einen passenden St\u00e4nder f\u00fcr die einfache Pr\u00e4sentation und Aufbewahrung. Er ist ideal f\u00fcr B\u00fcros, Empfangstresen, Schulen, Veranstaltungen und Werbegeschenke und kombiniert lustiges Design, allt\u00e4gliche Funktion und starke Logosichtbarkeit.<\/p>","protected":false},"featured_media":46881,"template":"","meta":{"_gspb_post_css":""},"product_brand":[],"product_cat":[31],"product_tag":[],"class_list":{"0":"post-46879","1":"product","2":"type-product","3":"status-publish","4":"has-post-thumbnail","6":"product_cat-office","8":"first","9":"instock","10":"shipping-taxable","11":"product-type-simple"},"_links":{"self":[{"href":"https:\/\/globalgiftsupplier.com\/de\/wp-json\/wp\/v2\/product\/46879","targetHints":{"allow":["GET"]}}],"collection":[{"href":"https:\/\/globalgiftsupplier.com\/de\/wp-json\/wp\/v2\/product"}],"about":[{"href":"https:\/\/globalgiftsupplier.com\/de\/wp-json\/wp\/v2\/types\/product"}],"wp:featuredmedia":[{"embeddable":true,"href":"https:\/\/globalgiftsupplier.com\/de\/wp-json\/wp\/v2\/media\/46881"}],"wp:attachment":[{"href":"https:\/\/globalgiftsupplier.com\/de\/wp-json\/wp\/v2\/media?parent=46879"}],"wp:term":[{"taxonomy":"product_brand","embeddable":true,"href":"https:\/\/globalgiftsupplier.com\/de\/wp-json\/wp\/v2\/product_brand?post=46879"},{"taxonomy":"product_cat","embeddable":true,"href":"https:\/\/globalgiftsupplier.com\/de\/wp-json\/wp\/v2\/product_cat?post=46879"},{"taxonomy":"product_tag","embeddable":true,"href":"https:\/\/globalgiftsupplier.com\/de\/wp-json\/wp\/v2\/product_tag?post=46879"}],"curies":[{"name":"wp","href":"https:\/\/api.w.org\/{rel}","templated":true}]}}