{"id":46868,"date":"2026-03-19T02:52:23","date_gmt":"2026-03-19T02:52:23","guid":{"rendered":"https:\/\/globalgiftsupplier.com\/?post_type=product&#038;p=46868"},"modified":"2026-03-19T02:52:23","modified_gmt":"2026-03-19T02:52:23","slug":"custom-wireless-bluetooth-v5-0-music-sports-headband-with-built-in-headphones-microphone","status":"publish","type":"product","link":"https:\/\/globalgiftsupplier.com\/de\/product\/custom-wireless-bluetooth-v5-0-music-sports-headband-with-built-in-headphones-microphone\/","title":{"rendered":"Individuelles drahtloses Bluetooth V5.0 Musik-Sport-Stirnband mit integriertem Kopfh\u00f6rer und Mikrofon"},"content":{"rendered":"<p data-start=\"3113\" data-end=\"3540\">Dieses Bluetooth-Sportstirnband aus weichem Acryl-Strickmaterial bietet einen bequemen Sitz f\u00fcr den t\u00e4glichen Gebrauch. Es hilft, den Kopf bei k\u00fchlerem Wetter warm zu halten, h\u00e4lt das Haar an Ort und Stelle und bietet einen einfachen, klaren Look, der sowohl f\u00fcr M\u00e4nner als auch f\u00fcr Frauen geeignet ist. Ob beim Joggen, Spazierengehen, Pendeln, im Fitnessstudio, auf Reisen, beim Yoga oder bei Outdoor-Aktivit\u00e4ten, dieses Stirnband bietet den ganzen Tag \u00fcber Komfort und Bequemlichkeit.<\/p>\n<p data-start=\"3542\" data-end=\"3951\">Dank der integrierten Bluetooth V5.0-Technologie k\u00f6nnen Benutzer den Kopfb\u00fcgel kabellos mit kompatiblen Smartphones, Tablets und anderen Bluetooth-f\u00e4higen Ger\u00e4ten verbinden. Dies macht ihn zu einer gro\u00dfartigen Alternative zu herk\u00f6mmlichen Kopfh\u00f6rern f\u00fcr Menschen, die eine leichtere und tragbare Audiol\u00f6sung w\u00fcnschen. \u00dcber das integrierte Bedienfeld kann der Benutzer die Lautst\u00e4rke einstellen, die Musikwiedergabe verwalten und Anrufe ganz einfach unterwegs entgegennehmen.<\/p>\n<p data-start=\"3953\" data-end=\"4385\">Dieses individuelle Bluetooth-Stirnband wird von einem wiederaufladbaren 200-mAh-Akku gespeist, der eine bequeme t\u00e4gliche Nutzung erm\u00f6glicht, ohne dass Einwegbatterien erforderlich sind. Das wiederaufladbare Design bietet einen praktischen Mehrwert und macht das Produkt als langfristigen Werbeartikel attraktiver. Die internen Komponenten des Kopfh\u00f6rers k\u00f6nnen bei Bedarf herausgenommen werden, wodurch das Stirnband leichter gereinigt werden kann und die Nutzungsdauer des Produkts verl\u00e4ngert wird.<\/p>\n<p data-start=\"4387\" data-end=\"4780\">Als Werbegeschenk bietet dieses drahtlose Bluetooth-Stirnband eine starke Kombination aus Funktion und wahrgenommenem Wert. Im Gegensatz zu einfachen Werbeartikeln, die oft vergessen werden, handelt es sich hier um ein Produkt, das die Menschen beim Training, auf Reisen, beim Pendeln und im Alltag tats\u00e4chlich nutzen k\u00f6nnen. Da es in der \u00d6ffentlichkeit getragen und immer wieder verwendet wird, schafft es eine kontinuierliche Markenpr\u00e4senz und verbessert die Erinnerung an Ihr Firmenlogo.<\/p>\n<p data-start=\"4782\" data-end=\"5139\">Dieser Artikel eignet sich besonders gut f\u00fcr Fitnesszentren, Sportmarken, Wellness-Kampagnen, Winterpromotions, Weihnachtsgeschenke, Geschenke zur Anerkennung von Mitarbeitern, Schulartikelprogramme, Lifestyle-Einzelh\u00e4ndler und Firmenveranstaltungen. Er ist auch eine gro\u00dfartige Option f\u00fcr Unternehmen, die nach <strong data-start=\"5066\" data-end=\"5096\">individuelle tragbare technische Geschenke<\/strong> die sich modern, n\u00fctzlich und unverwechselbar anf\u00fchlen.<\/p>\n<p data-start=\"5141\" data-end=\"5421\">Dieses gestrickte Bluetooth-Stirnband ist in klassischen, neutralen Farben wie Schwarz, Dunkelgrau und Hellgrau erh\u00e4ltlich und findet in verschiedenen M\u00e4rkten und Branding-Stilen gro\u00dfen Anklang. Das schlichte und funktionale Design eignet sich sowohl f\u00fcr Werbe- als auch f\u00fcr Einzelhandelsprogramme.<\/p>\n<p data-start=\"5423\" data-end=\"5723\">Wenn Sie auf der Suche nach einem <strong data-start=\"5448\" data-end=\"5489\">Bluetooth-Stirnband f\u00fcr Werbezwecke<\/strong> das Musik, Komfort, Bequemlichkeit und Logo-Sichtbarkeit kombiniert, ist dieses Produkt eine ausgezeichnete Wahl. Es ist ein praktisches Werbegeschenk, das einen aktiven Lebensstil unterst\u00fctzt und gleichzeitig dazu beitr\u00e4gt, dass sich Ihre Marke in einem wettbewerbsintensiven Werbemarkt abhebt.<\/p>\n<p data-start=\"5725\" data-end=\"6201\"><strong data-start=\"5725\" data-end=\"5741\">Wesentliche Merkmale<\/strong><br \/>\nWeiches Acryl-Strickmaterial<br data-start=\"5768\" data-end=\"5771\" \/>Drahtlose Bluetooth V5.0-Verbindung<br data-start=\"5805\" data-end=\"5808\" \/>Eingebaute Kopfh\u00f6rer zum Musikh\u00f6ren<br data-start=\"5847\" data-end=\"5850\" \/>Eingebautes Mikrofon f\u00fcr Freisprechanrufe<br data-start=\"5892\" data-end=\"5895\" \/>Wiederaufladbarer 200mAh-Akku<br data-start=\"5922\" data-end=\"5925\" \/>Benutzerfreundliches Front-Bedienfeld<br data-start=\"5958\" data-end=\"5961\" \/>Herausnehmbare interne Lautsprecherkomponenten zur leichteren Reinigung<br data-start=\"6018\" data-end=\"6021\" \/>Komfortabel beim Sport, auf Reisen, beim Pendeln und im Alltag<br data-start=\"6081\" data-end=\"6084\" \/>Ideal f\u00fcr individuelles Branding und Werbegeschenke<br data-start=\"6135\" data-end=\"6138\" \/>Geeignet f\u00fcr Fitness-, Wellness-, Winter- und Lifestyle-Kampagnen<\/p>\n<p data-start=\"6203\" data-end=\"6572\"><strong data-start=\"6203\" data-end=\"6229\">Produktspezifikationen<\/strong><br \/>\nProduktname: Drahtloses Bluetooth V5.0 Musik-Sport-Stirnband<br data-start=\"6289\" data-end=\"6292\" \/>Material: Acryl<br data-start=\"6309\" data-end=\"6312\" \/>Farben: Schwarz, Dunkelgrau, Hellgrau<br data-start=\"6348\" data-end=\"6351\" \/>Gr\u00f6\u00dfe: 8,66\u2033 B x 2,56\u2033 H x 0,79\u2033 D<br data-start=\"6384\" data-end=\"6387\" \/>Batteriekapazit\u00e4t: 200mAh<br data-start=\"6411\" data-end=\"6414\" \/>Funktion: Kabellose Musikwiedergabe und Freisprechfunktion<br data-start=\"6470\" data-end=\"6473\" \/>Logo-Option: Kundenspezifisches Logo verf\u00fcgbar<br data-start=\"6507\" data-end=\"6510\" \/>Druckverfahren: Stickerei<br data-start=\"6536\" data-end=\"6539\" \/>Druckbereich: 1 Farbe, 1 Standort<\/p>\n<p data-start=\"6574\" data-end=\"6795\"><strong data-start=\"6574\" data-end=\"6587\">Ideal f\u00fcr<\/strong><br \/>\nFitness-Aktionen<br data-start=\"6606\" data-end=\"6609\" \/>Sport- und Outdoor-Kampagnen<br data-start=\"6637\" data-end=\"6640\" \/>Geschenke f\u00fcr Mitarbeiter<br data-start=\"6654\" data-end=\"6657\" \/>Urlaubsgeschenke<br data-start=\"6674\" data-end=\"6677\" \/>Winter-Aktionen<br data-start=\"6694\" data-end=\"6697\" \/>Schulshops und Teamartikel<br data-start=\"6731\" data-end=\"6734\" \/>Wellness-Programme f\u00fcr Unternehmen<br data-start=\"6761\" data-end=\"6764\" \/>Geschenksets f\u00fcr Einzelhandel und E-Commerce<\/p>\n<p data-start=\"6797\" data-end=\"6804\"><strong data-start=\"6797\" data-end=\"6804\">FAQ<\/strong><\/p>\n<p data-start=\"6806\" data-end=\"7044\"><strong data-start=\"6806\" data-end=\"6851\">Wozu dient dieses Bluetooth-Stirnband?<\/strong><br data-start=\"6851\" data-end=\"6854\" \/>Dieses Bluetooth-Sportstirnband wurde f\u00fcr das H\u00f6ren von Musik und das Entgegennehmen von Anrufen im Freisprechbetrieb entwickelt und sorgt f\u00fcr einen hohen Tragekomfort beim Training, auf Reisen, beim Pendeln und bei Outdoor-Aktivit\u00e4ten.<\/p>\n<p data-start=\"7046\" data-end=\"7257\"><strong data-start=\"7046\" data-end=\"7094\">Kann dieses Stirnband mit einem Logo versehen werden?<\/strong><br data-start=\"7094\" data-end=\"7097\" \/>Ja, dieses Stirnband kann mit einem Firmenlogo versehen werden, was es zu einem ausgezeichneten Werbegeschenk f\u00fcr Branding-Events, Firmengeschenke und Einzelhandelsprogramme macht.<\/p>\n<p data-start=\"7259\" data-end=\"7410\"><strong data-start=\"7259\" data-end=\"7312\">Ist dieses Bluetooth-Stirnband f\u00fcr das Training geeignet?<\/strong><br data-start=\"7312\" data-end=\"7315\" \/>Ja, sie eignet sich f\u00fcr leichtes Training, Walking, Jogging, Yoga, den Einsatz im Fitnessstudio und den t\u00e4glichen Gebrauch.<\/p>\n<p data-start=\"7412\" data-end=\"7535\"><strong data-start=\"7412\" data-end=\"7444\">Kann das Stirnband gereinigt werden?<\/strong><br data-start=\"7444\" data-end=\"7447\" \/>Ja, die internen Komponenten des Kopfh\u00f6rers k\u00f6nnen entfernt werden, was die Reinigung erleichtert.<\/p>\n<p data-start=\"7537\" data-end=\"7718\"><strong data-start=\"7537\" data-end=\"7570\">F\u00fcr wen ist dieses Produkt am besten geeignet?<\/strong><br data-start=\"7570\" data-end=\"7573\" \/>Dieser Artikel ist ideal f\u00fcr Fitnessmarken, Wellness-Kampagnen, Sportpromotions, Wintergeschenke, Mitarbeitergeschenke und Lifestyle-Marketingprogramme.<\/p>","protected":false},"excerpt":{"rendered":"<p>Erweitern Sie Ihr Angebot an Werbeartikeln mit diesem praktischen und stilvollen <strong data-start=\"2761\" data-end=\"2810\">Kabelloses Bluetooth V5.0 Musik-Sport-Stirnband<\/strong>, ein intelligentes, tragbares Geschenk, das W\u00e4rme, Komfort und kabelloses Audio in einem Artikel vereint. Dieses Stirnband wurde f\u00fcr Menschen mit einem aktiven Lebensstil entwickelt und verf\u00fcgt \u00fcber integrierte Kopfh\u00f6rer und ein Mikrofon, sodass der Benutzer Musik genie\u00dfen und Anrufe im Freisprechmodus entgegennehmen kann, ohne separate Ohrst\u00f6psel oder sperrige Kopfh\u00f6rer zu ben\u00f6tigen.<\/p>","protected":false},"featured_media":46869,"template":"","meta":{"_gspb_post_css":""},"product_brand":[],"product_cat":[29,27],"product_tag":[],"class_list":{"0":"post-46868","1":"product","2":"type-product","3":"status-publish","4":"has-post-thumbnail","6":"product_cat-apparel","7":"product_cat-technology","9":"first","10":"instock","11":"shipping-taxable","12":"product-type-simple"},"_links":{"self":[{"href":"https:\/\/globalgiftsupplier.com\/de\/wp-json\/wp\/v2\/product\/46868","targetHints":{"allow":["GET"]}}],"collection":[{"href":"https:\/\/globalgiftsupplier.com\/de\/wp-json\/wp\/v2\/product"}],"about":[{"href":"https:\/\/globalgiftsupplier.com\/de\/wp-json\/wp\/v2\/types\/product"}],"wp:featuredmedia":[{"embeddable":true,"href":"https:\/\/globalgiftsupplier.com\/de\/wp-json\/wp\/v2\/media\/46869"}],"wp:attachment":[{"href":"https:\/\/globalgiftsupplier.com\/de\/wp-json\/wp\/v2\/media?parent=46868"}],"wp:term":[{"taxonomy":"product_brand","embeddable":true,"href":"https:\/\/globalgiftsupplier.com\/de\/wp-json\/wp\/v2\/product_brand?post=46868"},{"taxonomy":"product_cat","embeddable":true,"href":"https:\/\/globalgiftsupplier.com\/de\/wp-json\/wp\/v2\/product_cat?post=46868"},{"taxonomy":"product_tag","embeddable":true,"href":"https:\/\/globalgiftsupplier.com\/de\/wp-json\/wp\/v2\/product_tag?post=46868"}],"curies":[{"name":"wp","href":"https:\/\/api.w.org\/{rel}","templated":true}]}}