{"id":46821,"date":"2026-02-27T03:47:47","date_gmt":"2026-02-27T03:47:47","guid":{"rendered":"https:\/\/globalgiftsupplier.com\/?post_type=product&#038;p=46821"},"modified":"2026-02-27T03:47:47","modified_gmt":"2026-02-27T03:47:47","slug":"handsfree-bluetooth-knitted-pom-hat-for-smartphone","status":"publish","type":"product","link":"https:\/\/globalgiftsupplier.com\/de\/product\/handsfree-bluetooth-knitted-pom-hat-for-smartphone\/","title":{"rendered":"Bluetooth-Freisprecheinrichtung mit gestrickter Bommelm\u00fctze f\u00fcr Smartphone"},"content":{"rendered":"<p data-start=\"788\" data-end=\"1369\">Diese Bluetooth Pom-M\u00fctze ist aus <strong data-start=\"827\" data-end=\"843\">weiches Acryl<\/strong>, mit robusten ABS-Steuertasten und einem wiederaufladbaren Akku. Es enth\u00e4lt eine <strong data-start=\"920\" data-end=\"955\">USB zu Micro-USB Ladekabel<\/strong>, sowie eine einfach zu bedienende Schnittstelle mit <strong data-start=\"992\" data-end=\"1016\">LED-Anzeigeleuchten<\/strong>. Die Nutzer erhalten etwa <strong data-start=\"1042\" data-end=\"1067\">6-8 Stunden Wiedergabezeit<\/strong> (bei 70% oder geringerer Lautst\u00e4rke). Das Beste von allem, die <strong data-start=\"1111\" data-end=\"1144\">Kopfh\u00f6rermodul ist abnehmbar<\/strong>, So kann der Hut gewaschen werden - ein wichtiges Merkmal, das die Lebensdauer des Produkts und die Kundenzufriedenheit erh\u00f6ht. F\u00fcgen Sie Ihr <strong data-start=\"1256\" data-end=\"1271\">benutzerdefiniertes Logo<\/strong> und verwandeln Sie sie in eine hochgradig bindende <strong data-start=\"1306\" data-end=\"1337\">Winter-Werbegeschenk<\/strong> oder ein einzelhandelsf\u00e4higer Markenartikel.<\/p>\n<hr data-start=\"1371\" data-end=\"1374\" \/>\n<h3 data-start=\"1376\" data-end=\"1405\">Hauptmerkmale und Vorteile<\/h3>\n<p data-start=\"1406\" data-end=\"1568\">\u2705 <strong data-start=\"1408\" data-end=\"1459\">Bluetooth 5.0 + integriertes Mikrofon (Freisprechfunktion)<\/strong><br data-start=\"1459\" data-end=\"1462\" \/>Einfache Verbindung mit Smartphones und Tablets f\u00fcr Musik und Anrufe - ideal f\u00fcr Pendler und Outdoor-Aktivit\u00e4ten.<\/p>\n<p data-start=\"1570\" data-end=\"1696\">\u2705 <strong data-start=\"1572\" data-end=\"1599\">6-8 Stunden Wiedergabedauer<\/strong><br data-start=\"1599\" data-end=\"1602\" \/>Ca. 6-8 Stunden Spielzeit bei ~70% Lautst\u00e4rke (die Ladezeit variiert je nach Ger\u00e4t und Umgebung).<\/p>\n<p data-start=\"1698\" data-end=\"1836\">\u2705 <strong data-start=\"1700\" data-end=\"1745\">Wiederaufladbarer Akku + Micro-USB-Ladefunktion<\/strong><br data-start=\"1745\" data-end=\"1748\" \/>Enth\u00e4lt <strong data-start=\"1757\" data-end=\"1783\">USB-auf-Micro-USB-Kabel<\/strong> und LED-Anzeigeleuchten f\u00fcr benutzerfreundliches Laden.<\/p>\n<p data-start=\"1838\" data-end=\"1994\">\u2705 <strong data-start=\"1840\" data-end=\"1881\">Abnehmbare Kopfh\u00f6rer f\u00fcr einfaches Waschen<\/strong><br data-start=\"1881\" data-end=\"1884\" \/>Das integrierte Kopfh\u00f6rerelement kann entfernt werden, wodurch die M\u00fctze waschbar und wiederverwendbar wird - ideal f\u00fcr den t\u00e4glichen Gebrauch.<\/p>\n<p data-start=\"1996\" data-end=\"2127\">\u2705 <strong data-start=\"1998\" data-end=\"2032\">Warmer Acrylstrick + Pom-Design<\/strong><br data-start=\"2032\" data-end=\"2035\" \/>Weich, bequem und stilvoll f\u00fcr den Winter. Ein praktisches Geschenk, das Kunden tats\u00e4chlich behalten und benutzen.<\/p>\n<p data-start=\"2129\" data-end=\"2298\">\u2705 <strong data-start=\"2131\" data-end=\"2168\">Perfekt f\u00fcr Branding und Werbeaktionen<\/strong><br data-start=\"2168\" data-end=\"2171\" \/>Individuelles Logo erw\u00fcnscht - ideal f\u00fcr Winterkampagnen, Mitarbeitergeschenke und Werbegeschenke, die eine wiederholte Pr\u00e4senz der Marke erzeugen.<\/p>\n<hr data-start=\"2300\" data-end=\"2303\" \/>\n<h3 data-start=\"2305\" data-end=\"2335\">Geeignet f\u00fcr (Einsatzszenarien)<\/h3>\n<p data-start=\"2336\" data-end=\"2385\">Diese <strong data-start=\"2341\" data-end=\"2369\">Bluetooth-Bommelm\u00fctze<\/strong> ist gro\u00dfartig f\u00fcr:<\/p>\n<ul data-start=\"2386\" data-end=\"2638\">\n<li data-start=\"2386\" data-end=\"2431\">\n<p data-start=\"2388\" data-end=\"2431\">Skifahren, Wandern, Laufen, Joggen, Walken<\/p>\n<\/li>\n<li data-start=\"2432\" data-end=\"2475\">\n<p data-start=\"2434\" data-end=\"2475\">Urlaubsreisen, Pendeln, Arbeit im Freien<\/p>\n<\/li>\n<li data-start=\"2476\" data-end=\"2531\">\n<p data-start=\"2478\" data-end=\"2531\">Firmengeschenke, Winterpromotionen, Werbegeschenke f\u00fcr Veranstaltungen<\/p>\n<\/li>\n<li data-start=\"2532\" data-end=\"2584\">\n<p data-start=\"2534\" data-end=\"2584\">Einzelhandelspakete (Winteraccessoires + technische Geschenke)<\/p>\n<\/li>\n<li data-start=\"2585\" data-end=\"2638\">\n<p data-start=\"2587\" data-end=\"2638\">Wertsch\u00e4tzung f\u00fcr Mitarbeiter und Teamuniformen (kalte Jahreszeit)<\/p>\n<\/li>\n<\/ul>\n<hr data-start=\"2640\" data-end=\"2643\" \/>\n<h3 data-start=\"2645\" data-end=\"2665\">Spezifikationen<\/h3>\n<ul data-start=\"2666\" data-end=\"2899\">\n<li data-start=\"2666\" data-end=\"2691\">\n<p data-start=\"2668\" data-end=\"2691\"><strong data-start=\"2668\" data-end=\"2681\">Material:<\/strong> Acryl<\/p>\n<\/li>\n<li data-start=\"2692\" data-end=\"2739\">\n<p data-start=\"2694\" data-end=\"2739\"><strong data-start=\"2694\" data-end=\"2711\">Produktgr\u00f6\u00dfe:<\/strong> <strong data-start=\"2712\" data-end=\"2737\">9.06\u2033 \u00d7 8.27\u2033 \u00d7 0.79\u2033<\/strong><\/p>\n<\/li>\n<li data-start=\"2740\" data-end=\"2788\">\n<p data-start=\"2742\" data-end=\"2788\"><strong data-start=\"2742\" data-end=\"2763\">Verf\u00fcgbare Farben:<\/strong> <strong data-start=\"2764\" data-end=\"2786\">Schwarz, Blau, Braun<\/strong><\/p>\n<\/li>\n<li data-start=\"2789\" data-end=\"2810\">\n<p data-start=\"2791\" data-end=\"2810\"><strong data-start=\"2791\" data-end=\"2802\">Herkunft:<\/strong> China<\/p>\n<\/li>\n<li data-start=\"2833\" data-end=\"2860\">\n<p data-start=\"2835\" data-end=\"2860\"><strong data-start=\"2835\" data-end=\"2854\">Verkauft als Rohlinge:<\/strong> Ja<\/p>\n<\/li>\n<li data-start=\"2861\" data-end=\"2899\">\n<p data-start=\"2863\" data-end=\"2899\"><strong data-start=\"2863\" data-end=\"2893\">Personalisierung m\u00f6glich:<\/strong> Ja<\/p>\n<\/li>\n<\/ul>\n<hr data-start=\"2901\" data-end=\"2904\" \/>\n<h3 data-start=\"2906\" data-end=\"2943\">Personalisierung (Logo &amp; Branding)<\/h3>\n<ul data-start=\"2944\" data-end=\"3103\">\n<li data-start=\"2944\" data-end=\"3017\">\n<p data-start=\"2946\" data-end=\"3017\"><strong data-start=\"2946\" data-end=\"2963\">Logo-Optionen:<\/strong> Benutzerdefiniertes Logo unterst\u00fctzt (Platzierung h\u00e4ngt vom Design ab)<\/p>\n<\/li>\n<li data-start=\"3018\" data-end=\"3103\">\n<p data-start=\"3020\" data-end=\"3103\"><strong data-start=\"3020\" data-end=\"3045\">Gro\u00dfe Branding-Bereiche:<\/strong> Frontplatte \/ Manschettenbereich (beste Sichtbarkeit f\u00fcr Werbegeschenke)<\/p>\n<\/li>\n<\/ul>\n<hr data-start=\"3184\" data-end=\"3187\" \/>\n<h3 data-start=\"3189\" data-end=\"3210\">Produktionszeit<\/h3>\n<ul data-start=\"3211\" data-end=\"3299\">\n<li data-start=\"3211\" data-end=\"3259\">\n<p data-start=\"3213\" data-end=\"3259\"><strong data-start=\"3213\" data-end=\"3237\">Standardproduktion:<\/strong> <strong data-start=\"3238\" data-end=\"3257\">20 Arbeitstage<\/strong><\/p>\n<\/li>\n<li data-start=\"3260\" data-end=\"3299\">\n<p data-start=\"3262\" data-end=\"3299\"><strong data-start=\"3262\" data-end=\"3279\">Eildienst:<\/strong> <strong data-start=\"3280\" data-end=\"3299\">15 Arbeitstage<\/strong><\/p>\n<\/li>\n<\/ul>\n<hr data-start=\"3301\" data-end=\"3304\" \/>\n<h3 data-start=\"3306\" data-end=\"3332\">Verpackung und Versand<\/h3>\n<ul data-start=\"3333\" data-end=\"3442\">\n<li data-start=\"3333\" data-end=\"3369\">\n<p data-start=\"3335\" data-end=\"3369\"><strong data-start=\"3335\" data-end=\"3351\">Karton Pack:<\/strong> <strong data-start=\"3352\" data-end=\"3367\">120 St\u00fcck\/ctn<\/strong><\/p>\n<\/li>\n<li data-start=\"3370\" data-end=\"3403\">\n<p data-start=\"3372\" data-end=\"3403\"><strong data-start=\"3372\" data-end=\"3390\">Gewicht des Kartons:<\/strong> <strong data-start=\"3391\" data-end=\"3401\">33 Pfund<\/strong><\/p>\n<\/li>\n<li data-start=\"3404\" data-end=\"3442\">\n<p data-start=\"3406\" data-end=\"3442\"><strong data-start=\"3406\" data-end=\"3422\">Gr\u00f6\u00dfe des Kartons:<\/strong> <strong data-start=\"3423\" data-end=\"3442\">53 \u00d7 53 \u00d7 46 cm<\/strong><\/p>\n<\/li>\n<\/ul>","protected":false},"excerpt":{"rendered":"<p>Machen Sie winterliche Werbeaktionen unvergesslich mit dieser <strong data-start=\"426\" data-end=\"465\">Bluetooth-Freisprecheinrichtung Strickbommelm\u00fctze<\/strong>-eine warme, modische M\u00fctze mit <strong data-start=\"499\" data-end=\"543\">Kabellose Bluetooth 5.0-Stereo-Kopfh\u00f6rer<\/strong> und eine <strong data-start=\"550\" data-end=\"573\">integriertes Mikrofon<\/strong> f\u00fcr freih\u00e4ndige Anrufe. Sie wurde f\u00fcr Menschen entwickelt, die warm bleiben m\u00f6chten, w\u00e4hrend sie Musik h\u00f6ren, Anrufe entgegennehmen oder bei kaltem Wetter unterwegs sind - perfekt f\u00fcr Outdoor-Arbeiter, Reisende, L\u00e4ufer, Skifahrer und den t\u00e4glichen Gebrauch.<\/p>","protected":false},"featured_media":46822,"template":"","meta":{"_gspb_post_css":""},"product_brand":[],"product_cat":[27,29],"product_tag":[],"class_list":{"0":"post-46821","1":"product","2":"type-product","3":"status-publish","4":"has-post-thumbnail","6":"product_cat-technology","7":"product_cat-apparel","9":"first","10":"instock","11":"shipping-taxable","12":"product-type-simple"},"_links":{"self":[{"href":"https:\/\/globalgiftsupplier.com\/de\/wp-json\/wp\/v2\/product\/46821","targetHints":{"allow":["GET"]}}],"collection":[{"href":"https:\/\/globalgiftsupplier.com\/de\/wp-json\/wp\/v2\/product"}],"about":[{"href":"https:\/\/globalgiftsupplier.com\/de\/wp-json\/wp\/v2\/types\/product"}],"wp:featuredmedia":[{"embeddable":true,"href":"https:\/\/globalgiftsupplier.com\/de\/wp-json\/wp\/v2\/media\/46822"}],"wp:attachment":[{"href":"https:\/\/globalgiftsupplier.com\/de\/wp-json\/wp\/v2\/media?parent=46821"}],"wp:term":[{"taxonomy":"product_brand","embeddable":true,"href":"https:\/\/globalgiftsupplier.com\/de\/wp-json\/wp\/v2\/product_brand?post=46821"},{"taxonomy":"product_cat","embeddable":true,"href":"https:\/\/globalgiftsupplier.com\/de\/wp-json\/wp\/v2\/product_cat?post=46821"},{"taxonomy":"product_tag","embeddable":true,"href":"https:\/\/globalgiftsupplier.com\/de\/wp-json\/wp\/v2\/product_tag?post=46821"}],"curies":[{"name":"wp","href":"https:\/\/api.w.org\/{rel}","templated":true}]}}