{"id":46813,"date":"2026-02-27T03:33:33","date_gmt":"2026-02-27T03:33:33","guid":{"rendered":"https:\/\/globalgiftsupplier.com\/?post_type=product&#038;p=46813"},"modified":"2026-02-27T03:33:33","modified_gmt":"2026-02-27T03:33:33","slug":"wireless-bluetooth-5-0-knit-beanie-hat-warm-hat-custom-logo-winter-beanie-with-built-in-stereo-speakers","status":"publish","type":"product","link":"https:\/\/globalgiftsupplier.com\/de\/product\/wireless-bluetooth-5-0-knit-beanie-hat-warm-hat-custom-logo-winter-beanie-with-built-in-stereo-speakers\/","title":{"rendered":"Drahtlose Bluetooth 5.0 Strickm\u00fctze warme M\u00fctze - Custom Logo Winterm\u00fctze mit eingebauten Stereo-Lautsprechern"},"content":{"rendered":"<p data-start=\"669\" data-end=\"1086\">Die M\u00fctze ist praktisch gestaltet und enth\u00e4lt ein <strong data-start=\"717\" data-end=\"748\">wiederaufladbare Li-Ion-Batterie<\/strong> und <strong data-start=\"753\" data-end=\"796\">Aufladen \u00fcber USB\/Micro-USB (Kabel im Lieferumfang enthalten)<\/strong>. Die <strong data-start=\"802\" data-end=\"840\">abnehmbares Kopfh\u00f6rer-\/Lautsprechermodul<\/strong> kann herausgezogen werden, wenn es Zeit ist, den Hut zu waschen - ein wichtiges Detail, das die Kunden sch\u00e4tzen. F\u00fcgen Sie Ihr <strong data-start=\"935\" data-end=\"962\">individuelles gesticktes Logo<\/strong> um diesen praktischen Winterartikel in ein Premiumprodukt zu verwandeln <strong data-start=\"1013\" data-end=\"1037\">Werbegeschenk<\/strong>, Mitarbeitergeschenk oder einzelhandelsf\u00e4higes Markenprodukt.<\/p>\n<hr data-start=\"1088\" data-end=\"1091\" \/>\n<h3 data-start=\"1093\" data-end=\"1122\">Hauptmerkmale und Vorteile<\/h3>\n<p data-start=\"1123\" data-end=\"1252\">\u2705 <strong data-start=\"1125\" data-end=\"1162\">Bluetooth 5.0 Drahtlose Verbindung<\/strong><br data-start=\"1162\" data-end=\"1165\" \/>Stabile Kopplung mit Smartphones, Tablets und anderen Ger\u00e4ten - ideal f\u00fcr Anrufe und Musik im Winter.<\/p>\n<p data-start=\"1254\" data-end=\"1408\">\u2705 <strong data-start=\"1256\" data-end=\"1297\">Eingebaute Stereo-Lautsprecher (Freisprecheinrichtung)<\/strong><br data-start=\"1297\" data-end=\"1300\" \/>Genie\u00dfen Sie beim Skifahren, Spazierengehen, Joggen, Arbeiten im Freien oder auf Reisen einen klaren Klang - Sie m\u00fcssen Ihr Telefon nicht mehr festhalten.<\/p>\n<p data-start=\"1410\" data-end=\"1561\">\u2705 <strong data-start=\"1412\" data-end=\"1464\">Wiederaufladbarer Li-Ionen-Akku + Micro-USB-Ladefunktion<\/strong><br data-start=\"1464\" data-end=\"1467\" \/>Aufladen \u00fcber USB\/Micro-USB (Ladekabel im Lieferumfang enthalten). Ein zuverl\u00e4ssiges technisches Accessoire f\u00fcr den Winter.<\/p>\n<p data-start=\"1563\" data-end=\"1724\">\u2705 <strong data-start=\"1565\" data-end=\"1606\">Abnehmbare Kopfh\u00f6rer f\u00fcr einfaches Waschen<\/strong><br data-start=\"1606\" data-end=\"1609\" \/>Das Lautsprechermodul l\u00e4sst sich abnehmen, so dass die M\u00fctze gewaschen werden kann - das erh\u00f6ht die Lebensdauer des Produkts und die Kundenzufriedenheit.<\/p>\n<p data-start=\"1726\" data-end=\"1847\">\u2705 <strong data-start=\"1728\" data-end=\"1768\">Warmer Acrylstrick f\u00fcr Winterkomfort<\/strong><br data-start=\"1768\" data-end=\"1771\" \/>Der weiche, kuschelige Strick h\u00e4lt warm und sieht trotzdem modisch aus, so dass man ihn t\u00e4glich tragen kann.<\/p>\n<p data-start=\"1849\" data-end=\"2010\">\u2705 <strong data-start=\"1851\" data-end=\"1889\">Hochwertiges Branding f\u00fcr Werbeaktionen<\/strong><br data-start=\"1889\" data-end=\"1892\" \/>Individuelles Logo erw\u00fcnscht - dies ist ein \u201caufbewahrter und benutzter\u201d Werbeartikel, der die Marke in der kalten Jahreszeit wiederholt pr\u00e4sentiert.<\/p>\n<hr data-start=\"2012\" data-end=\"2015\" \/>\n<h3 data-start=\"2017\" data-end=\"2048\">Ideal f\u00fcr (Einsatzszenarien)<\/h3>\n<p data-start=\"2049\" data-end=\"2104\">Diese <strong data-start=\"2054\" data-end=\"2078\">Bluetooth Beanie-M\u00fctze<\/strong> ist eine gute Wahl f\u00fcr:<\/p>\n<ul data-start=\"2105\" data-end=\"2347\">\n<li data-start=\"2105\" data-end=\"2147\">\n<p data-start=\"2107\" data-end=\"2147\">Winterpromotionen und saisonale Kampagnen<\/p>\n<\/li>\n<li data-start=\"2148\" data-end=\"2191\">\n<p data-start=\"2150\" data-end=\"2191\">Firmengeschenke und Anerkennung f\u00fcr Mitarbeiter<\/p>\n<\/li>\n<li data-start=\"2192\" data-end=\"2238\">\n<p data-start=\"2194\" data-end=\"2238\">Outdoor-Veranstaltungen, Sportvereine, Skiausfl\u00fcge<\/p>\n<\/li>\n<li data-start=\"2239\" data-end=\"2296\">\n<p data-start=\"2241\" data-end=\"2296\">Bau-\/Feldarbeiter, Lieferteams, Pendler<\/p>\n<\/li>\n<li data-start=\"2297\" data-end=\"2347\">\n<p data-start=\"2299\" data-end=\"2347\">Einzelhandelsb\u00fcndel (Winteraccessoires\/Technikgeschenke)<\/p>\n<\/li>\n<\/ul>\n<hr data-start=\"2349\" data-end=\"2352\" \/>\n<h3 data-start=\"2354\" data-end=\"2374\">Spezifikationen<\/h3>\n<ul data-start=\"2375\" data-end=\"2589\">\n<li data-start=\"2375\" data-end=\"2400\">\n<p data-start=\"2377\" data-end=\"2400\"><strong data-start=\"2377\" data-end=\"2390\">Material:<\/strong> Acryl<\/p>\n<\/li>\n<li data-start=\"2401\" data-end=\"2448\">\n<p data-start=\"2403\" data-end=\"2448\"><strong data-start=\"2403\" data-end=\"2420\">Produktgr\u00f6\u00dfe:<\/strong> <strong data-start=\"2421\" data-end=\"2446\">8.66\u2033 \u00d7 8.46\u2033 \u00d7 1.18\u2033<\/strong><\/p>\n<\/li>\n<li data-start=\"2449\" data-end=\"2495\">\n<p data-start=\"2451\" data-end=\"2495\"><strong data-start=\"2451\" data-end=\"2472\">Verf\u00fcgbare Farben:<\/strong> <strong data-start=\"2473\" data-end=\"2493\">Schwarz, Dunkelgrau<\/strong><\/p>\n<\/li>\n<li data-start=\"2496\" data-end=\"2545\">\n<p data-start=\"2498\" data-end=\"2545\"><strong data-start=\"2498\" data-end=\"2515\">Benutzerdefinierte Farbe:<\/strong> Verf\u00fcgbar, <strong data-start=\"2527\" data-end=\"2543\">MOQ 1000 St\u00fcck<\/strong><\/p>\n<\/li>\n<li data-start=\"2546\" data-end=\"2567\">\n<p data-start=\"2548\" data-end=\"2567\"><strong data-start=\"2548\" data-end=\"2559\">Herkunft:<\/strong> China<\/p>\n<\/li>\n<\/ul>\n<hr data-start=\"2591\" data-end=\"2594\" \/>\n<h3 data-start=\"2596\" data-end=\"2633\">Personalisierung (Logo &amp; Branding)<\/h3>\n<ul data-start=\"2634\" data-end=\"2879\">\n<li data-start=\"2634\" data-end=\"2711\">\n<p data-start=\"2636\" data-end=\"2711\"><strong data-start=\"2636\" data-end=\"2655\">Druckverfahren:<\/strong> <strong data-start=\"2656\" data-end=\"2670\">Stickerei<\/strong> (Premium-Look, ideal f\u00fcr Strickm\u00fctzen)<\/p>\n<\/li>\n<li data-start=\"2712\" data-end=\"2742\">\n<p data-start=\"2714\" data-end=\"2742\"><strong data-start=\"2714\" data-end=\"2733\">Impressum Farben:<\/strong> Benutzerdefiniert<\/p>\n<\/li>\n<li data-start=\"2743\" data-end=\"2775\">\n<p data-start=\"2745\" data-end=\"2775\"><strong data-start=\"2745\" data-end=\"2762\">Impressum Gr\u00f6\u00dfe:<\/strong> Kundenspezifisch<\/p>\n<\/li>\n<li data-start=\"2821\" data-end=\"2879\">\n<p data-start=\"2823\" data-end=\"2879\"><strong data-start=\"2823\" data-end=\"2842\">Im Preis inbegriffen:<\/strong> <strong data-start=\"2843\" data-end=\"2877\">1 Farbe, 1 Standort Stickerei<\/strong><\/p>\n<\/li>\n<\/ul>\n<blockquote data-start=\"2881\" data-end=\"2994\">\n<p data-start=\"2883\" data-end=\"2994\">Aufgestickte Logos sehen hochwertig aus und halten l\u00e4nger - ideal f\u00fcr Firmengeschenke und Winter-Werbe-M\u00fctzen.<\/p>\n<\/blockquote>\n<hr data-start=\"2996\" data-end=\"2999\" \/>\n<h3 data-start=\"3001\" data-end=\"3022\">Produktionszeit<\/h3>\n<ul data-start=\"3023\" data-end=\"3111\">\n<li data-start=\"3023\" data-end=\"3071\">\n<p data-start=\"3025\" data-end=\"3071\"><strong data-start=\"3025\" data-end=\"3049\">Standardproduktion:<\/strong> <strong data-start=\"3050\" data-end=\"3069\">30 Arbeitstage<\/strong><\/p>\n<\/li>\n<li data-start=\"3072\" data-end=\"3111\">\n<p data-start=\"3074\" data-end=\"3111\"><strong data-start=\"3074\" data-end=\"3091\">Eildienst:<\/strong> <strong data-start=\"3092\" data-end=\"3111\">25 Arbeitstage<\/strong><\/p>\n<\/li>\n<\/ul>\n<hr data-start=\"3113\" data-end=\"3116\" \/>\n<h3 data-start=\"3118\" data-end=\"3144\">Verpackung und Versand<\/h3>\n<ul data-start=\"3145\" data-end=\"3390\">\n<li data-start=\"3145\" data-end=\"3211\">\n<p data-start=\"3147\" data-end=\"3211\"><strong data-start=\"3147\" data-end=\"3172\">Einzelverpackung:<\/strong> OPP-Tasche <strong data-start=\"3181\" data-end=\"3199\">21 \u00d7 22 \u00d7 3 cm<\/strong>, <strong data-start=\"3201\" data-end=\"3209\">104g<\/strong><\/p>\n<\/li>\n<li data-start=\"3212\" data-end=\"3248\">\n<p data-start=\"3214\" data-end=\"3248\"><strong data-start=\"3214\" data-end=\"3230\">Karton Pack:<\/strong> <strong data-start=\"3231\" data-end=\"3246\">150 St\u00fcck\/Ktn<\/strong><\/p>\n<\/li>\n<li data-start=\"3249\" data-end=\"3293\">\n<p data-start=\"3251\" data-end=\"3293\"><strong data-start=\"3251\" data-end=\"3267\">Gr\u00f6\u00dfe des Kartons:<\/strong> <strong data-start=\"3268\" data-end=\"3291\">52,5 \u00d7 51,5 \u00d7 44 cm<\/strong><\/p>\n<\/li>\n<li data-start=\"3294\" data-end=\"3326\">\n<p data-start=\"3296\" data-end=\"3326\"><strong data-start=\"3296\" data-end=\"3314\">Gewicht des Kartons:<\/strong> <strong data-start=\"3315\" data-end=\"3324\">17 kg<\/strong><\/p>\n<\/li>\n<\/ul>","protected":false},"excerpt":{"rendered":"<p>Halten Sie sich warm und bleiben Sie bei kaltem Wetter in Verbindung mit diesem <strong data-start=\"408\" data-end=\"450\">Drahtlose Bluetooth 5.0-Strickm\u00fctze<\/strong>. Hergestellt aus <strong data-start=\"462\" data-end=\"486\">hochwertiges Acryl<\/strong>, Diese warme M\u00fctze hat folgende Eigenschaften <strong data-start=\"514\" data-end=\"542\">eingebaute Stereolautsprecher<\/strong> So k\u00f6nnen Benutzer Musik genie\u00dfen und Anrufe freih\u00e4ndig entgegennehmen - perfekt f\u00fcr den Pendlerverkehr im Winter, Outdoor-Aktivit\u00e4ten und das t\u00e4gliche Tragen.<\/p>","protected":false},"featured_media":46814,"template":"","meta":{"_gspb_post_css":""},"product_brand":[],"product_cat":[29,27],"product_tag":[],"class_list":{"0":"post-46813","1":"product","2":"type-product","3":"status-publish","4":"has-post-thumbnail","6":"product_cat-apparel","7":"product_cat-technology","9":"first","10":"instock","11":"shipping-taxable","12":"product-type-simple"},"_links":{"self":[{"href":"https:\/\/globalgiftsupplier.com\/de\/wp-json\/wp\/v2\/product\/46813","targetHints":{"allow":["GET"]}}],"collection":[{"href":"https:\/\/globalgiftsupplier.com\/de\/wp-json\/wp\/v2\/product"}],"about":[{"href":"https:\/\/globalgiftsupplier.com\/de\/wp-json\/wp\/v2\/types\/product"}],"wp:featuredmedia":[{"embeddable":true,"href":"https:\/\/globalgiftsupplier.com\/de\/wp-json\/wp\/v2\/media\/46814"}],"wp:attachment":[{"href":"https:\/\/globalgiftsupplier.com\/de\/wp-json\/wp\/v2\/media?parent=46813"}],"wp:term":[{"taxonomy":"product_brand","embeddable":true,"href":"https:\/\/globalgiftsupplier.com\/de\/wp-json\/wp\/v2\/product_brand?post=46813"},{"taxonomy":"product_cat","embeddable":true,"href":"https:\/\/globalgiftsupplier.com\/de\/wp-json\/wp\/v2\/product_cat?post=46813"},{"taxonomy":"product_tag","embeddable":true,"href":"https:\/\/globalgiftsupplier.com\/de\/wp-json\/wp\/v2\/product_tag?post=46813"}],"curies":[{"name":"wp","href":"https:\/\/api.w.org\/{rel}","templated":true}]}}