{"id":46809,"date":"2026-02-27T03:20:01","date_gmt":"2026-02-27T03:20:01","guid":{"rendered":"https:\/\/globalgiftsupplier.com\/?post_type=product&#038;p=46809"},"modified":"2026-02-27T03:20:01","modified_gmt":"2026-02-27T03:20:01","slug":"ankle-leg-foot-pedal-puller","status":"publish","type":"product","link":"https:\/\/globalgiftsupplier.com\/de\/product\/ankle-leg-foot-pedal-puller\/","title":{"rendered":"Kn\u00f6chel-Bein-Fu\u00df-Pedal-Zieher"},"content":{"rendered":"<p data-start=\"688\" data-end=\"1190\">Mit einer maximalen Streckl\u00e4nge von <strong data-start=\"721\" data-end=\"730\">47.2\u2033<\/strong>, Dieses Pedalzugseil bietet einen praktischen Widerstandsbereich f\u00fcr <strong data-start=\"795\" data-end=\"900\">Yoga, Pilates, Aufw\u00e4rm\u00fcbungen, Dehn\u00fcbungen, Aktivierung der Ges\u00e4\u00dfmuskulatur, \u00dcbungen f\u00fcr den Tag der Beine und Bewegungen zur Formung der K\u00f6rpermitte<\/strong>. Er ist leicht und einfach zu verstauen und damit ideal f\u00fcr <strong data-start=\"958\" data-end=\"1014\">Zuhause, im B\u00fcro, in Hotelzimmern oder in privaten Au\u00dfenbereichen<\/strong>. F\u00fcgen Sie Ihr individuelles Logo hinzu und erstellen Sie eine <strong data-start=\"1062\" data-end=\"1086\">Werbegeschenk<\/strong> die tats\u00e4chlich genutzt werden - ideal f\u00fcr Wellness-Kampagnen, Fitness-Events und Gesundheitsprogramme in Unternehmen.<\/p>\n<hr data-start=\"1192\" data-end=\"1195\" \/>\n<h3 data-start=\"1197\" data-end=\"1226\">Hauptmerkmale und Vorteile<\/h3>\n<p data-start=\"1227\" data-end=\"1379\">\u2705 <strong data-start=\"1229\" data-end=\"1274\">Komfortable Schaumstoffgriffe (Anti-Rutsch-Griff)<\/strong><br data-start=\"1274\" data-end=\"1277\" \/>Die weichen Schaumstoffgriffe verringern die Erm\u00fcdung der H\u00e4nde und verbessern die Kontrolle beim Ziehen, Dehnen und Trainieren.<\/p>\n<p data-start=\"1381\" data-end=\"1552\">\u2705 <strong data-start=\"1383\" data-end=\"1421\">Hochelastischer Latexschlauch Best\u00e4ndigkeit<\/strong><br data-start=\"1421\" data-end=\"1424\" \/>Hergestellt mit <strong data-start=\"1434\" data-end=\"1471\">Elastischer Latex-TPE-Schlauch + NBR-Schaum<\/strong>, und bietet einen flexiblen und dennoch stabilen Widerstand f\u00fcr das t\u00e4gliche Training und den langfristigen Gebrauch.<\/p>\n<p data-start=\"1554\" data-end=\"1725\">\u2705 <strong data-start=\"1556\" data-end=\"1604\">4-Rohr-Design f\u00fcr bessere Spannung und Stabilit\u00e4t<\/strong><br data-start=\"1604\" data-end=\"1607\" \/>Eigenschaften <strong data-start=\"1616\" data-end=\"1636\">4 Zugseile<\/strong>, mit h\u00f6herer Zugfestigkeit und verbesserter Elastizit\u00e4t - ideal f\u00fcr best\u00e4ndiges Training.<\/p>\n<p data-start=\"1727\" data-end=\"1898\">\u2705 <strong data-start=\"1729\" data-end=\"1779\">Geschmeidige Bewegung f\u00fcr Core- und Sculpting-\u00dcbungen<\/strong><br data-start=\"1779\" data-end=\"1782\" \/>Entwickelt, um kontrollierte Zug- und Loslassbewegungen zu unterst\u00fctzen und so das Einklemmen der Haut w\u00e4hrend des Trainings zu reduzieren.<\/p>\n<p data-start=\"1900\" data-end=\"2060\">\u2705 <strong data-start=\"1902\" data-end=\"1949\">Tragbares Fitnessger\u00e4t f\u00fcr das Training an jedem Ort<\/strong><br data-start=\"1949\" data-end=\"1952\" \/>Perfekt f\u00fcr das Fitnessstudio zu Hause, Pausen im B\u00fcro, Workouts auf Reisen und Wellness-Routinen - leicht zu transportieren und einfach zu bedienen.<\/p>\n<p data-start=\"2062\" data-end=\"2221\">\u2705 <strong data-start=\"2064\" data-end=\"2104\">Individuelles Logo Werbegeschenk f\u00fcr Fitness<\/strong><br data-start=\"2104\" data-end=\"2107\" \/>F\u00fcgen Sie Ihr Logo hinzu f\u00fcr einen Markenartikel, der zu Ihnen passt <strong data-start=\"2150\" data-end=\"2182\">Gesundheits- und Wellness-Aktionen<\/strong>, Fitnessstudio-Kampagnen und Firmengeschenke.<\/p>\n<hr data-start=\"2223\" data-end=\"2226\" \/>\n<h3 data-start=\"2228\" data-end=\"2263\">Empfohlene Verwendungszwecke (SEO-freundlich)<\/h3>\n<p data-start=\"2264\" data-end=\"2310\">Diese <strong data-start=\"2269\" data-end=\"2294\">Pedal-Widerstandsband<\/strong> ist ideal f\u00fcr:<\/p>\n<ul data-start=\"2311\" data-end=\"2506\">\n<li data-start=\"2311\" data-end=\"2344\">\n<p data-start=\"2313\" data-end=\"2344\"><strong data-start=\"2313\" data-end=\"2342\">Yoga &amp; Pilates Stretching<\/strong><\/p>\n<\/li>\n<li data-start=\"2345\" data-end=\"2381\">\n<p data-start=\"2347\" data-end=\"2381\"><strong data-start=\"2347\" data-end=\"2379\">Beintag und Ges\u00e4\u00dfaktivierung<\/strong><\/p>\n<\/li>\n<li data-start=\"2382\" data-end=\"2422\">\n<p data-start=\"2384\" data-end=\"2422\"><strong data-start=\"2384\" data-end=\"2420\">Taillenstraffung &amp; Core-Training<\/strong><\/p>\n<\/li>\n<li data-start=\"2423\" data-end=\"2465\">\n<p data-start=\"2425\" data-end=\"2465\"><strong data-start=\"2425\" data-end=\"2463\">Tonisierung der Arme und Entspannung der Schultern<\/strong><\/p>\n<\/li>\n<li data-start=\"2466\" data-end=\"2506\">\n<p data-start=\"2468\" data-end=\"2506\"><strong data-start=\"2468\" data-end=\"2504\">Aufw\u00e4rmen und Beweglichkeitstraining<\/strong><\/p>\n<\/li>\n<\/ul>\n<blockquote data-start=\"2508\" data-end=\"2601\">\n<p data-start=\"2510\" data-end=\"2601\">Ideal f\u00fcr Anf\u00e4nger, Heimfitness-Anwender und alle, die ein einfaches Ger\u00e4t f\u00fcr das t\u00e4gliche Training suchen.<\/p>\n<\/blockquote>\n<hr data-start=\"2603\" data-end=\"2606\" \/>\n<h3 data-start=\"2608\" data-end=\"2628\">Spezifikationen<\/h3>\n<ul data-start=\"2629\" data-end=\"2862\">\n<li data-start=\"2629\" data-end=\"2669\">\n<p data-start=\"2631\" data-end=\"2669\"><strong data-start=\"2631\" data-end=\"2648\">Produktgr\u00f6\u00dfe:<\/strong> <strong data-start=\"2649\" data-end=\"2667\">9.84\u2033 \u00d7 16.14\u2033<\/strong><\/p>\n<\/li>\n<li data-start=\"2670\" data-end=\"2707\">\n<p data-start=\"2672\" data-end=\"2707\"><strong data-start=\"2672\" data-end=\"2695\">Maximale Dehnungsl\u00e4nge:<\/strong> <strong data-start=\"2696\" data-end=\"2705\">47.2\u2033<\/strong><\/p>\n<\/li>\n<li data-start=\"2708\" data-end=\"2764\">\n<p data-start=\"2710\" data-end=\"2764\"><strong data-start=\"2710\" data-end=\"2724\">Materialien:<\/strong> <strong data-start=\"2725\" data-end=\"2762\">Elastischer Latex-TPE-Schlauch + NBR-Schaum<\/strong><\/p>\n<\/li>\n<li data-start=\"2765\" data-end=\"2818\">\n<p data-start=\"2767\" data-end=\"2818\"><strong data-start=\"2767\" data-end=\"2788\">Verf\u00fcgbare Farben:<\/strong> <strong data-start=\"2789\" data-end=\"2816\">Lila, Rot, Blau, Rosa<\/strong><\/p>\n<\/li>\n<li data-start=\"2819\" data-end=\"2840\">\n<p data-start=\"2821\" data-end=\"2840\"><strong data-start=\"2821\" data-end=\"2832\">Herkunft:<\/strong> China<\/p>\n<\/li>\n<\/ul>\n<hr data-start=\"2864\" data-end=\"2867\" \/>\n<h3 data-start=\"2869\" data-end=\"2890\">Produktionszeit<\/h3>\n<ul data-start=\"2891\" data-end=\"2979\">\n<li data-start=\"2891\" data-end=\"2939\">\n<p data-start=\"2893\" data-end=\"2939\"><strong data-start=\"2893\" data-end=\"2917\">Standardproduktion:<\/strong> <strong data-start=\"2918\" data-end=\"2937\">25 Arbeitstage<\/strong><\/p>\n<\/li>\n<li data-start=\"2940\" data-end=\"2979\">\n<p data-start=\"2942\" data-end=\"2979\"><strong data-start=\"2942\" data-end=\"2959\">Eildienst:<\/strong> <strong data-start=\"2960\" data-end=\"2979\">18 Arbeitstage<\/strong><\/p>\n<\/li>\n<\/ul>\n<hr data-start=\"2981\" data-end=\"2984\" \/>\n<h3 data-start=\"2986\" data-end=\"3026\">Warum es als Werbegeschenk funktioniert<\/h3>\n<p data-start=\"3027\" data-end=\"3229\">Fitnessartikel sind Werbemittel mit hohem Erinnerungswert - die Leute behalten sie, verwenden sie wieder und sehen Ihr Logo immer wieder. Dieser Pedalabzieher ist praktisch, kosteng\u00fcnstig und einfach zu verteilen, wodurch er ideal f\u00fcr:<\/p>\n<ul data-start=\"3230\" data-end=\"3378\">\n<li data-start=\"3230\" data-end=\"3264\">\n<p data-start=\"3232\" data-end=\"3264\">Wellness-Initiativen in Unternehmen<\/p>\n<\/li>\n<li data-start=\"3265\" data-end=\"3292\">\n<p data-start=\"3267\" data-end=\"3292\">Angebote f\u00fcr Fitnessstudios \/ Studios<\/p>\n<\/li>\n<li data-start=\"3293\" data-end=\"3313\">\n<p data-start=\"3295\" data-end=\"3313\">Gesundheitskampagnen<\/p>\n<\/li>\n<li data-start=\"3314\" data-end=\"3343\">\n<p data-start=\"3316\" data-end=\"3343\">Sportveranstaltungen &amp; Werbegeschenke<\/p>\n<\/li>\n<li data-start=\"3344\" data-end=\"3378\">\n<p data-start=\"3346\" data-end=\"3378\">Fachmessen und Mitarbeitergeschenke<\/p>\n<\/li>\n<\/ul>","protected":false},"excerpt":{"rendered":"<p>Verbessern Sie Ihr Training zu Hause mit diesem <strong data-start=\"342\" data-end=\"373\">Kn\u00f6chel-Bein-Fu\u00df-Pedal-Abzieher<\/strong>-ein kompaktes, einsteigerfreundliches <strong data-start=\"403\" data-end=\"428\">Pedal-Widerstandsband<\/strong> Gebrauch: F\u00fcr das Ganzk\u00f6rpertraining, Stretching und das t\u00e4gliche Fitnesstraining. Gebaut mit <strong data-start=\"511\" data-end=\"551\">hochwertige, umweltfreundliche Schaumstoff-Griffe<\/strong> und <strong data-start=\"556\" data-end=\"586\">hochelastische Latexschl\u00e4uche<\/strong>, Er bietet eine komfortable Handhabung, einen geschmeidigen Widerstand und eine verl\u00e4ssliche Haltbarkeit f\u00fcr den wiederholten Einsatz.<\/p>","protected":false},"featured_media":46810,"template":"","meta":{"_gspb_post_css":""},"product_brand":[],"product_cat":[33],"product_tag":[],"class_list":{"0":"post-46809","1":"product","2":"type-product","3":"status-publish","4":"has-post-thumbnail","6":"product_cat-sports-outdoor","8":"first","9":"instock","10":"shipping-taxable","11":"product-type-simple"},"_links":{"self":[{"href":"https:\/\/globalgiftsupplier.com\/de\/wp-json\/wp\/v2\/product\/46809","targetHints":{"allow":["GET"]}}],"collection":[{"href":"https:\/\/globalgiftsupplier.com\/de\/wp-json\/wp\/v2\/product"}],"about":[{"href":"https:\/\/globalgiftsupplier.com\/de\/wp-json\/wp\/v2\/types\/product"}],"wp:featuredmedia":[{"embeddable":true,"href":"https:\/\/globalgiftsupplier.com\/de\/wp-json\/wp\/v2\/media\/46810"}],"wp:attachment":[{"href":"https:\/\/globalgiftsupplier.com\/de\/wp-json\/wp\/v2\/media?parent=46809"}],"wp:term":[{"taxonomy":"product_brand","embeddable":true,"href":"https:\/\/globalgiftsupplier.com\/de\/wp-json\/wp\/v2\/product_brand?post=46809"},{"taxonomy":"product_cat","embeddable":true,"href":"https:\/\/globalgiftsupplier.com\/de\/wp-json\/wp\/v2\/product_cat?post=46809"},{"taxonomy":"product_tag","embeddable":true,"href":"https:\/\/globalgiftsupplier.com\/de\/wp-json\/wp\/v2\/product_tag?post=46809"}],"curies":[{"name":"wp","href":"https:\/\/api.w.org\/{rel}","templated":true}]}}