{"id":46801,"date":"2026-02-27T03:08:50","date_gmt":"2026-02-27T03:08:50","guid":{"rendered":"https:\/\/globalgiftsupplier.com\/?post_type=product&#038;p=46801"},"modified":"2026-02-27T03:09:44","modified_gmt":"2026-02-27T03:09:44","slug":"knit-led-bluetooth-beanie-hat","status":"publish","type":"product","link":"https:\/\/globalgiftsupplier.com\/de\/product\/knit-led-bluetooth-beanie-hat\/","title":{"rendered":"LED-Bluetooth-Beanie-M\u00fctze stricken"},"content":{"rendered":"<ul data-start=\"741\" data-end=\"1296\">\n<li data-start=\"741\" data-end=\"858\">\n<p data-start=\"743\" data-end=\"858\"><strong data-start=\"743\" data-end=\"775\">Bluetooth 5.0 Drahtloses Audio<\/strong>: Stabile Verbindung mit einem Arbeitsbereich von bis zu <strong data-start=\"822\" data-end=\"829\">15m<\/strong> f\u00fcr Musik und Telefongespr\u00e4che.<\/p>\n<\/li>\n<li data-start=\"859\" data-end=\"974\">\n<p data-start=\"861\" data-end=\"885\"><strong data-start=\"861\" data-end=\"882\">3 LED-Licht-Modi<\/strong>:<\/p>\n<ul data-start=\"888\" data-end=\"974\">\n<li data-start=\"888\" data-end=\"910\">\n<p data-start=\"890\" data-end=\"910\"><strong data-start=\"890\" data-end=\"908\">50% Helligkeit<\/strong><\/p>\n<\/li>\n<li data-start=\"913\" data-end=\"936\">\n<p data-start=\"915\" data-end=\"936\"><strong data-start=\"915\" data-end=\"934\">100% Helligkeit<\/strong><\/p>\n<\/li>\n<li data-start=\"939\" data-end=\"974\">\n<p data-start=\"941\" data-end=\"974\"><strong data-start=\"941\" data-end=\"972\">Rote und blaue Notbeleuchtung<\/strong><\/p>\n<\/li>\n<\/ul>\n<\/li>\n<li data-start=\"975\" data-end=\"1066\">\n<p data-start=\"977\" data-end=\"1066\"><strong data-start=\"977\" data-end=\"1004\">Warm &amp; bequem gestrickt<\/strong>: Soft <strong data-start=\"1011\" data-end=\"1022\">Acryl<\/strong> Das Gestrick h\u00e4lt die W\u00e4rme bei kaltem Wetter zur\u00fcck.<\/p>\n<\/li>\n<li data-start=\"1067\" data-end=\"1180\">\n<p data-start=\"1069\" data-end=\"1180\"><strong data-start=\"1069\" data-end=\"1091\">Gro\u00dfartig f\u00fcr Branding<\/strong>: F\u00fcgen Sie Ihr Logo hinzu und erstellen Sie eine <strong data-start=\"1119\" data-end=\"1144\">Premium Custom Beanie<\/strong> die die t\u00e4gliche Pr\u00e4senz der Marke f\u00f6rdert.<\/p>\n<\/li>\n<li data-start=\"1181\" data-end=\"1296\">\n<p data-start=\"1183\" data-end=\"1296\"><strong data-start=\"1183\" data-end=\"1211\">Perfektes Werbegeschenk<\/strong>: Beliebt f\u00fcr Winterpromotionen, Outdoor-Veranstaltungen, Sicherheitsprogramme und Zusatzprodukte f\u00fcr den Einzelhandel.<\/p>\n<\/li>\n<\/ul>\n<h3 data-start=\"1298\" data-end=\"1320\"><strong data-start=\"1302\" data-end=\"1320\">Spezifikationen<\/strong><\/h3>\n<ul data-start=\"1321\" data-end=\"1493\">\n<li data-start=\"1321\" data-end=\"1346\">\n<p data-start=\"1323\" data-end=\"1346\"><strong data-start=\"1323\" data-end=\"1336\">Material:<\/strong> Acryl<\/p>\n<\/li>\n<li data-start=\"1347\" data-end=\"1390\">\n<p data-start=\"1349\" data-end=\"1390\"><strong data-start=\"1349\" data-end=\"1366\">Produktgr\u00f6\u00dfe:<\/strong> 7.68\u2033 \u00d7 8.66\u2033 \u00d7 7.87\u2033<\/p>\n<\/li>\n<li data-start=\"1391\" data-end=\"1422\">\n<p data-start=\"1393\" data-end=\"1422\"><strong data-start=\"1393\" data-end=\"1414\">Verf\u00fcgbare Farben:<\/strong> Schwarz<\/p>\n<\/li>\n<li data-start=\"1423\" data-end=\"1473\">\n<p data-start=\"1425\" data-end=\"1473\"><strong data-start=\"1425\" data-end=\"1442\">Benutzerdefinierte Farbe:<\/strong> Verf\u00fcgbar (MOQ <strong data-start=\"1458\" data-end=\"1470\">5000 St\u00fcck<\/strong>)<\/p>\n<\/li>\n<li data-start=\"1474\" data-end=\"1493\">\n<p data-start=\"1476\" data-end=\"1493\"><strong data-start=\"1476\" data-end=\"1487\">Herkunft:<\/strong> China<\/p>\n<\/li>\n<\/ul>\n<h3 data-start=\"1495\" data-end=\"1526\"><strong data-start=\"1499\" data-end=\"1526\">Personalisierung &amp; Impressum<\/strong><\/h3>\n<ul data-start=\"1527\" data-end=\"1670\">\n<li data-start=\"1527\" data-end=\"1565\">\n<p data-start=\"1529\" data-end=\"1565\"><strong data-start=\"1529\" data-end=\"1548\">Druckverfahren:<\/strong> <strong data-start=\"1549\" data-end=\"1563\">Stickerei<\/strong><\/p>\n<\/li>\n<li data-start=\"1566\" data-end=\"1604\">\n<p data-start=\"1568\" data-end=\"1604\"><strong data-start=\"1568\" data-end=\"1598\">Personalisierung m\u00f6glich:<\/strong> Ja<\/p>\n<\/li>\n<li data-start=\"1605\" data-end=\"1632\">\n<p data-start=\"1607\" data-end=\"1632\"><strong data-start=\"1607\" data-end=\"1626\">Verkauft als Rohlinge:<\/strong> Ja<\/p>\n<\/li>\n<li data-start=\"1633\" data-end=\"1670\">\n<p data-start=\"1635\" data-end=\"1670\"><strong data-start=\"1635\" data-end=\"1658\">Vier-Farben-Verfahren:<\/strong> Verf\u00fcgbar<\/p>\n<\/li>\n<\/ul>\n<blockquote data-start=\"1671\" data-end=\"1785\">\n<p data-start=\"1673\" data-end=\"1785\">Tipp: Gestickte Logos sehen hochwertig aus und sind ideal f\u00fcr Winterm\u00fctzen - ideal f\u00fcr Firmengeschenke und Markenkampagnen.<\/p>\n<\/blockquote>\n<h3 data-start=\"1787\" data-end=\"1820\"><strong data-start=\"1791\" data-end=\"1820\">Produktion &amp; Eildienst<\/strong><\/h3>\n<ul data-start=\"1821\" data-end=\"1914\">\n<li data-start=\"1821\" data-end=\"1874\">\n<p data-start=\"1823\" data-end=\"1874\"><strong data-start=\"1823\" data-end=\"1852\">Standard-Produktionszeit:<\/strong> <strong data-start=\"1853\" data-end=\"1872\">30 Arbeitstage<\/strong><\/p>\n<\/li>\n<li data-start=\"1875\" data-end=\"1914\">\n<p data-start=\"1877\" data-end=\"1914\"><strong data-start=\"1877\" data-end=\"1894\">Eildienst:<\/strong> <strong data-start=\"1895\" data-end=\"1914\">25 Arbeitstage<\/strong><\/p>\n<\/li>\n<\/ul>\n<h3 data-start=\"1916\" data-end=\"1944\"><strong data-start=\"1920\" data-end=\"1944\">Verpackung und Versand<\/strong><\/h3>\n<ul data-start=\"1945\" data-end=\"2058\">\n<li data-start=\"1945\" data-end=\"1997\">\n<p data-start=\"1947\" data-end=\"1997\"><strong data-start=\"1947\" data-end=\"1971\">Karton Menge \/ Gewicht:<\/strong> <strong data-start=\"1972\" data-end=\"1995\">120 St\u00fcck\/ctn, 40 lbs<\/strong><\/p>\n<\/li>\n<li data-start=\"1998\" data-end=\"2038\">\n<p data-start=\"2000\" data-end=\"2038\"><strong data-start=\"2000\" data-end=\"2016\">Gr\u00f6\u00dfe des Kartons:<\/strong> <strong data-start=\"2017\" data-end=\"2036\">53 \u00d7 52 \u00d7 44 cm<\/strong><\/p>\n<\/li>\n<\/ul>\n<h3 data-start=\"2060\" data-end=\"2076\"><strong data-start=\"2064\" data-end=\"2076\">Am besten f\u00fcr<\/strong><\/h3>\n<p data-start=\"2077\" data-end=\"2233\">Winterpromotions, Outdoor-Events, Mitarbeitergeschenke, Messen, Markengeschenke, Sport- und Outdoor-Kampagnen, Sicherheits-\/Sichtbarkeitsprogramme und Einzelhandelspakete.<\/p>","protected":false},"excerpt":{"rendered":"<p>Halten Sie sich warm, bleiben Sie in Verbindung, und leuchten Sie den Weg - diese <strong data-start=\"344\" data-end=\"395\">Bluetooth 5.0-Strickm\u00fctze mit LED-Licht<\/strong> ist ein praktisches und auff\u00e4lliges Werbegeschenk f\u00fcr Winterveranstaltungen, Outdoor-Kampagnen und saisonale Firmengeschenke. Ausgestattet mit <strong data-start=\"529\" data-end=\"561\">integrierte drahtlose Kopfh\u00f6rer<\/strong> und <strong data-start=\"566\" data-end=\"590\">3 LED-Beleuchtungsmodi<\/strong>, Mit dieser Funktion k\u00f6nnen Benutzer Musik h\u00f6ren oder Anrufe freih\u00e4ndig entgegennehmen, w\u00e4hrend sie bei Nachtspazierg\u00e4ngen, im Berufsverkehr oder bei Outdoor-Aktivit\u00e4ten sichtbar bleiben.<\/p>","protected":false},"featured_media":46802,"template":"","meta":{"_gspb_post_css":""},"product_brand":[],"product_cat":[29],"product_tag":[],"class_list":{"0":"post-46801","1":"product","2":"type-product","3":"status-publish","4":"has-post-thumbnail","6":"product_cat-apparel","8":"first","9":"instock","10":"shipping-taxable","11":"product-type-simple"},"_links":{"self":[{"href":"https:\/\/globalgiftsupplier.com\/de\/wp-json\/wp\/v2\/product\/46801","targetHints":{"allow":["GET"]}}],"collection":[{"href":"https:\/\/globalgiftsupplier.com\/de\/wp-json\/wp\/v2\/product"}],"about":[{"href":"https:\/\/globalgiftsupplier.com\/de\/wp-json\/wp\/v2\/types\/product"}],"wp:featuredmedia":[{"embeddable":true,"href":"https:\/\/globalgiftsupplier.com\/de\/wp-json\/wp\/v2\/media\/46802"}],"wp:attachment":[{"href":"https:\/\/globalgiftsupplier.com\/de\/wp-json\/wp\/v2\/media?parent=46801"}],"wp:term":[{"taxonomy":"product_brand","embeddable":true,"href":"https:\/\/globalgiftsupplier.com\/de\/wp-json\/wp\/v2\/product_brand?post=46801"},{"taxonomy":"product_cat","embeddable":true,"href":"https:\/\/globalgiftsupplier.com\/de\/wp-json\/wp\/v2\/product_cat?post=46801"},{"taxonomy":"product_tag","embeddable":true,"href":"https:\/\/globalgiftsupplier.com\/de\/wp-json\/wp\/v2\/product_tag?post=46801"}],"curies":[{"name":"wp","href":"https:\/\/api.w.org\/{rel}","templated":true}]}}