{"id":46780,"date":"2026-02-25T09:42:15","date_gmt":"2026-02-25T09:42:15","guid":{"rendered":"https:\/\/globalgiftsupplier.com\/?post_type=product&#038;p=46780"},"modified":"2026-02-25T09:42:15","modified_gmt":"2026-02-25T09:42:15","slug":"5pcs-multi-color-latex-exercise-long-resistance-loop-bands","status":"publish","type":"product","link":"https:\/\/globalgiftsupplier.com\/de\/product\/5pcs-multi-color-latex-exercise-long-resistance-loop-bands\/","title":{"rendered":"5pcs Multi-Color Latex \u00dcbung lange Widerstand Loop Bands"},"content":{"rendered":"<p data-start=\"912\" data-end=\"1307\">Jeder Band in diesem Set ist <strong data-start=\"937\" data-end=\"973\">12 Zoll lang und 2 Zoll breit<\/strong>, mit Widerstandsniveaus, die von <strong data-start=\"1011\" data-end=\"1022\">5-40lbs<\/strong>. Ganz gleich, ob Sie Ihre Beine, Ges\u00e4\u00dfmuskeln oder Arme trainieren m\u00f6chten, dieses Set ist f\u00fcr alle Ihre Fitnessziele geeignet. Diese Widerstandsb\u00e4nder sind tragbar, leicht und werden mit einer Tragetasche f\u00fcr einfache Aufbewahrung und Transport geliefert, was sie ideal f\u00fcr das Training zu Hause und unterwegs macht.<\/p>\n<p data-start=\"1309\" data-end=\"1460\">F\u00fcgen Sie Ihr <strong data-start=\"1318\" data-end=\"1334\">Firmenlogo<\/strong> zu den B\u00e4ndern oder der Aufbewahrungstasche f\u00fcr ein einzigartiges Werbegeschenk, das die Sichtbarkeit der Marke erh\u00f6ht und gleichzeitig die Fitness f\u00f6rdert.<\/p>\n<h4 data-start=\"1462\" data-end=\"1484\"><strong data-start=\"1467\" data-end=\"1484\">Wesentliche Merkmale:<\/strong><\/h4>\n<ul data-start=\"1485\" data-end=\"2269\">\n<li data-start=\"1485\" data-end=\"1725\">\n<p data-start=\"1487\" data-end=\"1567\"><strong data-start=\"1487\" data-end=\"1519\">Vielseitige Widerstandsstufen:<\/strong> Enth\u00e4lt f\u00fcnf B\u00e4nder mit unterschiedlichen Widerst\u00e4nden:<\/p>\n<ul data-start=\"1570\" data-end=\"1725\">\n<li data-start=\"1570\" data-end=\"1599\">\n<p data-start=\"1572\" data-end=\"1599\"><strong data-start=\"1572\" data-end=\"1582\">Gr\u00fcn:<\/strong> 0,35mm (5-10lbs)<\/p>\n<\/li>\n<li data-start=\"1602\" data-end=\"1630\">\n<p data-start=\"1604\" data-end=\"1630\"><strong data-start=\"1604\" data-end=\"1613\">Blau:<\/strong> 0,5 mm (10-15 lbs)<\/p>\n<\/li>\n<li data-start=\"1633\" data-end=\"1663\">\n<p data-start=\"1635\" data-end=\"1663\"><strong data-start=\"1635\" data-end=\"1646\">Gelb:<\/strong> 0,7mm (15-20lbs)<\/p>\n<\/li>\n<li data-start=\"1666\" data-end=\"1693\">\n<p data-start=\"1668\" data-end=\"1693\"><strong data-start=\"1668\" data-end=\"1676\">Rot:<\/strong> 0,9mm (20-30lbs)<\/p>\n<\/li>\n<li data-start=\"1696\" data-end=\"1725\">\n<p data-start=\"1698\" data-end=\"1725\"><strong data-start=\"1698\" data-end=\"1708\">Schwarz:<\/strong> 1,1mm (30-40lbs)<\/p>\n<\/li>\n<\/ul>\n<\/li>\n<li data-start=\"1726\" data-end=\"1836\">\n<p data-start=\"1728\" data-end=\"1836\"><strong data-start=\"1728\" data-end=\"1755\">Langlebig und umweltfreundlich:<\/strong> Hergestellt aus <strong data-start=\"1766\" data-end=\"1788\">100% Naturlatex<\/strong>, Sie gew\u00e4hrleisten Langlebigkeit und Best\u00e4ndigkeit.<\/p>\n<\/li>\n<li data-start=\"1837\" data-end=\"1927\">\n<p data-start=\"1839\" data-end=\"1927\"><strong data-start=\"1839\" data-end=\"1862\">Kompakt und tragbar:<\/strong> In der mitgelieferten Tragetasche l\u00e4sst er sich leicht verstauen und \u00fcberallhin mitnehmen.<\/p>\n<\/li>\n<li data-start=\"1928\" data-end=\"2020\">\n<p data-start=\"1930\" data-end=\"2020\"><strong data-start=\"1930\" data-end=\"1950\">Individuelles Branding:<\/strong> F\u00fcgen Sie Ihr Logo auf den B\u00e4ndern oder dem Beutel f\u00fcr individuelle Werbegeschenke hinzu.<\/p>\n<\/li>\n<li data-start=\"2021\" data-end=\"2133\">\n<p data-start=\"2023\" data-end=\"2133\"><strong data-start=\"2023\" data-end=\"2049\">Ideal f\u00fcr jedes Workout:<\/strong> Ideal f\u00fcr Yoga, Pilates, Krafttraining, Stretching, Ges\u00e4\u00dfaktivierung und vieles mehr.<\/p>\n<\/li>\n<li data-start=\"2134\" data-end=\"2269\">\n<p data-start=\"2136\" data-end=\"2269\"><strong data-start=\"2136\" data-end=\"2164\">Langanhaltende Best\u00e4ndigkeit:<\/strong> Der Widerstand bleibt auch nach mehrmaligem Gebrauch erhalten, was eine zuverl\u00e4ssige Leistung w\u00e4hrend des gesamten Workouts gew\u00e4hrleistet.<\/p>\n<\/li>\n<\/ul>\n<h4 data-start=\"2271\" data-end=\"2295\"><strong data-start=\"2276\" data-end=\"2295\">Spezifikationen:<\/strong><\/h4>\n<ul data-start=\"2296\" data-end=\"2765\">\n<li data-start=\"2296\" data-end=\"2321\">\n<p data-start=\"2298\" data-end=\"2321\"><strong data-start=\"2298\" data-end=\"2309\">L\u00e4nge:<\/strong> 12 Zoll<\/p>\n<\/li>\n<li data-start=\"2322\" data-end=\"2345\">\n<p data-start=\"2324\" data-end=\"2345\"><strong data-start=\"2324\" data-end=\"2334\">Breite:<\/strong> 2 Zoll<\/p>\n<\/li>\n<li data-start=\"2346\" data-end=\"2396\">\n<p data-start=\"2348\" data-end=\"2396\"><strong data-start=\"2348\" data-end=\"2361\">Material:<\/strong> <strong data-start=\"2362\" data-end=\"2384\">100% Naturlatex<\/strong>, TPE-frei<\/p>\n<\/li>\n<li data-start=\"2397\" data-end=\"2520\">\n<p data-start=\"2399\" data-end=\"2421\"><strong data-start=\"2399\" data-end=\"2421\">Widerstandsniveaus:<\/strong><\/p>\n<ul data-start=\"2424\" data-end=\"2520\">\n<li data-start=\"2424\" data-end=\"2440\">\n<p data-start=\"2426\" data-end=\"2440\">Gr\u00fcn: 5-10lbs<\/p>\n<\/li>\n<li data-start=\"2443\" data-end=\"2459\">\n<p data-start=\"2445\" data-end=\"2459\">Blau: 10-15lbs<\/p>\n<\/li>\n<li data-start=\"2462\" data-end=\"2480\">\n<p data-start=\"2464\" data-end=\"2480\">Gelb: 15-20lbs<\/p>\n<\/li>\n<li data-start=\"2483\" data-end=\"2498\">\n<p data-start=\"2485\" data-end=\"2498\">Rot: 20-30lbs<\/p>\n<\/li>\n<li data-start=\"2501\" data-end=\"2520\">\n<p data-start=\"2503\" data-end=\"2520\">Schwarz: 30-40lbs<\/p>\n<\/li>\n<\/ul>\n<\/li>\n<li data-start=\"2521\" data-end=\"2585\">\n<p data-start=\"2523\" data-end=\"2585\"><strong data-start=\"2523\" data-end=\"2543\">Versandgewicht:<\/strong> 32 lbs pro Karton (1000 St\u00fcck pro Karton)<\/p>\n<\/li>\n<li data-start=\"2586\" data-end=\"2631\">\n<p data-start=\"2588\" data-end=\"2631\"><strong data-start=\"2588\" data-end=\"2607\">Verpackungsgr\u00f6\u00dfe:<\/strong> 34 cm x 28 cm x 38 cm<\/p>\n<\/li>\n<li data-start=\"2632\" data-end=\"2708\">\n<p data-start=\"2634\" data-end=\"2708\"><strong data-start=\"2634\" data-end=\"2654\">Produktionszeit:<\/strong> 30 Arbeitstage (Eilservice innerhalb von 28 Tagen m\u00f6glich)<\/p>\n<\/li>\n<li data-start=\"2709\" data-end=\"2743\">\n<p data-start=\"2711\" data-end=\"2743\"><strong data-start=\"2711\" data-end=\"2730\">Druckverfahren:<\/strong> Siebdruck<\/p>\n<\/li>\n<li data-start=\"2744\" data-end=\"2765\">\n<p data-start=\"2746\" data-end=\"2765\"><strong data-start=\"2746\" data-end=\"2757\">Herkunft:<\/strong> China<\/p>\n<\/li>\n<\/ul>\n<h4 data-start=\"2767\" data-end=\"2793\"><strong data-start=\"2772\" data-end=\"2793\">Verf\u00fcgbare Farben:<\/strong><\/h4>\n<p data-start=\"2794\" data-end=\"2827\">Gr\u00fcn, Blau, Gelb, Rot, Schwarz<\/p>\n<h4 data-start=\"2999\" data-end=\"3018\"><strong data-start=\"3004\" data-end=\"3018\">Ideal f\u00fcr:<\/strong><\/h4>\n<ul data-start=\"3019\" data-end=\"3144\">\n<li data-start=\"3019\" data-end=\"3144\">\n<p data-start=\"3021\" data-end=\"3144\"><strong data-start=\"3021\" data-end=\"3144\">Firmengeschenke, Werbegeschenke, Fitness-Enthusiasten, Yogastudios, Pilates-Zentren, Gesundheits- und Wellness-Programme.<\/strong><\/p>\n<\/li>\n<\/ul>\n<hr data-start=\"3146\" data-end=\"3149\" \/>\n<h3 data-start=\"3151\" data-end=\"3191\"><strong data-start=\"3155\" data-end=\"3191\">Warum sollten Sie unsere Widerstandsb\u00e4nder w\u00e4hlen?<\/strong><\/h3>\n<p data-start=\"3192\" data-end=\"3580\">Unser <strong data-start=\"3196\" data-end=\"3233\">Mehrfarbige Widerstandsschleifenb\u00e4nder<\/strong> sind die perfekte Kombination aus Haltbarkeit, Komfort und Vielseitigkeit. Egal, ob Sie Anf\u00e4nger oder erfahrener Sportler sind, dieses Band-Set wird Ihnen helfen, Ihr Training auf die n\u00e4chste Stufe zu heben. Sie sind nicht nur f\u00fcr Fitnessstudio-Enthusiasten geeignet, sondern auch f\u00fcr alle, die zu Hause oder auf Reisen ihre Flexibilit\u00e4t und Kraft verbessern m\u00f6chten.<\/p>\n<h3 data-start=\"3582\" data-end=\"3629\"><strong data-start=\"3586\" data-end=\"3629\">Perfekt f\u00fcr Personalisierung und Werbeaktionen:<\/strong><\/h3>\n<p data-start=\"3630\" data-end=\"3966\">Diese Bands sind fantastisch <strong data-start=\"3657\" data-end=\"3678\">Werbegeschenke<\/strong> f\u00fcr fitnessbezogene Veranstaltungen oder Werbegeschenke f\u00fcr Unternehmen. F\u00fcgen Sie Ihr <strong data-start=\"3739\" data-end=\"3755\">Firmenlogo<\/strong> um die Sichtbarkeit der Marke zu erh\u00f6hen und gleichzeitig anderen zu helfen, ihre Fitnessziele zu erreichen. Die <strong data-start=\"3839\" data-end=\"3851\">TPE-frei<\/strong> und <strong data-start=\"3856\" data-end=\"3873\">Naturlatex<\/strong> Material sorgt daf\u00fcr, dass Ihre Kunden von der Qualit\u00e4t und Haltbarkeit dieser Produkte begeistert sein werden.<\/p>","protected":false},"excerpt":{"rendered":"<p>Diese hochwertigen <strong data-start=\"378\" data-end=\"403\">Widerstandsschleifenb\u00e4nder<\/strong> sind perfekt f\u00fcr jeden Fitness-Enthusiasten oder Profi, der sein Training verbessern m\u00f6chte. Das Set umfasst 5 verschiedene B\u00e4nder mit unterschiedlichen Widerstandsgraden, die individuell anpassbare Trainingseinheiten erm\u00f6glichen. Die B\u00e4nder sind ideal f\u00fcr Yoga, Pilates, Dehn- und Kr\u00e4ftigungs\u00fcbungen und verbessern die Flexibilit\u00e4t, die Aktivierung der Ges\u00e4\u00dfmuskulatur und den allgemeinen Muskeltonus. Hergestellt aus <strong data-start=\"788\" data-end=\"810\">100% Naturlatex<\/strong> und <strong data-start=\"815\" data-end=\"827\">TPE-frei<\/strong>, Diese Widerstandsb\u00e4nder bieten auch nach vielen Wiederholungen einen konstanten Widerstand.<\/p>","protected":false},"featured_media":46781,"template":"","meta":{"_gspb_post_css":""},"product_brand":[],"product_cat":[34],"product_tag":[],"class_list":{"0":"post-46780","1":"product","2":"type-product","3":"status-publish","4":"has-post-thumbnail","6":"product_cat-stress-balls-games-toys","8":"first","9":"instock","10":"shipping-taxable","11":"product-type-simple"},"_links":{"self":[{"href":"https:\/\/globalgiftsupplier.com\/de\/wp-json\/wp\/v2\/product\/46780","targetHints":{"allow":["GET"]}}],"collection":[{"href":"https:\/\/globalgiftsupplier.com\/de\/wp-json\/wp\/v2\/product"}],"about":[{"href":"https:\/\/globalgiftsupplier.com\/de\/wp-json\/wp\/v2\/types\/product"}],"wp:featuredmedia":[{"embeddable":true,"href":"https:\/\/globalgiftsupplier.com\/de\/wp-json\/wp\/v2\/media\/46781"}],"wp:attachment":[{"href":"https:\/\/globalgiftsupplier.com\/de\/wp-json\/wp\/v2\/media?parent=46780"}],"wp:term":[{"taxonomy":"product_brand","embeddable":true,"href":"https:\/\/globalgiftsupplier.com\/de\/wp-json\/wp\/v2\/product_brand?post=46780"},{"taxonomy":"product_cat","embeddable":true,"href":"https:\/\/globalgiftsupplier.com\/de\/wp-json\/wp\/v2\/product_cat?post=46780"},{"taxonomy":"product_tag","embeddable":true,"href":"https:\/\/globalgiftsupplier.com\/de\/wp-json\/wp\/v2\/product_tag?post=46780"}],"curies":[{"name":"wp","href":"https:\/\/api.w.org\/{rel}","templated":true}]}}