{"id":46743,"date":"2026-02-16T09:07:39","date_gmt":"2026-02-16T09:07:39","guid":{"rendered":"https:\/\/globalgiftsupplier.com\/?post_type=product&#038;p=46743"},"modified":"2026-02-16T09:07:39","modified_gmt":"2026-02-16T09:07:39","slug":"3d-sleeping-eye-mask-blindfold","status":"publish","type":"product","link":"https:\/\/globalgiftsupplier.com\/de\/product\/3d-sleeping-eye-mask-blindfold\/","title":{"rendered":"3D Schlafende Augenmaske Augenbinde"},"content":{"rendered":"<ul data-start=\"818\" data-end=\"1283\">\n<li data-start=\"818\" data-end=\"906\">\n<p data-start=\"820\" data-end=\"906\"><strong data-start=\"820\" data-end=\"834\">3D-Design:<\/strong> Bietet reichlich Platz f\u00fcr die Augen und sorgt f\u00fcr Komfort und Lichtabschirmung.<\/p>\n<\/li>\n<li data-start=\"907\" data-end=\"1018\">\n<p data-start=\"909\" data-end=\"1018\"><strong data-start=\"909\" data-end=\"938\">Atmungsaktiv und bequem:<\/strong> Das konvexe Design erm\u00f6glicht im Gegensatz zu herk\u00f6mmlichen flachen Augenmasken eine leichte Atmung.<\/p>\n<\/li>\n<li data-start=\"1019\" data-end=\"1091\">\n<p data-start=\"1021\" data-end=\"1091\"><strong data-start=\"1021\" data-end=\"1039\">Universell einsetzbar:<\/strong> Passt sich der Nasenform an und sorgt f\u00fcr einen bequemen, sicheren Sitz.<\/p>\n<\/li>\n<li data-start=\"1092\" data-end=\"1186\">\n<p data-start=\"1094\" data-end=\"1186\"><strong data-start=\"1094\" data-end=\"1114\">Individuelles Branding:<\/strong> F\u00fcgen Sie Ihr Logo auf der Oberfl\u00e4che der Maske hinzu, um sie werbewirksam einzusetzen.<\/p>\n<\/li>\n<li data-start=\"1187\" data-end=\"1283\">\n<p data-start=\"1189\" data-end=\"1283\"><strong data-start=\"1189\" data-end=\"1213\">Ideal f\u00fcr Werbegeschenke:<\/strong> Ideal als Geschenk f\u00fcr Werbeveranstaltungen, um die Sichtbarkeit der Marke zu erh\u00f6hen.<\/p>\n<\/li>\n<\/ul>\n<h4 data-start=\"1285\" data-end=\"1309\"><strong data-start=\"1290\" data-end=\"1309\">Spezifikationen:<\/strong><\/h4>\n<ul data-start=\"1310\" data-end=\"1699\">\n<li data-start=\"1310\" data-end=\"1345\">\n<p data-start=\"1312\" data-end=\"1345\"><strong data-start=\"1312\" data-end=\"1321\">Gr\u00f6\u00dfe:<\/strong> 9,25\u2033 x 3,35\u2033 x 0,16\u2033<\/p>\n<\/li>\n<li data-start=\"1346\" data-end=\"1373\">\n<p data-start=\"1348\" data-end=\"1373\"><strong data-start=\"1348\" data-end=\"1361\">Material:<\/strong> Polyester<\/p>\n<\/li>\n<li data-start=\"1374\" data-end=\"1437\">\n<p data-start=\"1376\" data-end=\"1437\"><strong data-start=\"1376\" data-end=\"1397\">Verf\u00fcgbare Farben:<\/strong> Schwarz, Blau, Rosenrot, Lila, Violett<\/p>\n<\/li>\n<li data-start=\"1475\" data-end=\"1541\">\n<p data-start=\"1477\" data-end=\"1541\"><strong data-start=\"1477\" data-end=\"1497\">Versandgewicht:<\/strong> 22,05 lbs pro Karton (780 St\u00fcck pro Karton)<\/p>\n<\/li>\n<li data-start=\"1542\" data-end=\"1587\">\n<p data-start=\"1544\" data-end=\"1587\"><strong data-start=\"1544\" data-end=\"1563\">Verpackungsgr\u00f6\u00dfe:<\/strong> 60 cm x 50 cm x 40 cm<\/p>\n<\/li>\n<li data-start=\"1588\" data-end=\"1664\">\n<p data-start=\"1590\" data-end=\"1664\"><strong data-start=\"1590\" data-end=\"1610\">Produktionszeit:<\/strong> 15 Arbeitstage (Eilservice in 10 Tagen m\u00f6glich)<\/p>\n<\/li>\n<li data-start=\"1665\" data-end=\"1699\">\n<p data-start=\"1667\" data-end=\"1699\"><strong data-start=\"1667\" data-end=\"1686\">Druckverfahren:<\/strong> Siebdruck<\/p>\n<\/li>\n<\/ul>\n<h4 data-start=\"1701\" data-end=\"1736\"><\/h4>","protected":false},"excerpt":{"rendered":"<p>Die 3D Sleeping Eye Mask bietet im Vergleich zu herk\u00f6mmlichen Augenmasken mehr Komfort und Funktionalit\u00e4t. Ihr einzigartiges konvexes Design bietet reichlich Platz f\u00fcr Ihre Augen und sorgt daf\u00fcr, dass sie das Licht perfekt abschirmt, w\u00e4hrend sie Ihnen das Atmen erleichtert. Das Design der Maske passt sich der Form Ihrer Nase an, so dass Sie sie auch \u00fcber l\u00e4ngere Zeitr\u00e4ume hinweg bequem tragen k\u00f6nnen. Diese Augenmaske ist in verschiedenen Farben erh\u00e4ltlich und eignet sich sowohl f\u00fcr M\u00e4nner als auch f\u00fcr Frauen. F\u00fcgen Sie Ihr Logo auf der Oberfl\u00e4che der Maske hinzu, um sie zu einem perfekten Werbegeschenk zu machen, das die Aufmerksamkeit auf sich zieht und Ihre Marke f\u00f6rdert.<\/p>","protected":false},"featured_media":46744,"template":"","meta":{"_gspb_post_css":""},"product_brand":[],"product_cat":[30],"product_tag":[],"class_list":{"0":"post-46743","1":"product","2":"type-product","3":"status-publish","4":"has-post-thumbnail","6":"product_cat-home-pets-tools","8":"first","9":"instock","10":"shipping-taxable","11":"product-type-simple"},"_links":{"self":[{"href":"https:\/\/globalgiftsupplier.com\/de\/wp-json\/wp\/v2\/product\/46743","targetHints":{"allow":["GET"]}}],"collection":[{"href":"https:\/\/globalgiftsupplier.com\/de\/wp-json\/wp\/v2\/product"}],"about":[{"href":"https:\/\/globalgiftsupplier.com\/de\/wp-json\/wp\/v2\/types\/product"}],"wp:featuredmedia":[{"embeddable":true,"href":"https:\/\/globalgiftsupplier.com\/de\/wp-json\/wp\/v2\/media\/46744"}],"wp:attachment":[{"href":"https:\/\/globalgiftsupplier.com\/de\/wp-json\/wp\/v2\/media?parent=46743"}],"wp:term":[{"taxonomy":"product_brand","embeddable":true,"href":"https:\/\/globalgiftsupplier.com\/de\/wp-json\/wp\/v2\/product_brand?post=46743"},{"taxonomy":"product_cat","embeddable":true,"href":"https:\/\/globalgiftsupplier.com\/de\/wp-json\/wp\/v2\/product_cat?post=46743"},{"taxonomy":"product_tag","embeddable":true,"href":"https:\/\/globalgiftsupplier.com\/de\/wp-json\/wp\/v2\/product_tag?post=46743"}],"curies":[{"name":"wp","href":"https:\/\/api.w.org\/{rel}","templated":true}]}}