{"id":46728,"date":"2026-02-16T08:28:14","date_gmt":"2026-02-16T08:28:14","guid":{"rendered":"https:\/\/globalgiftsupplier.com\/?post_type=product&#038;p=46728"},"modified":"2026-02-16T08:28:14","modified_gmt":"2026-02-16T08:28:14","slug":"4-in-1-finger-capsule-charger-magnetic-wireless-power-bank","status":"publish","type":"product","link":"https:\/\/globalgiftsupplier.com\/de\/product\/4-in-1-finger-capsule-charger-magnetic-wireless-power-bank\/","title":{"rendered":"4 in 1 Finger Kapsel Ladeger\u00e4t magnetische drahtlose Powerbank"},"content":{"rendered":"<ul data-start=\"901\" data-end=\"1416\">\n<li data-start=\"901\" data-end=\"995\">\n<p data-start=\"903\" data-end=\"995\"><strong data-start=\"903\" data-end=\"921\">Einzigartiges Design:<\/strong> Finger- oder kapself\u00f6rmige Powerbank mit Schl\u00fcsselanh\u00e4nger zum einfachen Transportieren.<\/p>\n<\/li>\n<li data-start=\"996\" data-end=\"1112\">\n<p data-start=\"998\" data-end=\"1112\"><strong data-start=\"998\" data-end=\"1016\">Hohe Kapazit\u00e4t:<\/strong> Enth\u00e4lt 1 Basis-Powerbank (5000mAh) und 4 Finger-Powerbanks (je 1000mAh), insgesamt 9000mAh.<\/p>\n<\/li>\n<li data-start=\"1113\" data-end=\"1226\">\n<p data-start=\"1115\" data-end=\"1226\"><strong data-start=\"1115\" data-end=\"1143\">Universelle Kompatibilit\u00e4t:<\/strong> Wird mit 3 Adaptern f\u00fcr die Kompatibilit\u00e4t mit fast allen Smartphones und Kopfh\u00f6rern geliefert.<\/p>\n<\/li>\n<li data-start=\"1227\" data-end=\"1313\">\n<p data-start=\"1229\" data-end=\"1313\"><strong data-start=\"1229\" data-end=\"1249\">Individuelles Branding:<\/strong> F\u00fcgen Sie der Schutzh\u00fclle Ihr Logo hinzu und verleihen Sie ihr eine pers\u00f6nliche Note.<\/p>\n<\/li>\n<li data-start=\"1314\" data-end=\"1416\">\n<p data-start=\"1316\" data-end=\"1416\"><strong data-start=\"1316\" data-end=\"1339\">Werbliche Anziehungskraft:<\/strong> Durch sein edles Aussehen eignet er sich perfekt als Werbegeschenk zur Steigerung der Markenbekanntheit.<\/p>\n<\/li>\n<\/ul>\n<h4 data-start=\"1418\" data-end=\"1442\"><strong data-start=\"1423\" data-end=\"1442\">Spezifikationen:<\/strong><\/h4>\n<ul data-start=\"1443\" data-end=\"1931\">\n<li data-start=\"1443\" data-end=\"1484\">\n<p data-start=\"1445\" data-end=\"1484\"><strong data-start=\"1445\" data-end=\"1474\">Base Power Bank Kapazit\u00e4t:<\/strong> 5000mAh<\/p>\n<\/li>\n<li data-start=\"1485\" data-end=\"1544\">\n<p data-start=\"1487\" data-end=\"1544\"><strong data-start=\"1487\" data-end=\"1518\">Finger Power Bank Kapazit\u00e4t:<\/strong> 1000mAh pro St\u00fcck (4 St\u00fcck)<\/p>\n<\/li>\n<li data-start=\"1545\" data-end=\"1576\">\n<p data-start=\"1547\" data-end=\"1576\"><strong data-start=\"1547\" data-end=\"1566\">Gesamtkapazit\u00e4t:<\/strong> 9000mAh<\/p>\n<\/li>\n<li data-start=\"1577\" data-end=\"1617\">\n<p data-start=\"1579\" data-end=\"1617\"><strong data-start=\"1579\" data-end=\"1593\">Gr\u00f6\u00dfe der Basis:<\/strong> 5,73\u2033 x 3,06\u2033 x 0,63\u2033<\/p>\n<\/li>\n<li data-start=\"1618\" data-end=\"1660\">\n<p data-start=\"1620\" data-end=\"1660\"><strong data-start=\"1620\" data-end=\"1636\">Fingergr\u00f6\u00dfe:<\/strong> 2,93\u2033 x 1,32\u2033 x 0,69\u2033<\/p>\n<\/li>\n<li data-start=\"1661\" data-end=\"1686\">\n<p data-start=\"1663\" data-end=\"1686\"><strong data-start=\"1663\" data-end=\"1676\">Material:<\/strong> ABS, PC<\/p>\n<\/li>\n<li data-start=\"1687\" data-end=\"1751\">\n<p data-start=\"1689\" data-end=\"1751\"><strong data-start=\"1689\" data-end=\"1709\">Versandgewicht:<\/strong> 33,5 lbs pro Karton (40 St\u00fcck pro Karton)<\/p>\n<\/li>\n<li data-start=\"1752\" data-end=\"1797\">\n<p data-start=\"1754\" data-end=\"1797\"><strong data-start=\"1754\" data-end=\"1773\">Verpackungsgr\u00f6\u00dfe:<\/strong> 39 cm x 31 cm x 24 cm<\/p>\n<\/li>\n<li data-start=\"1798\" data-end=\"1874\">\n<p data-start=\"1800\" data-end=\"1874\"><strong data-start=\"1800\" data-end=\"1820\">Produktionszeit:<\/strong> 15 Arbeitstage (Eilservice in 12 Tagen m\u00f6glich)<\/p>\n<\/li>\n<li data-start=\"1875\" data-end=\"1909\">\n<p data-start=\"1877\" data-end=\"1909\"><strong data-start=\"1877\" data-end=\"1896\">Druckverfahren:<\/strong> Siebdruck<\/p>\n<\/li>\n<li data-start=\"1910\" data-end=\"1931\">\n<p data-start=\"1912\" data-end=\"1931\"><strong data-start=\"1912\" data-end=\"1923\">Herkunft:<\/strong> China<\/p>\n<\/li>\n<\/ul>\n<h4 data-start=\"1933\" data-end=\"1959\"><strong data-start=\"1938\" data-end=\"1959\">Verf\u00fcgbare Farben:<\/strong><\/h4>\n<p data-start=\"1960\" data-end=\"1974\">Wei\u00df, Schwarz<\/p>\n<h4 data-start=\"2146\" data-end=\"2165\"><strong data-start=\"2151\" data-end=\"2165\">Ideal f\u00fcr:<\/strong><\/h4>\n<ul data-start=\"2166\" data-end=\"2248\">\n<li data-start=\"2166\" data-end=\"2248\">\n<p data-start=\"2168\" data-end=\"2248\"><strong data-start=\"2168\" data-end=\"2248\">Firmengeschenke, Werbegeschenke, mobiles Zubeh\u00f6r, individuelles Branding.<\/strong><\/p>\n<\/li>\n<\/ul>","protected":false},"excerpt":{"rendered":"<p>Diese innovative und kompakte Powerbank kombiniert Funktionalit\u00e4t und Stil in Form eines Fingers oder einer Kapsel. Die Basis-Powerbank hat eine Kapazit\u00e4t von 5000 mAh, w\u00e4hrend jede Finger-Powerbank 1000 mAh hat, so dass die Gesamtkapazit\u00e4t 9000 mAh betr\u00e4gt. Im Lieferumfang sind drei g\u00e4ngige Adapter enthalten (die mit den meisten Smartphones und Kopfh\u00f6rern kompatibel sind), und die Powerbank ist als Schl\u00fcsselanh\u00e4nger konzipiert, so dass sie leicht zu tragen ist. Ganz gleich, ob Sie die Powerbank f\u00fcr den Einzelhandel oder als Werbegeschenk verwenden, das Hinzuf\u00fcgen Ihres Logos auf der Powerbank sorgt daf\u00fcr, dass Ihre Marke eine hohe Sichtbarkeit und Aufmerksamkeit erh\u00e4lt.<\/p>","protected":false},"featured_media":46729,"template":"","meta":{"_gspb_post_css":""},"product_brand":[],"product_cat":[27],"product_tag":[],"class_list":{"0":"post-46728","1":"product","2":"type-product","3":"status-publish","4":"has-post-thumbnail","6":"product_cat-technology","8":"first","9":"instock","10":"shipping-taxable","11":"product-type-simple"},"_links":{"self":[{"href":"https:\/\/globalgiftsupplier.com\/de\/wp-json\/wp\/v2\/product\/46728","targetHints":{"allow":["GET"]}}],"collection":[{"href":"https:\/\/globalgiftsupplier.com\/de\/wp-json\/wp\/v2\/product"}],"about":[{"href":"https:\/\/globalgiftsupplier.com\/de\/wp-json\/wp\/v2\/types\/product"}],"wp:featuredmedia":[{"embeddable":true,"href":"https:\/\/globalgiftsupplier.com\/de\/wp-json\/wp\/v2\/media\/46729"}],"wp:attachment":[{"href":"https:\/\/globalgiftsupplier.com\/de\/wp-json\/wp\/v2\/media?parent=46728"}],"wp:term":[{"taxonomy":"product_brand","embeddable":true,"href":"https:\/\/globalgiftsupplier.com\/de\/wp-json\/wp\/v2\/product_brand?post=46728"},{"taxonomy":"product_cat","embeddable":true,"href":"https:\/\/globalgiftsupplier.com\/de\/wp-json\/wp\/v2\/product_cat?post=46728"},{"taxonomy":"product_tag","embeddable":true,"href":"https:\/\/globalgiftsupplier.com\/de\/wp-json\/wp\/v2\/product_tag?post=46728"}],"curies":[{"name":"wp","href":"https:\/\/api.w.org\/{rel}","templated":true}]}}